{"id":5569,"date":"2025-06-29T00:10:54","date_gmt":"2025-06-28T22:10:54","guid":{"rendered":"https:\/\/www.readforreal.com\/gizlilik-politikasi\/"},"modified":"2025-09-17T02:11:51","modified_gmt":"2025-09-17T00:11:51","slug":"gizlilik-politikasi","status":"publish","type":"page","link":"https:\/\/www.readforreal.com\/tr\/gizlilik-politikasi\/","title":{"rendered":"Gizlilik Politikas\u0131"},"content":{"rendered":"\t\t<div data-elementor-type=\"wp-page\" data-elementor-id=\"5569\" class=\"elementor elementor-5569 elementor-3\" data-elementor-post-type=\"page\">\n\t\t\t\t<div class=\"elementor-element elementor-element-726f90a3 e-flex e-con-boxed e-con e-parent\" data-id=\"726f90a3\" data-element_type=\"container\">\n\t\t\t\t\t<div class=\"e-con-inner\">\n\t\t\t\t\t<\/div>\n\t\t\t\t<\/div>\n\t\t<div class=\"elementor-element elementor-element-57caaef1 e-flex e-con-boxed e-con e-parent\" data-id=\"57caaef1\" data-element_type=\"container\">\n\t\t\t\t\t<div class=\"e-con-inner\">\n\t\t\t\t<div class=\"elementor-element elementor-element-5352cfaa elementor-widget elementor-widget-text-editor\" data-id=\"5352cfaa\" data-element_type=\"widget\" data-widget_type=\"text-editor.default\">\n\t\t\t\t<div class=\"elementor-widget-container\">\n\t\t\t\t\t\t\t\t\t<h2>1. Veri Sorumlusu<\/h2><p><strong>www.readforreal.com<\/strong> web sitesindeki ki\u015fisel verilerinizin sorumlusu:<\/p><p><strong>Fundacja Powszechnego Czytania<\/strong><br>Przyokopowa 33<br>01-208 Var\u015fova, Polonya<br>e-posta: <a href=\"mailto:sekretariat@fpc.org.pl\">sekretariat@fpc.org.pl<\/a><\/p><p>Ki\u015fisel verilerin i\u015flenmesiyle ilgili sorular\u0131n\u0131z i\u00e7in yukar\u0131daki e-posta adresi \u00fczerinden veya Vakf\u0131n kay\u0131tl\u0131 adresine posta yoluyla bizimle ileti\u015fime ge\u00e7ebilirsin.<\/p><h2>2. Veri \u0130\u015flemenin Kapsam\u0131 ve Ama\u00e7lar\u0131<\/h2><p><strong>www.readforreal.com<\/strong> web sitesi tamamen bilgilendirme ama\u00e7l\u0131d\u0131r ve kullan\u0131c\u0131 kayd\u0131, i\u015flem, yorum yapma veya tart\u0131\u015fmalara kat\u0131lma imkan\u0131 sunmaz. Ki\u015fisel veriler yaln\u0131zca veri sahibinin g\u00f6n\u00fcll\u00fc izni temelinde i\u015flenir, \u00f6zellikle: B\u00fcltene abone olurken \u2013 toplanan veriler \u015funlar\u0131 i\u00e7erir: <\/p><ul><li>e-posta adresi<\/li><li>ad.<\/li><\/ul><p>Bu veriler yaln\u0131zca \u015fu ama\u00e7larla kullan\u0131l\u0131r:<\/p><ul><li>Read For Real projesiyle ilgili bilgi ve materyallerin g\u00f6nderilmesi,<\/li><li>b\u00fclten hizmetinin sa\u011flanmas\u0131,<\/li><li>proje veya ilgili hizmetlerle ilgili olas\u0131 ileti\u015fim.<\/li><\/ul><p>Ayr\u0131ca, ki\u015fisel veriler sosyal medya kanallar\u0131n\u0131n kullan\u0131m\u0131yla ba\u011flant\u0131l\u0131 olarak i\u015flenebilir, bunlar aras\u0131nda: Facebook, Instagram, YouTube, Twitter, LinkedIn gibi platformlardaki kullan\u0131c\u0131 profilleri ve hesaplar\u0131 yer al\u0131r ve bu platformlar\u0131n kurallar\u0131 ve gizlilik politikalar\u0131 do\u011frultusunda projenin ileti\u015fimi ve tan\u0131t\u0131m\u0131 i\u00e7in kullan\u0131l\u0131r.<\/p><h2>3. \u0130\u015fleme i\u00e7in Yasal Dayanak<\/h2><p>Ki\u015fisel verilerin i\u015flenmesi \u015fu temellere dayanarak ger\u00e7ekle\u015ftirilir:<\/p><ul><li>veri sahibinin izni (GDPR&#8217;nin 6(1)(a) maddesi),<\/li><li>veri sorumlusunun me\u015fru \u00e7\u0131karlar\u0131 (GDPR&#8217;nin 6(1)(f) maddesi), web sitesi trafik analizi (Google Analytics) kapsam\u0131nda.<\/li><\/ul><h2>4. Veri Al\u0131c\u0131lar\u0131<\/h2><p>Ki\u015fisel veriler ticari veya pazarlama ama\u00e7lar\u0131yla \u00fc\u00e7\u00fcnc\u00fc taraflarla payla\u015f\u0131lmaz. Ancak, hizmetlerimizi sa\u011flamak i\u00e7in a\u015fa\u011f\u0131daki kurulu\u015flarla i\u015fbirli\u011fi yap\u0131yoruz: <\/p><ul><li><strong>MailerLite<\/strong> \u2013 bizim ad\u0131m\u0131za veri i\u015fleyen b\u00fclten hizmet sa\u011flay\u0131c\u0131s\u0131,<\/li><li><strong>MyDevil.net<\/strong> \u2013 web sitesi bar\u0131nd\u0131rma sa\u011flay\u0131c\u0131s\u0131,<\/li><li><strong>Google Analytics<\/strong> \u2013 web sitesi trafi\u011fi i\u00e7in anonim istatistiksel verileri i\u015fleyen analiz arac\u0131,<\/li><li><strong>Sosyal medya platformlar\u0131<\/strong> (\u00f6rn. Facebook, Instagram) \u2013 bu kanallar arac\u0131l\u0131\u011f\u0131yla etkile\u015fim ve ileti\u015fimle ba\u011flant\u0131l\u0131 olarak.<\/li><\/ul><p>T\u00fcm bu al\u0131c\u0131lar, ge\u00e7erli veri koruma yasalar\u0131na (GDPR) uymakla y\u00fck\u00fcml\u00fcd\u00fcr.<\/p><h2>5. \u00c7erezler ve Analitik Ara\u00e7lar<\/h2><p><strong>www.readforreal.com<\/strong> web sitesi, hizmetin d\u00fczg\u00fcn \u00e7al\u0131\u015fmas\u0131 ve analitik ama\u00e7lar (Google Analytics) i\u00e7in \u00e7erezler kullan\u0131r.<\/p><p>\u00c7erezler, hizmet optimizasyonunu sa\u011flamak i\u00e7in web sitesindeki kullan\u0131c\u0131 trafi\u011fi ve davran\u0131\u015f\u0131 hakk\u0131nda anonim veriler toplar.<\/p><h2>6. Veri Saklama S\u00fcresi<\/h2><p>B\u00fclten arac\u0131l\u0131\u011f\u0131yla toplanan ki\u015fisel veriler, Read For Real projesi s\u00fcresince veya kullan\u0131c\u0131 izinlerini geri \u00e7ekene kadar (\u00f6rn. b\u00fclten aboneli\u011finden \u00e7\u0131kana kadar) saklan\u0131r.<\/p><p>Google Analytics taraf\u0131ndan i\u015flenen analitik veriler, hizmet sa\u011flay\u0131c\u0131 taraf\u0131ndan belirtilen s\u00fcre boyunca anonim formda saklan\u0131r.<\/p><h2>7. Veri Sahibinin Haklar\u0131<\/h2><p>Kullan\u0131c\u0131lar\u0131n \u015fu haklar\u0131 vard\u0131r:<\/p><ul><li>ki\u015fisel verilerine eri\u015fim,<\/li><li>yanl\u0131\u015f verileri d\u00fczeltme,<\/li><li>verilerini silme (&#8220;unutulma hakk\u0131&#8221;),<\/li><li>veri i\u015flemeyi k\u0131s\u0131tlama,<\/li><li>veri ta\u015f\u0131nabilirli\u011fi,<\/li><li>veri i\u015flemeye itiraz etme,<\/li><li>herhangi bir zamanda veri i\u015fleme iznini geri \u00e7ekme (geri \u00e7ekilmeden \u00f6nce izne dayal\u0131 i\u015flemenin yasall\u0131\u011f\u0131n\u0131 etkilemeden).<\/li><\/ul><p>Bu haklar\u0131 kullanmak i\u00e7in l\u00fctfen bizimle \u015fu adresten ileti\u015fime ge\u00e7: <a href=\"mailto:sekretariat@fpc.org.pl\">sekretariat@fpc.org.pl<\/a>.<\/p><p>Kullan\u0131c\u0131lar ayr\u0131ca veri koruma i\u00e7in ilgili denetim makam\u0131na (Polonya&#8217;da, Ki\u015fisel Verileri Koruma Ofisi Ba\u015fkan\u0131) \u015fikayette bulunma hakk\u0131na sahiptir.<\/p><h2>8. Veri G\u00fcvenli\u011fi<\/h2><p>Veri sorumlusu, ki\u015fisel verileri yetkisiz eri\u015fime, kayba, de\u011fi\u015fikli\u011fe veya if\u015faya kar\u015f\u0131 korumak i\u00e7in uygun teknik ve organizasyonel \u00f6nlemleri uygular.<\/p><h2>9. Sosyal Medya Kullan\u0131m\u0131<\/h2><p>Fundacja Powszechnego Czytania ve Read For Real projesinin sosyal medyadaki profilleri, bu platformlar\u0131n ayr\u0131 \u015fartlar\u0131 ve gizlilik politikalar\u0131 alt\u0131nda \u00e7al\u0131\u015f\u0131r. Sosyal medya platformlar\u0131ndaki etkile\u015fimler s\u0131ras\u0131nda payla\u015f\u0131lan ki\u015fisel veriler, bu hizmetlerin d\u00fczenlemelerine g\u00f6re i\u015flenir ve www.readforreal.com web sitesi y\u00f6neticisinin do\u011frudan kontrol\u00fc d\u0131\u015f\u0131ndad\u0131r. <\/p><h2>10. Gizlilik Politikas\u0131nda De\u011fi\u015fiklikler<\/h2><p>Veri sorumlusu, bu Gizlilik Politikas\u0131n\u0131 de\u011fi\u015ftirme hakk\u0131n\u0131 sakl\u0131 tutar. G\u00fcncel ve ge\u00e7erli versiyon her zaman <strong>www.readforreal.com<\/strong> adresinde mevcut olacakt\u0131r. Kullan\u0131c\u0131lar, bu politikadaki \u00f6nemli de\u011fi\u015fikliklerden haberdar edilecektir.  <\/p><h2>11. Malzemeler<\/h2><p><span style=\"font-weight: 400;\">Materyallerimiz Read.For Real projesinde yer alan t\u00fcm ki\u015filerin kullan\u0131m\u0131na a\u00e7\u0131kt\u0131r ve Avrupa Yazarlar G\u00fcn\u00fc ile ba\u011flant\u0131l\u0131 olarak kullan\u0131labilir, kopyalanabilir ve da\u011f\u0131t\u0131labilir. Bu materyallerin ama\u00e7lanan kullan\u0131m d\u0131\u015f\u0131nda kullan\u0131lmas\u0131 yasakt\u0131r; bunlar aras\u0131nda sat\u0131\u015f, di\u011fer \u00fcr\u00fcnlerin tan\u0131t\u0131m\u0131 veya siyasi ya da dini i\u00e7erik olu\u015fturma ve yayma yer al\u0131r ancak bunlarla s\u0131n\u0131rl\u0131 de\u011fildir. Read. For Real ve temsilcisi Universal Reading Foundation, bu h\u00fck\u00fcm ve ko\u015fullara uygun olmayan marka kullan\u0131m\u0131ndan sorumlu de\u011fildir.   <\/span><\/p>\t\t\t\t\t\t\t\t<\/div>\n\t\t\t\t<\/div>\n\t\t\t\t\t<\/div>\n\t\t\t\t<\/div>\n\t\t\t\t<\/div>\n\t\t","protected":false},"excerpt":{"rendered":"<p>1. Veri Sorumlusu www.readforreal.com web sitesindeki ki\u015fisel verilerinizin sorumlusu: Fundacja Powszechnego CzytaniaPrzyokopowa 3301-208 Var\u015fova, Polonyae-posta: sekretariat@fpc.org.pl Ki\u015fisel verilerin i\u015flenmesiyle ilgili sorular\u0131n\u0131z i\u00e7in yukar\u0131daki e-posta adresi \u00fczerinden veya Vakf\u0131n kay\u0131tl\u0131 adresine posta yoluyla bizimle ileti\u015fime ge\u00e7ebilirsin. 2. Veri \u0130\u015flemenin Kapsam\u0131 ve Ama\u00e7lar\u0131 www.readforreal.com web sitesi tamamen bilgilendirme ama\u00e7l\u0131d\u0131r ve kullan\u0131c\u0131 kayd\u0131, i\u015flem, yorum yapma veya tart\u0131\u015fmalara [&hellip;]<\/p>\n","protected":false},"author":1,"featured_media":0,"parent":0,"menu_order":0,"comment_status":"closed","ping_status":"open","template":"","meta":{"footnotes":""},"class_list":["post-5569","page","type-page","status-publish","hentry"],"yoast_head":"<!-- This site is optimized with the Yoast SEO plugin v26.1.1 - https:\/\/yoast.com\/wordpress\/plugins\/seo\/ -->\n<title>Gizlilik Politikas\u0131 | Read. For Real<\/title>\n<meta name=\"robots\" content=\"index, follow, max-snippet:-1, max-image-preview:large, max-video-preview:-1\" \/>\n<link rel=\"canonical\" href=\"https:\/\/www.readforreal.com\/tr\/gizlilik-politikasi\/\" \/>\n<meta property=\"og:locale\" content=\"tr_TR\" \/>\n<meta property=\"og:type\" content=\"article\" \/>\n<meta property=\"og:title\" content=\"Gizlilik Politikas\u0131 | Read. For Real\" \/>\n<meta property=\"og:description\" content=\"1. Veri Sorumlusu www.readforreal.com web sitesindeki ki\u015fisel verilerinizin sorumlusu: Fundacja Powszechnego CzytaniaPrzyokopowa 3301-208 Var\u015fova, Polonyae-posta: sekretariat@fpc.org.pl Ki\u015fisel verilerin i\u015flenmesiyle ilgili sorular\u0131n\u0131z i\u00e7in yukar\u0131daki e-posta adresi \u00fczerinden veya Vakf\u0131n kay\u0131tl\u0131 adresine posta yoluyla bizimle ileti\u015fime ge\u00e7ebilirsin. 2. Veri \u0130\u015flemenin Kapsam\u0131 ve Ama\u00e7lar\u0131 www.readforreal.com web sitesi tamamen bilgilendirme ama\u00e7l\u0131d\u0131r ve kullan\u0131c\u0131 kayd\u0131, i\u015flem, yorum yapma veya tart\u0131\u015fmalara [&hellip;]\" \/>\n<meta property=\"og:url\" content=\"https:\/\/www.readforreal.com\/tr\/gizlilik-politikasi\/\" \/>\n<meta property=\"og:site_name\" content=\"Read. For Real\" \/>\n<meta property=\"article:publisher\" content=\"https:\/\/www.facebook.com\/read.forreal\" \/>\n<meta property=\"article:modified_time\" content=\"2025-09-17T00:11:51+00:00\" \/>\n<meta name=\"twitter:card\" content=\"summary_large_image\" \/>\n<meta name=\"twitter:label1\" content=\"Tahmini okuma s\u00fcresi\" \/>\n\t<meta name=\"twitter:data1\" content=\"4 dakika\" \/>\n<script type=\"application\/ld+json\" class=\"yoast-schema-graph\">{\"@context\":\"https:\/\/schema.org\",\"@graph\":[{\"@type\":\"WebPage\",\"@id\":\"https:\/\/www.readforreal.com\/tr\/gizlilik-politikasi\/\",\"url\":\"https:\/\/www.readforreal.com\/tr\/gizlilik-politikasi\/\",\"name\":\"Gizlilik Politikas\u0131 | Read. For Real\",\"isPartOf\":{\"@id\":\"https:\/\/www.readforreal.com\/#website\"},\"datePublished\":\"2025-06-28T22:10:54+00:00\",\"dateModified\":\"2025-09-17T00:11:51+00:00\",\"breadcrumb\":{\"@id\":\"https:\/\/www.readforreal.com\/tr\/gizlilik-politikasi\/#breadcrumb\"},\"inLanguage\":\"tr\",\"potentialAction\":[{\"@type\":\"ReadAction\",\"target\":[\"https:\/\/www.readforreal.com\/tr\/gizlilik-politikasi\/\"]}]},{\"@type\":\"BreadcrumbList\",\"@id\":\"https:\/\/www.readforreal.com\/tr\/gizlilik-politikasi\/#breadcrumb\",\"itemListElement\":[{\"@type\":\"ListItem\",\"position\":1,\"name\":\"Home\",\"item\":\"https:\/\/www.readforreal.com\/tr\/gercekten-oku\/\"},{\"@type\":\"ListItem\",\"position\":2,\"name\":\"Gizlilik Politikas\u0131\"}]},{\"@type\":\"WebSite\",\"@id\":\"https:\/\/www.readforreal.com\/#website\",\"url\":\"https:\/\/www.readforreal.com\/\",\"name\":\"Read. For Real\",\"description\":\"European Authors Day 11.11-12.12.2026\",\"publisher\":{\"@id\":\"https:\/\/www.readforreal.com\/#organization\"},\"alternateName\":\"European Authors Day 11.11-12.12.2025\",\"potentialAction\":[{\"@type\":\"SearchAction\",\"target\":{\"@type\":\"EntryPoint\",\"urlTemplate\":\"https:\/\/www.readforreal.com\/?s={search_term_string}\"},\"query-input\":{\"@type\":\"PropertyValueSpecification\",\"valueRequired\":true,\"valueName\":\"search_term_string\"}}],\"inLanguage\":\"tr\"},{\"@type\":\"Organization\",\"@id\":\"https:\/\/www.readforreal.com\/#organization\",\"name\":\"Fundacja Powszechnego Czytania\",\"url\":\"https:\/\/www.readforreal.com\/\",\"logo\":{\"@type\":\"ImageObject\",\"inLanguage\":\"tr\",\"@id\":\"https:\/\/www.readforreal.com\/#\/schema\/logo\/image\/\",\"url\":\"https:\/\/www.readforreal.com\/wp-content\/uploads\/2025\/06\/RfR-logo-OK_1.png\",\"contentUrl\":\"https:\/\/www.readforreal.com\/wp-content\/uploads\/2025\/06\/RfR-logo-OK_1.png\",\"width\":1890,\"height\":1299,\"caption\":\"Fundacja Powszechnego Czytania\"},\"image\":{\"@id\":\"https:\/\/www.readforreal.com\/#\/schema\/logo\/image\/\"},\"sameAs\":[\"https:\/\/www.facebook.com\/read.forreal\",\"https:\/\/www.instagram.com\/read.forreal\/\"]}]}<\/script>\n<!-- \/ Yoast SEO plugin. -->","yoast_head_json":{"title":"Gizlilik Politikas\u0131 | Read. For Real","robots":{"index":"index","follow":"follow","max-snippet":"max-snippet:-1","max-image-preview":"max-image-preview:large","max-video-preview":"max-video-preview:-1"},"canonical":"https:\/\/www.readforreal.com\/tr\/gizlilik-politikasi\/","og_locale":"tr_TR","og_type":"article","og_title":"Gizlilik Politikas\u0131 | Read. For Real","og_description":"1. Veri Sorumlusu www.readforreal.com web sitesindeki ki\u015fisel verilerinizin sorumlusu: Fundacja Powszechnego CzytaniaPrzyokopowa 3301-208 Var\u015fova, Polonyae-posta: sekretariat@fpc.org.pl Ki\u015fisel verilerin i\u015flenmesiyle ilgili sorular\u0131n\u0131z i\u00e7in yukar\u0131daki e-posta adresi \u00fczerinden veya Vakf\u0131n kay\u0131tl\u0131 adresine posta yoluyla bizimle ileti\u015fime ge\u00e7ebilirsin. 2. Veri \u0130\u015flemenin Kapsam\u0131 ve Ama\u00e7lar\u0131 www.readforreal.com web sitesi tamamen bilgilendirme ama\u00e7l\u0131d\u0131r ve kullan\u0131c\u0131 kayd\u0131, i\u015flem, yorum yapma veya tart\u0131\u015fmalara [&hellip;]","og_url":"https:\/\/www.readforreal.com\/tr\/gizlilik-politikasi\/","og_site_name":"Read. For Real","article_publisher":"https:\/\/www.facebook.com\/read.forreal","article_modified_time":"2025-09-17T00:11:51+00:00","twitter_card":"summary_large_image","twitter_misc":{"Tahmini okuma s\u00fcresi":"4 dakika"},"schema":{"@context":"https:\/\/schema.org","@graph":[{"@type":"WebPage","@id":"https:\/\/www.readforreal.com\/tr\/gizlilik-politikasi\/","url":"https:\/\/www.readforreal.com\/tr\/gizlilik-politikasi\/","name":"Gizlilik Politikas\u0131 | Read. For Real","isPartOf":{"@id":"https:\/\/www.readforreal.com\/#website"},"datePublished":"2025-06-28T22:10:54+00:00","dateModified":"2025-09-17T00:11:51+00:00","breadcrumb":{"@id":"https:\/\/www.readforreal.com\/tr\/gizlilik-politikasi\/#breadcrumb"},"inLanguage":"tr","potentialAction":[{"@type":"ReadAction","target":["https:\/\/www.readforreal.com\/tr\/gizlilik-politikasi\/"]}]},{"@type":"BreadcrumbList","@id":"https:\/\/www.readforreal.com\/tr\/gizlilik-politikasi\/#breadcrumb","itemListElement":[{"@type":"ListItem","position":1,"name":"Home","item":"https:\/\/www.readforreal.com\/tr\/gercekten-oku\/"},{"@type":"ListItem","position":2,"name":"Gizlilik Politikas\u0131"}]},{"@type":"WebSite","@id":"https:\/\/www.readforreal.com\/#website","url":"https:\/\/www.readforreal.com\/","name":"Read. For Real","description":"European Authors Day 11.11-12.12.2026","publisher":{"@id":"https:\/\/www.readforreal.com\/#organization"},"alternateName":"European Authors Day 11.11-12.12.2025","potentialAction":[{"@type":"SearchAction","target":{"@type":"EntryPoint","urlTemplate":"https:\/\/www.readforreal.com\/?s={search_term_string}"},"query-input":{"@type":"PropertyValueSpecification","valueRequired":true,"valueName":"search_term_string"}}],"inLanguage":"tr"},{"@type":"Organization","@id":"https:\/\/www.readforreal.com\/#organization","name":"Fundacja Powszechnego Czytania","url":"https:\/\/www.readforreal.com\/","logo":{"@type":"ImageObject","inLanguage":"tr","@id":"https:\/\/www.readforreal.com\/#\/schema\/logo\/image\/","url":"https:\/\/www.readforreal.com\/wp-content\/uploads\/2025\/06\/RfR-logo-OK_1.png","contentUrl":"https:\/\/www.readforreal.com\/wp-content\/uploads\/2025\/06\/RfR-logo-OK_1.png","width":1890,"height":1299,"caption":"Fundacja Powszechnego Czytania"},"image":{"@id":"https:\/\/www.readforreal.com\/#\/schema\/logo\/image\/"},"sameAs":["https:\/\/www.facebook.com\/read.forreal","https:\/\/www.instagram.com\/read.forreal\/"]}]}},"_links":{"self":[{"href":"https:\/\/www.readforreal.com\/tr\/wp-json\/wp\/v2\/pages\/5569","targetHints":{"allow":["GET"]}}],"collection":[{"href":"https:\/\/www.readforreal.com\/tr\/wp-json\/wp\/v2\/pages"}],"about":[{"href":"https:\/\/www.readforreal.com\/tr\/wp-json\/wp\/v2\/types\/page"}],"author":[{"embeddable":true,"href":"https:\/\/www.readforreal.com\/tr\/wp-json\/wp\/v2\/users\/1"}],"replies":[{"embeddable":true,"href":"https:\/\/www.readforreal.com\/tr\/wp-json\/wp\/v2\/comments?post=5569"}],"version-history":[{"count":2,"href":"https:\/\/www.readforreal.com\/tr\/wp-json\/wp\/v2\/pages\/5569\/revisions"}],"predecessor-version":[{"id":9333,"href":"https:\/\/www.readforreal.com\/tr\/wp-json\/wp\/v2\/pages\/5569\/revisions\/9333"}],"wp:attachment":[{"href":"https:\/\/www.readforreal.com\/tr\/wp-json\/wp\/v2\/media?parent=5569"}],"curies":[{"name":"wp","href":"https:\/\/api.w.org\/{rel}","templated":true}]}}