{"id":4894,"date":"2025-06-29T00:10:54","date_gmt":"2025-06-28T22:10:54","guid":{"rendered":"https:\/\/www.readforreal.com\/integritetspolicy\/"},"modified":"2025-09-17T02:11:51","modified_gmt":"2025-09-17T00:11:51","slug":"integritetspolicy","status":"publish","type":"page","link":"https:\/\/www.readforreal.com\/sv\/integritetspolicy\/","title":{"rendered":"Integritetspolicy"},"content":{"rendered":"\t\t<div data-elementor-type=\"wp-page\" data-elementor-id=\"4894\" class=\"elementor elementor-4894 elementor-3\" data-elementor-post-type=\"page\">\n\t\t\t\t<div class=\"elementor-element elementor-element-726f90a3 e-flex e-con-boxed e-con e-parent\" data-id=\"726f90a3\" data-element_type=\"container\">\n\t\t\t\t\t<div class=\"e-con-inner\">\n\t\t\t\t\t<\/div>\n\t\t\t\t<\/div>\n\t\t<div class=\"elementor-element elementor-element-57caaef1 e-flex e-con-boxed e-con e-parent\" data-id=\"57caaef1\" data-element_type=\"container\">\n\t\t\t\t\t<div class=\"e-con-inner\">\n\t\t\t\t<div class=\"elementor-element elementor-element-5352cfaa elementor-widget elementor-widget-text-editor\" data-id=\"5352cfaa\" data-element_type=\"widget\" data-widget_type=\"text-editor.default\">\n\t\t\t\t<div class=\"elementor-widget-container\">\n\t\t\t\t\t\t\t\t\t<h2>1. Personuppgiftsansvarig<\/h2><p>Den personuppgiftsansvarige f\u00f6r dina personuppgifter p\u00e5 webbplatsen <strong>www.readforreal.com<\/strong> \u00e4r:<\/p><p><strong>Fundacja Powszechnego Czytania<\/strong><br>Przyokopowa 33<br>01-208 Warszawa, Polen<br>e-post: <a href=\"mailto:sekretariat@fpc.org.pl\">sekretariat@fpc.org.pl<\/a><\/p><p>F\u00f6r fr\u00e5gor som r\u00f6r behandling av personuppgifter kan du kontakta oss via ovanst\u00e5ende e-post eller per post till stiftelsens registrerade adress.<\/p><h2>2. Omfattning och \u00e4ndam\u00e5l f\u00f6r databehandling<\/h2><p>Webbplatsen <strong>www.readforreal.com<\/strong> \u00e4r rent informativ och till\u00e5ter inte anv\u00e4ndarregistrering, transaktioner, kommentarer eller deltagande i diskussioner. Personuppgifter behandlas endast baserat p\u00e5 den registrerades frivilliga samtycke, s\u00e4rskilt: Vid prenumeration p\u00e5 nyhetsbrevet \u2013 insamlade uppgifter inkluderar: <\/p><ul><li>e-postadress<\/li><li>f\u00f6rnamn.<\/li><\/ul><p>Dessa uppgifter anv\u00e4nds uteslutande f\u00f6r:<\/p><ul><li>att skicka information och material relaterat till Read For Real-projektet,<\/li><li>att tillhandah\u00e5lla nyhetsbrevstj\u00e4nsten,<\/li><li>eventuell kontakt ang\u00e5ende projektet eller relaterade tj\u00e4nster.<\/li><\/ul><p>Dessutom kan personuppgifter behandlas i samband med anv\u00e4ndning av sociala mediekanaler, inklusive: anv\u00e4ndarprofiler och konton p\u00e5 plattformar som Facebook, Instagram, YouTube, Twitter, LinkedIn, som anv\u00e4nds f\u00f6r kommunikation och marknadsf\u00f6ring av projektet, i enlighet med reglerna och integritetspolicyerna f\u00f6r dessa plattformar.<\/p><h2>3. R\u00e4ttslig grund f\u00f6r behandling<\/h2><p>Behandling av personuppgifter utf\u00f6rs p\u00e5 grundval av:<\/p><ul><li>den registrerades samtycke (artikel 6.1 a i GDPR),<\/li><li>den personuppgiftsansvariges ber\u00e4ttigade intressen (artikel 6.1 f i GDPR), inom ramen f\u00f6r analys av webbplatstrafik (Google Analytics).<\/li><\/ul><h2>4. Mottagare av uppgifter<\/h2><p>Personuppgifter delas inte med tredje parter f\u00f6r kommersiella eller marknadsf\u00f6rings\u00e4ndam\u00e5l. F\u00f6r att tillhandah\u00e5lla v\u00e5ra tj\u00e4nster samarbetar vi dock med f\u00f6ljande enheter: <\/p><ul><li><strong>MailerLite<\/strong> \u2013 leverant\u00f6r av nyhetsbrevstj\u00e4nst, behandlar uppgifter f\u00f6r v\u00e5r r\u00e4kning,<\/li><li><strong>MyDevil.net<\/strong> \u2013 leverant\u00f6r av webbplatshosting,<\/li><li><strong>Google Analytics<\/strong> \u2013 analysverktyg f\u00f6r webbplatstrafik, behandlar anonym statistisk data,<\/li><li><strong>Sociala medieplattformar<\/strong> (t.ex. Facebook, Instagram) \u2013 i samband med interaktioner och kommunikation via dessa kanaler.<\/li><\/ul><p>Alla dessa mottagare \u00e4r skyldiga att f\u00f6lja g\u00e4llande dataskyddslagar (GDPR).<\/p><h2>5. Cookies och analysverktyg<\/h2><p>Webbplatsen <strong>www.readforreal.com<\/strong> anv\u00e4nder cookies f\u00f6r korrekt drift av tj\u00e4nsten och f\u00f6r analytiska \u00e4ndam\u00e5l (Google Analytics).<\/p><p>Cookies samlar in anonym data om anv\u00e4ndartrafik och beteende p\u00e5 webbplatsen, vilket m\u00f6jligg\u00f6r optimering av tj\u00e4nsten.<\/p><h2>6. Lagringsperiod f\u00f6r uppgifter<\/h2><p>Personuppgifter som samlas in via nyhetsbrevet lagras under Read For Real-projektets varaktighet eller tills anv\u00e4ndaren \u00e5terkallar sitt samtycke (t.ex. avregistrerar sig fr\u00e5n nyhetsbrevet).<\/p><p>Analytisk data som behandlas av Google Analytics lagras under den period som specificeras av tj\u00e4nsteleverant\u00f6ren, i anonym form.<\/p><h2>7. Den registrerades r\u00e4ttigheter<\/h2><p>Anv\u00e4ndare har r\u00e4tt att:<\/p><ul><li>f\u00e5 tillg\u00e5ng till sina personuppgifter,<\/li><li>r\u00e4tta felaktiga uppgifter,<\/li><li>radera sina uppgifter (&#8221;r\u00e4tten att bli bortgl\u00f6md&#8221;),<\/li><li>begr\u00e4nsa databehandling,<\/li><li>dataportabilitet,<\/li><li>inv\u00e4nda mot databehandling,<\/li><li>\u00e5terkalla samtycke till databehandling n\u00e4r som helst (utan att p\u00e5verka lagligheten av behandling baserad p\u00e5 samtycke f\u00f6re \u00e5terkallelsen).<\/li><\/ul><p>F\u00f6r att ut\u00f6va dessa r\u00e4ttigheter, kontakta oss p\u00e5: <a href=\"mailto:sekretariat@fpc.org.pl\">sekretariat@fpc.org.pl<\/a>.<\/p><p>Anv\u00e4ndare har ocks\u00e5 r\u00e4tt att l\u00e4mna in ett klagom\u00e5l till relevant tillsynsmyndighet f\u00f6r dataskydd (i Polen, ordf\u00f6randen f\u00f6r Personuppgiftsskyddsbyr\u00e5n).<\/p><h2>8. Datas\u00e4kerhet<\/h2><p>Den personuppgiftsansvarige implementerar l\u00e4mpliga tekniska och organisatoriska \u00e5tg\u00e4rder f\u00f6r att skydda personuppgifter mot obeh\u00f6rig \u00e5tkomst, f\u00f6rlust, \u00e4ndring eller r\u00f6jande.<\/p><h2>9. Anv\u00e4ndning av sociala medier<\/h2><p>Profilerna f\u00f6r Fundacja Powszechnego Czytania och Read For Real-projektet p\u00e5 sociala medier drivs under separata villkor och integritetspolicyer f\u00f6r dessa plattformar. Personuppgifter som delas under interaktioner p\u00e5 sociala medieplattformar behandlas enligt reglerna f\u00f6r dessa tj\u00e4nster och ligger utanf\u00f6r direkt kontroll av administrat\u00f6ren f\u00f6r webbplatsen www.readforreal.com. <\/p><h2>10. \u00c4ndringar av integritetspolicyn<\/h2><p>Den personuppgiftsansvarige f\u00f6rbeh\u00e5ller sig r\u00e4tten att \u00e4ndra denna integritetspolicy. Den aktuella och g\u00e4llande versionen kommer alltid att finnas tillg\u00e4nglig p\u00e5 <strong>www.readforreal.com<\/strong>. Anv\u00e4ndare kommer att meddelas om eventuella betydande \u00e4ndringar av denna policy.  <\/p><h2>11. Material<\/h2><p><span style=\"font-weight: 400;\">V\u00e5rt material \u00e4r tillg\u00e4ngligt f\u00f6r alla individer som \u00e4r involverade i Read.For Real-projektet och f\u00e5r anv\u00e4ndas, kopieras och distribueras i samband med European Authors Day. Anv\u00e4ndning av detta material f\u00f6r andra syften \u00e4n avsett \u00e4r f\u00f6rbjuden, inklusive men inte begr\u00e4nsat till: f\u00f6rs\u00e4ljning, marknadsf\u00f6ring av andra produkter eller skapande och spridning av politiskt eller religi\u00f6st inneh\u00e5ll. Read. For Real, tillsammans med sin representant Universal Reading Foundation, tar inget ansvar f\u00f6r anv\u00e4ndning av varum\u00e4rket som inte \u00f6verensst\u00e4mmer med dessa villkor.   <\/span><\/p>\t\t\t\t\t\t\t\t<\/div>\n\t\t\t\t<\/div>\n\t\t\t\t\t<\/div>\n\t\t\t\t<\/div>\n\t\t\t\t<\/div>\n\t\t","protected":false},"excerpt":{"rendered":"<p>1. Personuppgiftsansvarig Den personuppgiftsansvarige f\u00f6r dina personuppgifter p\u00e5 webbplatsen www.readforreal.com \u00e4r: Fundacja Powszechnego CzytaniaPrzyokopowa 3301-208 Warszawa, Polene-post: sekretariat@fpc.org.pl F\u00f6r fr\u00e5gor som r\u00f6r behandling av personuppgifter kan du kontakta oss via ovanst\u00e5ende e-post eller per post till stiftelsens registrerade adress. 2. Omfattning och \u00e4ndam\u00e5l f\u00f6r databehandling Webbplatsen www.readforreal.com \u00e4r rent informativ och till\u00e5ter inte anv\u00e4ndarregistrering, transaktioner, [&hellip;]<\/p>\n","protected":false},"author":1,"featured_media":0,"parent":0,"menu_order":0,"comment_status":"closed","ping_status":"open","template":"","meta":{"footnotes":""},"class_list":["post-4894","page","type-page","status-publish","hentry"],"yoast_head":"<!-- This site is optimized with the Yoast SEO plugin v26.1.1 - https:\/\/yoast.com\/wordpress\/plugins\/seo\/ -->\n<title>Integritetspolicy | Read. For Real<\/title>\n<meta name=\"robots\" content=\"index, follow, max-snippet:-1, max-image-preview:large, max-video-preview:-1\" \/>\n<link rel=\"canonical\" href=\"https:\/\/www.readforreal.com\/sv\/integritetspolicy\/\" \/>\n<meta property=\"og:locale\" content=\"sv_SE\" \/>\n<meta property=\"og:type\" content=\"article\" \/>\n<meta property=\"og:title\" content=\"Integritetspolicy | Read. For Real\" \/>\n<meta property=\"og:description\" content=\"1. Personuppgiftsansvarig Den personuppgiftsansvarige f\u00f6r dina personuppgifter p\u00e5 webbplatsen www.readforreal.com \u00e4r: Fundacja Powszechnego CzytaniaPrzyokopowa 3301-208 Warszawa, Polene-post: sekretariat@fpc.org.pl F\u00f6r fr\u00e5gor som r\u00f6r behandling av personuppgifter kan du kontakta oss via ovanst\u00e5ende e-post eller per post till stiftelsens registrerade adress. 2. Omfattning och \u00e4ndam\u00e5l f\u00f6r databehandling Webbplatsen www.readforreal.com \u00e4r rent informativ och till\u00e5ter inte anv\u00e4ndarregistrering, transaktioner, [&hellip;]\" \/>\n<meta property=\"og:url\" content=\"https:\/\/www.readforreal.com\/sv\/integritetspolicy\/\" \/>\n<meta property=\"og:site_name\" content=\"Read. For Real\" \/>\n<meta property=\"article:publisher\" content=\"https:\/\/www.facebook.com\/read.forreal\" \/>\n<meta property=\"article:modified_time\" content=\"2025-09-17T00:11:51+00:00\" \/>\n<meta name=\"twitter:card\" content=\"summary_large_image\" \/>\n<meta name=\"twitter:label1\" content=\"Ber\u00e4knad l\u00e4stid\" \/>\n\t<meta name=\"twitter:data1\" content=\"4 minuter\" \/>\n<script type=\"application\/ld+json\" class=\"yoast-schema-graph\">{\"@context\":\"https:\/\/schema.org\",\"@graph\":[{\"@type\":\"WebPage\",\"@id\":\"https:\/\/www.readforreal.com\/sv\/integritetspolicy\/\",\"url\":\"https:\/\/www.readforreal.com\/sv\/integritetspolicy\/\",\"name\":\"Integritetspolicy | Read. For Real\",\"isPartOf\":{\"@id\":\"https:\/\/www.readforreal.com\/#website\"},\"datePublished\":\"2025-06-28T22:10:54+00:00\",\"dateModified\":\"2025-09-17T00:11:51+00:00\",\"breadcrumb\":{\"@id\":\"https:\/\/www.readforreal.com\/sv\/integritetspolicy\/#breadcrumb\"},\"inLanguage\":\"sv-SE\",\"potentialAction\":[{\"@type\":\"ReadAction\",\"target\":[\"https:\/\/www.readforreal.com\/sv\/integritetspolicy\/\"]}]},{\"@type\":\"BreadcrumbList\",\"@id\":\"https:\/\/www.readforreal.com\/sv\/integritetspolicy\/#breadcrumb\",\"itemListElement\":[{\"@type\":\"ListItem\",\"position\":1,\"name\":\"Home\",\"item\":\"https:\/\/www.readforreal.com\/sv\/las-pa-riktigt\/\"},{\"@type\":\"ListItem\",\"position\":2,\"name\":\"Integritetspolicy\"}]},{\"@type\":\"WebSite\",\"@id\":\"https:\/\/www.readforreal.com\/#website\",\"url\":\"https:\/\/www.readforreal.com\/\",\"name\":\"Read. For Real\",\"description\":\"European Authors Day 11.11-12.12.2026\",\"publisher\":{\"@id\":\"https:\/\/www.readforreal.com\/#organization\"},\"alternateName\":\"European Authors Day 11.11-12.12.2025\",\"potentialAction\":[{\"@type\":\"SearchAction\",\"target\":{\"@type\":\"EntryPoint\",\"urlTemplate\":\"https:\/\/www.readforreal.com\/?s={search_term_string}\"},\"query-input\":{\"@type\":\"PropertyValueSpecification\",\"valueRequired\":true,\"valueName\":\"search_term_string\"}}],\"inLanguage\":\"sv-SE\"},{\"@type\":\"Organization\",\"@id\":\"https:\/\/www.readforreal.com\/#organization\",\"name\":\"Fundacja Powszechnego Czytania\",\"url\":\"https:\/\/www.readforreal.com\/\",\"logo\":{\"@type\":\"ImageObject\",\"inLanguage\":\"sv-SE\",\"@id\":\"https:\/\/www.readforreal.com\/#\/schema\/logo\/image\/\",\"url\":\"https:\/\/www.readforreal.com\/wp-content\/uploads\/2025\/06\/RfR-logo-OK_1.png\",\"contentUrl\":\"https:\/\/www.readforreal.com\/wp-content\/uploads\/2025\/06\/RfR-logo-OK_1.png\",\"width\":1890,\"height\":1299,\"caption\":\"Fundacja Powszechnego Czytania\"},\"image\":{\"@id\":\"https:\/\/www.readforreal.com\/#\/schema\/logo\/image\/\"},\"sameAs\":[\"https:\/\/www.facebook.com\/read.forreal\",\"https:\/\/www.instagram.com\/read.forreal\/\"]}]}<\/script>\n<!-- \/ Yoast SEO plugin. -->","yoast_head_json":{"title":"Integritetspolicy | Read. For Real","robots":{"index":"index","follow":"follow","max-snippet":"max-snippet:-1","max-image-preview":"max-image-preview:large","max-video-preview":"max-video-preview:-1"},"canonical":"https:\/\/www.readforreal.com\/sv\/integritetspolicy\/","og_locale":"sv_SE","og_type":"article","og_title":"Integritetspolicy | Read. For Real","og_description":"1. Personuppgiftsansvarig Den personuppgiftsansvarige f\u00f6r dina personuppgifter p\u00e5 webbplatsen www.readforreal.com \u00e4r: Fundacja Powszechnego CzytaniaPrzyokopowa 3301-208 Warszawa, Polene-post: sekretariat@fpc.org.pl F\u00f6r fr\u00e5gor som r\u00f6r behandling av personuppgifter kan du kontakta oss via ovanst\u00e5ende e-post eller per post till stiftelsens registrerade adress. 2. Omfattning och \u00e4ndam\u00e5l f\u00f6r databehandling Webbplatsen www.readforreal.com \u00e4r rent informativ och till\u00e5ter inte anv\u00e4ndarregistrering, transaktioner, [&hellip;]","og_url":"https:\/\/www.readforreal.com\/sv\/integritetspolicy\/","og_site_name":"Read. For Real","article_publisher":"https:\/\/www.facebook.com\/read.forreal","article_modified_time":"2025-09-17T00:11:51+00:00","twitter_card":"summary_large_image","twitter_misc":{"Ber\u00e4knad l\u00e4stid":"4 minuter"},"schema":{"@context":"https:\/\/schema.org","@graph":[{"@type":"WebPage","@id":"https:\/\/www.readforreal.com\/sv\/integritetspolicy\/","url":"https:\/\/www.readforreal.com\/sv\/integritetspolicy\/","name":"Integritetspolicy | Read. For Real","isPartOf":{"@id":"https:\/\/www.readforreal.com\/#website"},"datePublished":"2025-06-28T22:10:54+00:00","dateModified":"2025-09-17T00:11:51+00:00","breadcrumb":{"@id":"https:\/\/www.readforreal.com\/sv\/integritetspolicy\/#breadcrumb"},"inLanguage":"sv-SE","potentialAction":[{"@type":"ReadAction","target":["https:\/\/www.readforreal.com\/sv\/integritetspolicy\/"]}]},{"@type":"BreadcrumbList","@id":"https:\/\/www.readforreal.com\/sv\/integritetspolicy\/#breadcrumb","itemListElement":[{"@type":"ListItem","position":1,"name":"Home","item":"https:\/\/www.readforreal.com\/sv\/las-pa-riktigt\/"},{"@type":"ListItem","position":2,"name":"Integritetspolicy"}]},{"@type":"WebSite","@id":"https:\/\/www.readforreal.com\/#website","url":"https:\/\/www.readforreal.com\/","name":"Read. For Real","description":"European Authors Day 11.11-12.12.2026","publisher":{"@id":"https:\/\/www.readforreal.com\/#organization"},"alternateName":"European Authors Day 11.11-12.12.2025","potentialAction":[{"@type":"SearchAction","target":{"@type":"EntryPoint","urlTemplate":"https:\/\/www.readforreal.com\/?s={search_term_string}"},"query-input":{"@type":"PropertyValueSpecification","valueRequired":true,"valueName":"search_term_string"}}],"inLanguage":"sv-SE"},{"@type":"Organization","@id":"https:\/\/www.readforreal.com\/#organization","name":"Fundacja Powszechnego Czytania","url":"https:\/\/www.readforreal.com\/","logo":{"@type":"ImageObject","inLanguage":"sv-SE","@id":"https:\/\/www.readforreal.com\/#\/schema\/logo\/image\/","url":"https:\/\/www.readforreal.com\/wp-content\/uploads\/2025\/06\/RfR-logo-OK_1.png","contentUrl":"https:\/\/www.readforreal.com\/wp-content\/uploads\/2025\/06\/RfR-logo-OK_1.png","width":1890,"height":1299,"caption":"Fundacja Powszechnego Czytania"},"image":{"@id":"https:\/\/www.readforreal.com\/#\/schema\/logo\/image\/"},"sameAs":["https:\/\/www.facebook.com\/read.forreal","https:\/\/www.instagram.com\/read.forreal\/"]}]}},"_links":{"self":[{"href":"https:\/\/www.readforreal.com\/sv\/wp-json\/wp\/v2\/pages\/4894","targetHints":{"allow":["GET"]}}],"collection":[{"href":"https:\/\/www.readforreal.com\/sv\/wp-json\/wp\/v2\/pages"}],"about":[{"href":"https:\/\/www.readforreal.com\/sv\/wp-json\/wp\/v2\/types\/page"}],"author":[{"embeddable":true,"href":"https:\/\/www.readforreal.com\/sv\/wp-json\/wp\/v2\/users\/1"}],"replies":[{"embeddable":true,"href":"https:\/\/www.readforreal.com\/sv\/wp-json\/wp\/v2\/comments?post=4894"}],"version-history":[{"count":2,"href":"https:\/\/www.readforreal.com\/sv\/wp-json\/wp\/v2\/pages\/4894\/revisions"}],"predecessor-version":[{"id":9335,"href":"https:\/\/www.readforreal.com\/sv\/wp-json\/wp\/v2\/pages\/4894\/revisions\/9335"}],"wp:attachment":[{"href":"https:\/\/www.readforreal.com\/sv\/wp-json\/wp\/v2\/media?parent=4894"}],"curies":[{"name":"wp","href":"https:\/\/api.w.org\/{rel}","templated":true}]}}