{"id":8367,"date":"2025-09-01T00:11:13","date_gmt":"2025-08-31T22:11:13","guid":{"rendered":"https:\/\/www.readforreal.com\/prenesi\/scenariji-in-logotip-v-tvojem-jeziku\/"},"modified":"2026-04-13T10:57:19","modified_gmt":"2026-04-13T08:57:19","slug":"scenariji-in-logotip-v-tvojem-jeziku","status":"publish","type":"page","link":"https:\/\/www.readforreal.com\/sl\/prenesi\/scenariji-in-logotip-v-tvojem-jeziku\/","title":{"rendered":"Scenariji v tvojem jeziku"},"content":{"rendered":"\t\t<div data-elementor-type=\"wp-page\" data-elementor-id=\"8367\" class=\"elementor elementor-8367 elementor-8176\" data-elementor-post-type=\"page\">\n\t\t\t\t<div class=\"elementor-element elementor-element-172e52ad e-flex e-con-boxed e-con e-parent\" data-id=\"172e52ad\" data-element_type=\"container\">\n\t\t\t\t\t<div class=\"e-con-inner\">\n\t\t\t\t\t<\/div>\n\t\t\t\t<\/div>\n\t\t<div class=\"elementor-element elementor-element-2ff452f e-flex e-con-boxed e-con e-parent\" data-id=\"2ff452f\" data-element_type=\"container\">\n\t\t\t\t\t<div class=\"e-con-inner\">\n\t\t\t\t<div class=\"elementor-element elementor-element-0894ee5 elementor-widget-divider--view-line elementor-widget elementor-widget-divider\" data-id=\"0894ee5\" data-element_type=\"widget\" data-widget_type=\"divider.default\">\n\t\t\t\t<div class=\"elementor-widget-container\">\n\t\t\t\t\t\t\t<div class=\"elementor-divider\">\n\t\t\t<span class=\"elementor-divider-separator\">\n\t\t\t\t\t\t<\/span>\n\t\t<\/div>\n\t\t\t\t\t\t<\/div>\n\t\t\t\t<\/div>\n\t\t\t\t\t<\/div>\n\t\t\t\t<\/div>\n\t\t<div class=\"elementor-element elementor-element-5d84fed e-flex e-con-boxed e-con e-parent\" data-id=\"5d84fed\" data-element_type=\"container\">\n\t\t\t\t\t<div class=\"e-con-inner\">\n\t\t\t\t<div class=\"elementor-element elementor-element-2fa8d66 elementor-widget elementor-widget-text-editor\" data-id=\"2fa8d66\" data-element_type=\"widget\" data-widget_type=\"text-editor.default\">\n\t\t\t\t<div class=\"elementor-widget-container\">\n\t\t\t\t\t\t\t\t\t<p><a href=\"https:\/\/www.readforreal.com\/download-files\/scenarios\/ALBANIA%20ZIP.zip\">alban\u0161\u010dina<\/a><\/p><p><a href=\"https:\/\/www.readforreal.com\/download-files\/scenarios\/BULGARIA%20ZIP.zip\">bolgar\u0161\u010dina<\/a><\/p><p><a href=\"https:\/\/www.readforreal.com\/download-files\/scenarios\/CROATIA%20ZIP.zip\">hrva\u0161\u010dina<\/a><\/p><p><a href=\"https:\/\/www.readforreal.com\/download-files\/scenarios\/DENMARK%20ZIP.zip\">dan\u0161\u010dina<\/a><\/p><p><a href=\"https:\/\/www.readforreal.com\/download-files\/scenarios\/ESTONIA%20ZIP.zip\">eston\u0161\u010dina<\/a><\/p><p><a href=\"https:\/\/www.readforreal.com\/download-files\/scenarios\/FINLAND%20ZIP.zip\">fin\u0161\u010dina<\/a><\/p><p><a href=\"https:\/\/www.readforreal.com\/download-files\/scenarios\/FLANDERS%20ZIP.zip\">flam\u0161\u010dina<\/a><\/p><p><a href=\"https:\/\/www.readforreal.com\/download-files\/scenarios\/FRANCE%20ZIP.zip\">franco\u0161\u010dina<\/a><\/p><p><a href=\"https:\/\/www.readforreal.com\/download-files\/scenarios\/GEORGIA.zip\">gruzij\u0161\u010dina<\/a><\/p><p><a href=\"https:\/\/www.readforreal.com\/download-files\/scenarios\/GERMANY%20ZIP.zip\">Nem\u0161\u010dina<\/a><\/p><p><a href=\"https:\/\/www.readforreal.com\/download-files\/scenarios\/GREECE.zip\">gr\u0161\u010dina<\/a><\/p><p><a href=\"https:\/\/www.readforreal.com\/download-files\/scenarios\/HUNGARY%20ZIP.zip\">mad\u017ear\u0161\u010dina<\/a><\/p><p><a href=\"https:\/\/www.readforreal.com\/download-files\/scenarios\/ICELAND%20ZIP.zip\">island\u0161\u010dina<\/a><\/p><p><a href=\"https:\/\/www.readforreal.com\/download-files\/scenarios\/english.zip\">ir\u0161\u010dina<\/a><\/p><p><a href=\"https:\/\/www.readforreal.com\/download-files\/scenarios\/ITALY%20ZIP.zip\">italijan\u0161\u010dina<\/a><\/p><p><a href=\"https:\/\/www.readforreal.com\/download-files\/scenarios\/LATVIA%20ZIP.zip\">Latvij\u0161\u010dina<\/a><\/p><p><a href=\"https:\/\/www.readforreal.com\/download-files\/scenarios\/LITHUANIA%20ZIP.zip\">litov\u0161\u010dina<\/a><\/p><p><a href=\"https:\/\/www.readforreal.com\/download-files\/scenarios\/MALTA%20ZIP.zip\">malte\u0161\u010dina<\/a><\/p><p><a href=\"https:\/\/www.readforreal.com\/download-files\/scenarios\/MONTENEGRO%20ZIP.zip\">\u010drnogor\u0161\u010dina<\/a><\/p><p><a href=\"https:\/\/www.readforreal.com\/download-files\/scenarios\/NORTH%20MACEDONIA%20ZIP.zip\">makedon\u0161\u010dina<\/a><\/p><p><a href=\"https:\/\/www.readforreal.com\/download-files\/scenarios\/POLAND%20ZIP.zip\">Polj\u0161\u010dina<\/a><\/p><p><a href=\"https:\/\/www.readforreal.com\/download-files\/scenarios\/PORTUGAL%20ZIP.zip\">portugal\u0161\u010dina<\/a><\/p><p><a href=\"https:\/\/www.readforreal.com\/download-files\/scenarios\/ROMANIA%20ZIP.zip\">romun\u0161\u010dina<\/a><\/p><p><a href=\"https:\/\/www.readforreal.com\/download-files\/scenarios\/SERBIA%20ZIP.zip\">srb\u0161\u010dina<\/a><\/p><p><a href=\"https:\/\/www.readforreal.com\/download-files\/scenarios\/SLOVAKIA%20ZIP.zip\">slova\u0161\u010dina<\/a><\/p><p><a href=\"https:\/\/www.readforreal.com\/download-files\/scenarios\/SLOVENIA%20ZIP.zip\">sloven\u0161\u010dina<\/a><\/p><p><a href=\"https:\/\/www.readforreal.com\/download-files\/scenarios\/SPAIN%20ZIP.zip\">\u0161pan\u0161\u010dina<\/a><\/p><p><a href=\"https:\/\/www.readforreal.com\/download-files\/scenarios\/SWEDEN%20ZIP.zip\">\u0161ved\u0161\u010dina<\/a><\/p><p><a href=\"https:\/\/www.readforreal.com\/download-files\/scenarios\/THE%20CZECH%20REPUBLIC%20ZIP.zip\">\u010de\u0161\u010dina<\/a><\/p><p><a href=\"https:\/\/www.readforreal.com\/download-files\/scenarios\/THE%20NETHERLANDS%20ZIP.zip\">nizozem\u0161\u010dina<\/a><\/p><p><a href=\"https:\/\/www.readforreal.com\/download-files\/scenarios\/TURKEY%20ZIP.zip\">tur\u0161\u010dina<\/a><\/p><p><a href=\"https:\/\/www.readforreal.com\/download-files\/scenarios\/UKRAINE%20ZIP.zip\">ukrajin\u0161\u010dina<\/a><\/p>\t\t\t\t\t\t\t\t<\/div>\n\t\t\t\t<\/div>\n\t\t\t\t<div class=\"elementor-element elementor-element-cd318ed elementor-widget elementor-widget-image\" data-id=\"cd318ed\" data-element_type=\"widget\" data-widget_type=\"image.default\">\n\t\t\t\t<div class=\"elementor-widget-container\">\n\t\t\t\t\t\t\t\t\t\t\t\t\t\t\t<img fetchpriority=\"high\" decoding=\"async\" width=\"800\" height=\"600\" src=\"https:\/\/www.readforreal.com\/wp-content\/uploads\/2025\/08\/home_organizers-1024x768.png\" class=\"attachment-large size-large wp-image-4102\" alt=\"\" srcset=\"https:\/\/www.readforreal.com\/wp-content\/uploads\/2025\/08\/home_organizers-1024x768.png 1024w, https:\/\/www.readforreal.com\/wp-content\/uploads\/2025\/08\/home_organizers-300x225.png 300w, https:\/\/www.readforreal.com\/wp-content\/uploads\/2025\/08\/home_organizers-768x576.png 768w, https:\/\/www.readforreal.com\/wp-content\/uploads\/2025\/08\/home_organizers.png 1200w\" sizes=\"(max-width: 800px) 100vw, 800px\" \/>\t\t\t\t\t\t\t\t\t\t\t\t\t\t\t<\/div>\n\t\t\t\t<\/div>\n\t\t\t\t\t<\/div>\n\t\t\t\t<\/div>\n\t\t<div class=\"elementor-element elementor-element-3f0c9cb e-flex e-con-boxed e-con e-parent\" data-id=\"3f0c9cb\" data-element_type=\"container\">\n\t\t\t\t\t<div class=\"e-con-inner\">\n\t\t\t\t<div class=\"elementor-element elementor-element-6dadb98 elementor-widget-divider--view-line elementor-widget elementor-widget-divider\" data-id=\"6dadb98\" data-element_type=\"widget\" data-widget_type=\"divider.default\">\n\t\t\t\t<div class=\"elementor-widget-container\">\n\t\t\t\t\t\t\t<div class=\"elementor-divider\">\n\t\t\t<span class=\"elementor-divider-separator\">\n\t\t\t\t\t\t<\/span>\n\t\t<\/div>\n\t\t\t\t\t\t<\/div>\n\t\t\t\t<\/div>\n\t\t\t\t\t<\/div>\n\t\t\t\t<\/div>\n\t\t\t\t<\/div>\n\t\t","protected":false},"excerpt":{"rendered":"<p>alban\u0161\u010dina bolgar\u0161\u010dina hrva\u0161\u010dina dan\u0161\u010dina eston\u0161\u010dina fin\u0161\u010dina flam\u0161\u010dina franco\u0161\u010dina gruzij\u0161\u010dina Nem\u0161\u010dina gr\u0161\u010dina mad\u017ear\u0161\u010dina island\u0161\u010dina ir\u0161\u010dina italijan\u0161\u010dina Latvij\u0161\u010dina litov\u0161\u010dina malte\u0161\u010dina \u010drnogor\u0161\u010dina makedon\u0161\u010dina Polj\u0161\u010dina portugal\u0161\u010dina romun\u0161\u010dina srb\u0161\u010dina slova\u0161\u010dina sloven\u0161\u010dina \u0161pan\u0161\u010dina \u0161ved\u0161\u010dina \u010de\u0161\u010dina nizozem\u0161\u010dina tur\u0161\u010dina ukrajin\u0161\u010dina<\/p>\n","protected":false},"author":1,"featured_media":0,"parent":6366,"menu_order":0,"comment_status":"closed","ping_status":"closed","template":"","meta":{"footnotes":""},"class_list":["post-8367","page","type-page","status-publish","hentry"],"yoast_head":"<!-- This site is optimized with the Yoast SEO plugin v26.1.1 - https:\/\/yoast.com\/wordpress\/plugins\/seo\/ -->\n<title>Scenariji v tvojem jeziku | Read. For Real<\/title>\n<meta name=\"robots\" content=\"index, follow, max-snippet:-1, max-image-preview:large, max-video-preview:-1\" \/>\n<link rel=\"canonical\" href=\"https:\/\/www.readforreal.com\/sl\/prenesi\/scenariji-in-logotip-v-tvojem-jeziku\/\" \/>\n<meta property=\"og:locale\" content=\"sl_SI\" \/>\n<meta property=\"og:type\" content=\"article\" \/>\n<meta property=\"og:title\" content=\"Scenariji v tvojem jeziku | Read. For Real\" \/>\n<meta property=\"og:description\" content=\"alban\u0161\u010dina bolgar\u0161\u010dina hrva\u0161\u010dina dan\u0161\u010dina eston\u0161\u010dina fin\u0161\u010dina flam\u0161\u010dina franco\u0161\u010dina gruzij\u0161\u010dina Nem\u0161\u010dina gr\u0161\u010dina mad\u017ear\u0161\u010dina island\u0161\u010dina ir\u0161\u010dina italijan\u0161\u010dina Latvij\u0161\u010dina litov\u0161\u010dina malte\u0161\u010dina \u010drnogor\u0161\u010dina makedon\u0161\u010dina Polj\u0161\u010dina portugal\u0161\u010dina romun\u0161\u010dina srb\u0161\u010dina slova\u0161\u010dina sloven\u0161\u010dina \u0161pan\u0161\u010dina \u0161ved\u0161\u010dina \u010de\u0161\u010dina nizozem\u0161\u010dina tur\u0161\u010dina ukrajin\u0161\u010dina\" \/>\n<meta property=\"og:url\" content=\"https:\/\/www.readforreal.com\/sl\/prenesi\/scenariji-in-logotip-v-tvojem-jeziku\/\" \/>\n<meta property=\"og:site_name\" content=\"Read. For Real\" \/>\n<meta property=\"article:publisher\" content=\"https:\/\/www.facebook.com\/read.forreal\" \/>\n<meta property=\"article:modified_time\" content=\"2026-04-13T08:57:19+00:00\" \/>\n<meta property=\"og:image\" content=\"https:\/\/www.readforreal.com\/wp-content\/uploads\/2025\/08\/home_organizers.png\" \/>\n\t<meta property=\"og:image:width\" content=\"1200\" \/>\n\t<meta property=\"og:image:height\" content=\"900\" \/>\n\t<meta property=\"og:image:type\" content=\"image\/png\" \/>\n<meta name=\"twitter:card\" content=\"summary_large_image\" \/>\n<script type=\"application\/ld+json\" class=\"yoast-schema-graph\">{\"@context\":\"https:\/\/schema.org\",\"@graph\":[{\"@type\":\"WebPage\",\"@id\":\"https:\/\/www.readforreal.com\/sl\/prenesi\/scenariji-in-logotip-v-tvojem-jeziku\/\",\"url\":\"https:\/\/www.readforreal.com\/sl\/prenesi\/scenariji-in-logotip-v-tvojem-jeziku\/\",\"name\":\"Scenariji v tvojem jeziku | Read. For Real\",\"isPartOf\":{\"@id\":\"https:\/\/www.readforreal.com\/#website\"},\"primaryImageOfPage\":{\"@id\":\"https:\/\/www.readforreal.com\/sl\/prenesi\/scenariji-in-logotip-v-tvojem-jeziku\/#primaryimage\"},\"image\":{\"@id\":\"https:\/\/www.readforreal.com\/sl\/prenesi\/scenariji-in-logotip-v-tvojem-jeziku\/#primaryimage\"},\"thumbnailUrl\":\"https:\/\/www.readforreal.com\/wp-content\/uploads\/2025\/08\/home_organizers-1024x768.png\",\"datePublished\":\"2025-08-31T22:11:13+00:00\",\"dateModified\":\"2026-04-13T08:57:19+00:00\",\"breadcrumb\":{\"@id\":\"https:\/\/www.readforreal.com\/sl\/prenesi\/scenariji-in-logotip-v-tvojem-jeziku\/#breadcrumb\"},\"inLanguage\":\"sl-SI\",\"potentialAction\":[{\"@type\":\"ReadAction\",\"target\":[\"https:\/\/www.readforreal.com\/sl\/prenesi\/scenariji-in-logotip-v-tvojem-jeziku\/\"]}]},{\"@type\":\"ImageObject\",\"inLanguage\":\"sl-SI\",\"@id\":\"https:\/\/www.readforreal.com\/sl\/prenesi\/scenariji-in-logotip-v-tvojem-jeziku\/#primaryimage\",\"url\":\"https:\/\/www.readforreal.com\/wp-content\/uploads\/2025\/08\/home_organizers-1024x768.png\",\"contentUrl\":\"https:\/\/www.readforreal.com\/wp-content\/uploads\/2025\/08\/home_organizers-1024x768.png\"},{\"@type\":\"BreadcrumbList\",\"@id\":\"https:\/\/www.readforreal.com\/sl\/prenesi\/scenariji-in-logotip-v-tvojem-jeziku\/#breadcrumb\",\"itemListElement\":[{\"@type\":\"ListItem\",\"position\":1,\"name\":\"Home\",\"item\":\"https:\/\/www.readforreal.com\/sl\/beri-zares\/\"},{\"@type\":\"ListItem\",\"position\":2,\"name\":\"Prenesi\",\"item\":\"https:\/\/www.readforreal.com\/sl\/prenesi\/\"},{\"@type\":\"ListItem\",\"position\":3,\"name\":\"Scenariji v tvojem jeziku\"}]},{\"@type\":\"WebSite\",\"@id\":\"https:\/\/www.readforreal.com\/#website\",\"url\":\"https:\/\/www.readforreal.com\/\",\"name\":\"Read. For Real\",\"description\":\"European Authors Day 11.11-12.12.2026\",\"publisher\":{\"@id\":\"https:\/\/www.readforreal.com\/#organization\"},\"alternateName\":\"European Authors Day 11.11-12.12.2025\",\"potentialAction\":[{\"@type\":\"SearchAction\",\"target\":{\"@type\":\"EntryPoint\",\"urlTemplate\":\"https:\/\/www.readforreal.com\/?s={search_term_string}\"},\"query-input\":{\"@type\":\"PropertyValueSpecification\",\"valueRequired\":true,\"valueName\":\"search_term_string\"}}],\"inLanguage\":\"sl-SI\"},{\"@type\":\"Organization\",\"@id\":\"https:\/\/www.readforreal.com\/#organization\",\"name\":\"Fundacja Powszechnego Czytania\",\"url\":\"https:\/\/www.readforreal.com\/\",\"logo\":{\"@type\":\"ImageObject\",\"inLanguage\":\"sl-SI\",\"@id\":\"https:\/\/www.readforreal.com\/#\/schema\/logo\/image\/\",\"url\":\"https:\/\/www.readforreal.com\/wp-content\/uploads\/2025\/06\/RfR-logo-OK_1.png\",\"contentUrl\":\"https:\/\/www.readforreal.com\/wp-content\/uploads\/2025\/06\/RfR-logo-OK_1.png\",\"width\":1890,\"height\":1299,\"caption\":\"Fundacja Powszechnego Czytania\"},\"image\":{\"@id\":\"https:\/\/www.readforreal.com\/#\/schema\/logo\/image\/\"},\"sameAs\":[\"https:\/\/www.facebook.com\/read.forreal\",\"https:\/\/www.instagram.com\/read.forreal\/\"]}]}<\/script>\n<!-- \/ Yoast SEO plugin. -->","yoast_head_json":{"title":"Scenariji v tvojem jeziku | Read. For Real","robots":{"index":"index","follow":"follow","max-snippet":"max-snippet:-1","max-image-preview":"max-image-preview:large","max-video-preview":"max-video-preview:-1"},"canonical":"https:\/\/www.readforreal.com\/sl\/prenesi\/scenariji-in-logotip-v-tvojem-jeziku\/","og_locale":"sl_SI","og_type":"article","og_title":"Scenariji v tvojem jeziku | Read. For Real","og_description":"alban\u0161\u010dina bolgar\u0161\u010dina hrva\u0161\u010dina dan\u0161\u010dina eston\u0161\u010dina fin\u0161\u010dina flam\u0161\u010dina franco\u0161\u010dina gruzij\u0161\u010dina Nem\u0161\u010dina gr\u0161\u010dina mad\u017ear\u0161\u010dina island\u0161\u010dina ir\u0161\u010dina italijan\u0161\u010dina Latvij\u0161\u010dina litov\u0161\u010dina malte\u0161\u010dina \u010drnogor\u0161\u010dina makedon\u0161\u010dina Polj\u0161\u010dina portugal\u0161\u010dina romun\u0161\u010dina srb\u0161\u010dina slova\u0161\u010dina sloven\u0161\u010dina \u0161pan\u0161\u010dina \u0161ved\u0161\u010dina \u010de\u0161\u010dina nizozem\u0161\u010dina tur\u0161\u010dina ukrajin\u0161\u010dina","og_url":"https:\/\/www.readforreal.com\/sl\/prenesi\/scenariji-in-logotip-v-tvojem-jeziku\/","og_site_name":"Read. For Real","article_publisher":"https:\/\/www.facebook.com\/read.forreal","article_modified_time":"2026-04-13T08:57:19+00:00","og_image":[{"width":1200,"height":900,"url":"https:\/\/www.readforreal.com\/wp-content\/uploads\/2025\/08\/home_organizers.png","type":"image\/png"}],"twitter_card":"summary_large_image","schema":{"@context":"https:\/\/schema.org","@graph":[{"@type":"WebPage","@id":"https:\/\/www.readforreal.com\/sl\/prenesi\/scenariji-in-logotip-v-tvojem-jeziku\/","url":"https:\/\/www.readforreal.com\/sl\/prenesi\/scenariji-in-logotip-v-tvojem-jeziku\/","name":"Scenariji v tvojem jeziku | Read. For Real","isPartOf":{"@id":"https:\/\/www.readforreal.com\/#website"},"primaryImageOfPage":{"@id":"https:\/\/www.readforreal.com\/sl\/prenesi\/scenariji-in-logotip-v-tvojem-jeziku\/#primaryimage"},"image":{"@id":"https:\/\/www.readforreal.com\/sl\/prenesi\/scenariji-in-logotip-v-tvojem-jeziku\/#primaryimage"},"thumbnailUrl":"https:\/\/www.readforreal.com\/wp-content\/uploads\/2025\/08\/home_organizers-1024x768.png","datePublished":"2025-08-31T22:11:13+00:00","dateModified":"2026-04-13T08:57:19+00:00","breadcrumb":{"@id":"https:\/\/www.readforreal.com\/sl\/prenesi\/scenariji-in-logotip-v-tvojem-jeziku\/#breadcrumb"},"inLanguage":"sl-SI","potentialAction":[{"@type":"ReadAction","target":["https:\/\/www.readforreal.com\/sl\/prenesi\/scenariji-in-logotip-v-tvojem-jeziku\/"]}]},{"@type":"ImageObject","inLanguage":"sl-SI","@id":"https:\/\/www.readforreal.com\/sl\/prenesi\/scenariji-in-logotip-v-tvojem-jeziku\/#primaryimage","url":"https:\/\/www.readforreal.com\/wp-content\/uploads\/2025\/08\/home_organizers-1024x768.png","contentUrl":"https:\/\/www.readforreal.com\/wp-content\/uploads\/2025\/08\/home_organizers-1024x768.png"},{"@type":"BreadcrumbList","@id":"https:\/\/www.readforreal.com\/sl\/prenesi\/scenariji-in-logotip-v-tvojem-jeziku\/#breadcrumb","itemListElement":[{"@type":"ListItem","position":1,"name":"Home","item":"https:\/\/www.readforreal.com\/sl\/beri-zares\/"},{"@type":"ListItem","position":2,"name":"Prenesi","item":"https:\/\/www.readforreal.com\/sl\/prenesi\/"},{"@type":"ListItem","position":3,"name":"Scenariji v tvojem jeziku"}]},{"@type":"WebSite","@id":"https:\/\/www.readforreal.com\/#website","url":"https:\/\/www.readforreal.com\/","name":"Read. For Real","description":"European Authors Day 11.11-12.12.2026","publisher":{"@id":"https:\/\/www.readforreal.com\/#organization"},"alternateName":"European Authors Day 11.11-12.12.2025","potentialAction":[{"@type":"SearchAction","target":{"@type":"EntryPoint","urlTemplate":"https:\/\/www.readforreal.com\/?s={search_term_string}"},"query-input":{"@type":"PropertyValueSpecification","valueRequired":true,"valueName":"search_term_string"}}],"inLanguage":"sl-SI"},{"@type":"Organization","@id":"https:\/\/www.readforreal.com\/#organization","name":"Fundacja Powszechnego Czytania","url":"https:\/\/www.readforreal.com\/","logo":{"@type":"ImageObject","inLanguage":"sl-SI","@id":"https:\/\/www.readforreal.com\/#\/schema\/logo\/image\/","url":"https:\/\/www.readforreal.com\/wp-content\/uploads\/2025\/06\/RfR-logo-OK_1.png","contentUrl":"https:\/\/www.readforreal.com\/wp-content\/uploads\/2025\/06\/RfR-logo-OK_1.png","width":1890,"height":1299,"caption":"Fundacja Powszechnego Czytania"},"image":{"@id":"https:\/\/www.readforreal.com\/#\/schema\/logo\/image\/"},"sameAs":["https:\/\/www.facebook.com\/read.forreal","https:\/\/www.instagram.com\/read.forreal\/"]}]}},"_links":{"self":[{"href":"https:\/\/www.readforreal.com\/sl\/wp-json\/wp\/v2\/pages\/8367","targetHints":{"allow":["GET"]}}],"collection":[{"href":"https:\/\/www.readforreal.com\/sl\/wp-json\/wp\/v2\/pages"}],"about":[{"href":"https:\/\/www.readforreal.com\/sl\/wp-json\/wp\/v2\/types\/page"}],"author":[{"embeddable":true,"href":"https:\/\/www.readforreal.com\/sl\/wp-json\/wp\/v2\/users\/1"}],"replies":[{"embeddable":true,"href":"https:\/\/www.readforreal.com\/sl\/wp-json\/wp\/v2\/comments?post=8367"}],"version-history":[{"count":8,"href":"https:\/\/www.readforreal.com\/sl\/wp-json\/wp\/v2\/pages\/8367\/revisions"}],"predecessor-version":[{"id":26962,"href":"https:\/\/www.readforreal.com\/sl\/wp-json\/wp\/v2\/pages\/8367\/revisions\/26962"}],"up":[{"embeddable":true,"href":"https:\/\/www.readforreal.com\/sl\/wp-json\/wp\/v2\/pages\/6366"}],"wp:attachment":[{"href":"https:\/\/www.readforreal.com\/sl\/wp-json\/wp\/v2\/media?parent=8367"}],"curies":[{"name":"wp","href":"https:\/\/api.w.org\/{rel}","templated":true}]}}