{"id":15297,"date":"2025-10-24T00:54:42","date_gmt":"2025-10-23T22:54:42","guid":{"rendered":"https:\/\/www.readforreal.com\/rame-si-logo-uri-in-multe-formate\/"},"modified":"2026-04-13T10:52:42","modified_gmt":"2026-04-13T08:52:42","slug":"rame-si-logo-uri-in-multe-formate","status":"publish","type":"page","link":"https:\/\/www.readforreal.com\/ro\/rame-si-logo-uri-in-multe-formate\/","title":{"rendered":"Cadre &amp; logo-uri \u00een multe formate"},"content":{"rendered":"\t\t<div data-elementor-type=\"wp-page\" data-elementor-id=\"15297\" class=\"elementor elementor-15297 elementor-15176\" data-elementor-post-type=\"page\">\n\t\t\t\t<div class=\"elementor-element elementor-element-170e0e32 e-flex e-con-boxed e-con e-parent\" data-id=\"170e0e32\" data-element_type=\"container\">\n\t\t\t\t\t<div class=\"e-con-inner\">\n\t\t\t\t\t<\/div>\n\t\t\t\t<\/div>\n\t\t<div class=\"elementor-element elementor-element-5a3bfe7b e-flex e-con-boxed e-con e-parent\" data-id=\"5a3bfe7b\" data-element_type=\"container\">\n\t\t\t\t\t<div class=\"e-con-inner\">\n\t\t\t\t<div class=\"elementor-element elementor-element-6717fbb2 elementor-widget-divider--view-line elementor-widget elementor-widget-divider\" data-id=\"6717fbb2\" data-element_type=\"widget\" data-widget_type=\"divider.default\">\n\t\t\t\t<div class=\"elementor-widget-container\">\n\t\t\t\t\t\t\t<div class=\"elementor-divider\">\n\t\t\t<span class=\"elementor-divider-separator\">\n\t\t\t\t\t\t<\/span>\n\t\t<\/div>\n\t\t\t\t\t\t<\/div>\n\t\t\t\t<\/div>\n\t\t\t\t\t<\/div>\n\t\t\t\t<\/div>\n\t\t<div class=\"elementor-element elementor-element-7c2a670 e-flex e-con-boxed e-con e-parent\" data-id=\"7c2a670\" data-element_type=\"container\">\n\t\t\t\t\t<div class=\"e-con-inner\">\n\t\t<div class=\"elementor-element elementor-element-4c03fa6 e-con-full e-flex e-con e-child\" data-id=\"4c03fa6\" data-element_type=\"container\">\n\t\t\t\t<div class=\"elementor-element elementor-element-b6ece46 elementor-widget elementor-widget-button\" data-id=\"b6ece46\" data-element_type=\"widget\" data-widget_type=\"button.default\">\n\t\t\t\t<div class=\"elementor-widget-container\">\n\t\t\t\t\t\t\t\t\t<div class=\"elementor-button-wrapper\">\n\t\t\t\t\t<a class=\"elementor-button elementor-button-link elementor-size-sm\" href=\"https:\/\/www.readforreal.com\/download-files\/frames%20and%20logos%202026\/frames%20and%20logos%202026.zip\">\n\t\t\t\t\t\t<span class=\"elementor-button-content-wrapper\">\n\t\t\t\t\t\t\t\t\t<span class=\"elementor-button-text\">Cadre &amp; logo-uri \u00een multe formate<\/span>\n\t\t\t\t\t<\/span>\n\t\t\t\t\t<\/a>\n\t\t\t\t<\/div>\n\t\t\t\t\t\t\t\t<\/div>\n\t\t\t\t<\/div>\n\t\t\t\t<\/div>\n\t\t<div class=\"elementor-element elementor-element-8f835d7 e-con-full e-flex e-con e-child\" data-id=\"8f835d7\" data-element_type=\"container\">\n\t\t\t\t<div class=\"elementor-element elementor-element-5cc8b77 elementor-widget elementor-widget-button\" data-id=\"5cc8b77\" data-element_type=\"widget\" data-widget_type=\"button.default\">\n\t\t\t\t<div class=\"elementor-widget-container\">\n\t\t\t\t\t\t\t\t\t<div class=\"elementor-button-wrapper\">\n\t\t\t\t\t<a class=\"elementor-button elementor-button-link elementor-size-sm\" href=\"https:\/\/www.readforreal.com\/ro\/logo-in-limbile-nationale\/\">\n\t\t\t\t\t\t<span class=\"elementor-button-content-wrapper\">\n\t\t\t\t\t\t\t\t\t<span class=\"elementor-button-text\">Logo \u00een limbi na\u021bionale<\/span>\n\t\t\t\t\t<\/span>\n\t\t\t\t\t<\/a>\n\t\t\t\t<\/div>\n\t\t\t\t\t\t\t\t<\/div>\n\t\t\t\t<\/div>\n\t\t\t\t<\/div>\n\t\t\t\t\t<\/div>\n\t\t\t\t<\/div>\n\t\t<div class=\"elementor-element elementor-element-35b694a e-flex e-con-boxed e-con e-parent\" data-id=\"35b694a\" data-element_type=\"container\">\n\t\t\t\t\t<div class=\"e-con-inner\">\n\t\t\t\t<div class=\"elementor-element elementor-element-fea7e0e elementor-widget-divider--view-line elementor-widget elementor-widget-divider\" data-id=\"fea7e0e\" data-element_type=\"widget\" data-widget_type=\"divider.default\">\n\t\t\t\t<div class=\"elementor-widget-container\">\n\t\t\t\t\t\t\t<div class=\"elementor-divider\">\n\t\t\t<span class=\"elementor-divider-separator\">\n\t\t\t\t\t\t<\/span>\n\t\t<\/div>\n\t\t\t\t\t\t<\/div>\n\t\t\t\t<\/div>\n\t\t\t\t\t<\/div>\n\t\t\t\t<\/div>\n\t\t\t\t<\/div>\n\t\t","protected":false},"excerpt":{"rendered":"<p>Cadre &amp; logo-uri \u00een multe formate Logo \u00een limbi na\u021bionale<\/p>\n","protected":false},"author":1,"featured_media":0,"parent":0,"menu_order":0,"comment_status":"closed","ping_status":"closed","template":"","meta":{"footnotes":""},"class_list":["post-15297","page","type-page","status-publish","hentry"],"yoast_head":"<!-- This site is optimized with the Yoast SEO plugin v26.1.1 - https:\/\/yoast.com\/wordpress\/plugins\/seo\/ -->\n<title>Cadre &amp; logo-uri \u00een multe formate | Read. For Real<\/title>\n<meta name=\"robots\" content=\"index, follow, max-snippet:-1, max-image-preview:large, max-video-preview:-1\" \/>\n<link rel=\"canonical\" href=\"https:\/\/www.readforreal.com\/ro\/rame-si-logo-uri-in-multe-formate\/\" \/>\n<meta property=\"og:locale\" content=\"ro_RO\" \/>\n<meta property=\"og:type\" content=\"article\" \/>\n<meta property=\"og:title\" content=\"Cadre &amp; logo-uri \u00een multe formate | Read. For Real\" \/>\n<meta property=\"og:description\" content=\"Cadre &amp; logo-uri \u00een multe formate Logo \u00een limbi na\u021bionale\" \/>\n<meta property=\"og:url\" content=\"https:\/\/www.readforreal.com\/ro\/rame-si-logo-uri-in-multe-formate\/\" \/>\n<meta property=\"og:site_name\" content=\"Read. For Real\" \/>\n<meta property=\"article:publisher\" content=\"https:\/\/www.facebook.com\/read.forreal\" \/>\n<meta property=\"article:modified_time\" content=\"2026-04-13T08:52:42+00:00\" \/>\n<meta name=\"twitter:card\" content=\"summary_large_image\" \/>\n<script type=\"application\/ld+json\" class=\"yoast-schema-graph\">{\"@context\":\"https:\/\/schema.org\",\"@graph\":[{\"@type\":\"WebPage\",\"@id\":\"https:\/\/www.readforreal.com\/ro\/rame-si-logo-uri-in-multe-formate\/\",\"url\":\"https:\/\/www.readforreal.com\/ro\/rame-si-logo-uri-in-multe-formate\/\",\"name\":\"Cadre &amp; logo-uri \u00een multe formate | Read. For Real\",\"isPartOf\":{\"@id\":\"https:\/\/www.readforreal.com\/#website\"},\"datePublished\":\"2025-10-23T22:54:42+00:00\",\"dateModified\":\"2026-04-13T08:52:42+00:00\",\"breadcrumb\":{\"@id\":\"https:\/\/www.readforreal.com\/ro\/rame-si-logo-uri-in-multe-formate\/#breadcrumb\"},\"inLanguage\":\"ro-RO\",\"potentialAction\":[{\"@type\":\"ReadAction\",\"target\":[\"https:\/\/www.readforreal.com\/ro\/rame-si-logo-uri-in-multe-formate\/\"]}]},{\"@type\":\"BreadcrumbList\",\"@id\":\"https:\/\/www.readforreal.com\/ro\/rame-si-logo-uri-in-multe-formate\/#breadcrumb\",\"itemListElement\":[{\"@type\":\"ListItem\",\"position\":1,\"name\":\"Home\",\"item\":\"https:\/\/www.readforreal.com\/ro\/citeste-cu-adevarat\/\"},{\"@type\":\"ListItem\",\"position\":2,\"name\":\"Cadre &amp; logo-uri \u00een multe formate\"}]},{\"@type\":\"WebSite\",\"@id\":\"https:\/\/www.readforreal.com\/#website\",\"url\":\"https:\/\/www.readforreal.com\/\",\"name\":\"Read. For Real\",\"description\":\"European Authors Day 11.11-12.12.2026\",\"publisher\":{\"@id\":\"https:\/\/www.readforreal.com\/#organization\"},\"alternateName\":\"European Authors Day 11.11-12.12.2025\",\"potentialAction\":[{\"@type\":\"SearchAction\",\"target\":{\"@type\":\"EntryPoint\",\"urlTemplate\":\"https:\/\/www.readforreal.com\/?s={search_term_string}\"},\"query-input\":{\"@type\":\"PropertyValueSpecification\",\"valueRequired\":true,\"valueName\":\"search_term_string\"}}],\"inLanguage\":\"ro-RO\"},{\"@type\":\"Organization\",\"@id\":\"https:\/\/www.readforreal.com\/#organization\",\"name\":\"Fundacja Powszechnego Czytania\",\"url\":\"https:\/\/www.readforreal.com\/\",\"logo\":{\"@type\":\"ImageObject\",\"inLanguage\":\"ro-RO\",\"@id\":\"https:\/\/www.readforreal.com\/#\/schema\/logo\/image\/\",\"url\":\"https:\/\/www.readforreal.com\/wp-content\/uploads\/2025\/06\/RfR-logo-OK_1.png\",\"contentUrl\":\"https:\/\/www.readforreal.com\/wp-content\/uploads\/2025\/06\/RfR-logo-OK_1.png\",\"width\":1890,\"height\":1299,\"caption\":\"Fundacja Powszechnego Czytania\"},\"image\":{\"@id\":\"https:\/\/www.readforreal.com\/#\/schema\/logo\/image\/\"},\"sameAs\":[\"https:\/\/www.facebook.com\/read.forreal\",\"https:\/\/www.instagram.com\/read.forreal\/\"]}]}<\/script>\n<!-- \/ Yoast SEO plugin. -->","yoast_head_json":{"title":"Cadre &amp; logo-uri \u00een multe formate | Read. For Real","robots":{"index":"index","follow":"follow","max-snippet":"max-snippet:-1","max-image-preview":"max-image-preview:large","max-video-preview":"max-video-preview:-1"},"canonical":"https:\/\/www.readforreal.com\/ro\/rame-si-logo-uri-in-multe-formate\/","og_locale":"ro_RO","og_type":"article","og_title":"Cadre &amp; logo-uri \u00een multe formate | Read. For Real","og_description":"Cadre &amp; logo-uri \u00een multe formate Logo \u00een limbi na\u021bionale","og_url":"https:\/\/www.readforreal.com\/ro\/rame-si-logo-uri-in-multe-formate\/","og_site_name":"Read. For Real","article_publisher":"https:\/\/www.facebook.com\/read.forreal","article_modified_time":"2026-04-13T08:52:42+00:00","twitter_card":"summary_large_image","schema":{"@context":"https:\/\/schema.org","@graph":[{"@type":"WebPage","@id":"https:\/\/www.readforreal.com\/ro\/rame-si-logo-uri-in-multe-formate\/","url":"https:\/\/www.readforreal.com\/ro\/rame-si-logo-uri-in-multe-formate\/","name":"Cadre &amp; logo-uri \u00een multe formate | Read. For Real","isPartOf":{"@id":"https:\/\/www.readforreal.com\/#website"},"datePublished":"2025-10-23T22:54:42+00:00","dateModified":"2026-04-13T08:52:42+00:00","breadcrumb":{"@id":"https:\/\/www.readforreal.com\/ro\/rame-si-logo-uri-in-multe-formate\/#breadcrumb"},"inLanguage":"ro-RO","potentialAction":[{"@type":"ReadAction","target":["https:\/\/www.readforreal.com\/ro\/rame-si-logo-uri-in-multe-formate\/"]}]},{"@type":"BreadcrumbList","@id":"https:\/\/www.readforreal.com\/ro\/rame-si-logo-uri-in-multe-formate\/#breadcrumb","itemListElement":[{"@type":"ListItem","position":1,"name":"Home","item":"https:\/\/www.readforreal.com\/ro\/citeste-cu-adevarat\/"},{"@type":"ListItem","position":2,"name":"Cadre &amp; logo-uri \u00een multe formate"}]},{"@type":"WebSite","@id":"https:\/\/www.readforreal.com\/#website","url":"https:\/\/www.readforreal.com\/","name":"Read. For Real","description":"European Authors Day 11.11-12.12.2026","publisher":{"@id":"https:\/\/www.readforreal.com\/#organization"},"alternateName":"European Authors Day 11.11-12.12.2025","potentialAction":[{"@type":"SearchAction","target":{"@type":"EntryPoint","urlTemplate":"https:\/\/www.readforreal.com\/?s={search_term_string}"},"query-input":{"@type":"PropertyValueSpecification","valueRequired":true,"valueName":"search_term_string"}}],"inLanguage":"ro-RO"},{"@type":"Organization","@id":"https:\/\/www.readforreal.com\/#organization","name":"Fundacja Powszechnego Czytania","url":"https:\/\/www.readforreal.com\/","logo":{"@type":"ImageObject","inLanguage":"ro-RO","@id":"https:\/\/www.readforreal.com\/#\/schema\/logo\/image\/","url":"https:\/\/www.readforreal.com\/wp-content\/uploads\/2025\/06\/RfR-logo-OK_1.png","contentUrl":"https:\/\/www.readforreal.com\/wp-content\/uploads\/2025\/06\/RfR-logo-OK_1.png","width":1890,"height":1299,"caption":"Fundacja Powszechnego Czytania"},"image":{"@id":"https:\/\/www.readforreal.com\/#\/schema\/logo\/image\/"},"sameAs":["https:\/\/www.facebook.com\/read.forreal","https:\/\/www.instagram.com\/read.forreal\/"]}]}},"_links":{"self":[{"href":"https:\/\/www.readforreal.com\/ro\/wp-json\/wp\/v2\/pages\/15297","targetHints":{"allow":["GET"]}}],"collection":[{"href":"https:\/\/www.readforreal.com\/ro\/wp-json\/wp\/v2\/pages"}],"about":[{"href":"https:\/\/www.readforreal.com\/ro\/wp-json\/wp\/v2\/types\/page"}],"author":[{"embeddable":true,"href":"https:\/\/www.readforreal.com\/ro\/wp-json\/wp\/v2\/users\/1"}],"replies":[{"embeddable":true,"href":"https:\/\/www.readforreal.com\/ro\/wp-json\/wp\/v2\/comments?post=15297"}],"version-history":[{"count":4,"href":"https:\/\/www.readforreal.com\/ro\/wp-json\/wp\/v2\/pages\/15297\/revisions"}],"predecessor-version":[{"id":26890,"href":"https:\/\/www.readforreal.com\/ro\/wp-json\/wp\/v2\/pages\/15297\/revisions\/26890"}],"wp:attachment":[{"href":"https:\/\/www.readforreal.com\/ro\/wp-json\/wp\/v2\/media?parent=15297"}],"curies":[{"name":"wp","href":"https:\/\/api.w.org\/{rel}","templated":true}]}}