{"id":17772,"date":"2025-06-29T00:10:54","date_gmt":"2025-06-28T22:10:54","guid":{"rendered":"https:\/\/www.readforreal.com\/politica-de-privacidade\/"},"modified":"2025-11-07T00:01:12","modified_gmt":"2025-11-06T23:01:12","slug":"politica-de-privacidade","status":"publish","type":"page","link":"https:\/\/www.readforreal.com\/pt-pt\/politica-de-privacidade\/","title":{"rendered":"Pol\u00edtica de Privacidade"},"content":{"rendered":"\t\t<div data-elementor-type=\"wp-page\" data-elementor-id=\"17772\" class=\"elementor elementor-17772 elementor-3\" data-elementor-post-type=\"page\">\n\t\t\t\t<div class=\"elementor-element elementor-element-726f90a3 e-flex e-con-boxed e-con e-parent\" data-id=\"726f90a3\" data-element_type=\"container\">\n\t\t\t\t\t<div class=\"e-con-inner\">\n\t\t\t\t\t<\/div>\n\t\t\t\t<\/div>\n\t\t<div class=\"elementor-element elementor-element-57caaef1 e-flex e-con-boxed e-con e-parent\" data-id=\"57caaef1\" data-element_type=\"container\">\n\t\t\t\t\t<div class=\"e-con-inner\">\n\t\t\t\t<div class=\"elementor-element elementor-element-5352cfaa elementor-widget elementor-widget-text-editor\" data-id=\"5352cfaa\" data-element_type=\"widget\" data-widget_type=\"text-editor.default\">\n\t\t\t\t<div class=\"elementor-widget-container\">\n\t\t\t\t\t\t\t\t\t<h2>1. Respons\u00e1vel pelo Tratamento de Dados<\/h2><p>O respons\u00e1vel pelos teus dados pessoais no s\u00edtio Web <strong>www.readforreal.com<\/strong> \u00e9:<\/p><p><strong>Fundacja Powszechnego Czytania<\/strong><br>Przyokopowa 33<br>01-208 Vars\u00f3via, Pol\u00f3nia<br>e-mail: <a href=\"mailto:sekretariat@fpc.org.pl\">sekretariat@fpc.org.pl<\/a><\/p><p>Para qualquer quest\u00e3o relacionada com o tratamento de dados pessoais, podes contactar-nos atrav\u00e9s do e-mail acima ou por correio na morada registada da Funda\u00e7\u00e3o.<\/p><h2>2. \u00c2mbito e Finalidades do Tratamento de Dados<\/h2><p>O s\u00edtio Web <strong>www.readforreal.com<\/strong> \u00e9 puramente informativo e n\u00e3o permite registo de utilizadores, transa\u00e7\u00f5es, coment\u00e1rios ou participa\u00e7\u00e3o em discuss\u00f5es. Os dados pessoais s\u00e3o tratados apenas com base no consentimento volunt\u00e1rio do titular dos dados, em particular: Ao subscrever a newsletter \u2013 os dados recolhidos incluem: <\/p><ul><li>endere\u00e7o de e-mail<\/li><li>primeiro nome.<\/li><\/ul><p>Estes dados s\u00e3o utilizados exclusivamente para:<\/p><ul><li>envio de informa\u00e7\u00f5es e materiais relacionados com o projeto Read For Real,<\/li><li>presta\u00e7\u00e3o do servi\u00e7o de newsletter,<\/li><li>poss\u00edvel contacto sobre o projeto ou servi\u00e7os relacionados.<\/li><\/ul><p>Adicionalmente, os dados pessoais podem ser tratados em conex\u00e3o com a utiliza\u00e7\u00e3o de canais de redes sociais, incluindo: perfis de utilizador e contas em plataformas como Facebook, Instagram, YouTube, Twitter, LinkedIn, que s\u00e3o utilizadas para comunica\u00e7\u00e3o e promo\u00e7\u00e3o do projeto, de acordo com as regras e pol\u00edticas de privacidade dessas plataformas.<\/p><h2>3. Base Legal para o Tratamento<\/h2><p>O tratamento de dados pessoais \u00e9 realizado com base em:<\/p><ul><li>consentimento do titular dos dados (Artigo 6.\u00ba(1)(a) do RGPD),<\/li><li>interesses leg\u00edtimos do respons\u00e1vel pelo tratamento (Artigo 6.\u00ba(1)(f) do RGPD), no \u00e2mbito da an\u00e1lise de tr\u00e1fego do s\u00edtio Web (Google Analytics).<\/li><\/ul><h2>4. Destinat\u00e1rios dos Dados<\/h2><p>Os dados pessoais n\u00e3o s\u00e3o partilhados com terceiros para fins comerciais ou de marketing. No entanto, para prestar os nossos servi\u00e7os, cooperamos com as seguintes entidades: <\/p><ul><li><strong>MailerLite<\/strong> \u2013 fornecedor do servi\u00e7o de newsletter, tratando dados em nosso nome,<\/li><li><strong>MyDevil.net<\/strong> \u2013 fornecedor de alojamento do s\u00edtio Web,<\/li><li><strong>Google Analytics<\/strong> \u2013 ferramenta de an\u00e1lise para tr\u00e1fego do s\u00edtio Web, tratando dados estat\u00edsticos an\u00f3nimos,<\/li><li><strong>Plataformas de redes sociais<\/strong> (por exemplo, Facebook, Instagram) \u2013 em conex\u00e3o com intera\u00e7\u00f5es e comunica\u00e7\u00e3o atrav\u00e9s destes canais.<\/li><\/ul><p>Todos estes destinat\u00e1rios s\u00e3o obrigados a cumprir as leis aplic\u00e1veis de prote\u00e7\u00e3o de dados (RGPD).<\/p><h2>5. Cookies e Ferramentas Anal\u00edticas<\/h2><p>O s\u00edtio Web <strong>www.readforreal.com<\/strong> utiliza cookies para o funcionamento adequado do servi\u00e7o e para fins anal\u00edticos (Google Analytics).<\/p><p>Os cookies recolhem dados an\u00f3nimos sobre o tr\u00e1fego e comportamento dos utilizadores no s\u00edtio Web, permitindo a otimiza\u00e7\u00e3o do servi\u00e7o.<\/p><h2>6. Per\u00edodo de Conserva\u00e7\u00e3o dos Dados<\/h2><p>Os dados pessoais recolhidos atrav\u00e9s da newsletter s\u00e3o armazenados durante a dura\u00e7\u00e3o do projeto Read For Real ou at\u00e9 o utilizador retirar o seu consentimento (por exemplo, cancelar a subscri\u00e7\u00e3o da newsletter).<\/p><p>Os dados anal\u00edticos tratados pelo Google Analytics s\u00e3o armazenados pelo per\u00edodo especificado pelo fornecedor do servi\u00e7o, de forma an\u00f3nima.<\/p><h2>7. Direitos do Titular dos Dados<\/h2><p>Os utilizadores t\u00eam o direito de:<\/p><ul><li>aceder aos seus dados pessoais,<\/li><li>retificar dados incorretos,<\/li><li>eliminar os seus dados (\u201cdireito a ser esquecido\u201d)<\/li><li>restringir o tratamento de dados,<\/li><li>portabilidade dos dados,<\/li><li>opor-se ao tratamento de dados,<\/li><li>retirar o consentimento para o tratamento de dados a qualquer momento (sem afetar a legalidade do tratamento baseado no consentimento antes da sua retirada).<\/li><\/ul><p>Para exercer estes direitos, contacta-nos em: <a href=\"mailto:sekretariat@fpc.org.pl\">sekretariat@fpc.org.pl<\/a>.<\/p><p>Os utilizadores tamb\u00e9m t\u00eam o direito de apresentar uma queixa \u00e0 autoridade de supervis\u00e3o competente para a prote\u00e7\u00e3o de dados (na Pol\u00f3nia, o Presidente do Gabinete de Prote\u00e7\u00e3o de Dados Pessoais).<\/p><h2>8. Seguran\u00e7a dos Dados<\/h2><p>O respons\u00e1vel implementa medidas t\u00e9cnicas e organizacionais adequadas para proteger os dados pessoais contra acesso n\u00e3o autorizado, perda, altera\u00e7\u00e3o ou divulga\u00e7\u00e3o.<\/p><h2>9. Utiliza\u00e7\u00e3o de Redes Sociais<\/h2><p>Os perfis da Fundacja Powszechnego Czytania e do projeto Read For Real nas redes sociais operam sob termos e pol\u00edticas de privacidade separados dessas plataformas. Os dados pessoais partilhados durante intera\u00e7\u00f5es nas plataformas de redes sociais s\u00e3o tratados de acordo com os regulamentos desses servi\u00e7os e est\u00e3o fora do controlo direto do administrador do s\u00edtio Web www.readforreal.com. <\/p><h2>10. Altera\u00e7\u00f5es \u00e0 Pol\u00edtica de Privacidade<\/h2><p>O respons\u00e1vel reserva-se o direito de alterar esta Pol\u00edtica de Privacidade. A vers\u00e3o atual e efetiva estar\u00e1 sempre dispon\u00edvel em <g id=\"gid_0\">www.readforreal.com<\/g>. Os utilizadores ser\u00e3o notificados de quaisquer altera\u00e7\u00f5es significativas a esta pol\u00edtica.  <\/p><h2>11. Materiais<\/h2><p><span style=\"font-weight: 400;\">Os nossos materiais est\u00e3o dispon\u00edveis para todos os indiv\u00edduos envolvidos no projeto Read.For Real e podem ser utilizados, copiados e distribu\u00eddos em conex\u00e3o com o Dia dos Autores Europeus. A utiliza\u00e7\u00e3o destes materiais para fins diferentes dos pretendidos \u00e9 proibida, incluindo mas n\u00e3o limitado a: vendas, promo\u00e7\u00e3o de outros produtos, ou a cria\u00e7\u00e3o e dissemina\u00e7\u00e3o de conte\u00fado pol\u00edtico ou religioso. Read. For Real, juntamente com o seu representante, a Funda\u00e7\u00e3o de Leitura Universal, n\u00e3o assume qualquer responsabilidade pela utiliza\u00e7\u00e3o da marca que seja inconsistente com estes termos e condi\u00e7\u00f5es.   <\/span><\/p>\t\t\t\t\t\t\t\t<\/div>\n\t\t\t\t<\/div>\n\t\t\t\t\t<\/div>\n\t\t\t\t<\/div>\n\t\t\t\t<\/div>\n\t\t","protected":false},"excerpt":{"rendered":"<p>1. Respons\u00e1vel pelo Tratamento de Dados O respons\u00e1vel pelos teus dados pessoais no s\u00edtio Web www.readforreal.com \u00e9: Fundacja Powszechnego CzytaniaPrzyokopowa 3301-208 Vars\u00f3via, Pol\u00f3niae-mail: sekretariat@fpc.org.pl Para qualquer quest\u00e3o relacionada com o tratamento de dados pessoais, podes contactar-nos atrav\u00e9s do e-mail acima ou por correio na morada registada da Funda\u00e7\u00e3o. 2. \u00c2mbito e Finalidades do Tratamento de [&hellip;]<\/p>\n","protected":false},"author":1,"featured_media":0,"parent":0,"menu_order":0,"comment_status":"closed","ping_status":"open","template":"","meta":{"footnotes":""},"class_list":["post-17772","page","type-page","status-publish","hentry"],"yoast_head":"<!-- This site is optimized with the Yoast SEO plugin v26.1.1 - https:\/\/yoast.com\/wordpress\/plugins\/seo\/ -->\n<title>Pol\u00edtica de Privacidade | Read. For Real<\/title>\n<meta name=\"robots\" content=\"index, follow, max-snippet:-1, max-image-preview:large, max-video-preview:-1\" \/>\n<link rel=\"canonical\" href=\"https:\/\/www.readforreal.com\/pt-pt\/politica-de-privacidade\/\" \/>\n<meta property=\"og:locale\" content=\"pt_PT\" \/>\n<meta property=\"og:type\" content=\"article\" \/>\n<meta property=\"og:title\" content=\"Pol\u00edtica de Privacidade | Read. For Real\" \/>\n<meta property=\"og:description\" content=\"1. Respons\u00e1vel pelo Tratamento de Dados O respons\u00e1vel pelos teus dados pessoais no s\u00edtio Web www.readforreal.com \u00e9: Fundacja Powszechnego CzytaniaPrzyokopowa 3301-208 Vars\u00f3via, Pol\u00f3niae-mail: sekretariat@fpc.org.pl Para qualquer quest\u00e3o relacionada com o tratamento de dados pessoais, podes contactar-nos atrav\u00e9s do e-mail acima ou por correio na morada registada da Funda\u00e7\u00e3o. 2. \u00c2mbito e Finalidades do Tratamento de [&hellip;]\" \/>\n<meta property=\"og:url\" content=\"https:\/\/www.readforreal.com\/pt-pt\/politica-de-privacidade\/\" \/>\n<meta property=\"og:site_name\" content=\"Read. For Real\" \/>\n<meta property=\"article:publisher\" content=\"https:\/\/www.facebook.com\/read.forreal\" \/>\n<meta property=\"article:modified_time\" content=\"2025-11-06T23:01:12+00:00\" \/>\n<meta name=\"twitter:card\" content=\"summary_large_image\" \/>\n<meta name=\"twitter:label1\" content=\"Tempo estimado de leitura\" \/>\n\t<meta name=\"twitter:data1\" content=\"4 minutos\" \/>\n<script type=\"application\/ld+json\" class=\"yoast-schema-graph\">{\"@context\":\"https:\/\/schema.org\",\"@graph\":[{\"@type\":\"WebPage\",\"@id\":\"https:\/\/www.readforreal.com\/pt-pt\/politica-de-privacidade\/\",\"url\":\"https:\/\/www.readforreal.com\/pt-pt\/politica-de-privacidade\/\",\"name\":\"Pol\u00edtica de Privacidade | Read. For Real\",\"isPartOf\":{\"@id\":\"https:\/\/www.readforreal.com\/#website\"},\"datePublished\":\"2025-06-28T22:10:54+00:00\",\"dateModified\":\"2025-11-06T23:01:12+00:00\",\"breadcrumb\":{\"@id\":\"https:\/\/www.readforreal.com\/pt-pt\/politica-de-privacidade\/#breadcrumb\"},\"inLanguage\":\"pt-PT\",\"potentialAction\":[{\"@type\":\"ReadAction\",\"target\":[\"https:\/\/www.readforreal.com\/pt-pt\/politica-de-privacidade\/\"]}]},{\"@type\":\"BreadcrumbList\",\"@id\":\"https:\/\/www.readforreal.com\/pt-pt\/politica-de-privacidade\/#breadcrumb\",\"itemListElement\":[{\"@type\":\"ListItem\",\"position\":1,\"name\":\"Home\",\"item\":\"https:\/\/www.readforreal.com\/pt-pt\/ler-a-serio\/\"},{\"@type\":\"ListItem\",\"position\":2,\"name\":\"Pol\u00edtica de Privacidade\"}]},{\"@type\":\"WebSite\",\"@id\":\"https:\/\/www.readforreal.com\/#website\",\"url\":\"https:\/\/www.readforreal.com\/\",\"name\":\"Read. For Real\",\"description\":\"European Authors Day 11.11-12.12.2026\",\"publisher\":{\"@id\":\"https:\/\/www.readforreal.com\/#organization\"},\"alternateName\":\"European Authors Day 11.11-12.12.2025\",\"potentialAction\":[{\"@type\":\"SearchAction\",\"target\":{\"@type\":\"EntryPoint\",\"urlTemplate\":\"https:\/\/www.readforreal.com\/?s={search_term_string}\"},\"query-input\":{\"@type\":\"PropertyValueSpecification\",\"valueRequired\":true,\"valueName\":\"search_term_string\"}}],\"inLanguage\":\"pt-PT\"},{\"@type\":\"Organization\",\"@id\":\"https:\/\/www.readforreal.com\/#organization\",\"name\":\"Fundacja Powszechnego Czytania\",\"url\":\"https:\/\/www.readforreal.com\/\",\"logo\":{\"@type\":\"ImageObject\",\"inLanguage\":\"pt-PT\",\"@id\":\"https:\/\/www.readforreal.com\/#\/schema\/logo\/image\/\",\"url\":\"https:\/\/www.readforreal.com\/wp-content\/uploads\/2025\/06\/RfR-logo-OK_1.png\",\"contentUrl\":\"https:\/\/www.readforreal.com\/wp-content\/uploads\/2025\/06\/RfR-logo-OK_1.png\",\"width\":1890,\"height\":1299,\"caption\":\"Fundacja Powszechnego Czytania\"},\"image\":{\"@id\":\"https:\/\/www.readforreal.com\/#\/schema\/logo\/image\/\"},\"sameAs\":[\"https:\/\/www.facebook.com\/read.forreal\",\"https:\/\/www.instagram.com\/read.forreal\/\"]}]}<\/script>\n<!-- \/ Yoast SEO plugin. -->","yoast_head_json":{"title":"Pol\u00edtica de Privacidade | Read. For Real","robots":{"index":"index","follow":"follow","max-snippet":"max-snippet:-1","max-image-preview":"max-image-preview:large","max-video-preview":"max-video-preview:-1"},"canonical":"https:\/\/www.readforreal.com\/pt-pt\/politica-de-privacidade\/","og_locale":"pt_PT","og_type":"article","og_title":"Pol\u00edtica de Privacidade | Read. For Real","og_description":"1. Respons\u00e1vel pelo Tratamento de Dados O respons\u00e1vel pelos teus dados pessoais no s\u00edtio Web www.readforreal.com \u00e9: Fundacja Powszechnego CzytaniaPrzyokopowa 3301-208 Vars\u00f3via, Pol\u00f3niae-mail: sekretariat@fpc.org.pl Para qualquer quest\u00e3o relacionada com o tratamento de dados pessoais, podes contactar-nos atrav\u00e9s do e-mail acima ou por correio na morada registada da Funda\u00e7\u00e3o. 2. \u00c2mbito e Finalidades do Tratamento de [&hellip;]","og_url":"https:\/\/www.readforreal.com\/pt-pt\/politica-de-privacidade\/","og_site_name":"Read. For Real","article_publisher":"https:\/\/www.facebook.com\/read.forreal","article_modified_time":"2025-11-06T23:01:12+00:00","twitter_card":"summary_large_image","twitter_misc":{"Tempo estimado de leitura":"4 minutos"},"schema":{"@context":"https:\/\/schema.org","@graph":[{"@type":"WebPage","@id":"https:\/\/www.readforreal.com\/pt-pt\/politica-de-privacidade\/","url":"https:\/\/www.readforreal.com\/pt-pt\/politica-de-privacidade\/","name":"Pol\u00edtica de Privacidade | Read. For Real","isPartOf":{"@id":"https:\/\/www.readforreal.com\/#website"},"datePublished":"2025-06-28T22:10:54+00:00","dateModified":"2025-11-06T23:01:12+00:00","breadcrumb":{"@id":"https:\/\/www.readforreal.com\/pt-pt\/politica-de-privacidade\/#breadcrumb"},"inLanguage":"pt-PT","potentialAction":[{"@type":"ReadAction","target":["https:\/\/www.readforreal.com\/pt-pt\/politica-de-privacidade\/"]}]},{"@type":"BreadcrumbList","@id":"https:\/\/www.readforreal.com\/pt-pt\/politica-de-privacidade\/#breadcrumb","itemListElement":[{"@type":"ListItem","position":1,"name":"Home","item":"https:\/\/www.readforreal.com\/pt-pt\/ler-a-serio\/"},{"@type":"ListItem","position":2,"name":"Pol\u00edtica de Privacidade"}]},{"@type":"WebSite","@id":"https:\/\/www.readforreal.com\/#website","url":"https:\/\/www.readforreal.com\/","name":"Read. For Real","description":"European Authors Day 11.11-12.12.2026","publisher":{"@id":"https:\/\/www.readforreal.com\/#organization"},"alternateName":"European Authors Day 11.11-12.12.2025","potentialAction":[{"@type":"SearchAction","target":{"@type":"EntryPoint","urlTemplate":"https:\/\/www.readforreal.com\/?s={search_term_string}"},"query-input":{"@type":"PropertyValueSpecification","valueRequired":true,"valueName":"search_term_string"}}],"inLanguage":"pt-PT"},{"@type":"Organization","@id":"https:\/\/www.readforreal.com\/#organization","name":"Fundacja Powszechnego Czytania","url":"https:\/\/www.readforreal.com\/","logo":{"@type":"ImageObject","inLanguage":"pt-PT","@id":"https:\/\/www.readforreal.com\/#\/schema\/logo\/image\/","url":"https:\/\/www.readforreal.com\/wp-content\/uploads\/2025\/06\/RfR-logo-OK_1.png","contentUrl":"https:\/\/www.readforreal.com\/wp-content\/uploads\/2025\/06\/RfR-logo-OK_1.png","width":1890,"height":1299,"caption":"Fundacja Powszechnego Czytania"},"image":{"@id":"https:\/\/www.readforreal.com\/#\/schema\/logo\/image\/"},"sameAs":["https:\/\/www.facebook.com\/read.forreal","https:\/\/www.instagram.com\/read.forreal\/"]}]}},"_links":{"self":[{"href":"https:\/\/www.readforreal.com\/pt-pt\/wp-json\/wp\/v2\/pages\/17772","targetHints":{"allow":["GET"]}}],"collection":[{"href":"https:\/\/www.readforreal.com\/pt-pt\/wp-json\/wp\/v2\/pages"}],"about":[{"href":"https:\/\/www.readforreal.com\/pt-pt\/wp-json\/wp\/v2\/types\/page"}],"author":[{"embeddable":true,"href":"https:\/\/www.readforreal.com\/pt-pt\/wp-json\/wp\/v2\/users\/1"}],"replies":[{"embeddable":true,"href":"https:\/\/www.readforreal.com\/pt-pt\/wp-json\/wp\/v2\/comments?post=17772"}],"version-history":[{"count":1,"href":"https:\/\/www.readforreal.com\/pt-pt\/wp-json\/wp\/v2\/pages\/17772\/revisions"}],"predecessor-version":[{"id":17789,"href":"https:\/\/www.readforreal.com\/pt-pt\/wp-json\/wp\/v2\/pages\/17772\/revisions\/17789"}],"wp:attachment":[{"href":"https:\/\/www.readforreal.com\/pt-pt\/wp-json\/wp\/v2\/media?parent=17772"}],"curies":[{"name":"wp","href":"https:\/\/api.w.org\/{rel}","templated":true}]}}