{"id":4840,"date":"2025-06-29T00:10:54","date_gmt":"2025-06-28T22:10:54","guid":{"rendered":"https:\/\/www.readforreal.com\/personvernserklaering\/"},"modified":"2025-09-17T02:11:30","modified_gmt":"2025-09-17T00:11:30","slug":"personvernserklaering","status":"publish","type":"page","link":"https:\/\/www.readforreal.com\/no\/personvernserklaering\/","title":{"rendered":"Personvernserkl\u00e6ring"},"content":{"rendered":"\t\t<div data-elementor-type=\"wp-page\" data-elementor-id=\"4840\" class=\"elementor elementor-4840 elementor-3\" data-elementor-post-type=\"page\">\n\t\t\t\t<div class=\"elementor-element elementor-element-726f90a3 e-flex e-con-boxed e-con e-parent\" data-id=\"726f90a3\" data-element_type=\"container\">\n\t\t\t\t\t<div class=\"e-con-inner\">\n\t\t\t\t\t<\/div>\n\t\t\t\t<\/div>\n\t\t<div class=\"elementor-element elementor-element-57caaef1 e-flex e-con-boxed e-con e-parent\" data-id=\"57caaef1\" data-element_type=\"container\">\n\t\t\t\t\t<div class=\"e-con-inner\">\n\t\t\t\t<div class=\"elementor-element elementor-element-5352cfaa elementor-widget elementor-widget-text-editor\" data-id=\"5352cfaa\" data-element_type=\"widget\" data-widget_type=\"text-editor.default\">\n\t\t\t\t<div class=\"elementor-widget-container\">\n\t\t\t\t\t\t\t\t\t<h2>1. Behandlingsansvarlig<\/h2><p>Den behandlingsansvarlige for dine personopplysninger p\u00e5 nettstedet <strong>www.readforreal.com<\/strong> er:<\/p><p><strong>Fundacja Powszechnego Czytania<\/strong><br>Przyokopowa 33<br>01-208 Warszawa, Polen<br>e-post: <a href=\"mailto:sekretariat@fpc.org.pl\">sekretariat@fpc.org.pl<\/a><\/p><p>For sp\u00f8rsm\u00e5l relatert til behandling av personopplysninger kan du kontakte oss via e-postadressen over eller per post til stiftelsens registrerte adresse.<\/p><h2>2. Omfang og form\u00e5l med databehandlingen<\/h2><p>Nettstedet <strong>www.readforreal.com<\/strong> er rent informativt og tillater ikke brukerregistrering, transaksjoner, kommentarer eller deltakelse i diskusjoner. Personopplysninger behandles kun basert p\u00e5 frivillig samtykke fra den registrerte, spesielt: Ved p\u00e5melding til nyhetsbrevet \u2013 innsamlede data inkluderer: <\/p><ul><li>e-postadresse<\/li><li>fornavn.<\/li><\/ul><p>Disse dataene brukes utelukkende til:<\/p><ul><li>\u00e5 sende informasjon og materialer relatert til Read For Real-prosjektet,<\/li><li>\u00e5 levere nyhetsbrevtjenesten,<\/li><li>mulig kontakt ang\u00e5ende prosjektet eller relaterte tjenester.<\/li><\/ul><p>I tillegg kan personopplysninger behandles i forbindelse med bruk av sosiale mediekanaler, inkludert: brukerprofiler og kontoer p\u00e5 plattformer som Facebook, Instagram, YouTube, Twitter, LinkedIn, som brukes til kommunikasjon og promotering av prosjektet, i samsvar med reglene og personvernretningslinjene til disse plattformene.<\/p><h2>3. Rettslig grunnlag for behandling<\/h2><p>Behandling av personopplysninger utf\u00f8res p\u00e5 grunnlag av:<\/p><ul><li>den registrertes samtykke (artikkel 6(1)(a) i GDPR),<\/li><li>den behandlingsansvarliges legitime interesser (artikkel 6(1)(f) i GDPR), i forbindelse med analyse av nettstedstrafikk (Google Analytics).<\/li><\/ul><h2>4. Mottakere av data<\/h2><p>Personopplysninger deles ikke med tredjeparter for kommersielle eller markedsf\u00f8ringsform\u00e5l. For \u00e5 levere v\u00e5re tjenester samarbeider vi imidlertid med f\u00f8lgende enheter: <\/p><ul><li><strong>MailerLite<\/strong> \u2013 leverand\u00f8r av nyhetsbrevtjeneste, som behandler data p\u00e5 v\u00e5re vegne,<\/li><li><strong>MyDevil.net<\/strong> \u2013 leverand\u00f8r av nettstedshostingtjenester,<\/li><li><strong>Google Analytics<\/strong> \u2013 analyseverkt\u00f8y for nettstedstrafikk, som behandler anonyme statistiske data,<\/li><li><strong>Sosiale medieplattformer<\/strong> (f.eks. Facebook, Instagram) \u2013 i forbindelse med interaksjoner og kommunikasjon via disse kanalene.<\/li><\/ul><p>Alle disse mottakerne er forpliktet til \u00e5 overholde gjeldende personvernlovgivning (GDPR).<\/p><h2>5. Informasjonskapsler og analyseverkt\u00f8y<\/h2><p>Nettstedet <strong>www.readforreal.com<\/strong> bruker informasjonskapsler for riktig drift av tjenesten og for analytiske form\u00e5l (Google Analytics).<\/p><p>Informasjonskapsler samler anonyme data om brukertrafikk og atferd p\u00e5 nettstedet, noe som muliggj\u00f8r optimalisering av tjenesten.<\/p><h2>6. Oppbevaringsperiode for data<\/h2><p>Personopplysninger samlet inn via nyhetsbrevet lagres for varigheten av Read For Real-prosjektet eller til brukeren trekker tilbake sitt samtykke (f.eks. avmelder seg nyhetsbrevet).<\/p><p>Analytiske data behandlet av Google Analytics lagres for perioden spesifisert av tjenesteleverand\u00f8ren, i anonym form.<\/p><h2>7. Den registrertes rettigheter<\/h2><p>Brukere har rett til \u00e5:<\/p><ul><li>f\u00e5 tilgang til sine personopplysninger,<\/li><li>korrigere un\u00f8yaktige data,<\/li><li>slette sine data (&laquo;retten til \u00e5 bli glemt&raquo;),<\/li><li>begrense databehandlingen,<\/li><li>dataportabilitet,<\/li><li>protestere mot databehandling,<\/li><li>trekke tilbake samtykke til databehandling n\u00e5r som helst (uten \u00e5 p\u00e5virke lovligheten av behandling basert p\u00e5 samtykke f\u00f8r tilbaketrekkingen).<\/li><\/ul><p>For \u00e5 ut\u00f8ve disse rettighetene, vennligst kontakt oss p\u00e5: <a href=\"mailto:sekretariat@fpc.org.pl\">sekretariat@fpc.org.pl<\/a>.<\/p><p>Brukere har ogs\u00e5 rett til \u00e5 klage til relevant tilsynsmyndighet for databeskyttelse (i Polen, presidenten for personvernkontoret).<\/p><h2>8. Datasikkerhet<\/h2><p>Den behandlingsansvarlige implementerer passende tekniske og organisatoriske tiltak for \u00e5 beskytte personopplysninger mot uautorisert tilgang, tap, endring eller avsl\u00f8ring.<\/p><h2>9. Bruk av sosiale medier<\/h2><p>Profilene til Fundacja Powszechnego Czytania og Read For Real-prosjektet p\u00e5 sosiale medier opererer under separate vilk\u00e5r og personvernregler for disse plattformene. Personopplysninger som deles under interaksjoner p\u00e5 sosiale medieplattformer behandles i henhold til reglene for disse tjenestene og er utenfor direkte kontroll av administratoren for www.readforreal.com. <\/p><h2>10. Endringer i personvernerkl\u00e6ringen<\/h2><p>Den behandlingsansvarlige forbeholder seg retten til \u00e5 endre denne personvernerkl\u00e6ringen. Den gjeldende og effektive versjonen vil alltid v\u00e6re tilgjengelig p\u00e5 <strong>www.readforreal.com<\/strong>. Brukere vil bli varslet om eventuelle betydelige endringer i denne erkl\u00e6ringen.  <\/p><h2>11. Materialer<\/h2><p><span style=\"font-weight: 400;\">V\u00e5re materialer er tilgjengelige for alle personer involvert i Read.For Real-prosjektet og kan brukes, kopieres og distribueres i forbindelse med den europeiske forfatterdagen. Bruk av disse materialene til andre form\u00e5l enn tiltenkt er forbudt, inkludert, men ikke begrenset til: salg, promotering av andre produkter, eller utarbeidelse og spredning av politisk eller religi\u00f8st innhold. Read. For Real, sammen med sin representant, Universal Reading Foundation, p\u00e5tar seg intet ansvar for bruk av merkevaren som er i strid med disse vilk\u00e5rene og betingelsene.   <\/span><\/p>\t\t\t\t\t\t\t\t<\/div>\n\t\t\t\t<\/div>\n\t\t\t\t\t<\/div>\n\t\t\t\t<\/div>\n\t\t\t\t<\/div>\n\t\t","protected":false},"excerpt":{"rendered":"<p>1. Behandlingsansvarlig Den behandlingsansvarlige for dine personopplysninger p\u00e5 nettstedet www.readforreal.com er: Fundacja Powszechnego CzytaniaPrzyokopowa 3301-208 Warszawa, Polene-post: sekretariat@fpc.org.pl For sp\u00f8rsm\u00e5l relatert til behandling av personopplysninger kan du kontakte oss via e-postadressen over eller per post til stiftelsens registrerte adresse. 2. Omfang og form\u00e5l med databehandlingen Nettstedet www.readforreal.com er rent informativt og tillater ikke brukerregistrering, transaksjoner, [&hellip;]<\/p>\n","protected":false},"author":1,"featured_media":0,"parent":0,"menu_order":0,"comment_status":"closed","ping_status":"open","template":"","meta":{"footnotes":""},"class_list":["post-4840","page","type-page","status-publish","hentry"],"yoast_head":"<!-- This site is optimized with the Yoast SEO plugin v26.1.1 - https:\/\/yoast.com\/wordpress\/plugins\/seo\/ -->\n<title>Personvernserkl\u00e6ring | Read. For Real<\/title>\n<meta name=\"robots\" content=\"index, follow, max-snippet:-1, max-image-preview:large, max-video-preview:-1\" \/>\n<link rel=\"canonical\" href=\"https:\/\/www.readforreal.com\/no\/personvernserklaering\/\" \/>\n<meta property=\"og:locale\" content=\"nb_NO\" \/>\n<meta property=\"og:type\" content=\"article\" \/>\n<meta property=\"og:title\" content=\"Personvernserkl\u00e6ring | Read. For Real\" \/>\n<meta property=\"og:description\" content=\"1. Behandlingsansvarlig Den behandlingsansvarlige for dine personopplysninger p\u00e5 nettstedet www.readforreal.com er: Fundacja Powszechnego CzytaniaPrzyokopowa 3301-208 Warszawa, Polene-post: sekretariat@fpc.org.pl For sp\u00f8rsm\u00e5l relatert til behandling av personopplysninger kan du kontakte oss via e-postadressen over eller per post til stiftelsens registrerte adresse. 2. Omfang og form\u00e5l med databehandlingen Nettstedet www.readforreal.com er rent informativt og tillater ikke brukerregistrering, transaksjoner, [&hellip;]\" \/>\n<meta property=\"og:url\" content=\"https:\/\/www.readforreal.com\/no\/personvernserklaering\/\" \/>\n<meta property=\"og:site_name\" content=\"Read. For Real\" \/>\n<meta property=\"article:publisher\" content=\"https:\/\/www.facebook.com\/read.forreal\" \/>\n<meta property=\"article:modified_time\" content=\"2025-09-17T00:11:30+00:00\" \/>\n<meta name=\"twitter:card\" content=\"summary_large_image\" \/>\n<meta name=\"twitter:label1\" content=\"Ansl. lesetid\" \/>\n\t<meta name=\"twitter:data1\" content=\"3 minutter\" \/>\n<script type=\"application\/ld+json\" class=\"yoast-schema-graph\">{\"@context\":\"https:\/\/schema.org\",\"@graph\":[{\"@type\":\"WebPage\",\"@id\":\"https:\/\/www.readforreal.com\/no\/personvernserklaering\/\",\"url\":\"https:\/\/www.readforreal.com\/no\/personvernserklaering\/\",\"name\":\"Personvernserkl\u00e6ring | Read. For Real\",\"isPartOf\":{\"@id\":\"https:\/\/www.readforreal.com\/#website\"},\"datePublished\":\"2025-06-28T22:10:54+00:00\",\"dateModified\":\"2025-09-17T00:11:30+00:00\",\"breadcrumb\":{\"@id\":\"https:\/\/www.readforreal.com\/no\/personvernserklaering\/#breadcrumb\"},\"inLanguage\":\"nb-NO\",\"potentialAction\":[{\"@type\":\"ReadAction\",\"target\":[\"https:\/\/www.readforreal.com\/no\/personvernserklaering\/\"]}]},{\"@type\":\"BreadcrumbList\",\"@id\":\"https:\/\/www.readforreal.com\/no\/personvernserklaering\/#breadcrumb\",\"itemListElement\":[{\"@type\":\"ListItem\",\"position\":1,\"name\":\"Home\",\"item\":\"https:\/\/www.readforreal.com\/no\/les-pa-ordentlig\/\"},{\"@type\":\"ListItem\",\"position\":2,\"name\":\"Personvernserkl\u00e6ring\"}]},{\"@type\":\"WebSite\",\"@id\":\"https:\/\/www.readforreal.com\/#website\",\"url\":\"https:\/\/www.readforreal.com\/\",\"name\":\"Read. For Real\",\"description\":\"European Authors Day 11.11-12.12.2026\",\"publisher\":{\"@id\":\"https:\/\/www.readforreal.com\/#organization\"},\"alternateName\":\"European Authors Day 11.11-12.12.2025\",\"potentialAction\":[{\"@type\":\"SearchAction\",\"target\":{\"@type\":\"EntryPoint\",\"urlTemplate\":\"https:\/\/www.readforreal.com\/?s={search_term_string}\"},\"query-input\":{\"@type\":\"PropertyValueSpecification\",\"valueRequired\":true,\"valueName\":\"search_term_string\"}}],\"inLanguage\":\"nb-NO\"},{\"@type\":\"Organization\",\"@id\":\"https:\/\/www.readforreal.com\/#organization\",\"name\":\"Fundacja Powszechnego Czytania\",\"url\":\"https:\/\/www.readforreal.com\/\",\"logo\":{\"@type\":\"ImageObject\",\"inLanguage\":\"nb-NO\",\"@id\":\"https:\/\/www.readforreal.com\/#\/schema\/logo\/image\/\",\"url\":\"https:\/\/www.readforreal.com\/wp-content\/uploads\/2025\/06\/RfR-logo-OK_1.png\",\"contentUrl\":\"https:\/\/www.readforreal.com\/wp-content\/uploads\/2025\/06\/RfR-logo-OK_1.png\",\"width\":1890,\"height\":1299,\"caption\":\"Fundacja Powszechnego Czytania\"},\"image\":{\"@id\":\"https:\/\/www.readforreal.com\/#\/schema\/logo\/image\/\"},\"sameAs\":[\"https:\/\/www.facebook.com\/read.forreal\",\"https:\/\/www.instagram.com\/read.forreal\/\"]}]}<\/script>\n<!-- \/ Yoast SEO plugin. -->","yoast_head_json":{"title":"Personvernserkl\u00e6ring | Read. For Real","robots":{"index":"index","follow":"follow","max-snippet":"max-snippet:-1","max-image-preview":"max-image-preview:large","max-video-preview":"max-video-preview:-1"},"canonical":"https:\/\/www.readforreal.com\/no\/personvernserklaering\/","og_locale":"nb_NO","og_type":"article","og_title":"Personvernserkl\u00e6ring | Read. For Real","og_description":"1. Behandlingsansvarlig Den behandlingsansvarlige for dine personopplysninger p\u00e5 nettstedet www.readforreal.com er: Fundacja Powszechnego CzytaniaPrzyokopowa 3301-208 Warszawa, Polene-post: sekretariat@fpc.org.pl For sp\u00f8rsm\u00e5l relatert til behandling av personopplysninger kan du kontakte oss via e-postadressen over eller per post til stiftelsens registrerte adresse. 2. Omfang og form\u00e5l med databehandlingen Nettstedet www.readforreal.com er rent informativt og tillater ikke brukerregistrering, transaksjoner, [&hellip;]","og_url":"https:\/\/www.readforreal.com\/no\/personvernserklaering\/","og_site_name":"Read. For Real","article_publisher":"https:\/\/www.facebook.com\/read.forreal","article_modified_time":"2025-09-17T00:11:30+00:00","twitter_card":"summary_large_image","twitter_misc":{"Ansl. lesetid":"3 minutter"},"schema":{"@context":"https:\/\/schema.org","@graph":[{"@type":"WebPage","@id":"https:\/\/www.readforreal.com\/no\/personvernserklaering\/","url":"https:\/\/www.readforreal.com\/no\/personvernserklaering\/","name":"Personvernserkl\u00e6ring | Read. For Real","isPartOf":{"@id":"https:\/\/www.readforreal.com\/#website"},"datePublished":"2025-06-28T22:10:54+00:00","dateModified":"2025-09-17T00:11:30+00:00","breadcrumb":{"@id":"https:\/\/www.readforreal.com\/no\/personvernserklaering\/#breadcrumb"},"inLanguage":"nb-NO","potentialAction":[{"@type":"ReadAction","target":["https:\/\/www.readforreal.com\/no\/personvernserklaering\/"]}]},{"@type":"BreadcrumbList","@id":"https:\/\/www.readforreal.com\/no\/personvernserklaering\/#breadcrumb","itemListElement":[{"@type":"ListItem","position":1,"name":"Home","item":"https:\/\/www.readforreal.com\/no\/les-pa-ordentlig\/"},{"@type":"ListItem","position":2,"name":"Personvernserkl\u00e6ring"}]},{"@type":"WebSite","@id":"https:\/\/www.readforreal.com\/#website","url":"https:\/\/www.readforreal.com\/","name":"Read. For Real","description":"European Authors Day 11.11-12.12.2026","publisher":{"@id":"https:\/\/www.readforreal.com\/#organization"},"alternateName":"European Authors Day 11.11-12.12.2025","potentialAction":[{"@type":"SearchAction","target":{"@type":"EntryPoint","urlTemplate":"https:\/\/www.readforreal.com\/?s={search_term_string}"},"query-input":{"@type":"PropertyValueSpecification","valueRequired":true,"valueName":"search_term_string"}}],"inLanguage":"nb-NO"},{"@type":"Organization","@id":"https:\/\/www.readforreal.com\/#organization","name":"Fundacja Powszechnego Czytania","url":"https:\/\/www.readforreal.com\/","logo":{"@type":"ImageObject","inLanguage":"nb-NO","@id":"https:\/\/www.readforreal.com\/#\/schema\/logo\/image\/","url":"https:\/\/www.readforreal.com\/wp-content\/uploads\/2025\/06\/RfR-logo-OK_1.png","contentUrl":"https:\/\/www.readforreal.com\/wp-content\/uploads\/2025\/06\/RfR-logo-OK_1.png","width":1890,"height":1299,"caption":"Fundacja Powszechnego Czytania"},"image":{"@id":"https:\/\/www.readforreal.com\/#\/schema\/logo\/image\/"},"sameAs":["https:\/\/www.facebook.com\/read.forreal","https:\/\/www.instagram.com\/read.forreal\/"]}]}},"_links":{"self":[{"href":"https:\/\/www.readforreal.com\/no\/wp-json\/wp\/v2\/pages\/4840","targetHints":{"allow":["GET"]}}],"collection":[{"href":"https:\/\/www.readforreal.com\/no\/wp-json\/wp\/v2\/pages"}],"about":[{"href":"https:\/\/www.readforreal.com\/no\/wp-json\/wp\/v2\/types\/page"}],"author":[{"embeddable":true,"href":"https:\/\/www.readforreal.com\/no\/wp-json\/wp\/v2\/users\/1"}],"replies":[{"embeddable":true,"href":"https:\/\/www.readforreal.com\/no\/wp-json\/wp\/v2\/comments?post=4840"}],"version-history":[{"count":2,"href":"https:\/\/www.readforreal.com\/no\/wp-json\/wp\/v2\/pages\/4840\/revisions"}],"predecessor-version":[{"id":9313,"href":"https:\/\/www.readforreal.com\/no\/wp-json\/wp\/v2\/pages\/4840\/revisions\/9313"}],"wp:attachment":[{"href":"https:\/\/www.readforreal.com\/no\/wp-json\/wp\/v2\/media?parent=4840"}],"curies":[{"name":"wp","href":"https:\/\/api.w.org\/{rel}","templated":true}]}}