{"id":4710,"date":"2025-06-29T00:10:54","date_gmt":"2025-06-28T22:10:54","guid":{"rendered":"https:\/\/www.readforreal.com\/privacybeleid\/"},"modified":"2025-09-17T02:11:35","modified_gmt":"2025-09-17T00:11:35","slug":"privacybeleid","status":"publish","type":"page","link":"https:\/\/www.readforreal.com\/nl\/privacybeleid\/","title":{"rendered":"Privacybeleid"},"content":{"rendered":"\t\t<div data-elementor-type=\"wp-page\" data-elementor-id=\"4710\" class=\"elementor elementor-4710 elementor-3\" data-elementor-post-type=\"page\">\n\t\t\t\t<div class=\"elementor-element elementor-element-726f90a3 e-flex e-con-boxed e-con e-parent\" data-id=\"726f90a3\" data-element_type=\"container\">\n\t\t\t\t\t<div class=\"e-con-inner\">\n\t\t\t\t\t<\/div>\n\t\t\t\t<\/div>\n\t\t<div class=\"elementor-element elementor-element-57caaef1 e-flex e-con-boxed e-con e-parent\" data-id=\"57caaef1\" data-element_type=\"container\">\n\t\t\t\t\t<div class=\"e-con-inner\">\n\t\t\t\t<div class=\"elementor-element elementor-element-5352cfaa elementor-widget elementor-widget-text-editor\" data-id=\"5352cfaa\" data-element_type=\"widget\" data-widget_type=\"text-editor.default\">\n\t\t\t\t<div class=\"elementor-widget-container\">\n\t\t\t\t\t\t\t\t\t<h2>1. Verwerkingsverantwoordelijke<\/h2><p>De verwerkingsverantwoordelijke van je persoonsgegevens op de website <strong>www.readforreal.com<\/strong> is:<\/p><p><strong>Fundacja Powszechnego Czytania<\/strong><br>Przyokopowa 33<br>01-208 Warschau, Polen<br>e-mail: <a href=\"mailto:sekretariat@fpc.org.pl\">sekretariat@fpc.org.pl<\/a><\/p><p>Voor vragen gerelateerd aan de verwerking van persoonsgegevens kun je contact met ons opnemen via bovenstaand e-mailadres of per post op het geregistreerde adres van de stichting.<\/p><h2>2. Reikwijdte en doeleinden van gegevensverwerking<\/h2><p>De website <strong>www.readforreal.com<\/strong> is puur informatief en staat geen gebruikersregistratie, transacties, commentaar of deelname aan discussies toe. Persoonsgegevens worden alleen verwerkt op basis van vrijwillige toestemming van de betrokkene, in het bijzonder: Bij inschrijving voor de nieuwsbrief \u2013 verzamelde gegevens omvatten: <\/p><ul><li>e-mailadres<\/li><li>voornaam.<\/li><\/ul><p>Deze gegevens worden uitsluitend gebruikt voor:<\/p><ul><li>het versturen van informatie en materialen gerelateerd aan het Read For Real project,<\/li><li>het leveren van de nieuwsbriefdienst,<\/li><li>mogelijk contact betreffende het project of gerelateerde diensten.<\/li><\/ul><p>Daarnaast kunnen persoonsgegevens worden verwerkt in verband met het gebruik van sociale mediakanalen, waaronder: gebruikersprofielen en accounts op platforms zoals Facebook, Instagram, YouTube, Twitter, LinkedIn, die worden gebruikt voor communicatie en promotie van het project, in overeenstemming met de regels en privacybeleid van deze platforms.<\/p><h2>3. Rechtsgrondslag voor verwerking<\/h2><p>Verwerking van persoonsgegevens wordt uitgevoerd op basis van:<\/p><ul><li>toestemming van de betrokkene (artikel 6(1)(a) van de AVG),<\/li><li>de gerechtvaardigde belangen van de verwerkingsverantwoordelijke (artikel 6(1)(f) van de AVG), binnen de reikwijdte van websiteverkeeranalyse (Google Analytics).<\/li><\/ul><h2>4. Ontvangers van gegevens<\/h2><p>Persoonsgegevens worden niet gedeeld met derden voor commerci\u00eble of marketingdoeleinden. Om onze diensten te leveren werken we echter samen met de volgende entiteiten: <\/p><ul><li><strong>MailerLite<\/strong> \u2013 nieuwsbriefdienstverlener, verwerkt gegevens namens ons,<\/li><li><strong>MyDevil.net<\/strong> \u2013 website hostingprovider,<\/li><li><strong>Google Analytics<\/strong> \u2013 analysetool voor websiteverkeer, verwerkt anonieme statistische gegevens,<\/li><li><strong>Sociale mediaplatforms<\/strong> (bijv. Facebook, Instagram) \u2013 in verband met interacties en communicatie via deze kanalen.<\/li><\/ul><p>Al deze ontvangers zijn verplicht om de geldende gegevensbeschermingswetten (AVG) na te leven.<\/p><h2>5. Cookies en analysetools<\/h2><p>De website <strong>www.readforreal.com<\/strong> gebruikt cookies voor de juiste werking van de dienst en voor analytische doeleinden (Google Analytics).<\/p><p>Cookies verzamelen anonieme gegevens over gebruikersverkeer en gedrag op de website, waardoor serviceoptimalisatie mogelijk wordt.<\/p><h2>6. Bewaartermijn van gegevens<\/h2><p>Persoonsgegevens verzameld via de nieuwsbrief worden bewaard voor de duur van het Read For Real project of totdat de gebruiker zijn toestemming intrekt (bijv. zich uitschrijft van de nieuwsbrief).<\/p><p>Analytische gegevens verwerkt door Google Analytics worden bewaard voor de periode gespecificeerd door de dienstverlener, in anonieme vorm.<\/p><h2>7. Rechten van betrokkenen<\/h2><p>Gebruikers hebben het recht om:<\/p><ul><li>toegang te krijgen tot hun persoonsgegevens,<\/li><li>onjuiste gegevens te corrigeren,<\/li><li>hun gegevens te laten verwijderen (&#8220;recht om vergeten te worden&#8221;),<\/li><li>gegevensverwerking te beperken,<\/li><li>gegevensportabiliteit,<\/li><li>bezwaar te maken tegen gegevensverwerking,<\/li><li>toestemming voor gegevensverwerking op elk moment in te trekken (zonder de rechtmatigheid van verwerking op basis van toestemming v\u00f3\u00f3r intrekking te be\u00efnvloeden).<\/li><\/ul><p>Om deze rechten uit te oefenen, neem contact met ons op via: <a href=\"mailto:sekretariat@fpc.org.pl\">sekretariat@fpc.org.pl<\/a>.<\/p><p>Gebruikers hebben ook het recht om een klacht in te dienen bij de relevante toezichthoudende autoriteit voor gegevensbescherming (in Polen, de President van het Bureau voor Bescherming van Persoonsgegevens).<\/p><h2>8. Gegevensbeveiliging<\/h2><p>De verwerkingsverantwoordelijke implementeert passende technische en organisatorische maatregelen om persoonsgegevens te beschermen tegen ongeautoriseerde toegang, verlies, wijziging of openbaarmaking.<\/p><h2>9. Gebruik van sociale media<\/h2><p>De profielen van Fundacja Powszechnego Czytania en het Read For Real project op sociale media opereren onder aparte voorwaarden en privacybeleid van deze platforms. Persoonsgegevens gedeeld tijdens interacties op sociale mediaplatforms worden verwerkt volgens de regelgeving van die diensten en vallen buiten de directe controle van de beheerder van de website www.readforreal.com. <\/p><h2>10. Wijzigingen in het privacybeleid<\/h2><p>De verwerkingsverantwoordelijke behoudt zich het recht voor om dit privacybeleid te wijzigen. De huidige en geldende versie zal altijd beschikbaar zijn op <strong>www.readforreal.com<\/strong>. Gebruikers worden op de hoogte gesteld van significante wijzigingen in dit beleid.  <\/p><h2>11. Materialen<\/h2><p><span style=\"font-weight: 400;\">Onze materialen zijn beschikbaar voor alle personen die betrokken zijn bij het Read.For Real project en mogen worden gebruikt, gekopieerd en verspreid in verband met de Europese Auteursdag. Het gebruik van deze materialen voor andere doeleinden dan bedoeld is verboden, inclusief maar niet beperkt tot: verkoop, promotie van andere producten, of het cre\u00ebren en verspreiden van politieke of religieuze content. Read. For Real, samen met zijn vertegenwoordiger, de Universal Reading Foundation, draagt geen verantwoordelijkheid voor het gebruik van branding dat niet in overeenstemming is met deze algemene voorwaarden.   <\/span><\/p>\t\t\t\t\t\t\t\t<\/div>\n\t\t\t\t<\/div>\n\t\t\t\t\t<\/div>\n\t\t\t\t<\/div>\n\t\t\t\t<\/div>\n\t\t","protected":false},"excerpt":{"rendered":"<p>1. Verwerkingsverantwoordelijke De verwerkingsverantwoordelijke van je persoonsgegevens op de website www.readforreal.com is: Fundacja Powszechnego CzytaniaPrzyokopowa 3301-208 Warschau, Polene-mail: sekretariat@fpc.org.pl Voor vragen gerelateerd aan de verwerking van persoonsgegevens kun je contact met ons opnemen via bovenstaand e-mailadres of per post op het geregistreerde adres van de stichting. 2. Reikwijdte en doeleinden van gegevensverwerking De website www.readforreal.com [&hellip;]<\/p>\n","protected":false},"author":1,"featured_media":0,"parent":0,"menu_order":0,"comment_status":"closed","ping_status":"open","template":"","meta":{"footnotes":""},"class_list":["post-4710","page","type-page","status-publish","hentry"],"yoast_head":"<!-- This site is optimized with the Yoast SEO plugin v26.1.1 - https:\/\/yoast.com\/wordpress\/plugins\/seo\/ -->\n<title>Privacybeleid | Read. For Real<\/title>\n<meta name=\"robots\" content=\"index, follow, max-snippet:-1, max-image-preview:large, max-video-preview:-1\" \/>\n<link rel=\"canonical\" href=\"https:\/\/www.readforreal.com\/nl\/privacybeleid\/\" \/>\n<meta property=\"og:locale\" content=\"nl_NL\" \/>\n<meta property=\"og:type\" content=\"article\" \/>\n<meta property=\"og:title\" content=\"Privacybeleid | Read. For Real\" \/>\n<meta property=\"og:description\" content=\"1. Verwerkingsverantwoordelijke De verwerkingsverantwoordelijke van je persoonsgegevens op de website www.readforreal.com is: Fundacja Powszechnego CzytaniaPrzyokopowa 3301-208 Warschau, Polene-mail: sekretariat@fpc.org.pl Voor vragen gerelateerd aan de verwerking van persoonsgegevens kun je contact met ons opnemen via bovenstaand e-mailadres of per post op het geregistreerde adres van de stichting. 2. Reikwijdte en doeleinden van gegevensverwerking De website www.readforreal.com [&hellip;]\" \/>\n<meta property=\"og:url\" content=\"https:\/\/www.readforreal.com\/nl\/privacybeleid\/\" \/>\n<meta property=\"og:site_name\" content=\"Read. For Real\" \/>\n<meta property=\"article:publisher\" content=\"https:\/\/www.facebook.com\/read.forreal\" \/>\n<meta property=\"article:modified_time\" content=\"2025-09-17T00:11:35+00:00\" \/>\n<meta name=\"twitter:card\" content=\"summary_large_image\" \/>\n<meta name=\"twitter:label1\" content=\"Geschatte leestijd\" \/>\n\t<meta name=\"twitter:data1\" content=\"3 minuten\" \/>\n<script type=\"application\/ld+json\" class=\"yoast-schema-graph\">{\"@context\":\"https:\/\/schema.org\",\"@graph\":[{\"@type\":\"WebPage\",\"@id\":\"https:\/\/www.readforreal.com\/nl\/privacybeleid\/\",\"url\":\"https:\/\/www.readforreal.com\/nl\/privacybeleid\/\",\"name\":\"Privacybeleid | Read. For Real\",\"isPartOf\":{\"@id\":\"https:\/\/www.readforreal.com\/#website\"},\"datePublished\":\"2025-06-28T22:10:54+00:00\",\"dateModified\":\"2025-09-17T00:11:35+00:00\",\"breadcrumb\":{\"@id\":\"https:\/\/www.readforreal.com\/nl\/privacybeleid\/#breadcrumb\"},\"inLanguage\":\"nl-NL\",\"potentialAction\":[{\"@type\":\"ReadAction\",\"target\":[\"https:\/\/www.readforreal.com\/nl\/privacybeleid\/\"]}]},{\"@type\":\"BreadcrumbList\",\"@id\":\"https:\/\/www.readforreal.com\/nl\/privacybeleid\/#breadcrumb\",\"itemListElement\":[{\"@type\":\"ListItem\",\"position\":1,\"name\":\"Home\",\"item\":\"https:\/\/www.readforreal.com\/nl\/lees-voor-echt\/\"},{\"@type\":\"ListItem\",\"position\":2,\"name\":\"Privacybeleid\"}]},{\"@type\":\"WebSite\",\"@id\":\"https:\/\/www.readforreal.com\/#website\",\"url\":\"https:\/\/www.readforreal.com\/\",\"name\":\"Read. For Real\",\"description\":\"European Authors Day 11.11-12.12.2026\",\"publisher\":{\"@id\":\"https:\/\/www.readforreal.com\/#organization\"},\"alternateName\":\"European Authors Day 11.11-12.12.2025\",\"potentialAction\":[{\"@type\":\"SearchAction\",\"target\":{\"@type\":\"EntryPoint\",\"urlTemplate\":\"https:\/\/www.readforreal.com\/?s={search_term_string}\"},\"query-input\":{\"@type\":\"PropertyValueSpecification\",\"valueRequired\":true,\"valueName\":\"search_term_string\"}}],\"inLanguage\":\"nl-NL\"},{\"@type\":\"Organization\",\"@id\":\"https:\/\/www.readforreal.com\/#organization\",\"name\":\"Fundacja Powszechnego Czytania\",\"url\":\"https:\/\/www.readforreal.com\/\",\"logo\":{\"@type\":\"ImageObject\",\"inLanguage\":\"nl-NL\",\"@id\":\"https:\/\/www.readforreal.com\/#\/schema\/logo\/image\/\",\"url\":\"https:\/\/www.readforreal.com\/wp-content\/uploads\/2025\/06\/RfR-logo-OK_1.png\",\"contentUrl\":\"https:\/\/www.readforreal.com\/wp-content\/uploads\/2025\/06\/RfR-logo-OK_1.png\",\"width\":1890,\"height\":1299,\"caption\":\"Fundacja Powszechnego Czytania\"},\"image\":{\"@id\":\"https:\/\/www.readforreal.com\/#\/schema\/logo\/image\/\"},\"sameAs\":[\"https:\/\/www.facebook.com\/read.forreal\",\"https:\/\/www.instagram.com\/read.forreal\/\"]}]}<\/script>\n<!-- \/ Yoast SEO plugin. -->","yoast_head_json":{"title":"Privacybeleid | Read. For Real","robots":{"index":"index","follow":"follow","max-snippet":"max-snippet:-1","max-image-preview":"max-image-preview:large","max-video-preview":"max-video-preview:-1"},"canonical":"https:\/\/www.readforreal.com\/nl\/privacybeleid\/","og_locale":"nl_NL","og_type":"article","og_title":"Privacybeleid | Read. For Real","og_description":"1. Verwerkingsverantwoordelijke De verwerkingsverantwoordelijke van je persoonsgegevens op de website www.readforreal.com is: Fundacja Powszechnego CzytaniaPrzyokopowa 3301-208 Warschau, Polene-mail: sekretariat@fpc.org.pl Voor vragen gerelateerd aan de verwerking van persoonsgegevens kun je contact met ons opnemen via bovenstaand e-mailadres of per post op het geregistreerde adres van de stichting. 2. Reikwijdte en doeleinden van gegevensverwerking De website www.readforreal.com [&hellip;]","og_url":"https:\/\/www.readforreal.com\/nl\/privacybeleid\/","og_site_name":"Read. For Real","article_publisher":"https:\/\/www.facebook.com\/read.forreal","article_modified_time":"2025-09-17T00:11:35+00:00","twitter_card":"summary_large_image","twitter_misc":{"Geschatte leestijd":"3 minuten"},"schema":{"@context":"https:\/\/schema.org","@graph":[{"@type":"WebPage","@id":"https:\/\/www.readforreal.com\/nl\/privacybeleid\/","url":"https:\/\/www.readforreal.com\/nl\/privacybeleid\/","name":"Privacybeleid | Read. For Real","isPartOf":{"@id":"https:\/\/www.readforreal.com\/#website"},"datePublished":"2025-06-28T22:10:54+00:00","dateModified":"2025-09-17T00:11:35+00:00","breadcrumb":{"@id":"https:\/\/www.readforreal.com\/nl\/privacybeleid\/#breadcrumb"},"inLanguage":"nl-NL","potentialAction":[{"@type":"ReadAction","target":["https:\/\/www.readforreal.com\/nl\/privacybeleid\/"]}]},{"@type":"BreadcrumbList","@id":"https:\/\/www.readforreal.com\/nl\/privacybeleid\/#breadcrumb","itemListElement":[{"@type":"ListItem","position":1,"name":"Home","item":"https:\/\/www.readforreal.com\/nl\/lees-voor-echt\/"},{"@type":"ListItem","position":2,"name":"Privacybeleid"}]},{"@type":"WebSite","@id":"https:\/\/www.readforreal.com\/#website","url":"https:\/\/www.readforreal.com\/","name":"Read. For Real","description":"European Authors Day 11.11-12.12.2026","publisher":{"@id":"https:\/\/www.readforreal.com\/#organization"},"alternateName":"European Authors Day 11.11-12.12.2025","potentialAction":[{"@type":"SearchAction","target":{"@type":"EntryPoint","urlTemplate":"https:\/\/www.readforreal.com\/?s={search_term_string}"},"query-input":{"@type":"PropertyValueSpecification","valueRequired":true,"valueName":"search_term_string"}}],"inLanguage":"nl-NL"},{"@type":"Organization","@id":"https:\/\/www.readforreal.com\/#organization","name":"Fundacja Powszechnego Czytania","url":"https:\/\/www.readforreal.com\/","logo":{"@type":"ImageObject","inLanguage":"nl-NL","@id":"https:\/\/www.readforreal.com\/#\/schema\/logo\/image\/","url":"https:\/\/www.readforreal.com\/wp-content\/uploads\/2025\/06\/RfR-logo-OK_1.png","contentUrl":"https:\/\/www.readforreal.com\/wp-content\/uploads\/2025\/06\/RfR-logo-OK_1.png","width":1890,"height":1299,"caption":"Fundacja Powszechnego Czytania"},"image":{"@id":"https:\/\/www.readforreal.com\/#\/schema\/logo\/image\/"},"sameAs":["https:\/\/www.facebook.com\/read.forreal","https:\/\/www.instagram.com\/read.forreal\/"]}]}},"_links":{"self":[{"href":"https:\/\/www.readforreal.com\/nl\/wp-json\/wp\/v2\/pages\/4710","targetHints":{"allow":["GET"]}}],"collection":[{"href":"https:\/\/www.readforreal.com\/nl\/wp-json\/wp\/v2\/pages"}],"about":[{"href":"https:\/\/www.readforreal.com\/nl\/wp-json\/wp\/v2\/types\/page"}],"author":[{"embeddable":true,"href":"https:\/\/www.readforreal.com\/nl\/wp-json\/wp\/v2\/users\/1"}],"replies":[{"embeddable":true,"href":"https:\/\/www.readforreal.com\/nl\/wp-json\/wp\/v2\/comments?post=4710"}],"version-history":[{"count":2,"href":"https:\/\/www.readforreal.com\/nl\/wp-json\/wp\/v2\/pages\/4710\/revisions"}],"predecessor-version":[{"id":9326,"href":"https:\/\/www.readforreal.com\/nl\/wp-json\/wp\/v2\/pages\/4710\/revisions\/9326"}],"wp:attachment":[{"href":"https:\/\/www.readforreal.com\/nl\/wp-json\/wp\/v2\/media?parent=4710"}],"curies":[{"name":"wp","href":"https:\/\/api.w.org\/{rel}","templated":true}]}}