{"id":16101,"date":"2025-06-29T00:10:54","date_gmt":"2025-06-28T22:10:54","guid":{"rendered":"https:\/\/www.readforreal.com\/politika-tal-privatezza\/"},"modified":"2025-11-03T12:57:43","modified_gmt":"2025-11-03T11:57:43","slug":"politika-tal-privatezza","status":"publish","type":"page","link":"https:\/\/www.readforreal.com\/mt\/politika-tal-privatezza\/","title":{"rendered":"Politika tal-Privatezza"},"content":{"rendered":"\t\t<div data-elementor-type=\"wp-page\" data-elementor-id=\"16101\" class=\"elementor elementor-16101 elementor-3\" data-elementor-post-type=\"page\">\n\t\t\t\t<div class=\"elementor-element elementor-element-726f90a3 e-flex e-con-boxed e-con e-parent\" data-id=\"726f90a3\" data-element_type=\"container\">\n\t\t\t\t\t<div class=\"e-con-inner\">\n\t\t\t\t\t<\/div>\n\t\t\t\t<\/div>\n\t\t<div class=\"elementor-element elementor-element-57caaef1 e-flex e-con-boxed e-con e-parent\" data-id=\"57caaef1\" data-element_type=\"container\">\n\t\t\t\t\t<div class=\"e-con-inner\">\n\t\t\t\t<div class=\"elementor-element elementor-element-5352cfaa elementor-widget elementor-widget-text-editor\" data-id=\"5352cfaa\" data-element_type=\"widget\" data-widget_type=\"text-editor.default\">\n\t\t\t\t<div class=\"elementor-widget-container\">\n\t\t\t\t\t\t\t\t\t<h2>1. Kontrollur tad-Data<\/h2><p>Il-kontrollur tad-dejta personali tieg\u0127ek fuq il-websajt <strong>www.readforreal.com<\/strong> huwa:<\/p><p><strong>Fundacja Powszechnego Czytania<\/strong><br> Przyokopowa 33<br> 01-208 Varsavja, Polonja<br> e-mail: <a href=\"mailto:sekretariat@fpc.org.pl\">sekretariat@fpc.org.pl<\/a><\/p><p>G\u0127al kwalunkwe mistoqsija relatata mal-ippro\u010bessar tad-dejta personali, tista&#8217; tikkuntattjana permezz tal-email t&#8217;hawn fuq jew bil-posta fl-indirizz irre\u0121istrat tal-Fondazzjoni.<\/p><h2>2. L-Ambitu u l-G\u0127anijiet tal-Ippro\u010bessar tad-Data<\/h2><p>Il-websajt <strong>www.readforreal.com<\/strong> hija purament informattiva u ma tippermettix ir-re\u0121istrazzjoni tal-utent, tran\u017cazzjonijiet, kummenti, jew parte\u010bipazzjoni f&#8217;diskussjonijiet. Id-dejta personali ti\u0121i ppro\u010bessata biss abba\u017ci tal-kunsens volontarju tas-su\u0121\u0121ett tad-dejta, b&#8217;mod partikolari: Meta tabbona g\u0127an-newsletter \u2013 id-dejta mi\u0121bura tinkludi: <\/p><ul><li>indirizz elettroniku<\/li><li>l-isem.<\/li><\/ul><p>Din id-dejta tintu\u017ca esklussivament g\u0127al:<\/p><ul><li>tibg\u0127at informazzjoni u materjali relatati mal-pro\u0121ett Read For Real,<\/li><li>il-provvista tas-servizz tan-newsletter,<\/li><li>kuntatt possibbli rigward il-pro\u0121ett jew servizzi relatati.<\/li><\/ul><p>Barra minn hekk, id-dejta personali tista&#8217; ti\u0121i ppro\u010bessata b&#8217;konnessjoni mal-u\u017cu ta&#8217; kanali tal-midja so\u010bjali, inklu\u017ci: profili u kontijiet tal-utenti fuq pjattaformi b\u0127al Facebook, Instagram, YouTube, Twitter, LinkedIn, li jintu\u017caw g\u0127all-komunikazzjoni u l-promozzjoni tal-pro\u0121ett, skont ir-regoli u l-politiki tal-privatezza ta&#8217; dawn il-pjattaformi.<\/p><h2>3. Ba\u017ci Legali g\u0127all-Ippro\u010bessar<\/h2><p>L-ippro\u010bessar tad-dejta personali jitwettaq abba\u017ci ta&#8217;:<\/p><ul><li>il-kunsens tas-su\u0121\u0121ett tad-dejta (l-Artikolu 6(1)(a) tal-GDPR),<\/li><li>l-interessi le\u0121ittimi tal-kontrollur tad-dejta (Artikolu 6(1)(f) tal-GDPR), fl-ambitu tal-anali\u017ci tat-traffiku tal-websajt (Google Analytics).<\/li><\/ul><h2>4. Ri\u010bevituri tad-Data<\/h2><p>Id-dejta personali ma tinqasamx ma&#8217; partijiet terzi g\u0127al skopijiet kummer\u010bjali jew ta&#8217; kummer\u010bjalizzazzjoni. Madankollu, biex nipprovdu s-servizzi tag\u0127na, nikkooperaw mal-entitajiet li \u0121ejjin: <\/p><ul><li><strong>MailerLite<\/strong> \u2013 fornitur tas-servizz tan-newsletter, li jippro\u010bessa d-dejta f&#8217;isimna,<\/li><li><strong>MyDevil.net<\/strong> \u2013 fornitur ta&#8217; hosting ta&#8217; websajts,<\/li><li><strong>Google Analytics<\/strong> \u2013 g\u0127odda analitika g\u0127at-traffiku tal-websajt, li tippro\u010bessa dejta statistika anonima,<\/li><li><strong>Pjattaformi tal-midja so\u010bjali<\/strong> (e\u017c. Facebook, Instagram) \u2013 b&#8217;konnessjoni ma&#8217; interazzjonijiet u komunikazzjoni permezz ta&#8217; dawn il-kanali.<\/li><\/ul><p>Dawn ir-ri\u010bevituri kollha huma obbligati li jikkonformaw mal-li\u0121ijiet applikabbli dwar il-protezzjoni tad-dejta (GDPR).<\/p><h2>5. Cookies u G\u0127odod Analiti\u010bi<\/h2><p>Il-websajt <strong>www.readforreal.com<\/strong> tu\u017ca cookies g\u0127all-operat xieraq tas-servizz u g\u0127al skopijiet analiti\u010bi (Google Analytics).<\/p><p>Il-cookies ji\u0121bru dejta anonima dwar it-traffiku u l-im\u0121ieba tal-utent fuq il-websajt, u b&#8217;hekk jippermettu l-ottimizzazzjoni tas-servizz.<\/p><h2>6. Perjodu ta\u017c-\u017bamma tad-Data<\/h2><p>Id-dejta personali mi\u0121bura permezz tan-newsletter tin\u0127a\u017cen g\u0127at-tul tal-pro\u0121ett Read For Real jew sakemm l-utent jirtira l-kunsens tieg\u0127u (e\u017c., jikkan\u010bella l-abbonament min-newsletter).<\/p><p>Id-dejta analitika ppro\u010bessata minn Google Analytics tin\u0127a\u017cen g\u0127all-perjodu spe\u010bifikat mill-fornitur tas-servizz, f&#8217;forma anonima.<\/p><h2>7. Drittijiet tas-Su\u0121\u0121ett tad-Data<\/h2><p>L-utenti g\u0127andhom id-dritt li:<\/p><ul><li>ja\u010b\u010bessaw id-dejta personali tag\u0127hom,<\/li><li>tirrettifika dejta mhux pre\u010bi\u017ca,<\/li><li>i\u0127assru d-dejta tag\u0127hom (\u201cid-dritt li jintesew\u201d),<\/li><li>jirrestrin\u0121u l-ippro\u010bessar tad-dejta,<\/li><li>il-portabbilt\u00e0 tad-dejta,<\/li><li>to\u0121\u0121ezzjona g\u0127all-ippro\u010bessar tad-dejta,<\/li><li>jirtira l-kunsens g\u0127all-ippro\u010bessar tad-dejta fi kwalunkwe \u0127in (ming\u0127ajr ma jaffettwa l-legalit\u00e0 tal-ippro\u010bessar ibba\u017cat fuq il-kunsens qabel l-irtirar tieg\u0127u).<\/li><\/ul><p>Biex te\u017cer\u010bita dawn id-drittijiet, jekk jog\u0127\u0121bok ikkuntattjana fuq: <a href=\"mailto:sekretariat@fpc.org.pl\">sekretariat@fpc.org.pl<\/a> .<\/p><p>L-utenti g\u0127andhom ukoll id-dritt li jressqu lment mal-awtorit\u00e0 supervi\u017corja rilevanti g\u0127all-protezzjoni tad-dejta (fil-Polonja, il-President tal-Uffi\u010b\u010bju g\u0127all-Protezzjoni tad-Dejta Personali).<\/p><h2>8. Sigurt\u00e0 tad-Data<\/h2><p>Il-kontrollur jimplimenta mi\u017curi tekni\u010bi u organizzattivi xierqa biex jipprote\u0121i d-dejta personali kontra a\u010b\u010bess mhux awtorizzat, telf, tibdil jew \u017cvelar.<\/p><h2>9. L-U\u017cu tal-Midja So\u010bjali<\/h2><p>Il-profili ta&#8217; Fundacja Powszechnego Czytania u l-pro\u0121ett Read For Real fuq il-midja so\u010bjali joperaw ta\u0127t termini u politiki ta&#8217; privatezza separati ta&#8217; dawn il-pjattaformi. Id-dejta personali kondivi\u017ca waqt interazzjonijiet fuq pjattaformi tal-midja so\u010bjali hija ppro\u010bessata skont ir-regolamenti ta&#8217; dawk is-servizzi u hija lil hinn mill-kontroll dirett tal-amministratur tal-websajt www.readforreal.com. <\/p><h2>10. Tibdil fil-Politika tal-Privatezza<\/h2><p>Il-kontrollur jirri\u017cerva d-dritt li jemenda din il-Politika ta&#8217; Privatezza. Il-ver\u017cjoni attwali u effettiva dejjem tkun disponibbli fuq <g id=\"gid_0\">www.readforreal.com<\/g> . L-utenti ji\u0121u nnotifikati dwar kwalunkwe tibdil sinifikanti f&#8217;din il-politika.  <\/p><h2>11. Materjali<\/h2><p><span style=\"font-weight: 400;\">Il-materjali tag\u0127na huma disponibbli g\u0127all-individwi kollha involuti fil-pro\u0121ett Read.For Real u jistg\u0127u jintu\u017caw, ji\u0121u kkupjati, u mqassma b&#8217;konnessjoni mal-Jum Ewropew tal-Awturi. L-u\u017cu ta&#8217; dawn il-materjali g\u0127al skopijiet o\u0127ra g\u0127ajr dawk ma\u0127suba huwa pprojbit, inklu\u017ci i\u017cda mhux limitati g\u0127al: bejg\u0127, promozzjoni ta&#8217; prodotti o\u0127ra, jew il-\u0127olqien u t-tixrid ta&#8217; kontenut politiku jew reli\u0121ju\u017c. Read. For Real, flimkien mar-rappre\u017centant tag\u0127ha, il-Universal Reading Foundation, ma g\u0127andha l-ebda responsabbilt\u00e0 g\u0127all-u\u017cu ta&#8217; branding li mhuwiex konsistenti ma&#8217; dawn it-termini u kundizzjonijiet.   <\/span><\/p>\t\t\t\t\t\t\t\t<\/div>\n\t\t\t\t<\/div>\n\t\t\t\t\t<\/div>\n\t\t\t\t<\/div>\n\t\t\t\t<\/div>\n\t\t","protected":false},"excerpt":{"rendered":"<p>1. Kontrollur tad-Data Il-kontrollur tad-dejta personali tieg\u0127ek fuq il-websajt www.readforreal.com huwa: Fundacja Powszechnego Czytania Przyokopowa 33 01-208 Varsavja, Polonja e-mail: sekretariat@fpc.org.pl G\u0127al kwalunkwe mistoqsija relatata mal-ippro\u010bessar tad-dejta personali, tista&#8217; tikkuntattjana permezz tal-email t&#8217;hawn fuq jew bil-posta fl-indirizz irre\u0121istrat tal-Fondazzjoni. 2. L-Ambitu u l-G\u0127anijiet tal-Ippro\u010bessar tad-Data Il-websajt www.readforreal.com hija purament informattiva u ma tippermettix ir-re\u0121istrazzjoni tal-utent, [&hellip;]<\/p>\n","protected":false},"author":1,"featured_media":0,"parent":0,"menu_order":0,"comment_status":"closed","ping_status":"open","template":"","meta":{"footnotes":""},"class_list":["post-16101","page","type-page","status-publish","hentry"],"yoast_head":"<!-- This site is optimized with the Yoast SEO plugin v26.1.1 - https:\/\/yoast.com\/wordpress\/plugins\/seo\/ -->\n<title>Politika tal-Privatezza | Read. For Real<\/title>\n<meta name=\"robots\" content=\"index, follow, max-snippet:-1, max-image-preview:large, max-video-preview:-1\" \/>\n<link rel=\"canonical\" href=\"https:\/\/www.readforreal.com\/mt\/politika-tal-privatezza\/\" \/>\n<meta property=\"og:locale\" content=\"mt_MT\" \/>\n<meta property=\"og:type\" content=\"article\" \/>\n<meta property=\"og:title\" content=\"Politika tal-Privatezza | Read. For Real\" \/>\n<meta property=\"og:description\" content=\"1. Kontrollur tad-Data Il-kontrollur tad-dejta personali tieg\u0127ek fuq il-websajt www.readforreal.com huwa: Fundacja Powszechnego Czytania Przyokopowa 33 01-208 Varsavja, Polonja e-mail: sekretariat@fpc.org.pl G\u0127al kwalunkwe mistoqsija relatata mal-ippro\u010bessar tad-dejta personali, tista&#8217; tikkuntattjana permezz tal-email t&#8217;hawn fuq jew bil-posta fl-indirizz irre\u0121istrat tal-Fondazzjoni. 2. L-Ambitu u l-G\u0127anijiet tal-Ippro\u010bessar tad-Data Il-websajt www.readforreal.com hija purament informattiva u ma tippermettix ir-re\u0121istrazzjoni tal-utent, [&hellip;]\" \/>\n<meta property=\"og:url\" content=\"https:\/\/www.readforreal.com\/mt\/politika-tal-privatezza\/\" \/>\n<meta property=\"og:site_name\" content=\"Read. For Real\" \/>\n<meta property=\"article:publisher\" content=\"https:\/\/www.facebook.com\/read.forreal\" \/>\n<meta property=\"article:modified_time\" content=\"2025-11-03T11:57:43+00:00\" \/>\n<meta name=\"twitter:card\" content=\"summary_large_image\" \/>\n<meta name=\"twitter:label1\" content=\"Est. reading time\" \/>\n\t<meta name=\"twitter:data1\" content=\"4 minutes\" \/>\n<script type=\"application\/ld+json\" class=\"yoast-schema-graph\">{\"@context\":\"https:\/\/schema.org\",\"@graph\":[{\"@type\":\"WebPage\",\"@id\":\"https:\/\/www.readforreal.com\/mt\/politika-tal-privatezza\/\",\"url\":\"https:\/\/www.readforreal.com\/mt\/politika-tal-privatezza\/\",\"name\":\"Politika tal-Privatezza | Read. For Real\",\"isPartOf\":{\"@id\":\"https:\/\/www.readforreal.com\/#website\"},\"datePublished\":\"2025-06-28T22:10:54+00:00\",\"dateModified\":\"2025-11-03T11:57:43+00:00\",\"breadcrumb\":{\"@id\":\"https:\/\/www.readforreal.com\/mt\/politika-tal-privatezza\/#breadcrumb\"},\"inLanguage\":\"mt-MT\",\"potentialAction\":[{\"@type\":\"ReadAction\",\"target\":[\"https:\/\/www.readforreal.com\/mt\/politika-tal-privatezza\/\"]}]},{\"@type\":\"BreadcrumbList\",\"@id\":\"https:\/\/www.readforreal.com\/mt\/politika-tal-privatezza\/#breadcrumb\",\"itemListElement\":[{\"@type\":\"ListItem\",\"position\":1,\"name\":\"Home\",\"item\":\"https:\/\/www.readforreal.com\/mt\/aqra-tassew\/\"},{\"@type\":\"ListItem\",\"position\":2,\"name\":\"Politika tal-Privatezza\"}]},{\"@type\":\"WebSite\",\"@id\":\"https:\/\/www.readforreal.com\/#website\",\"url\":\"https:\/\/www.readforreal.com\/\",\"name\":\"Read. For Real\",\"description\":\"European Authors Day 11.11-12.12.2026\",\"publisher\":{\"@id\":\"https:\/\/www.readforreal.com\/#organization\"},\"alternateName\":\"European Authors Day 11.11-12.12.2025\",\"potentialAction\":[{\"@type\":\"SearchAction\",\"target\":{\"@type\":\"EntryPoint\",\"urlTemplate\":\"https:\/\/www.readforreal.com\/?s={search_term_string}\"},\"query-input\":{\"@type\":\"PropertyValueSpecification\",\"valueRequired\":true,\"valueName\":\"search_term_string\"}}],\"inLanguage\":\"mt-MT\"},{\"@type\":\"Organization\",\"@id\":\"https:\/\/www.readforreal.com\/#organization\",\"name\":\"Fundacja Powszechnego Czytania\",\"url\":\"https:\/\/www.readforreal.com\/\",\"logo\":{\"@type\":\"ImageObject\",\"inLanguage\":\"mt-MT\",\"@id\":\"https:\/\/www.readforreal.com\/#\/schema\/logo\/image\/\",\"url\":\"https:\/\/www.readforreal.com\/wp-content\/uploads\/2025\/06\/RfR-logo-OK_1.png\",\"contentUrl\":\"https:\/\/www.readforreal.com\/wp-content\/uploads\/2025\/06\/RfR-logo-OK_1.png\",\"width\":1890,\"height\":1299,\"caption\":\"Fundacja Powszechnego Czytania\"},\"image\":{\"@id\":\"https:\/\/www.readforreal.com\/#\/schema\/logo\/image\/\"},\"sameAs\":[\"https:\/\/www.facebook.com\/read.forreal\",\"https:\/\/www.instagram.com\/read.forreal\/\"]}]}<\/script>\n<!-- \/ Yoast SEO plugin. -->","yoast_head_json":{"title":"Politika tal-Privatezza | Read. For Real","robots":{"index":"index","follow":"follow","max-snippet":"max-snippet:-1","max-image-preview":"max-image-preview:large","max-video-preview":"max-video-preview:-1"},"canonical":"https:\/\/www.readforreal.com\/mt\/politika-tal-privatezza\/","og_locale":"mt_MT","og_type":"article","og_title":"Politika tal-Privatezza | Read. For Real","og_description":"1. Kontrollur tad-Data Il-kontrollur tad-dejta personali tieg\u0127ek fuq il-websajt www.readforreal.com huwa: Fundacja Powszechnego Czytania Przyokopowa 33 01-208 Varsavja, Polonja e-mail: sekretariat@fpc.org.pl G\u0127al kwalunkwe mistoqsija relatata mal-ippro\u010bessar tad-dejta personali, tista&#8217; tikkuntattjana permezz tal-email t&#8217;hawn fuq jew bil-posta fl-indirizz irre\u0121istrat tal-Fondazzjoni. 2. L-Ambitu u l-G\u0127anijiet tal-Ippro\u010bessar tad-Data Il-websajt www.readforreal.com hija purament informattiva u ma tippermettix ir-re\u0121istrazzjoni tal-utent, [&hellip;]","og_url":"https:\/\/www.readforreal.com\/mt\/politika-tal-privatezza\/","og_site_name":"Read. For Real","article_publisher":"https:\/\/www.facebook.com\/read.forreal","article_modified_time":"2025-11-03T11:57:43+00:00","twitter_card":"summary_large_image","twitter_misc":{"Est. reading time":"4 minutes"},"schema":{"@context":"https:\/\/schema.org","@graph":[{"@type":"WebPage","@id":"https:\/\/www.readforreal.com\/mt\/politika-tal-privatezza\/","url":"https:\/\/www.readforreal.com\/mt\/politika-tal-privatezza\/","name":"Politika tal-Privatezza | Read. For Real","isPartOf":{"@id":"https:\/\/www.readforreal.com\/#website"},"datePublished":"2025-06-28T22:10:54+00:00","dateModified":"2025-11-03T11:57:43+00:00","breadcrumb":{"@id":"https:\/\/www.readforreal.com\/mt\/politika-tal-privatezza\/#breadcrumb"},"inLanguage":"mt-MT","potentialAction":[{"@type":"ReadAction","target":["https:\/\/www.readforreal.com\/mt\/politika-tal-privatezza\/"]}]},{"@type":"BreadcrumbList","@id":"https:\/\/www.readforreal.com\/mt\/politika-tal-privatezza\/#breadcrumb","itemListElement":[{"@type":"ListItem","position":1,"name":"Home","item":"https:\/\/www.readforreal.com\/mt\/aqra-tassew\/"},{"@type":"ListItem","position":2,"name":"Politika tal-Privatezza"}]},{"@type":"WebSite","@id":"https:\/\/www.readforreal.com\/#website","url":"https:\/\/www.readforreal.com\/","name":"Read. For Real","description":"European Authors Day 11.11-12.12.2026","publisher":{"@id":"https:\/\/www.readforreal.com\/#organization"},"alternateName":"European Authors Day 11.11-12.12.2025","potentialAction":[{"@type":"SearchAction","target":{"@type":"EntryPoint","urlTemplate":"https:\/\/www.readforreal.com\/?s={search_term_string}"},"query-input":{"@type":"PropertyValueSpecification","valueRequired":true,"valueName":"search_term_string"}}],"inLanguage":"mt-MT"},{"@type":"Organization","@id":"https:\/\/www.readforreal.com\/#organization","name":"Fundacja Powszechnego Czytania","url":"https:\/\/www.readforreal.com\/","logo":{"@type":"ImageObject","inLanguage":"mt-MT","@id":"https:\/\/www.readforreal.com\/#\/schema\/logo\/image\/","url":"https:\/\/www.readforreal.com\/wp-content\/uploads\/2025\/06\/RfR-logo-OK_1.png","contentUrl":"https:\/\/www.readforreal.com\/wp-content\/uploads\/2025\/06\/RfR-logo-OK_1.png","width":1890,"height":1299,"caption":"Fundacja Powszechnego Czytania"},"image":{"@id":"https:\/\/www.readforreal.com\/#\/schema\/logo\/image\/"},"sameAs":["https:\/\/www.facebook.com\/read.forreal","https:\/\/www.instagram.com\/read.forreal\/"]}]}},"_links":{"self":[{"href":"https:\/\/www.readforreal.com\/mt\/wp-json\/wp\/v2\/pages\/16101","targetHints":{"allow":["GET"]}}],"collection":[{"href":"https:\/\/www.readforreal.com\/mt\/wp-json\/wp\/v2\/pages"}],"about":[{"href":"https:\/\/www.readforreal.com\/mt\/wp-json\/wp\/v2\/types\/page"}],"author":[{"embeddable":true,"href":"https:\/\/www.readforreal.com\/mt\/wp-json\/wp\/v2\/users\/1"}],"replies":[{"embeddable":true,"href":"https:\/\/www.readforreal.com\/mt\/wp-json\/wp\/v2\/comments?post=16101"}],"version-history":[{"count":1,"href":"https:\/\/www.readforreal.com\/mt\/wp-json\/wp\/v2\/pages\/16101\/revisions"}],"predecessor-version":[{"id":16103,"href":"https:\/\/www.readforreal.com\/mt\/wp-json\/wp\/v2\/pages\/16101\/revisions\/16103"}],"wp:attachment":[{"href":"https:\/\/www.readforreal.com\/mt\/wp-json\/wp\/v2\/media?parent=16101"}],"curies":[{"name":"wp","href":"https:\/\/api.w.org\/{rel}","templated":true}]}}