{"id":15767,"date":"2025-10-24T01:05:09","date_gmt":"2025-10-23T23:05:09","guid":{"rendered":"https:\/\/www.readforreal.com\/logo-fil-lingwi-nazzjonali\/"},"modified":"2026-04-13T10:51:53","modified_gmt":"2026-04-13T08:51:53","slug":"logo-fil-lingwi-nazzjonali","status":"publish","type":"page","link":"https:\/\/www.readforreal.com\/mt\/logo-fil-lingwi-nazzjonali\/","title":{"rendered":"Logo fil-lingwi nazzjonali"},"content":{"rendered":"\t\t<div data-elementor-type=\"wp-page\" data-elementor-id=\"15767\" class=\"elementor elementor-15767 elementor-15185\" data-elementor-post-type=\"page\">\n\t\t\t\t<div class=\"elementor-element elementor-element-644e76c9 e-flex e-con-boxed e-con e-parent\" data-id=\"644e76c9\" data-element_type=\"container\">\n\t\t\t\t\t<div class=\"e-con-inner\">\n\t\t\t\t\t<\/div>\n\t\t\t\t<\/div>\n\t\t<div class=\"elementor-element elementor-element-129e1f0 e-flex e-con-boxed e-con e-parent\" data-id=\"129e1f0\" data-element_type=\"container\">\n\t\t\t\t\t<div class=\"e-con-inner\">\n\t\t\t\t<div class=\"elementor-element elementor-element-85ee302 elementor-widget-divider--view-line elementor-widget elementor-widget-divider\" data-id=\"85ee302\" data-element_type=\"widget\" data-widget_type=\"divider.default\">\n\t\t\t\t<div class=\"elementor-widget-container\">\n\t\t\t\t\t\t\t<div class=\"elementor-divider\">\n\t\t\t<span class=\"elementor-divider-separator\">\n\t\t\t\t\t\t<\/span>\n\t\t<\/div>\n\t\t\t\t\t\t<\/div>\n\t\t\t\t<\/div>\n\t\t\t\t\t<\/div>\n\t\t\t\t<\/div>\n\t\t<div class=\"elementor-element elementor-element-28b1688 e-flex e-con-boxed e-con e-parent\" data-id=\"28b1688\" data-element_type=\"container\">\n\t\t\t\t\t<div class=\"e-con-inner\">\n\t\t\t\t<div class=\"elementor-element elementor-element-b5bdb85 elementor-widget elementor-widget-text-editor\" data-id=\"b5bdb85\" data-element_type=\"widget\" data-widget_type=\"text-editor.default\">\n\t\t\t\t<div class=\"elementor-widget-container\">\n\t\t\t\t\t\t\t\t\t<p><a href=\"https:\/\/www.readforreal.com\/download-files\/logos-languages\/Albania.zip\">Albani\u017c<\/a><br><a href=\"https:\/\/www.readforreal.com\/download-files\/logos-languages\/Bulgaria.zip\">Bulgaru<\/a><br><a href=\"https:\/\/www.readforreal.com\/download-files\/logos-languages\/Croatia.zip\">Kroat<\/a><br><a href=\"https:\/\/www.readforreal.com\/download-files\/logos-languages\/Czech%20Republic.zip\">\u010aek<\/a><br><a href=\"https:\/\/www.readforreal.com\/download-files\/logos-languages\/Denmark.zip\">Dani\u017c<\/a><br><a href=\"https:\/\/www.readforreal.com\/download-files\/logos-languages\/Netherlands.zip\">Olandi\u017c<\/a><br><a href=\"https:\/\/www.readforreal.com\/download-files\/logos-languages\/Estonia.zip\">Estonjan<\/a><br><a href=\"https:\/\/www.readforreal.com\/download-files\/logos-languages\/Finland.zip\">Finlandi\u017c<\/a><br><a href=\"https:\/\/www.readforreal.com\/download-files\/logos-languages\/France%20Flanders.jpg\">Fjamming<\/a><br><a href=\"https:\/\/www.readforreal.com\/download-files\/logos-languages\/France%20Flanders.jpg\">Fran\u010bi\u017c<\/a><br><a href=\"https:\/\/www.readforreal.com\/download-files\/logos-languages\/Germany.zip\">\u0120ermani\u017c<\/a><br><a href=\"https:\/\/www.readforreal.com\/download-files\/logos-languages\/Hungary.zip\">Ungeri\u017c<\/a><br><a href=\"https:\/\/www.readforreal.com\/download-files\/logos-languages\/Iceland.zip\">I\u017clandi\u017c<\/a><br><a href=\"https:\/\/www.readforreal.com\/download-files\/logos-languages\/Ireland.zip\">Irlandi\u017c<\/a><br><a href=\"https:\/\/www.readforreal.com\/download-files\/logos-languages\/Italy.zip\">Taljan<\/a><br><a href=\"https:\/\/www.readforreal.com\/download-files\/logos-languages\/Latvia.zip\">Latvjan<\/a><br><a href=\"https:\/\/www.readforreal.com\/download-files\/logos-languages\/Lithuania.zip\">Litwanjan<\/a><br><a href=\"https:\/\/www.readforreal.com\/download-files\/logos-languages\/Malta.zip\">Malti<\/a><br><a href=\"https:\/\/www.readforreal.com\/download-files\/logos-languages\/Montenegro.zip\">Montenegrin<\/a><br><a href=\"https:\/\/www.readforreal.com\/download-files\/logos-languages\/North-Macedonia.zip\">Ma\u010bedonjan tat-Tramuntana<\/a><br><a href=\"https:\/\/www.readforreal.com\/download-files\/logos-languages\/Poland.zip\">Pollakk<\/a><br><a href=\"https:\/\/www.readforreal.com\/download-files\/logos-languages\/Portugal.zip\">Portugi\u017c<\/a><br><a href=\"https:\/\/www.readforreal.com\/download-files\/logos-languages\/Romania.zip\">Rumen<\/a><br><a href=\"https:\/\/www.readforreal.com\/download-files\/logos-languages\/Serbia.zip\">Serb<\/a><br><a href=\"https:\/\/www.readforreal.com\/download-files\/logos-languages\/Slovakia.zip\">Slovakk<\/a><br><a href=\"https:\/\/www.readforreal.com\/download-files\/logos-languages\/Slovenia.zip\">Sloven<\/a><br><a href=\"https:\/\/www.readforreal.com\/download-files\/logos-languages\/Spain.zip\">Spanjol<\/a><br><a href=\"https:\/\/www.readforreal.com\/download-files\/logos-languages\/Sweden.zip\">\u017bvedi\u017c<\/a><br><a href=\"https:\/\/www.readforreal.com\/download-files\/logos-languages\/Turkey.zip\">Tork<\/a><br><a href=\"https:\/\/www.readforreal.com\/download-files\/logos-languages\/Ukraine.zip\">Ukrenjan<\/a><\/p>\t\t\t\t\t\t\t\t<\/div>\n\t\t\t\t<\/div>\n\t\t\t\t\t<\/div>\n\t\t\t\t<\/div>\n\t\t<div class=\"elementor-element elementor-element-2b1227db e-flex e-con-boxed e-con e-parent\" data-id=\"2b1227db\" data-element_type=\"container\">\n\t\t\t\t\t<div class=\"e-con-inner\">\n\t\t\t\t<div class=\"elementor-element elementor-element-5130b575 elementor-widget-divider--view-line elementor-widget elementor-widget-divider\" data-id=\"5130b575\" data-element_type=\"widget\" data-widget_type=\"divider.default\">\n\t\t\t\t<div class=\"elementor-widget-container\">\n\t\t\t\t\t\t\t<div class=\"elementor-divider\">\n\t\t\t<span class=\"elementor-divider-separator\">\n\t\t\t\t\t\t<\/span>\n\t\t<\/div>\n\t\t\t\t\t\t<\/div>\n\t\t\t\t<\/div>\n\t\t\t\t\t<\/div>\n\t\t\t\t<\/div>\n\t\t\t\t<\/div>\n\t\t","protected":false},"excerpt":{"rendered":"<p>Albani\u017cBulgaruKroat\u010aekDani\u017cOlandi\u017cEstonjanFinlandi\u017cFjammingFran\u010bi\u017c\u0120ermani\u017cUngeri\u017cI\u017clandi\u017cIrlandi\u017cTaljanLatvjanLitwanjanMaltiMontenegrinMa\u010bedonjan tat-TramuntanaPollakkPortugi\u017cRumenSerbSlovakkSlovenSpanjol\u017bvedi\u017cTorkUkrenjan<\/p>\n","protected":false},"author":1,"featured_media":0,"parent":0,"menu_order":0,"comment_status":"closed","ping_status":"closed","template":"","meta":{"footnotes":""},"class_list":["post-15767","page","type-page","status-publish","hentry"],"yoast_head":"<!-- This site is optimized with the Yoast SEO plugin v26.1.1 - https:\/\/yoast.com\/wordpress\/plugins\/seo\/ -->\n<title>Logo fil-lingwi nazzjonali | Read. For Real<\/title>\n<meta name=\"robots\" content=\"index, follow, max-snippet:-1, max-image-preview:large, max-video-preview:-1\" \/>\n<link rel=\"canonical\" href=\"https:\/\/www.readforreal.com\/mt\/logo-fil-lingwi-nazzjonali\/\" \/>\n<meta property=\"og:locale\" content=\"mt_MT\" \/>\n<meta property=\"og:type\" content=\"article\" \/>\n<meta property=\"og:title\" content=\"Logo fil-lingwi nazzjonali | Read. For Real\" \/>\n<meta property=\"og:description\" content=\"Albani\u017cBulgaruKroat\u010aekDani\u017cOlandi\u017cEstonjanFinlandi\u017cFjammingFran\u010bi\u017c\u0120ermani\u017cUngeri\u017cI\u017clandi\u017cIrlandi\u017cTaljanLatvjanLitwanjanMaltiMontenegrinMa\u010bedonjan tat-TramuntanaPollakkPortugi\u017cRumenSerbSlovakkSlovenSpanjol\u017bvedi\u017cTorkUkrenjan\" \/>\n<meta property=\"og:url\" content=\"https:\/\/www.readforreal.com\/mt\/logo-fil-lingwi-nazzjonali\/\" \/>\n<meta property=\"og:site_name\" content=\"Read. For Real\" \/>\n<meta property=\"article:publisher\" content=\"https:\/\/www.facebook.com\/read.forreal\" \/>\n<meta property=\"article:modified_time\" content=\"2026-04-13T08:51:53+00:00\" \/>\n<meta name=\"twitter:card\" content=\"summary_large_image\" \/>\n<script type=\"application\/ld+json\" class=\"yoast-schema-graph\">{\"@context\":\"https:\/\/schema.org\",\"@graph\":[{\"@type\":\"WebPage\",\"@id\":\"https:\/\/www.readforreal.com\/mt\/logo-fil-lingwi-nazzjonali\/\",\"url\":\"https:\/\/www.readforreal.com\/mt\/logo-fil-lingwi-nazzjonali\/\",\"name\":\"Logo fil-lingwi nazzjonali | Read. For Real\",\"isPartOf\":{\"@id\":\"https:\/\/www.readforreal.com\/#website\"},\"datePublished\":\"2025-10-23T23:05:09+00:00\",\"dateModified\":\"2026-04-13T08:51:53+00:00\",\"breadcrumb\":{\"@id\":\"https:\/\/www.readforreal.com\/mt\/logo-fil-lingwi-nazzjonali\/#breadcrumb\"},\"inLanguage\":\"mt-MT\",\"potentialAction\":[{\"@type\":\"ReadAction\",\"target\":[\"https:\/\/www.readforreal.com\/mt\/logo-fil-lingwi-nazzjonali\/\"]}]},{\"@type\":\"BreadcrumbList\",\"@id\":\"https:\/\/www.readforreal.com\/mt\/logo-fil-lingwi-nazzjonali\/#breadcrumb\",\"itemListElement\":[{\"@type\":\"ListItem\",\"position\":1,\"name\":\"Home\",\"item\":\"https:\/\/www.readforreal.com\/mt\/aqra-tassew\/\"},{\"@type\":\"ListItem\",\"position\":2,\"name\":\"Logo fil-lingwi nazzjonali\"}]},{\"@type\":\"WebSite\",\"@id\":\"https:\/\/www.readforreal.com\/#website\",\"url\":\"https:\/\/www.readforreal.com\/\",\"name\":\"Read. For Real\",\"description\":\"European Authors Day 11.11-12.12.2026\",\"publisher\":{\"@id\":\"https:\/\/www.readforreal.com\/#organization\"},\"alternateName\":\"European Authors Day 11.11-12.12.2025\",\"potentialAction\":[{\"@type\":\"SearchAction\",\"target\":{\"@type\":\"EntryPoint\",\"urlTemplate\":\"https:\/\/www.readforreal.com\/?s={search_term_string}\"},\"query-input\":{\"@type\":\"PropertyValueSpecification\",\"valueRequired\":true,\"valueName\":\"search_term_string\"}}],\"inLanguage\":\"mt-MT\"},{\"@type\":\"Organization\",\"@id\":\"https:\/\/www.readforreal.com\/#organization\",\"name\":\"Fundacja Powszechnego Czytania\",\"url\":\"https:\/\/www.readforreal.com\/\",\"logo\":{\"@type\":\"ImageObject\",\"inLanguage\":\"mt-MT\",\"@id\":\"https:\/\/www.readforreal.com\/#\/schema\/logo\/image\/\",\"url\":\"https:\/\/www.readforreal.com\/wp-content\/uploads\/2025\/06\/RfR-logo-OK_1.png\",\"contentUrl\":\"https:\/\/www.readforreal.com\/wp-content\/uploads\/2025\/06\/RfR-logo-OK_1.png\",\"width\":1890,\"height\":1299,\"caption\":\"Fundacja Powszechnego Czytania\"},\"image\":{\"@id\":\"https:\/\/www.readforreal.com\/#\/schema\/logo\/image\/\"},\"sameAs\":[\"https:\/\/www.facebook.com\/read.forreal\",\"https:\/\/www.instagram.com\/read.forreal\/\"]}]}<\/script>\n<!-- \/ Yoast SEO plugin. -->","yoast_head_json":{"title":"Logo fil-lingwi nazzjonali | Read. For Real","robots":{"index":"index","follow":"follow","max-snippet":"max-snippet:-1","max-image-preview":"max-image-preview:large","max-video-preview":"max-video-preview:-1"},"canonical":"https:\/\/www.readforreal.com\/mt\/logo-fil-lingwi-nazzjonali\/","og_locale":"mt_MT","og_type":"article","og_title":"Logo fil-lingwi nazzjonali | Read. For Real","og_description":"Albani\u017cBulgaruKroat\u010aekDani\u017cOlandi\u017cEstonjanFinlandi\u017cFjammingFran\u010bi\u017c\u0120ermani\u017cUngeri\u017cI\u017clandi\u017cIrlandi\u017cTaljanLatvjanLitwanjanMaltiMontenegrinMa\u010bedonjan tat-TramuntanaPollakkPortugi\u017cRumenSerbSlovakkSlovenSpanjol\u017bvedi\u017cTorkUkrenjan","og_url":"https:\/\/www.readforreal.com\/mt\/logo-fil-lingwi-nazzjonali\/","og_site_name":"Read. For Real","article_publisher":"https:\/\/www.facebook.com\/read.forreal","article_modified_time":"2026-04-13T08:51:53+00:00","twitter_card":"summary_large_image","schema":{"@context":"https:\/\/schema.org","@graph":[{"@type":"WebPage","@id":"https:\/\/www.readforreal.com\/mt\/logo-fil-lingwi-nazzjonali\/","url":"https:\/\/www.readforreal.com\/mt\/logo-fil-lingwi-nazzjonali\/","name":"Logo fil-lingwi nazzjonali | Read. For Real","isPartOf":{"@id":"https:\/\/www.readforreal.com\/#website"},"datePublished":"2025-10-23T23:05:09+00:00","dateModified":"2026-04-13T08:51:53+00:00","breadcrumb":{"@id":"https:\/\/www.readforreal.com\/mt\/logo-fil-lingwi-nazzjonali\/#breadcrumb"},"inLanguage":"mt-MT","potentialAction":[{"@type":"ReadAction","target":["https:\/\/www.readforreal.com\/mt\/logo-fil-lingwi-nazzjonali\/"]}]},{"@type":"BreadcrumbList","@id":"https:\/\/www.readforreal.com\/mt\/logo-fil-lingwi-nazzjonali\/#breadcrumb","itemListElement":[{"@type":"ListItem","position":1,"name":"Home","item":"https:\/\/www.readforreal.com\/mt\/aqra-tassew\/"},{"@type":"ListItem","position":2,"name":"Logo fil-lingwi nazzjonali"}]},{"@type":"WebSite","@id":"https:\/\/www.readforreal.com\/#website","url":"https:\/\/www.readforreal.com\/","name":"Read. For Real","description":"European Authors Day 11.11-12.12.2026","publisher":{"@id":"https:\/\/www.readforreal.com\/#organization"},"alternateName":"European Authors Day 11.11-12.12.2025","potentialAction":[{"@type":"SearchAction","target":{"@type":"EntryPoint","urlTemplate":"https:\/\/www.readforreal.com\/?s={search_term_string}"},"query-input":{"@type":"PropertyValueSpecification","valueRequired":true,"valueName":"search_term_string"}}],"inLanguage":"mt-MT"},{"@type":"Organization","@id":"https:\/\/www.readforreal.com\/#organization","name":"Fundacja Powszechnego Czytania","url":"https:\/\/www.readforreal.com\/","logo":{"@type":"ImageObject","inLanguage":"mt-MT","@id":"https:\/\/www.readforreal.com\/#\/schema\/logo\/image\/","url":"https:\/\/www.readforreal.com\/wp-content\/uploads\/2025\/06\/RfR-logo-OK_1.png","contentUrl":"https:\/\/www.readforreal.com\/wp-content\/uploads\/2025\/06\/RfR-logo-OK_1.png","width":1890,"height":1299,"caption":"Fundacja Powszechnego Czytania"},"image":{"@id":"https:\/\/www.readforreal.com\/#\/schema\/logo\/image\/"},"sameAs":["https:\/\/www.facebook.com\/read.forreal","https:\/\/www.instagram.com\/read.forreal\/"]}]}},"_links":{"self":[{"href":"https:\/\/www.readforreal.com\/mt\/wp-json\/wp\/v2\/pages\/15767","targetHints":{"allow":["GET"]}}],"collection":[{"href":"https:\/\/www.readforreal.com\/mt\/wp-json\/wp\/v2\/pages"}],"about":[{"href":"https:\/\/www.readforreal.com\/mt\/wp-json\/wp\/v2\/types\/page"}],"author":[{"embeddable":true,"href":"https:\/\/www.readforreal.com\/mt\/wp-json\/wp\/v2\/users\/1"}],"replies":[{"embeddable":true,"href":"https:\/\/www.readforreal.com\/mt\/wp-json\/wp\/v2\/comments?post=15767"}],"version-history":[{"count":4,"href":"https:\/\/www.readforreal.com\/mt\/wp-json\/wp\/v2\/pages\/15767\/revisions"}],"predecessor-version":[{"id":26847,"href":"https:\/\/www.readforreal.com\/mt\/wp-json\/wp\/v2\/pages\/15767\/revisions\/26847"}],"wp:attachment":[{"href":"https:\/\/www.readforreal.com\/mt\/wp-json\/wp\/v2\/media?parent=15767"}],"curies":[{"name":"wp","href":"https:\/\/api.w.org\/{rel}","templated":true}]}}