{"id":8294,"date":"2025-09-01T00:11:13","date_gmt":"2025-08-31T22:11:13","guid":{"rendered":"https:\/\/www.readforreal.com\/atsisiusti\/scenarijai-ir-logotipas-jusu-kalba\/"},"modified":"2026-04-13T11:04:30","modified_gmt":"2026-04-13T09:04:30","slug":"scenarijai-ir-logotipas-jusu-kalba","status":"publish","type":"page","link":"https:\/\/www.readforreal.com\/lt\/atsisiusti\/scenarijai-ir-logotipas-jusu-kalba\/","title":{"rendered":"Scenarijai j\u016bs\u0173 kalba"},"content":{"rendered":"\t\t<div data-elementor-type=\"wp-page\" data-elementor-id=\"8294\" class=\"elementor elementor-8294 elementor-8176\" data-elementor-post-type=\"page\">\n\t\t\t\t<div class=\"elementor-element elementor-element-172e52ad e-flex e-con-boxed e-con e-parent\" data-id=\"172e52ad\" data-element_type=\"container\">\n\t\t\t\t\t<div class=\"e-con-inner\">\n\t\t\t\t\t<\/div>\n\t\t\t\t<\/div>\n\t\t<div class=\"elementor-element elementor-element-2ff452f e-flex e-con-boxed e-con e-parent\" data-id=\"2ff452f\" data-element_type=\"container\">\n\t\t\t\t\t<div class=\"e-con-inner\">\n\t\t\t\t<div class=\"elementor-element elementor-element-0894ee5 elementor-widget-divider--view-line elementor-widget elementor-widget-divider\" data-id=\"0894ee5\" data-element_type=\"widget\" data-widget_type=\"divider.default\">\n\t\t\t\t<div class=\"elementor-widget-container\">\n\t\t\t\t\t\t\t<div class=\"elementor-divider\">\n\t\t\t<span class=\"elementor-divider-separator\">\n\t\t\t\t\t\t<\/span>\n\t\t<\/div>\n\t\t\t\t\t\t<\/div>\n\t\t\t\t<\/div>\n\t\t\t\t\t<\/div>\n\t\t\t\t<\/div>\n\t\t<div class=\"elementor-element elementor-element-5d84fed e-flex e-con-boxed e-con e-parent\" data-id=\"5d84fed\" data-element_type=\"container\">\n\t\t\t\t\t<div class=\"e-con-inner\">\n\t\t\t\t<div class=\"elementor-element elementor-element-2fa8d66 elementor-widget elementor-widget-text-editor\" data-id=\"2fa8d66\" data-element_type=\"widget\" data-widget_type=\"text-editor.default\">\n\t\t\t\t<div class=\"elementor-widget-container\">\n\t\t\t\t\t\t\t\t\t<p><a href=\"https:\/\/www.readforreal.com\/download-files\/scenarios\/ALBANIA%20ZIP.zip\">Alban\u0173<\/a><\/p><p><a href=\"https:\/\/www.readforreal.com\/download-files\/scenarios\/BULGARIA%20ZIP.zip\">Bulgar\u0173<\/a><\/p><p><a href=\"https:\/\/www.readforreal.com\/download-files\/scenarios\/CROATIA%20ZIP.zip\">Kroat\u0173<\/a><\/p><p><a href=\"https:\/\/www.readforreal.com\/download-files\/scenarios\/DENMARK%20ZIP.zip\">Dan\u0173<\/a><\/p><p><a href=\"https:\/\/www.readforreal.com\/download-files\/scenarios\/ESTONIA%20ZIP.zip\">Est\u0173<\/a><\/p><p><a href=\"https:\/\/www.readforreal.com\/download-files\/scenarios\/FINLAND%20ZIP.zip\">Suomi\u0173<\/a><\/p><p><a href=\"https:\/\/www.readforreal.com\/download-files\/scenarios\/FLANDERS%20ZIP.zip\">Flamand\u0173<\/a><\/p><p><a href=\"https:\/\/www.readforreal.com\/download-files\/scenarios\/FRANCE%20ZIP.zip\">Pranc\u016bz\u0173<\/a><\/p><p><a href=\"https:\/\/www.readforreal.com\/download-files\/scenarios\/GEORGIA.zip\">Gruzin\u0173<\/a><\/p><p><a href=\"https:\/\/www.readforreal.com\/download-files\/scenarios\/GERMANY%20ZIP.zip\">Vokie\u010di\u0173<\/a><\/p><p><a href=\"https:\/\/www.readforreal.com\/download-files\/scenarios\/GREECE.zip\">Graik\u0173<\/a><\/p><p><a href=\"https:\/\/www.readforreal.com\/download-files\/scenarios\/HUNGARY%20ZIP.zip\">Vengr\u0173<\/a><\/p><p><a href=\"https:\/\/www.readforreal.com\/download-files\/scenarios\/ICELAND%20ZIP.zip\">Island\u0173<\/a><\/p><p><a href=\"https:\/\/www.readforreal.com\/download-files\/scenarios\/english.zip\">Airi\u0173<\/a><\/p><p><a href=\"https:\/\/www.readforreal.com\/download-files\/scenarios\/ITALY%20ZIP.zip\">Ital\u0173<\/a><\/p><p><a href=\"https:\/\/www.readforreal.com\/download-files\/scenarios\/LATVIA%20ZIP.zip\">Latvi\u0173<\/a><\/p><p><a href=\"https:\/\/www.readforreal.com\/download-files\/scenarios\/LITHUANIA%20ZIP.zip\">Lietuvi\u0173<\/a><\/p><p><a href=\"https:\/\/www.readforreal.com\/download-files\/scenarios\/MALTA%20ZIP.zip\">Maltie\u010di\u0173<\/a><\/p><p><a href=\"https:\/\/www.readforreal.com\/download-files\/scenarios\/MONTENEGRO%20ZIP.zip\">Juodkalnie\u010di\u0173<\/a><\/p><p><a href=\"https:\/\/www.readforreal.com\/download-files\/scenarios\/NORTH%20MACEDONIA%20ZIP.zip\">\u0160iaur\u0117s Makedon\u0173<\/a><\/p><p><a href=\"https:\/\/www.readforreal.com\/download-files\/scenarios\/POLAND%20ZIP.zip\">Lenk\u0173<\/a><\/p><p><a href=\"https:\/\/www.readforreal.com\/download-files\/scenarios\/PORTUGAL%20ZIP.zip\">Portugal\u0173<\/a><\/p><p><a href=\"https:\/\/www.readforreal.com\/download-files\/scenarios\/ROMANIA%20ZIP.zip\">Rumun\u0173<\/a><\/p><p><a href=\"https:\/\/www.readforreal.com\/download-files\/scenarios\/SERBIA%20ZIP.zip\">Serb\u0173<\/a><\/p><p><a href=\"https:\/\/www.readforreal.com\/download-files\/scenarios\/SLOVAKIA%20ZIP.zip\">Slovak\u0173<\/a><\/p><p><a href=\"https:\/\/www.readforreal.com\/download-files\/scenarios\/SLOVENIA%20ZIP.zip\">Slov\u0117n\u0173<\/a><\/p><p><a href=\"https:\/\/www.readforreal.com\/download-files\/scenarios\/SPAIN%20ZIP.zip\">Ispan\u0173<\/a><\/p><p><a href=\"https:\/\/www.readforreal.com\/download-files\/scenarios\/SWEDEN%20ZIP.zip\">\u0160ved\u0173<\/a><\/p><p><a href=\"https:\/\/www.readforreal.com\/download-files\/scenarios\/THE%20CZECH%20REPUBLIC%20ZIP.zip\">\u010cek\u0173<\/a><\/p><p><a href=\"https:\/\/www.readforreal.com\/download-files\/scenarios\/THE%20NETHERLANDS%20ZIP.zip\">Oland\u0173<\/a><\/p><p><a href=\"https:\/\/www.readforreal.com\/download-files\/scenarios\/TURKEY%20ZIP.zip\">Turk\u0173<\/a><\/p><p><a href=\"https:\/\/www.readforreal.com\/download-files\/scenarios\/UKRAINE%20ZIP.zip\">Ukrainie\u010di\u0173<\/a><\/p>\t\t\t\t\t\t\t\t<\/div>\n\t\t\t\t<\/div>\n\t\t\t\t<div class=\"elementor-element elementor-element-cd318ed elementor-widget elementor-widget-image\" data-id=\"cd318ed\" data-element_type=\"widget\" data-widget_type=\"image.default\">\n\t\t\t\t<div class=\"elementor-widget-container\">\n\t\t\t\t\t\t\t\t\t\t\t\t\t\t\t<img fetchpriority=\"high\" decoding=\"async\" width=\"800\" height=\"600\" src=\"https:\/\/www.readforreal.com\/wp-content\/uploads\/2025\/08\/home_organizers-1024x768.png\" class=\"attachment-large size-large wp-image-3982\" alt=\"\" srcset=\"https:\/\/www.readforreal.com\/wp-content\/uploads\/2025\/08\/home_organizers-1024x768.png 1024w, https:\/\/www.readforreal.com\/wp-content\/uploads\/2025\/08\/home_organizers-300x225.png 300w, https:\/\/www.readforreal.com\/wp-content\/uploads\/2025\/08\/home_organizers-768x576.png 768w, https:\/\/www.readforreal.com\/wp-content\/uploads\/2025\/08\/home_organizers.png 1200w\" sizes=\"(max-width: 800px) 100vw, 800px\" \/>\t\t\t\t\t\t\t\t\t\t\t\t\t\t\t<\/div>\n\t\t\t\t<\/div>\n\t\t\t\t\t<\/div>\n\t\t\t\t<\/div>\n\t\t<div class=\"elementor-element elementor-element-3f0c9cb e-flex e-con-boxed e-con e-parent\" data-id=\"3f0c9cb\" data-element_type=\"container\">\n\t\t\t\t\t<div class=\"e-con-inner\">\n\t\t\t\t<div class=\"elementor-element elementor-element-6dadb98 elementor-widget-divider--view-line elementor-widget elementor-widget-divider\" data-id=\"6dadb98\" data-element_type=\"widget\" data-widget_type=\"divider.default\">\n\t\t\t\t<div class=\"elementor-widget-container\">\n\t\t\t\t\t\t\t<div class=\"elementor-divider\">\n\t\t\t<span class=\"elementor-divider-separator\">\n\t\t\t\t\t\t<\/span>\n\t\t<\/div>\n\t\t\t\t\t\t<\/div>\n\t\t\t\t<\/div>\n\t\t\t\t\t<\/div>\n\t\t\t\t<\/div>\n\t\t\t\t<\/div>\n\t\t","protected":false},"excerpt":{"rendered":"<p>Alban\u0173 Bulgar\u0173 Kroat\u0173 Dan\u0173 Est\u0173 Suomi\u0173 Flamand\u0173 Pranc\u016bz\u0173 Gruzin\u0173 Vokie\u010di\u0173 Graik\u0173 Vengr\u0173 Island\u0173 Airi\u0173 Ital\u0173 Latvi\u0173 Lietuvi\u0173 Maltie\u010di\u0173 Juodkalnie\u010di\u0173 \u0160iaur\u0117s Makedon\u0173 Lenk\u0173 Portugal\u0173 Rumun\u0173 Serb\u0173 Slovak\u0173 Slov\u0117n\u0173 Ispan\u0173 \u0160ved\u0173 \u010cek\u0173 Oland\u0173 Turk\u0173 Ukrainie\u010di\u0173<\/p>\n","protected":false},"author":1,"featured_media":0,"parent":6452,"menu_order":0,"comment_status":"closed","ping_status":"closed","template":"","meta":{"footnotes":""},"class_list":["post-8294","page","type-page","status-publish","hentry"],"yoast_head":"<!-- This site is optimized with the Yoast SEO plugin v26.1.1 - https:\/\/yoast.com\/wordpress\/plugins\/seo\/ -->\n<title>Scenarijai j\u016bs\u0173 kalba | Read. For Real<\/title>\n<meta name=\"robots\" content=\"index, follow, max-snippet:-1, max-image-preview:large, max-video-preview:-1\" \/>\n<link rel=\"canonical\" href=\"https:\/\/www.readforreal.com\/lt\/atsisiusti\/scenarijai-ir-logotipas-jusu-kalba\/\" \/>\n<meta property=\"og:locale\" content=\"lt_LT\" \/>\n<meta property=\"og:type\" content=\"article\" \/>\n<meta property=\"og:title\" content=\"Scenarijai j\u016bs\u0173 kalba | Read. For Real\" \/>\n<meta property=\"og:description\" content=\"Alban\u0173 Bulgar\u0173 Kroat\u0173 Dan\u0173 Est\u0173 Suomi\u0173 Flamand\u0173 Pranc\u016bz\u0173 Gruzin\u0173 Vokie\u010di\u0173 Graik\u0173 Vengr\u0173 Island\u0173 Airi\u0173 Ital\u0173 Latvi\u0173 Lietuvi\u0173 Maltie\u010di\u0173 Juodkalnie\u010di\u0173 \u0160iaur\u0117s Makedon\u0173 Lenk\u0173 Portugal\u0173 Rumun\u0173 Serb\u0173 Slovak\u0173 Slov\u0117n\u0173 Ispan\u0173 \u0160ved\u0173 \u010cek\u0173 Oland\u0173 Turk\u0173 Ukrainie\u010di\u0173\" \/>\n<meta property=\"og:url\" content=\"https:\/\/www.readforreal.com\/lt\/atsisiusti\/scenarijai-ir-logotipas-jusu-kalba\/\" \/>\n<meta property=\"og:site_name\" content=\"Read. For Real\" \/>\n<meta property=\"article:publisher\" content=\"https:\/\/www.facebook.com\/read.forreal\" \/>\n<meta property=\"article:modified_time\" content=\"2026-04-13T09:04:30+00:00\" \/>\n<meta property=\"og:image\" content=\"https:\/\/www.readforreal.com\/wp-content\/uploads\/2025\/08\/home_organizers.png\" \/>\n\t<meta property=\"og:image:width\" content=\"1200\" \/>\n\t<meta property=\"og:image:height\" content=\"900\" \/>\n\t<meta property=\"og:image:type\" content=\"image\/png\" \/>\n<meta name=\"twitter:card\" content=\"summary_large_image\" \/>\n<script type=\"application\/ld+json\" class=\"yoast-schema-graph\">{\"@context\":\"https:\/\/schema.org\",\"@graph\":[{\"@type\":\"WebPage\",\"@id\":\"https:\/\/www.readforreal.com\/lt\/atsisiusti\/scenarijai-ir-logotipas-jusu-kalba\/\",\"url\":\"https:\/\/www.readforreal.com\/lt\/atsisiusti\/scenarijai-ir-logotipas-jusu-kalba\/\",\"name\":\"Scenarijai j\u016bs\u0173 kalba | Read. For Real\",\"isPartOf\":{\"@id\":\"https:\/\/www.readforreal.com\/#website\"},\"primaryImageOfPage\":{\"@id\":\"https:\/\/www.readforreal.com\/lt\/atsisiusti\/scenarijai-ir-logotipas-jusu-kalba\/#primaryimage\"},\"image\":{\"@id\":\"https:\/\/www.readforreal.com\/lt\/atsisiusti\/scenarijai-ir-logotipas-jusu-kalba\/#primaryimage\"},\"thumbnailUrl\":\"https:\/\/www.readforreal.com\/wp-content\/uploads\/2025\/08\/home_organizers-1024x768.png\",\"datePublished\":\"2025-08-31T22:11:13+00:00\",\"dateModified\":\"2026-04-13T09:04:30+00:00\",\"breadcrumb\":{\"@id\":\"https:\/\/www.readforreal.com\/lt\/atsisiusti\/scenarijai-ir-logotipas-jusu-kalba\/#breadcrumb\"},\"inLanguage\":\"lt-LT\",\"potentialAction\":[{\"@type\":\"ReadAction\",\"target\":[\"https:\/\/www.readforreal.com\/lt\/atsisiusti\/scenarijai-ir-logotipas-jusu-kalba\/\"]}]},{\"@type\":\"ImageObject\",\"inLanguage\":\"lt-LT\",\"@id\":\"https:\/\/www.readforreal.com\/lt\/atsisiusti\/scenarijai-ir-logotipas-jusu-kalba\/#primaryimage\",\"url\":\"https:\/\/www.readforreal.com\/wp-content\/uploads\/2025\/08\/home_organizers-1024x768.png\",\"contentUrl\":\"https:\/\/www.readforreal.com\/wp-content\/uploads\/2025\/08\/home_organizers-1024x768.png\"},{\"@type\":\"BreadcrumbList\",\"@id\":\"https:\/\/www.readforreal.com\/lt\/atsisiusti\/scenarijai-ir-logotipas-jusu-kalba\/#breadcrumb\",\"itemListElement\":[{\"@type\":\"ListItem\",\"position\":1,\"name\":\"Home\",\"item\":\"https:\/\/www.readforreal.com\/lt\/skaitykite-is-tikruju\/\"},{\"@type\":\"ListItem\",\"position\":2,\"name\":\"Atsisi\u0173sti\",\"item\":\"https:\/\/www.readforreal.com\/lt\/atsisiusti\/\"},{\"@type\":\"ListItem\",\"position\":3,\"name\":\"Scenarijai j\u016bs\u0173 kalba\"}]},{\"@type\":\"WebSite\",\"@id\":\"https:\/\/www.readforreal.com\/#website\",\"url\":\"https:\/\/www.readforreal.com\/\",\"name\":\"Read. For Real\",\"description\":\"European Authors Day 11.11-12.12.2026\",\"publisher\":{\"@id\":\"https:\/\/www.readforreal.com\/#organization\"},\"alternateName\":\"European Authors Day 11.11-12.12.2025\",\"potentialAction\":[{\"@type\":\"SearchAction\",\"target\":{\"@type\":\"EntryPoint\",\"urlTemplate\":\"https:\/\/www.readforreal.com\/?s={search_term_string}\"},\"query-input\":{\"@type\":\"PropertyValueSpecification\",\"valueRequired\":true,\"valueName\":\"search_term_string\"}}],\"inLanguage\":\"lt-LT\"},{\"@type\":\"Organization\",\"@id\":\"https:\/\/www.readforreal.com\/#organization\",\"name\":\"Fundacja Powszechnego Czytania\",\"url\":\"https:\/\/www.readforreal.com\/\",\"logo\":{\"@type\":\"ImageObject\",\"inLanguage\":\"lt-LT\",\"@id\":\"https:\/\/www.readforreal.com\/#\/schema\/logo\/image\/\",\"url\":\"https:\/\/www.readforreal.com\/wp-content\/uploads\/2025\/06\/RfR-logo-OK_1.png\",\"contentUrl\":\"https:\/\/www.readforreal.com\/wp-content\/uploads\/2025\/06\/RfR-logo-OK_1.png\",\"width\":1890,\"height\":1299,\"caption\":\"Fundacja Powszechnego Czytania\"},\"image\":{\"@id\":\"https:\/\/www.readforreal.com\/#\/schema\/logo\/image\/\"},\"sameAs\":[\"https:\/\/www.facebook.com\/read.forreal\",\"https:\/\/www.instagram.com\/read.forreal\/\"]}]}<\/script>\n<!-- \/ Yoast SEO plugin. -->","yoast_head_json":{"title":"Scenarijai j\u016bs\u0173 kalba | Read. For Real","robots":{"index":"index","follow":"follow","max-snippet":"max-snippet:-1","max-image-preview":"max-image-preview:large","max-video-preview":"max-video-preview:-1"},"canonical":"https:\/\/www.readforreal.com\/lt\/atsisiusti\/scenarijai-ir-logotipas-jusu-kalba\/","og_locale":"lt_LT","og_type":"article","og_title":"Scenarijai j\u016bs\u0173 kalba | Read. For Real","og_description":"Alban\u0173 Bulgar\u0173 Kroat\u0173 Dan\u0173 Est\u0173 Suomi\u0173 Flamand\u0173 Pranc\u016bz\u0173 Gruzin\u0173 Vokie\u010di\u0173 Graik\u0173 Vengr\u0173 Island\u0173 Airi\u0173 Ital\u0173 Latvi\u0173 Lietuvi\u0173 Maltie\u010di\u0173 Juodkalnie\u010di\u0173 \u0160iaur\u0117s Makedon\u0173 Lenk\u0173 Portugal\u0173 Rumun\u0173 Serb\u0173 Slovak\u0173 Slov\u0117n\u0173 Ispan\u0173 \u0160ved\u0173 \u010cek\u0173 Oland\u0173 Turk\u0173 Ukrainie\u010di\u0173","og_url":"https:\/\/www.readforreal.com\/lt\/atsisiusti\/scenarijai-ir-logotipas-jusu-kalba\/","og_site_name":"Read. For Real","article_publisher":"https:\/\/www.facebook.com\/read.forreal","article_modified_time":"2026-04-13T09:04:30+00:00","og_image":[{"width":1200,"height":900,"url":"https:\/\/www.readforreal.com\/wp-content\/uploads\/2025\/08\/home_organizers.png","type":"image\/png"}],"twitter_card":"summary_large_image","schema":{"@context":"https:\/\/schema.org","@graph":[{"@type":"WebPage","@id":"https:\/\/www.readforreal.com\/lt\/atsisiusti\/scenarijai-ir-logotipas-jusu-kalba\/","url":"https:\/\/www.readforreal.com\/lt\/atsisiusti\/scenarijai-ir-logotipas-jusu-kalba\/","name":"Scenarijai j\u016bs\u0173 kalba | Read. For Real","isPartOf":{"@id":"https:\/\/www.readforreal.com\/#website"},"primaryImageOfPage":{"@id":"https:\/\/www.readforreal.com\/lt\/atsisiusti\/scenarijai-ir-logotipas-jusu-kalba\/#primaryimage"},"image":{"@id":"https:\/\/www.readforreal.com\/lt\/atsisiusti\/scenarijai-ir-logotipas-jusu-kalba\/#primaryimage"},"thumbnailUrl":"https:\/\/www.readforreal.com\/wp-content\/uploads\/2025\/08\/home_organizers-1024x768.png","datePublished":"2025-08-31T22:11:13+00:00","dateModified":"2026-04-13T09:04:30+00:00","breadcrumb":{"@id":"https:\/\/www.readforreal.com\/lt\/atsisiusti\/scenarijai-ir-logotipas-jusu-kalba\/#breadcrumb"},"inLanguage":"lt-LT","potentialAction":[{"@type":"ReadAction","target":["https:\/\/www.readforreal.com\/lt\/atsisiusti\/scenarijai-ir-logotipas-jusu-kalba\/"]}]},{"@type":"ImageObject","inLanguage":"lt-LT","@id":"https:\/\/www.readforreal.com\/lt\/atsisiusti\/scenarijai-ir-logotipas-jusu-kalba\/#primaryimage","url":"https:\/\/www.readforreal.com\/wp-content\/uploads\/2025\/08\/home_organizers-1024x768.png","contentUrl":"https:\/\/www.readforreal.com\/wp-content\/uploads\/2025\/08\/home_organizers-1024x768.png"},{"@type":"BreadcrumbList","@id":"https:\/\/www.readforreal.com\/lt\/atsisiusti\/scenarijai-ir-logotipas-jusu-kalba\/#breadcrumb","itemListElement":[{"@type":"ListItem","position":1,"name":"Home","item":"https:\/\/www.readforreal.com\/lt\/skaitykite-is-tikruju\/"},{"@type":"ListItem","position":2,"name":"Atsisi\u0173sti","item":"https:\/\/www.readforreal.com\/lt\/atsisiusti\/"},{"@type":"ListItem","position":3,"name":"Scenarijai j\u016bs\u0173 kalba"}]},{"@type":"WebSite","@id":"https:\/\/www.readforreal.com\/#website","url":"https:\/\/www.readforreal.com\/","name":"Read. For Real","description":"European Authors Day 11.11-12.12.2026","publisher":{"@id":"https:\/\/www.readforreal.com\/#organization"},"alternateName":"European Authors Day 11.11-12.12.2025","potentialAction":[{"@type":"SearchAction","target":{"@type":"EntryPoint","urlTemplate":"https:\/\/www.readforreal.com\/?s={search_term_string}"},"query-input":{"@type":"PropertyValueSpecification","valueRequired":true,"valueName":"search_term_string"}}],"inLanguage":"lt-LT"},{"@type":"Organization","@id":"https:\/\/www.readforreal.com\/#organization","name":"Fundacja Powszechnego Czytania","url":"https:\/\/www.readforreal.com\/","logo":{"@type":"ImageObject","inLanguage":"lt-LT","@id":"https:\/\/www.readforreal.com\/#\/schema\/logo\/image\/","url":"https:\/\/www.readforreal.com\/wp-content\/uploads\/2025\/06\/RfR-logo-OK_1.png","contentUrl":"https:\/\/www.readforreal.com\/wp-content\/uploads\/2025\/06\/RfR-logo-OK_1.png","width":1890,"height":1299,"caption":"Fundacja Powszechnego Czytania"},"image":{"@id":"https:\/\/www.readforreal.com\/#\/schema\/logo\/image\/"},"sameAs":["https:\/\/www.facebook.com\/read.forreal","https:\/\/www.instagram.com\/read.forreal\/"]}]}},"_links":{"self":[{"href":"https:\/\/www.readforreal.com\/lt\/wp-json\/wp\/v2\/pages\/8294","targetHints":{"allow":["GET"]}}],"collection":[{"href":"https:\/\/www.readforreal.com\/lt\/wp-json\/wp\/v2\/pages"}],"about":[{"href":"https:\/\/www.readforreal.com\/lt\/wp-json\/wp\/v2\/types\/page"}],"author":[{"embeddable":true,"href":"https:\/\/www.readforreal.com\/lt\/wp-json\/wp\/v2\/users\/1"}],"replies":[{"embeddable":true,"href":"https:\/\/www.readforreal.com\/lt\/wp-json\/wp\/v2\/comments?post=8294"}],"version-history":[{"count":12,"href":"https:\/\/www.readforreal.com\/lt\/wp-json\/wp\/v2\/pages\/8294\/revisions"}],"predecessor-version":[{"id":27066,"href":"https:\/\/www.readforreal.com\/lt\/wp-json\/wp\/v2\/pages\/8294\/revisions\/27066"}],"up":[{"embeddable":true,"href":"https:\/\/www.readforreal.com\/lt\/wp-json\/wp\/v2\/pages\/6452"}],"wp:attachment":[{"href":"https:\/\/www.readforreal.com\/lt\/wp-json\/wp\/v2\/media?parent=8294"}],"curies":[{"name":"wp","href":"https:\/\/api.w.org\/{rel}","templated":true}]}}