{"id":4842,"date":"2025-06-29T00:10:54","date_gmt":"2025-06-28T22:10:54","guid":{"rendered":"https:\/\/www.readforreal.com\/privatumo-politika\/"},"modified":"2025-09-17T02:11:30","modified_gmt":"2025-09-17T00:11:30","slug":"privatumo-politika","status":"publish","type":"page","link":"https:\/\/www.readforreal.com\/lt\/privatumo-politika\/","title":{"rendered":"Privatumo politika"},"content":{"rendered":"\t\t<div data-elementor-type=\"wp-page\" data-elementor-id=\"4842\" class=\"elementor elementor-4842 elementor-3\" data-elementor-post-type=\"page\">\n\t\t\t\t<div class=\"elementor-element elementor-element-726f90a3 e-flex e-con-boxed e-con e-parent\" data-id=\"726f90a3\" data-element_type=\"container\">\n\t\t\t\t\t<div class=\"e-con-inner\">\n\t\t\t\t\t<\/div>\n\t\t\t\t<\/div>\n\t\t<div class=\"elementor-element elementor-element-57caaef1 e-flex e-con-boxed e-con e-parent\" data-id=\"57caaef1\" data-element_type=\"container\">\n\t\t\t\t\t<div class=\"e-con-inner\">\n\t\t\t\t<div class=\"elementor-element elementor-element-5352cfaa elementor-widget elementor-widget-text-editor\" data-id=\"5352cfaa\" data-element_type=\"widget\" data-widget_type=\"text-editor.default\">\n\t\t\t\t<div class=\"elementor-widget-container\">\n\t\t\t\t\t\t\t\t\t<h2>1. Duomen\u0173 valdytojas<\/h2><p>J\u016bs\u0173 asmens duomen\u0173 valdytojas svetain\u0117je <strong>www.readforreal.com<\/strong> yra:<\/p><p><strong>Fundacja Powszechnego Czytania<\/strong><br>Przyokopowa 33<br>01-208 Var\u0161uva, Lenkija<br>el. pa\u0161tas: <a href=\"mailto:sekretariat@fpc.org.pl\">sekretariat@fpc.org.pl<\/a><\/p><p>D\u0117l bet koki\u0173 klausim\u0173, susijusi\u0173 su asmens duomen\u0173 tvarkymu, galite susisiekti su mumis auk\u0161\u010diau nurodytu el. pa\u0161tu arba pa\u0161tu Fondo registruotu adresu.<\/p><h2>2. Duomen\u0173 tvarkymo apimtis ir tikslai<\/h2><p>Svetain\u0117 <strong>www.readforreal.com<\/strong> yra tik informacin\u0117 ir neleid\u017eia vartotojams registruotis, atlikti sandori\u0173, komentuoti ar dalyvauti diskusijose. Asmens duomenys tvarkomi tik remiantis duomen\u0173 subjekto savanori\u0161ku sutikimu, ypa\u010d: prenumeruojant naujienlai\u0161k\u012f \u2013 surinkti duomenys apima: <\/p><ul><li>el. pa\u0161to adresas<\/li><li>vardas.<\/li><\/ul><p>\u0160ie duomenys naudojami i\u0161imtinai:<\/p><ul><li>informacijos ir med\u017eiagos, susijusios su Read For Real projektu, siuntimui,<\/li><li>naujienlai\u0161kio paslaugos teikimui,<\/li><li>galimam kontaktui d\u0117l projekto ar susijusi\u0173 paslaug\u0173.<\/li><\/ul><p>Be to, asmens duomenys gali b\u016bti tvarkomi naudojantis socialini\u0173 tinkl\u0173 kanalais, \u012fskaitant: vartotoj\u0173 profilius ir paskyras tokiose platformose kaip Facebook, Instagram, YouTube, Twitter, LinkedIn, kurios naudojamos projekto komunikacijai ir skatinimui, laikantis \u0161i\u0173 platform\u0173 taisykli\u0173 ir privatumo politikos.<\/p><h2>3. Teisinis tvarkymo pagrindas<\/h2><p>Asmens duomen\u0173 tvarkymas vykdomas remiantis:<\/p><ul><li>duomen\u0173 subjekto sutikimu (BDAR 6 straipsnio 1 dalies a punktas),<\/li><li>duomen\u0173 valdytojo teis\u0117tais interesais (BDAR 6 straipsnio 1 dalies f punktas), svetain\u0117s srauto analizei (Google Analytics).<\/li><\/ul><h2>4. Duomen\u0173 gav\u0117jai<\/h2><p>Asmens duomenys n\u0117ra dalijami su tre\u010diosiomis \u0161alimis komerciniais ar rinkodaros tikslais. Ta\u010diau, siekiant teikti m\u016bs\u0173 paslaugas, mes bendradarbiaujame su \u0161iais subjektais: <\/p><ul><li><strong>MailerLite<\/strong> \u2013 naujienlai\u0161ki\u0173 paslaug\u0173 teik\u0117jas, tvarkantis duomenis m\u016bs\u0173 vardu,<\/li><li><strong>MyDevil.net<\/strong> \u2013 svetain\u0117s talpinimo paslaug\u0173 teik\u0117jas,<\/li><li><strong>Google Analytics<\/strong> \u2013 svetain\u0117s srauto analiz\u0117s \u012frankis, tvarkantis anoniminius statistinius duomenis,<\/li><li><strong>Socialini\u0173 tinkl\u0173 platformos<\/strong> (pvz., Facebook, Instagram) \u2013 susijusios su s\u0105veika ir komunikacija per \u0161iuos kanalus.<\/li><\/ul><p>Visi \u0161ie gav\u0117jai privalo laikytis taikom\u0173 duomen\u0173 apsaugos \u012fstatym\u0173 (BDAR).<\/p><h2>5. Slapukai ir analitiniai \u012frankiai<\/h2><p>Svetain\u0117 <strong>www.readforreal.com<\/strong> naudoja slapukus tinkamam paslaugos veikimui ir analitiniais tikslais (Google Analytics).<\/p><p>Slapukai renka anoniminius duomenis apie vartotoj\u0173 sraut\u0105 ir elges\u012f svetain\u0117je, leid\u017eian\u010dius optimizuoti paslaug\u0105.<\/p><h2>6. Duomen\u0173 saugojimo laikotarpis<\/h2><p>Asmens duomenys, surinkti per naujienlai\u0161k\u012f, saugomi Read For Real projekto metu arba iki vartotojas at\u0161aukia savo sutikim\u0105 (pvz., atsisako naujienlai\u0161kio prenumeratos).<\/p><p>Analitiniai duomenys, tvarkomi Google Analytics, saugomi laikotarpiui, kur\u012f nurodo paslaugos teik\u0117jas, anonimine forma.<\/p><h2>7. Duomen\u0173 subjekto teis\u0117s<\/h2><p>Vartotojai turi teis\u0119:<\/p><ul><li>susipa\u017einti su savo asmens duomenimis,<\/li><li>i\u0161taisyti netikslius duomenis,<\/li><li>i\u0161trinti savo duomenis (\u201eteis\u0117 b\u016bti pamir\u0161tam\u201c),<\/li><li>apriboti duomen\u0173 tvarkym\u0105,<\/li><li>duomen\u0173 perkeliamum\u0105,<\/li><li>prie\u0161tarauti duomen\u0173 tvarkymui,<\/li><li>bet kuriuo metu at\u0161aukti sutikim\u0105 d\u0117l duomen\u0173 tvarkymo (nepaveikiant tvarkymo teis\u0117tumo, remiantis sutikimu prie\u0161 jo at\u0161aukim\u0105).<\/li><\/ul><p>Nor\u0117dami pasinaudoti \u0161iomis teis\u0117mis, susisiekite su mumis el. pa\u0161tu: <a href=\"mailto:sekretariat@fpc.org.pl\">sekretariat@fpc.org.pl<\/a>.<\/p><p>Vartotojai taip pat turi teis\u0119 pateikti skund\u0105 atitinkamai duomen\u0173 apsaugos prie\u017ei\u016bros institucijai (Lenkijoje \u2013 Asmens duomen\u0173 apsaugos tarnybos prezidentui).<\/p><h2>8. Duomen\u0173 saugumas<\/h2><p>Valdytojas \u012fgyvendina tinkamas technines ir organizacines priemones, siekiant apsaugoti asmens duomenis nuo neteis\u0117tos prieigos, praradimo, pakeitimo ar atskleidimo.<\/p><h2>9. Socialini\u0173 tinkl\u0173 naudojimas<\/h2><p>Fundacja Powszechnego Czytania ir Read For Real projekto profiliai socialiniuose tinkluose veikia pagal atskiras \u0161i\u0173 platform\u0173 s\u0105lygas ir privatumo politik\u0105. Asmens duomenys, dalijami s\u0105veikos metu socialini\u0173 tinkl\u0173 platformose, tvarkomi pagal t\u0173 paslaug\u0173 taisykles ir yra u\u017e www.readforreal.com svetain\u0117s administratoriaus tiesiogin\u0117s kontrol\u0117s rib\u0173. <\/p><h2>10. Privatumo politikos pakeitimai<\/h2><p>Valdytojas pasilieka teis\u0119 keisti \u0161i\u0105 privatumo politik\u0105. Dabartin\u0117 ir galiojanti versija visada bus prieinama <strong>www.readforreal.com<\/strong>. Vartotojai bus informuoti apie bet kokius reik\u0161mingus \u0161ios politikos pakeitimus.  <\/p><h2>11. Med\u017eiagos<\/h2><p><span style=\"font-weight: 400;\">M\u016bs\u0173 med\u017eiaga yra prieinama visiems, dalyvaujantiems projekte Read.For Real, ir gali b\u016bti naudojama, kopijuojama bei platinama Europos Autori\u0173 Dienos kontekste. \u0160ios med\u017eiagos naudojimas kitais tikslais yra draud\u017eiamas, \u012fskaitant, bet neapsiribojant: pardavimus, kit\u0173 produkt\u0173 reklam\u0105 ar politinio ar religinio turinio k\u016brim\u0105 ir sklaid\u0105. Read. For Real kartu su savo atstovu, Universal Reading Foundation, neprisiima atsakomyb\u0117s u\u017e prek\u0117s \u017eenklo naudojim\u0105, kuris neatitinka \u0161i\u0173 s\u0105lyg\u0173.   <\/span><\/p>\t\t\t\t\t\t\t\t<\/div>\n\t\t\t\t<\/div>\n\t\t\t\t\t<\/div>\n\t\t\t\t<\/div>\n\t\t\t\t<\/div>\n\t\t","protected":false},"excerpt":{"rendered":"<p>1. Duomen\u0173 valdytojas J\u016bs\u0173 asmens duomen\u0173 valdytojas svetain\u0117je www.readforreal.com yra: Fundacja Powszechnego CzytaniaPrzyokopowa 3301-208 Var\u0161uva, Lenkijael. pa\u0161tas: sekretariat@fpc.org.pl D\u0117l bet koki\u0173 klausim\u0173, susijusi\u0173 su asmens duomen\u0173 tvarkymu, galite susisiekti su mumis auk\u0161\u010diau nurodytu el. pa\u0161tu arba pa\u0161tu Fondo registruotu adresu. 2. Duomen\u0173 tvarkymo apimtis ir tikslai Svetain\u0117 www.readforreal.com yra tik informacin\u0117 ir neleid\u017eia vartotojams registruotis, [&hellip;]<\/p>\n","protected":false},"author":1,"featured_media":0,"parent":0,"menu_order":0,"comment_status":"closed","ping_status":"open","template":"","meta":{"footnotes":""},"class_list":["post-4842","page","type-page","status-publish","hentry"],"yoast_head":"<!-- This site is optimized with the Yoast SEO plugin v26.1.1 - https:\/\/yoast.com\/wordpress\/plugins\/seo\/ -->\n<title>Privatumo politika | Read. For Real<\/title>\n<meta name=\"robots\" content=\"index, follow, max-snippet:-1, max-image-preview:large, max-video-preview:-1\" \/>\n<link rel=\"canonical\" href=\"https:\/\/www.readforreal.com\/lt\/privatumo-politika\/\" \/>\n<meta property=\"og:locale\" content=\"lt_LT\" \/>\n<meta property=\"og:type\" content=\"article\" \/>\n<meta property=\"og:title\" content=\"Privatumo politika | Read. For Real\" \/>\n<meta property=\"og:description\" content=\"1. Duomen\u0173 valdytojas J\u016bs\u0173 asmens duomen\u0173 valdytojas svetain\u0117je www.readforreal.com yra: Fundacja Powszechnego CzytaniaPrzyokopowa 3301-208 Var\u0161uva, Lenkijael. pa\u0161tas: sekretariat@fpc.org.pl D\u0117l bet koki\u0173 klausim\u0173, susijusi\u0173 su asmens duomen\u0173 tvarkymu, galite susisiekti su mumis auk\u0161\u010diau nurodytu el. pa\u0161tu arba pa\u0161tu Fondo registruotu adresu. 2. Duomen\u0173 tvarkymo apimtis ir tikslai Svetain\u0117 www.readforreal.com yra tik informacin\u0117 ir neleid\u017eia vartotojams registruotis, [&hellip;]\" \/>\n<meta property=\"og:url\" content=\"https:\/\/www.readforreal.com\/lt\/privatumo-politika\/\" \/>\n<meta property=\"og:site_name\" content=\"Read. For Real\" \/>\n<meta property=\"article:publisher\" content=\"https:\/\/www.facebook.com\/read.forreal\" \/>\n<meta property=\"article:modified_time\" content=\"2025-09-17T00:11:30+00:00\" \/>\n<meta name=\"twitter:card\" content=\"summary_large_image\" \/>\n<meta name=\"twitter:label1\" content=\"Est. reading time\" \/>\n\t<meta name=\"twitter:data1\" content=\"3 minut\u0117s\" \/>\n<script type=\"application\/ld+json\" class=\"yoast-schema-graph\">{\"@context\":\"https:\/\/schema.org\",\"@graph\":[{\"@type\":\"WebPage\",\"@id\":\"https:\/\/www.readforreal.com\/lt\/privatumo-politika\/\",\"url\":\"https:\/\/www.readforreal.com\/lt\/privatumo-politika\/\",\"name\":\"Privatumo politika | Read. For Real\",\"isPartOf\":{\"@id\":\"https:\/\/www.readforreal.com\/#website\"},\"datePublished\":\"2025-06-28T22:10:54+00:00\",\"dateModified\":\"2025-09-17T00:11:30+00:00\",\"breadcrumb\":{\"@id\":\"https:\/\/www.readforreal.com\/lt\/privatumo-politika\/#breadcrumb\"},\"inLanguage\":\"lt-LT\",\"potentialAction\":[{\"@type\":\"ReadAction\",\"target\":[\"https:\/\/www.readforreal.com\/lt\/privatumo-politika\/\"]}]},{\"@type\":\"BreadcrumbList\",\"@id\":\"https:\/\/www.readforreal.com\/lt\/privatumo-politika\/#breadcrumb\",\"itemListElement\":[{\"@type\":\"ListItem\",\"position\":1,\"name\":\"Home\",\"item\":\"https:\/\/www.readforreal.com\/lt\/skaitykite-is-tikruju\/\"},{\"@type\":\"ListItem\",\"position\":2,\"name\":\"Privatumo politika\"}]},{\"@type\":\"WebSite\",\"@id\":\"https:\/\/www.readforreal.com\/#website\",\"url\":\"https:\/\/www.readforreal.com\/\",\"name\":\"Read. For Real\",\"description\":\"European Authors Day 11.11-12.12.2026\",\"publisher\":{\"@id\":\"https:\/\/www.readforreal.com\/#organization\"},\"alternateName\":\"European Authors Day 11.11-12.12.2025\",\"potentialAction\":[{\"@type\":\"SearchAction\",\"target\":{\"@type\":\"EntryPoint\",\"urlTemplate\":\"https:\/\/www.readforreal.com\/?s={search_term_string}\"},\"query-input\":{\"@type\":\"PropertyValueSpecification\",\"valueRequired\":true,\"valueName\":\"search_term_string\"}}],\"inLanguage\":\"lt-LT\"},{\"@type\":\"Organization\",\"@id\":\"https:\/\/www.readforreal.com\/#organization\",\"name\":\"Fundacja Powszechnego Czytania\",\"url\":\"https:\/\/www.readforreal.com\/\",\"logo\":{\"@type\":\"ImageObject\",\"inLanguage\":\"lt-LT\",\"@id\":\"https:\/\/www.readforreal.com\/#\/schema\/logo\/image\/\",\"url\":\"https:\/\/www.readforreal.com\/wp-content\/uploads\/2025\/06\/RfR-logo-OK_1.png\",\"contentUrl\":\"https:\/\/www.readforreal.com\/wp-content\/uploads\/2025\/06\/RfR-logo-OK_1.png\",\"width\":1890,\"height\":1299,\"caption\":\"Fundacja Powszechnego Czytania\"},\"image\":{\"@id\":\"https:\/\/www.readforreal.com\/#\/schema\/logo\/image\/\"},\"sameAs\":[\"https:\/\/www.facebook.com\/read.forreal\",\"https:\/\/www.instagram.com\/read.forreal\/\"]}]}<\/script>\n<!-- \/ Yoast SEO plugin. -->","yoast_head_json":{"title":"Privatumo politika | Read. For Real","robots":{"index":"index","follow":"follow","max-snippet":"max-snippet:-1","max-image-preview":"max-image-preview:large","max-video-preview":"max-video-preview:-1"},"canonical":"https:\/\/www.readforreal.com\/lt\/privatumo-politika\/","og_locale":"lt_LT","og_type":"article","og_title":"Privatumo politika | Read. For Real","og_description":"1. Duomen\u0173 valdytojas J\u016bs\u0173 asmens duomen\u0173 valdytojas svetain\u0117je www.readforreal.com yra: Fundacja Powszechnego CzytaniaPrzyokopowa 3301-208 Var\u0161uva, Lenkijael. pa\u0161tas: sekretariat@fpc.org.pl D\u0117l bet koki\u0173 klausim\u0173, susijusi\u0173 su asmens duomen\u0173 tvarkymu, galite susisiekti su mumis auk\u0161\u010diau nurodytu el. pa\u0161tu arba pa\u0161tu Fondo registruotu adresu. 2. Duomen\u0173 tvarkymo apimtis ir tikslai Svetain\u0117 www.readforreal.com yra tik informacin\u0117 ir neleid\u017eia vartotojams registruotis, [&hellip;]","og_url":"https:\/\/www.readforreal.com\/lt\/privatumo-politika\/","og_site_name":"Read. For Real","article_publisher":"https:\/\/www.facebook.com\/read.forreal","article_modified_time":"2025-09-17T00:11:30+00:00","twitter_card":"summary_large_image","twitter_misc":{"Est. reading time":"3 minut\u0117s"},"schema":{"@context":"https:\/\/schema.org","@graph":[{"@type":"WebPage","@id":"https:\/\/www.readforreal.com\/lt\/privatumo-politika\/","url":"https:\/\/www.readforreal.com\/lt\/privatumo-politika\/","name":"Privatumo politika | Read. For Real","isPartOf":{"@id":"https:\/\/www.readforreal.com\/#website"},"datePublished":"2025-06-28T22:10:54+00:00","dateModified":"2025-09-17T00:11:30+00:00","breadcrumb":{"@id":"https:\/\/www.readforreal.com\/lt\/privatumo-politika\/#breadcrumb"},"inLanguage":"lt-LT","potentialAction":[{"@type":"ReadAction","target":["https:\/\/www.readforreal.com\/lt\/privatumo-politika\/"]}]},{"@type":"BreadcrumbList","@id":"https:\/\/www.readforreal.com\/lt\/privatumo-politika\/#breadcrumb","itemListElement":[{"@type":"ListItem","position":1,"name":"Home","item":"https:\/\/www.readforreal.com\/lt\/skaitykite-is-tikruju\/"},{"@type":"ListItem","position":2,"name":"Privatumo politika"}]},{"@type":"WebSite","@id":"https:\/\/www.readforreal.com\/#website","url":"https:\/\/www.readforreal.com\/","name":"Read. For Real","description":"European Authors Day 11.11-12.12.2026","publisher":{"@id":"https:\/\/www.readforreal.com\/#organization"},"alternateName":"European Authors Day 11.11-12.12.2025","potentialAction":[{"@type":"SearchAction","target":{"@type":"EntryPoint","urlTemplate":"https:\/\/www.readforreal.com\/?s={search_term_string}"},"query-input":{"@type":"PropertyValueSpecification","valueRequired":true,"valueName":"search_term_string"}}],"inLanguage":"lt-LT"},{"@type":"Organization","@id":"https:\/\/www.readforreal.com\/#organization","name":"Fundacja Powszechnego Czytania","url":"https:\/\/www.readforreal.com\/","logo":{"@type":"ImageObject","inLanguage":"lt-LT","@id":"https:\/\/www.readforreal.com\/#\/schema\/logo\/image\/","url":"https:\/\/www.readforreal.com\/wp-content\/uploads\/2025\/06\/RfR-logo-OK_1.png","contentUrl":"https:\/\/www.readforreal.com\/wp-content\/uploads\/2025\/06\/RfR-logo-OK_1.png","width":1890,"height":1299,"caption":"Fundacja Powszechnego Czytania"},"image":{"@id":"https:\/\/www.readforreal.com\/#\/schema\/logo\/image\/"},"sameAs":["https:\/\/www.facebook.com\/read.forreal","https:\/\/www.instagram.com\/read.forreal\/"]}]}},"_links":{"self":[{"href":"https:\/\/www.readforreal.com\/lt\/wp-json\/wp\/v2\/pages\/4842","targetHints":{"allow":["GET"]}}],"collection":[{"href":"https:\/\/www.readforreal.com\/lt\/wp-json\/wp\/v2\/pages"}],"about":[{"href":"https:\/\/www.readforreal.com\/lt\/wp-json\/wp\/v2\/types\/page"}],"author":[{"embeddable":true,"href":"https:\/\/www.readforreal.com\/lt\/wp-json\/wp\/v2\/users\/1"}],"replies":[{"embeddable":true,"href":"https:\/\/www.readforreal.com\/lt\/wp-json\/wp\/v2\/comments?post=4842"}],"version-history":[{"count":2,"href":"https:\/\/www.readforreal.com\/lt\/wp-json\/wp\/v2\/pages\/4842\/revisions"}],"predecessor-version":[{"id":9317,"href":"https:\/\/www.readforreal.com\/lt\/wp-json\/wp\/v2\/pages\/4842\/revisions\/9317"}],"wp:attachment":[{"href":"https:\/\/www.readforreal.com\/lt\/wp-json\/wp\/v2\/media?parent=4842"}],"curies":[{"name":"wp","href":"https:\/\/api.w.org\/{rel}","templated":true}]}}