{"id":4505,"date":"2025-06-29T00:49:48","date_gmt":"2025-06-28T22:49:48","guid":{"rendered":"https:\/\/www.readforreal.com\/svajone\/"},"modified":"2026-04-11T12:21:31","modified_gmt":"2026-04-11T10:21:31","slug":"svajone","status":"publish","type":"page","link":"https:\/\/www.readforreal.com\/lt\/svajone\/","title":{"rendered":"Apie"},"content":{"rendered":"\t\t<div data-elementor-type=\"wp-page\" data-elementor-id=\"4505\" class=\"elementor elementor-4505 elementor-11\" data-elementor-post-type=\"page\">\n\t\t\t\t<div class=\"elementor-element elementor-element-578f9e4 e-flex e-con-boxed e-con e-parent\" data-id=\"578f9e4\" data-element_type=\"container\">\n\t\t\t\t\t<div class=\"e-con-inner\">\n\t\t\t\t\t<\/div>\n\t\t\t\t<\/div>\n\t\t<div class=\"elementor-element elementor-element-d090375 e-flex e-con-boxed e-con e-parent\" data-id=\"d090375\" data-element_type=\"container\">\n\t\t\t\t\t<div class=\"e-con-inner\">\n\t\t<div class=\"elementor-element elementor-element-ab4a09a e-con-full e-flex e-con e-child\" data-id=\"ab4a09a\" data-element_type=\"container\">\n\t\t\t\t<div class=\"elementor-element elementor-element-b65b79d elementor-widget elementor-widget-image\" data-id=\"b65b79d\" data-element_type=\"widget\" data-widget_type=\"image.default\">\n\t\t\t\t<div class=\"elementor-widget-container\">\n\t\t\t\t\t\t\t\t\t\t\t\t\t\t\t<img fetchpriority=\"high\" decoding=\"async\" width=\"800\" height=\"1000\" src=\"https:\/\/www.readforreal.com\/wp-content\/uploads\/2026\/04\/1.about-vision-2025-819x1024.png\" class=\"attachment-large size-large wp-image-25803\" alt=\"\" srcset=\"https:\/\/www.readforreal.com\/wp-content\/uploads\/2026\/04\/1.about-vision-2025-819x1024.png 819w, https:\/\/www.readforreal.com\/wp-content\/uploads\/2026\/04\/1.about-vision-2025-240x300.png 240w, https:\/\/www.readforreal.com\/wp-content\/uploads\/2026\/04\/1.about-vision-2025-768x960.png 768w, https:\/\/www.readforreal.com\/wp-content\/uploads\/2026\/04\/1.about-vision-2025.png 1080w\" sizes=\"(max-width: 800px) 100vw, 800px\" \/>\t\t\t\t\t\t\t\t\t\t\t\t\t\t\t<\/div>\n\t\t\t\t<\/div>\n\t\t\t\t<\/div>\n\t\t<div class=\"elementor-element elementor-element-51b0db3 e-con-full e-flex e-con e-child\" data-id=\"51b0db3\" data-element_type=\"container\">\n\t\t\t\t<div class=\"elementor-element elementor-element-02062ea elementor-widget elementor-widget-heading\" data-id=\"02062ea\" data-element_type=\"widget\" data-widget_type=\"heading.default\">\n\t\t\t\t<div class=\"elementor-widget-container\">\n\t\t\t\t\t<h2 class=\"elementor-heading-title elementor-size-default\">Vizija<\/h2>\t\t\t\t<\/div>\n\t\t\t\t<\/div>\n\t\t\t\t<div class=\"elementor-element elementor-element-655bba0f elementor-widget elementor-widget-text-editor\" data-id=\"655bba0f\" data-element_type=\"widget\" data-widget_type=\"text-editor.default\">\n\t\t\t\t<div class=\"elementor-widget-container\">\n\t\t\t\t\t\t\t\t\t<p>M\u016bs\u0173 svajon\u0117 yra <b>Skaitanti Europa<\/b> \u2013 vieta, kur knygos yra kiekvienuose namuose, skaitymas aktyviai skatinamas vie\u0161osiose erdv\u0117se, o susitikimai su autoriais suburia Europos \u017emones \u012f d\u017eiaugsming\u0105 literat\u016bros \u0161vent\u0119.<\/p><p><strong>#EuropeanAuthorsDay #ReadForReal<\/strong><b> siekia ne tik \u0161v\u0119sti, bet ir kartu kurti renginius, erdves ir bendruomenes, kuriose ra\u0161ytojai, iliustruotojai, vert\u0117jai ir grafikos menininkai tampa mylimiems balsais ir \u012fkvepian\u010diais herojais vaikams ir jaunimui.<\/b><\/p>\t\t\t\t\t\t\t\t<\/div>\n\t\t\t\t<\/div>\n\t\t\t\t<\/div>\n\t\t\t\t\t<\/div>\n\t\t\t\t<\/div>\n\t\t<div class=\"elementor-element elementor-element-70c2e4c e-flex e-con-boxed e-con e-parent\" data-id=\"70c2e4c\" data-element_type=\"container\">\n\t\t\t\t\t<div class=\"e-con-inner\">\n\t\t\t\t<div class=\"elementor-element elementor-element-706a30b elementor-widget-divider--view-line elementor-widget elementor-widget-divider\" data-id=\"706a30b\" data-element_type=\"widget\" data-widget_type=\"divider.default\">\n\t\t\t\t<div class=\"elementor-widget-container\">\n\t\t\t\t\t\t\t<div class=\"elementor-divider\">\n\t\t\t<span class=\"elementor-divider-separator\">\n\t\t\t\t\t\t<\/span>\n\t\t<\/div>\n\t\t\t\t\t\t<\/div>\n\t\t\t\t<\/div>\n\t\t\t\t\t<\/div>\n\t\t\t\t<\/div>\n\t\t<div class=\"elementor-element elementor-element-52c478a e-flex e-con-boxed e-con e-parent\" data-id=\"52c478a\" data-element_type=\"container\">\n\t\t\t\t\t<div class=\"e-con-inner\">\n\t\t<div class=\"elementor-element elementor-element-67ffb0a e-con-full e-flex e-con e-child\" data-id=\"67ffb0a\" data-element_type=\"container\">\n\t\t\t\t<div class=\"elementor-element elementor-element-8eddbf6 elementor-widget elementor-widget-image\" data-id=\"8eddbf6\" data-element_type=\"widget\" data-widget_type=\"image.default\">\n\t\t\t\t<div class=\"elementor-widget-container\">\n\t\t\t\t\t\t\t\t\t\t\t\t\t\t\t<img decoding=\"async\" width=\"800\" height=\"800\" src=\"https:\/\/www.readforreal.com\/wp-content\/uploads\/2025\/08\/thedream_superheroes-1024x1024.png\" class=\"attachment-large size-large wp-image-4512\" alt=\"\" srcset=\"https:\/\/www.readforreal.com\/wp-content\/uploads\/2025\/08\/thedream_superheroes-1024x1024.png 1024w, https:\/\/www.readforreal.com\/wp-content\/uploads\/2025\/08\/thedream_superheroes-300x300.png 300w, https:\/\/www.readforreal.com\/wp-content\/uploads\/2025\/08\/thedream_superheroes-150x150.png 150w, https:\/\/www.readforreal.com\/wp-content\/uploads\/2025\/08\/thedream_superheroes-768x768.png 768w, https:\/\/www.readforreal.com\/wp-content\/uploads\/2025\/08\/thedream_superheroes-1536x1536.png 1536w, https:\/\/www.readforreal.com\/wp-content\/uploads\/2025\/08\/thedream_superheroes-2048x2048.png 2048w\" sizes=\"(max-width: 800px) 100vw, 800px\" \/>\t\t\t\t\t\t\t\t\t\t\t\t\t\t\t<\/div>\n\t\t\t\t<\/div>\n\t\t\t\t<\/div>\n\t\t<div class=\"elementor-element elementor-element-3bbcc74 e-con-full e-flex e-con e-child\" data-id=\"3bbcc74\" data-element_type=\"container\">\n\t\t\t\t<div class=\"elementor-element elementor-element-28bcb09 elementor-widget elementor-widget-heading\" data-id=\"28bcb09\" data-element_type=\"widget\" data-widget_type=\"heading.default\">\n\t\t\t\t<div class=\"elementor-widget-container\">\n\t\t\t\t\t<h2 class=\"elementor-heading-title elementor-size-default\">Autoriai yra superherojai<\/h2>\t\t\t\t<\/div>\n\t\t\t\t<\/div>\n\t\t\t\t<div class=\"elementor-element elementor-element-b4693ae elementor-widget elementor-widget-text-editor\" data-id=\"b4693ae\" data-element_type=\"widget\" data-widget_type=\"text-editor.default\">\n\t\t\t\t<div class=\"elementor-widget-container\">\n\t\t\t\t\t\t\t\t\t<p>K\u016brybi\u0161kumas yra esmin\u0117 \u017emogaus savyb\u0117, j\u0117ga, leid\u017eianti mums generuoti naujas id\u0117jas, sprendimus, produktus ir sistemas. I\u0161 \u0161ios perspektyvos knyg\u0173 autoriai &#8211; ra\u0161ytojai, iliustruotojai, grafikos dizaineriai ir vert\u0117jai &#8211; \u012fk\u016bnija pa\u010di\u0105 \u017emogaus esm\u0119&#8230; J\u0173 k\u016brybi\u0161kumo d\u0117ka mes randame \u012fkv\u0117pim\u0105 m\u0105styti, keistis ir tobul\u0117ti. Susitikimas su jais yra tarsi susitikimas su superherojais.   <\/p>\t\t\t\t\t\t\t\t<\/div>\n\t\t\t\t<\/div>\n\t\t\t\t<\/div>\n\t\t\t\t\t<\/div>\n\t\t\t\t<\/div>\n\t\t<div class=\"elementor-element elementor-element-40fcd64 e-flex e-con-boxed e-con e-parent\" data-id=\"40fcd64\" data-element_type=\"container\">\n\t\t\t\t\t<div class=\"e-con-inner\">\n\t\t\t\t<div class=\"elementor-element elementor-element-869bff5 elementor-widget-divider--view-line elementor-widget elementor-widget-divider\" data-id=\"869bff5\" data-element_type=\"widget\" data-widget_type=\"divider.default\">\n\t\t\t\t<div class=\"elementor-widget-container\">\n\t\t\t\t\t\t\t<div class=\"elementor-divider\">\n\t\t\t<span class=\"elementor-divider-separator\">\n\t\t\t\t\t\t<\/span>\n\t\t<\/div>\n\t\t\t\t\t\t<\/div>\n\t\t\t\t<\/div>\n\t\t\t\t\t<\/div>\n\t\t\t\t<\/div>\n\t\t<div class=\"elementor-element elementor-element-2f83b4c e-flex e-con-boxed e-con e-parent\" data-id=\"2f83b4c\" data-element_type=\"container\">\n\t\t\t\t\t<div class=\"e-con-inner\">\n\t\t<div class=\"elementor-element elementor-element-1aefe28 e-con-full e-flex e-con e-child\" data-id=\"1aefe28\" data-element_type=\"container\">\n\t\t<div class=\"elementor-element elementor-element-95e6a37 e-con-full e-flex e-con e-child\" data-id=\"95e6a37\" data-element_type=\"container\">\n\t\t\t\t<div class=\"elementor-element elementor-element-5bb611c elementor-widget elementor-widget-image\" data-id=\"5bb611c\" data-element_type=\"widget\" data-widget_type=\"image.default\">\n\t\t\t\t<div class=\"elementor-widget-container\">\n\t\t\t\t\t\t\t\t\t\t\t\t\t\t\t<img decoding=\"async\" width=\"800\" height=\"480\" src=\"https:\/\/www.readforreal.com\/wp-content\/uploads\/2025\/08\/thedream_reading-1024x614.png\" class=\"attachment-large size-large wp-image-4513\" alt=\"\" srcset=\"https:\/\/www.readforreal.com\/wp-content\/uploads\/2025\/08\/thedream_reading-1024x614.png 1024w, https:\/\/www.readforreal.com\/wp-content\/uploads\/2025\/08\/thedream_reading-300x180.png 300w, https:\/\/www.readforreal.com\/wp-content\/uploads\/2025\/08\/thedream_reading-768x460.png 768w, https:\/\/www.readforreal.com\/wp-content\/uploads\/2025\/08\/thedream_reading-1536x920.png 1536w, https:\/\/www.readforreal.com\/wp-content\/uploads\/2025\/08\/thedream_reading-2048x1227.png 2048w\" sizes=\"(max-width: 800px) 100vw, 800px\" \/>\t\t\t\t\t\t\t\t\t\t\t\t\t\t\t<\/div>\n\t\t\t\t<\/div>\n\t\t<div class=\"elementor-element elementor-element-6873fec e-con-full e-flex e-con e-child\" data-id=\"6873fec\" data-element_type=\"container\">\n\t\t\t\t<div class=\"elementor-element elementor-element-7b7826a elementor-widget elementor-widget-text-editor\" data-id=\"7b7826a\" data-element_type=\"widget\" data-widget_type=\"text-editor.default\">\n\t\t\t\t<div class=\"elementor-widget-container\">\n\t\t\t\t\t\t\t\t\t<p><strong>Su\u017einokite daugiau apie<\/strong><br><strong>skaitymo svarb\u0105.<\/strong><\/p>\t\t\t\t\t\t\t\t<\/div>\n\t\t\t\t<\/div>\n\t\t\t\t<div class=\"elementor-element elementor-element-2b21dc1 elementor-widget elementor-widget-button\" data-id=\"2b21dc1\" data-element_type=\"widget\" data-widget_type=\"button.default\">\n\t\t\t\t<div class=\"elementor-widget-container\">\n\t\t\t\t\t\t\t\t\t<div class=\"elementor-button-wrapper\">\n\t\t\t\t\t<a class=\"elementor-button elementor-button-link elementor-size-sm\" href=\"https:\/\/www.readforreal.com\/lt\/svajone\/irodymai\/\">\n\t\t\t\t\t\t<span class=\"elementor-button-content-wrapper\">\n\t\t\t\t\t\t\t\t\t<span class=\"elementor-button-text\">\u012erodymai<\/span>\n\t\t\t\t\t<\/span>\n\t\t\t\t\t<\/a>\n\t\t\t\t<\/div>\n\t\t\t\t\t\t\t\t<\/div>\n\t\t\t\t<\/div>\n\t\t\t\t<\/div>\n\t\t\t\t<\/div>\n\t\t<div class=\"elementor-element elementor-element-057e139 e-con-full e-flex e-con e-child\" data-id=\"057e139\" data-element_type=\"container\">\n\t\t\t\t<div class=\"elementor-element elementor-element-53523e1 elementor-widget elementor-widget-heading\" data-id=\"53523e1\" data-element_type=\"widget\" data-widget_type=\"heading.default\">\n\t\t\t\t<div class=\"elementor-widget-container\">\n\t\t\t\t\t<h2 class=\"elementor-heading-title elementor-size-default\">Kod\u0117l skaitymas yra svarbus?<\/h2>\t\t\t\t<\/div>\n\t\t\t\t<\/div>\n\t\t\t\t<div class=\"elementor-element elementor-element-9b27379 elementor-widget elementor-widget-text-editor\" data-id=\"9b27379\" data-element_type=\"widget\" data-widget_type=\"text-editor.default\">\n\t\t\t\t<div class=\"elementor-widget-container\">\n\t\t\t\t\t\t\t\t\t<p>Daugyb\u0117 tyrim\u0173 \u012fvairiose srityse, tokiose kaip psichologija, psicholingvistika, pediatrija, sociologija, neurologija, psichiatrija, \u0161vietimas ir ekonomika, bei institucijos (Oksfordas, Harvardo universitetas, PISA OECD, Bostono medicinos centras, UCLA, Sasekso universitetas, Ulmo universitetas ir daugelis kit\u0173) bendrai rodo, kad knyg\u0173 skaitymas ir kalb\u0117jimas nuo ankstyvo am\u017eiaus ugdo m\u016bs\u0173 kalbinius \u012fg\u016bd\u017eius, stiprina individual\u0173 psicho-fizin\u012f sveikat\u0105 ir gerov\u0119, taip pat gyvenimo s\u0117km\u0117s pagrind\u0105. Tai savo ruo\u017etu visuomen\u0117s lygmeniu virsta moksliniais ir ekonominiais pasiekimais, socialiniu kapitalu ir atsparesn\u0117mis demokratijomis. <\/p>\t\t\t\t\t\t\t\t<\/div>\n\t\t\t\t<\/div>\n\t\t\t\t<\/div>\n\t\t\t\t<\/div>\n\t\t\t\t\t<\/div>\n\t\t\t\t<\/div>\n\t\t<div class=\"elementor-element elementor-element-1027d02 e-flex e-con-boxed e-con e-parent\" data-id=\"1027d02\" data-element_type=\"container\">\n\t\t\t\t\t<div class=\"e-con-inner\">\n\t\t\t\t<div class=\"elementor-element elementor-element-282ee65 elementor-widget-divider--view-line elementor-widget elementor-widget-divider\" data-id=\"282ee65\" data-element_type=\"widget\" data-widget_type=\"divider.default\">\n\t\t\t\t<div class=\"elementor-widget-container\">\n\t\t\t\t\t\t\t<div class=\"elementor-divider\">\n\t\t\t<span class=\"elementor-divider-separator\">\n\t\t\t\t\t\t<\/span>\n\t\t<\/div>\n\t\t\t\t\t\t<\/div>\n\t\t\t\t<\/div>\n\t\t\t\t\t<\/div>\n\t\t\t\t<\/div>\n\t\t<div class=\"elementor-element elementor-element-2a75732 e-flex e-con-boxed e-con e-parent\" data-id=\"2a75732\" data-element_type=\"container\">\n\t\t\t\t\t<div class=\"e-con-inner\">\n\t\t<div class=\"elementor-element elementor-element-20165e6 e-con-full e-flex e-con e-child\" data-id=\"20165e6\" data-element_type=\"container\">\n\t\t\t\t<div class=\"elementor-element elementor-element-b29b5d7 elementor-widget elementor-widget-heading\" data-id=\"b29b5d7\" data-element_type=\"widget\" data-widget_type=\"heading.default\">\n\t\t\t\t<div class=\"elementor-widget-container\">\n\t\t\t\t\t<h2 class=\"elementor-heading-title elementor-size-default\">Prad\u017eia<\/h2>\t\t\t\t<\/div>\n\t\t\t\t<\/div>\n\t\t\t\t<div class=\"elementor-element elementor-element-cfa110b elementor-widget elementor-widget-text-editor\" data-id=\"cfa110b\" data-element_type=\"widget\" data-widget_type=\"text-editor.default\">\n\t\t\t\t<div class=\"elementor-widget-container\">\n\t\t\t\t\t\t\t\t\t<p><strong>Europos autori\u0173 diena <\/strong>buvo inicijuota Europos Komisijos 2023 m., o pirmuosius du jos leidimus koordinavo \u201eK\u016brybi\u0161kos Europos\u201c (Creative Europe) komanda. Esame pagerbti ir d\u0117kingi, kad m\u016bs\u0173 konsorciumas buvo pasirinktas t\u0119sti \u0161i\u0105 nuostabi\u0105 misij\u0105. <\/p><p><a class=\"link-orange\" href=\"https:\/\/www.readforreal.com\/lt\/svajone\/apie\/\">Su\u017einokite daugiau<\/a> apie partneri\u0173 organizacijas, vadovaujan\u010dias projektui.<\/p><p>Kvie\u010diame jus <a class=\"link-orange\" href=\"https:\/\/www.readforreal.com\/lt\/isitraukite\/\">\u012fsitraukti<\/a> \u2013 projektas atviras visiems.<\/p>\t\t\t\t\t\t\t\t<\/div>\n\t\t\t\t<\/div>\n\t\t\t\t<\/div>\n\t\t<div class=\"elementor-element elementor-element-18bba7b e-con-full e-flex e-con e-child\" data-id=\"18bba7b\" data-element_type=\"container\">\n\t\t\t\t<div class=\"elementor-element elementor-element-644dfb8 elementor-widget elementor-widget-image\" data-id=\"644dfb8\" data-element_type=\"widget\" data-widget_type=\"image.default\">\n\t\t\t\t<div class=\"elementor-widget-container\">\n\t\t\t\t\t\t\t\t\t\t\t\t\t\t\t<img loading=\"lazy\" decoding=\"async\" width=\"800\" height=\"842\" src=\"https:\/\/www.readforreal.com\/wp-content\/uploads\/2025\/08\/thedream_cofunded-1.png\" class=\"attachment-large size-large wp-image-4515\" alt=\"\" srcset=\"https:\/\/www.readforreal.com\/wp-content\/uploads\/2025\/08\/thedream_cofunded-1.png 899w, https:\/\/www.readforreal.com\/wp-content\/uploads\/2025\/08\/thedream_cofunded-1-285x300.png 285w, https:\/\/www.readforreal.com\/wp-content\/uploads\/2025\/08\/thedream_cofunded-1-768x808.png 768w\" sizes=\"(max-width: 800px) 100vw, 800px\" \/>\t\t\t\t\t\t\t\t\t\t\t\t\t\t\t<\/div>\n\t\t\t\t<\/div>\n\t\t\t\t<\/div>\n\t\t\t\t\t<\/div>\n\t\t\t\t<\/div>\n\t\t<div class=\"elementor-element elementor-element-0b86485 e-flex e-con-boxed e-con e-parent\" data-id=\"0b86485\" data-element_type=\"container\">\n\t\t\t\t\t<div class=\"e-con-inner\">\n\t\t\t\t<div class=\"elementor-element elementor-element-fcc7465 elementor-widget-divider--view-line elementor-widget elementor-widget-divider\" data-id=\"fcc7465\" data-element_type=\"widget\" data-widget_type=\"divider.default\">\n\t\t\t\t<div class=\"elementor-widget-container\">\n\t\t\t\t\t\t\t<div class=\"elementor-divider\">\n\t\t\t<span class=\"elementor-divider-separator\">\n\t\t\t\t\t\t<\/span>\n\t\t<\/div>\n\t\t\t\t\t\t<\/div>\n\t\t\t\t<\/div>\n\t\t\t\t\t<\/div>\n\t\t\t\t<\/div>\n\t\t<div class=\"elementor-element elementor-element-55041e0 e-flex e-con-boxed e-con e-parent\" data-id=\"55041e0\" data-element_type=\"container\">\n\t\t\t\t\t<div class=\"e-con-inner\">\n\t\t\t\t\t<\/div>\n\t\t\t\t<\/div>\n\t\t\t\t<\/div>\n\t\t","protected":false},"excerpt":{"rendered":"<p>Vizija M\u016bs\u0173 svajon\u0117 yra Skaitanti Europa \u2013 vieta, kur knygos yra kiekvienuose namuose, skaitymas aktyviai skatinamas vie\u0161osiose erdv\u0117se, o susitikimai su autoriais suburia Europos \u017emones \u012f d\u017eiaugsming\u0105 literat\u016bros \u0161vent\u0119. #EuropeanAuthorsDay #ReadForReal siekia ne tik \u0161v\u0119sti, bet ir kartu kurti renginius, erdves ir bendruomenes, kuriose ra\u0161ytojai, iliustruotojai, vert\u0117jai ir grafikos menininkai tampa mylimiems balsais ir \u012fkvepian\u010diais [&hellip;]<\/p>\n","protected":false},"author":1,"featured_media":0,"parent":0,"menu_order":0,"comment_status":"closed","ping_status":"closed","template":"elementor_header_footer","meta":{"footnotes":""},"class_list":["post-4505","page","type-page","status-publish","hentry"],"yoast_head":"<!-- This site is optimized with the Yoast SEO plugin v26.1.1 - https:\/\/yoast.com\/wordpress\/plugins\/seo\/ -->\n<title>Apie | Read. For Real<\/title>\n<meta name=\"robots\" content=\"index, follow, max-snippet:-1, max-image-preview:large, max-video-preview:-1\" \/>\n<link rel=\"canonical\" href=\"https:\/\/www.readforreal.com\/lt\/svajone\/\" \/>\n<meta property=\"og:locale\" content=\"lt_LT\" \/>\n<meta property=\"og:type\" content=\"article\" \/>\n<meta property=\"og:title\" content=\"Apie | Read. For Real\" \/>\n<meta property=\"og:description\" content=\"Vizija M\u016bs\u0173 svajon\u0117 yra Skaitanti Europa \u2013 vieta, kur knygos yra kiekvienuose namuose, skaitymas aktyviai skatinamas vie\u0161osiose erdv\u0117se, o susitikimai su autoriais suburia Europos \u017emones \u012f d\u017eiaugsming\u0105 literat\u016bros \u0161vent\u0119. #EuropeanAuthorsDay #ReadForReal siekia ne tik \u0161v\u0119sti, bet ir kartu kurti renginius, erdves ir bendruomenes, kuriose ra\u0161ytojai, iliustruotojai, vert\u0117jai ir grafikos menininkai tampa mylimiems balsais ir \u012fkvepian\u010diais [&hellip;]\" \/>\n<meta property=\"og:url\" content=\"https:\/\/www.readforreal.com\/lt\/svajone\/\" \/>\n<meta property=\"og:site_name\" content=\"Read. For Real\" \/>\n<meta property=\"article:publisher\" content=\"https:\/\/www.facebook.com\/read.forreal\" \/>\n<meta property=\"article:modified_time\" content=\"2026-04-11T10:21:31+00:00\" \/>\n<meta property=\"og:image\" content=\"https:\/\/www.readforreal.com\/wp-content\/uploads\/2026\/04\/1.about-vision-2025.png\" \/>\n\t<meta property=\"og:image:width\" content=\"1080\" \/>\n\t<meta property=\"og:image:height\" content=\"1350\" \/>\n\t<meta property=\"og:image:type\" content=\"image\/png\" \/>\n<meta name=\"twitter:card\" content=\"summary_large_image\" \/>\n<meta name=\"twitter:label1\" content=\"Est. reading time\" \/>\n\t<meta name=\"twitter:data1\" content=\"1 minut\u0117\" \/>\n<script type=\"application\/ld+json\" class=\"yoast-schema-graph\">{\"@context\":\"https:\/\/schema.org\",\"@graph\":[{\"@type\":\"WebPage\",\"@id\":\"https:\/\/www.readforreal.com\/lt\/svajone\/\",\"url\":\"https:\/\/www.readforreal.com\/lt\/svajone\/\",\"name\":\"Apie | Read. For Real\",\"isPartOf\":{\"@id\":\"https:\/\/www.readforreal.com\/#website\"},\"primaryImageOfPage\":{\"@id\":\"https:\/\/www.readforreal.com\/lt\/svajone\/#primaryimage\"},\"image\":{\"@id\":\"https:\/\/www.readforreal.com\/lt\/svajone\/#primaryimage\"},\"thumbnailUrl\":\"https:\/\/www.readforreal.com\/wp-content\/uploads\/2026\/04\/1.about-vision-2025-819x1024.png\",\"datePublished\":\"2025-06-28T22:49:48+00:00\",\"dateModified\":\"2026-04-11T10:21:31+00:00\",\"breadcrumb\":{\"@id\":\"https:\/\/www.readforreal.com\/lt\/svajone\/#breadcrumb\"},\"inLanguage\":\"lt-LT\",\"potentialAction\":[{\"@type\":\"ReadAction\",\"target\":[\"https:\/\/www.readforreal.com\/lt\/svajone\/\"]}]},{\"@type\":\"ImageObject\",\"inLanguage\":\"lt-LT\",\"@id\":\"https:\/\/www.readforreal.com\/lt\/svajone\/#primaryimage\",\"url\":\"https:\/\/www.readforreal.com\/wp-content\/uploads\/2026\/04\/1.about-vision-2025-819x1024.png\",\"contentUrl\":\"https:\/\/www.readforreal.com\/wp-content\/uploads\/2026\/04\/1.about-vision-2025-819x1024.png\"},{\"@type\":\"BreadcrumbList\",\"@id\":\"https:\/\/www.readforreal.com\/lt\/svajone\/#breadcrumb\",\"itemListElement\":[{\"@type\":\"ListItem\",\"position\":1,\"name\":\"Home\",\"item\":\"https:\/\/www.readforreal.com\/lt\/skaitykite-is-tikruju\/\"},{\"@type\":\"ListItem\",\"position\":2,\"name\":\"Apie\"}]},{\"@type\":\"WebSite\",\"@id\":\"https:\/\/www.readforreal.com\/#website\",\"url\":\"https:\/\/www.readforreal.com\/\",\"name\":\"Read. For Real\",\"description\":\"European Authors Day 11.11-12.12.2026\",\"publisher\":{\"@id\":\"https:\/\/www.readforreal.com\/#organization\"},\"alternateName\":\"European Authors Day 11.11-12.12.2025\",\"potentialAction\":[{\"@type\":\"SearchAction\",\"target\":{\"@type\":\"EntryPoint\",\"urlTemplate\":\"https:\/\/www.readforreal.com\/?s={search_term_string}\"},\"query-input\":{\"@type\":\"PropertyValueSpecification\",\"valueRequired\":true,\"valueName\":\"search_term_string\"}}],\"inLanguage\":\"lt-LT\"},{\"@type\":\"Organization\",\"@id\":\"https:\/\/www.readforreal.com\/#organization\",\"name\":\"Fundacja Powszechnego Czytania\",\"url\":\"https:\/\/www.readforreal.com\/\",\"logo\":{\"@type\":\"ImageObject\",\"inLanguage\":\"lt-LT\",\"@id\":\"https:\/\/www.readforreal.com\/#\/schema\/logo\/image\/\",\"url\":\"https:\/\/www.readforreal.com\/wp-content\/uploads\/2025\/06\/RfR-logo-OK_1.png\",\"contentUrl\":\"https:\/\/www.readforreal.com\/wp-content\/uploads\/2025\/06\/RfR-logo-OK_1.png\",\"width\":1890,\"height\":1299,\"caption\":\"Fundacja Powszechnego Czytania\"},\"image\":{\"@id\":\"https:\/\/www.readforreal.com\/#\/schema\/logo\/image\/\"},\"sameAs\":[\"https:\/\/www.facebook.com\/read.forreal\",\"https:\/\/www.instagram.com\/read.forreal\/\"]}]}<\/script>\n<!-- \/ Yoast SEO plugin. -->","yoast_head_json":{"title":"Apie | Read. For Real","robots":{"index":"index","follow":"follow","max-snippet":"max-snippet:-1","max-image-preview":"max-image-preview:large","max-video-preview":"max-video-preview:-1"},"canonical":"https:\/\/www.readforreal.com\/lt\/svajone\/","og_locale":"lt_LT","og_type":"article","og_title":"Apie | Read. For Real","og_description":"Vizija M\u016bs\u0173 svajon\u0117 yra Skaitanti Europa \u2013 vieta, kur knygos yra kiekvienuose namuose, skaitymas aktyviai skatinamas vie\u0161osiose erdv\u0117se, o susitikimai su autoriais suburia Europos \u017emones \u012f d\u017eiaugsming\u0105 literat\u016bros \u0161vent\u0119. #EuropeanAuthorsDay #ReadForReal siekia ne tik \u0161v\u0119sti, bet ir kartu kurti renginius, erdves ir bendruomenes, kuriose ra\u0161ytojai, iliustruotojai, vert\u0117jai ir grafikos menininkai tampa mylimiems balsais ir \u012fkvepian\u010diais [&hellip;]","og_url":"https:\/\/www.readforreal.com\/lt\/svajone\/","og_site_name":"Read. For Real","article_publisher":"https:\/\/www.facebook.com\/read.forreal","article_modified_time":"2026-04-11T10:21:31+00:00","og_image":[{"width":1080,"height":1350,"url":"https:\/\/www.readforreal.com\/wp-content\/uploads\/2026\/04\/1.about-vision-2025.png","type":"image\/png"}],"twitter_card":"summary_large_image","twitter_misc":{"Est. reading time":"1 minut\u0117"},"schema":{"@context":"https:\/\/schema.org","@graph":[{"@type":"WebPage","@id":"https:\/\/www.readforreal.com\/lt\/svajone\/","url":"https:\/\/www.readforreal.com\/lt\/svajone\/","name":"Apie | Read. For Real","isPartOf":{"@id":"https:\/\/www.readforreal.com\/#website"},"primaryImageOfPage":{"@id":"https:\/\/www.readforreal.com\/lt\/svajone\/#primaryimage"},"image":{"@id":"https:\/\/www.readforreal.com\/lt\/svajone\/#primaryimage"},"thumbnailUrl":"https:\/\/www.readforreal.com\/wp-content\/uploads\/2026\/04\/1.about-vision-2025-819x1024.png","datePublished":"2025-06-28T22:49:48+00:00","dateModified":"2026-04-11T10:21:31+00:00","breadcrumb":{"@id":"https:\/\/www.readforreal.com\/lt\/svajone\/#breadcrumb"},"inLanguage":"lt-LT","potentialAction":[{"@type":"ReadAction","target":["https:\/\/www.readforreal.com\/lt\/svajone\/"]}]},{"@type":"ImageObject","inLanguage":"lt-LT","@id":"https:\/\/www.readforreal.com\/lt\/svajone\/#primaryimage","url":"https:\/\/www.readforreal.com\/wp-content\/uploads\/2026\/04\/1.about-vision-2025-819x1024.png","contentUrl":"https:\/\/www.readforreal.com\/wp-content\/uploads\/2026\/04\/1.about-vision-2025-819x1024.png"},{"@type":"BreadcrumbList","@id":"https:\/\/www.readforreal.com\/lt\/svajone\/#breadcrumb","itemListElement":[{"@type":"ListItem","position":1,"name":"Home","item":"https:\/\/www.readforreal.com\/lt\/skaitykite-is-tikruju\/"},{"@type":"ListItem","position":2,"name":"Apie"}]},{"@type":"WebSite","@id":"https:\/\/www.readforreal.com\/#website","url":"https:\/\/www.readforreal.com\/","name":"Read. For Real","description":"European Authors Day 11.11-12.12.2026","publisher":{"@id":"https:\/\/www.readforreal.com\/#organization"},"alternateName":"European Authors Day 11.11-12.12.2025","potentialAction":[{"@type":"SearchAction","target":{"@type":"EntryPoint","urlTemplate":"https:\/\/www.readforreal.com\/?s={search_term_string}"},"query-input":{"@type":"PropertyValueSpecification","valueRequired":true,"valueName":"search_term_string"}}],"inLanguage":"lt-LT"},{"@type":"Organization","@id":"https:\/\/www.readforreal.com\/#organization","name":"Fundacja Powszechnego Czytania","url":"https:\/\/www.readforreal.com\/","logo":{"@type":"ImageObject","inLanguage":"lt-LT","@id":"https:\/\/www.readforreal.com\/#\/schema\/logo\/image\/","url":"https:\/\/www.readforreal.com\/wp-content\/uploads\/2025\/06\/RfR-logo-OK_1.png","contentUrl":"https:\/\/www.readforreal.com\/wp-content\/uploads\/2025\/06\/RfR-logo-OK_1.png","width":1890,"height":1299,"caption":"Fundacja Powszechnego Czytania"},"image":{"@id":"https:\/\/www.readforreal.com\/#\/schema\/logo\/image\/"},"sameAs":["https:\/\/www.facebook.com\/read.forreal","https:\/\/www.instagram.com\/read.forreal\/"]}]}},"_links":{"self":[{"href":"https:\/\/www.readforreal.com\/lt\/wp-json\/wp\/v2\/pages\/4505","targetHints":{"allow":["GET"]}}],"collection":[{"href":"https:\/\/www.readforreal.com\/lt\/wp-json\/wp\/v2\/pages"}],"about":[{"href":"https:\/\/www.readforreal.com\/lt\/wp-json\/wp\/v2\/types\/page"}],"author":[{"embeddable":true,"href":"https:\/\/www.readforreal.com\/lt\/wp-json\/wp\/v2\/users\/1"}],"replies":[{"embeddable":true,"href":"https:\/\/www.readforreal.com\/lt\/wp-json\/wp\/v2\/comments?post=4505"}],"version-history":[{"count":9,"href":"https:\/\/www.readforreal.com\/lt\/wp-json\/wp\/v2\/pages\/4505\/revisions"}],"predecessor-version":[{"id":26282,"href":"https:\/\/www.readforreal.com\/lt\/wp-json\/wp\/v2\/pages\/4505\/revisions\/26282"}],"wp:attachment":[{"href":"https:\/\/www.readforreal.com\/lt\/wp-json\/wp\/v2\/media?parent=4505"}],"curies":[{"name":"wp","href":"https:\/\/api.w.org\/{rel}","templated":true}]}}