{"id":17428,"date":"2025-09-01T00:11:13","date_gmt":"2025-08-31T22:11:13","guid":{"rendered":"https:\/\/www.readforreal.com\/daxistin\/senaryoyen-bi-zimane-te\/"},"modified":"2026-04-13T10:54:35","modified_gmt":"2026-04-13T08:54:35","slug":"senaryoyen-bi-zimane-te","status":"publish","type":"page","link":"https:\/\/www.readforreal.com\/ku\/daxistin\/senaryoyen-bi-zimane-te\/","title":{"rendered":"Senaryoy\u00ean bi ziman\u00ea te"},"content":{"rendered":"\t\t<div data-elementor-type=\"wp-page\" data-elementor-id=\"17428\" class=\"elementor elementor-17428 elementor-8176\" data-elementor-post-type=\"page\">\n\t\t\t\t<div class=\"elementor-element elementor-element-172e52ad e-flex e-con-boxed e-con e-parent\" data-id=\"172e52ad\" data-element_type=\"container\">\n\t\t\t\t\t<div class=\"e-con-inner\">\n\t\t\t\t\t<\/div>\n\t\t\t\t<\/div>\n\t\t<div class=\"elementor-element elementor-element-2ff452f e-flex e-con-boxed e-con e-parent\" data-id=\"2ff452f\" data-element_type=\"container\">\n\t\t\t\t\t<div class=\"e-con-inner\">\n\t\t\t\t<div class=\"elementor-element elementor-element-0894ee5 elementor-widget-divider--view-line elementor-widget elementor-widget-divider\" data-id=\"0894ee5\" data-element_type=\"widget\" data-widget_type=\"divider.default\">\n\t\t\t\t<div class=\"elementor-widget-container\">\n\t\t\t\t\t\t\t<div class=\"elementor-divider\">\n\t\t\t<span class=\"elementor-divider-separator\">\n\t\t\t\t\t\t<\/span>\n\t\t<\/div>\n\t\t\t\t\t\t<\/div>\n\t\t\t\t<\/div>\n\t\t\t\t\t<\/div>\n\t\t\t\t<\/div>\n\t\t<div class=\"elementor-element elementor-element-5d84fed e-flex e-con-boxed e-con e-parent\" data-id=\"5d84fed\" data-element_type=\"container\">\n\t\t\t\t\t<div class=\"e-con-inner\">\n\t\t\t\t<div class=\"elementor-element elementor-element-2fa8d66 elementor-widget elementor-widget-text-editor\" data-id=\"2fa8d66\" data-element_type=\"widget\" data-widget_type=\"text-editor.default\">\n\t\t\t\t<div class=\"elementor-widget-container\">\n\t\t\t\t\t\t\t\t\t<p><a href=\"https:\/\/www.readforreal.com\/download-files\/scenarios\/ALBANIA%20ZIP.zip\">Alban\u00ee<\/a><\/p><p><a href=\"https:\/\/www.readforreal.com\/download-files\/scenarios\/BULGARIA%20ZIP.zip\">B\u00fblgar\u00ee<\/a><\/p><p><a href=\"https:\/\/www.readforreal.com\/download-files\/scenarios\/CROATIA%20ZIP.zip\">Xirwat\u00ee<\/a><\/p><p><a href=\"https:\/\/www.readforreal.com\/download-files\/scenarios\/DENMARK%20ZIP.zip\">Dan\u00eemark\u00ee<\/a><\/p><p><a href=\"https:\/\/www.readforreal.com\/download-files\/scenarios\/ESTONIA%20ZIP.zip\">Eston\u00ee<\/a><\/p><p><a href=\"https:\/\/www.readforreal.com\/download-files\/scenarios\/FINLAND%20ZIP.zip\">F\u00eenland\u00ee<\/a><\/p><p><a href=\"https:\/\/www.readforreal.com\/download-files\/scenarios\/FLANDERS%20ZIP.zip\">Flaman\u00ee<\/a><\/p><p><a href=\"https:\/\/www.readforreal.com\/download-files\/scenarios\/FRANCE%20ZIP.zip\">Frans\u00ee<\/a><\/p><p><a href=\"https:\/\/www.readforreal.com\/download-files\/scenarios\/GEORGIA.zip\">Gurc\u00ee<\/a><\/p><p><a href=\"https:\/\/www.readforreal.com\/download-files\/scenarios\/GERMANY%20ZIP.zip\">Alman\u00ee<\/a><\/p><p><a href=\"https:\/\/www.readforreal.com\/download-files\/scenarios\/GREECE.zip\">Yewnan\u00ee<\/a><\/p><p><a href=\"https:\/\/www.readforreal.com\/download-files\/scenarios\/HUNGARY%20ZIP.zip\">Macar\u00ee<\/a><\/p><p><a href=\"https:\/\/www.readforreal.com\/download-files\/scenarios\/ICELAND%20ZIP.zip\">\u00cezland\u00ee<\/a><\/p><p><a href=\"https:\/\/www.readforreal.com\/download-files\/scenarios\/english.zip\">Irland\u00ee<\/a><\/p><p><a href=\"https:\/\/www.readforreal.com\/download-files\/scenarios\/ITALY%20ZIP.zip\">\u00cetal\u00ee<\/a><\/p><p><a href=\"https:\/\/www.readforreal.com\/download-files\/scenarios\/LATVIA%20ZIP.zip\">Leton\u00ee<\/a><\/p><p><a href=\"https:\/\/www.readforreal.com\/download-files\/scenarios\/LITHUANIA%20ZIP.zip\">L\u00eetvanyay\u00ee<\/a><\/p><p><a href=\"https:\/\/www.readforreal.com\/download-files\/scenarios\/MALTA%20ZIP.zip\">Maltez\u00ee<\/a><\/p><p><a href=\"https:\/\/www.readforreal.com\/download-files\/scenarios\/MONTENEGRO%20ZIP.zip\">Montenegr\u00een\u00ee<\/a><\/p><p><a href=\"https:\/\/www.readforreal.com\/download-files\/scenarios\/NORTH%20MACEDONIA%20ZIP.zip\">Makedonyaya Bakur<\/a><\/p><p><a href=\"https:\/\/www.readforreal.com\/download-files\/scenarios\/POLAND%20ZIP.zip\">Poland\u00ee<\/a><\/p><p><a href=\"https:\/\/www.readforreal.com\/download-files\/scenarios\/PORTUGAL%20ZIP.zip\">Portekiz\u00ee<\/a><\/p><p><a href=\"https:\/\/www.readforreal.com\/download-files\/scenarios\/ROMANIA%20ZIP.zip\">Romanyay\u00ee<\/a><\/p><p><a href=\"https:\/\/www.readforreal.com\/download-files\/scenarios\/SERBIA%20ZIP.zip\">Sirb\u00ee<\/a><\/p><p><a href=\"https:\/\/www.readforreal.com\/download-files\/scenarios\/SLOVAKIA%20ZIP.zip\">Slovak\u00ee<\/a><\/p><p><a href=\"https:\/\/www.readforreal.com\/download-files\/scenarios\/SLOVENIA%20ZIP.zip\">Sloven\u00ee<\/a><\/p><p><a href=\"https:\/\/www.readforreal.com\/download-files\/scenarios\/SPAIN%20ZIP.zip\">\u00cespanyol\u00ee<\/a><\/p><p><a href=\"https:\/\/www.readforreal.com\/download-files\/scenarios\/SWEDEN%20ZIP.zip\">Sw\u00ead\u00ee<\/a><\/p><p><a href=\"https:\/\/www.readforreal.com\/download-files\/scenarios\/THE%20CZECH%20REPUBLIC%20ZIP.zip\">\u00c7ek\u00ee<\/a><\/p><p><a href=\"https:\/\/www.readforreal.com\/download-files\/scenarios\/THE%20NETHERLANDS%20ZIP.zip\">Holand\u00ee<\/a><\/p><p><a href=\"https:\/\/www.readforreal.com\/download-files\/scenarios\/TURKEY%20ZIP.zip\">Tirk\u00ee<\/a><\/p><p><a href=\"https:\/\/www.readforreal.com\/download-files\/scenarios\/UKRAINE%20ZIP.zip\">\u00dbkrayn\u00ee<\/a><\/p>\t\t\t\t\t\t\t\t<\/div>\n\t\t\t\t<\/div>\n\t\t\t\t<div class=\"elementor-element elementor-element-cd318ed elementor-widget elementor-widget-image\" data-id=\"cd318ed\" data-element_type=\"widget\" data-widget_type=\"image.default\">\n\t\t\t\t<div class=\"elementor-widget-container\">\n\t\t\t\t\t\t\t\t\t\t\t\t\t\t\t<img fetchpriority=\"high\" decoding=\"async\" width=\"800\" height=\"600\" src=\"https:\/\/www.readforreal.com\/wp-content\/uploads\/2025\/08\/home_organizers-1024x768.png\" class=\"attachment-large size-large wp-image-17035\" alt=\"\" srcset=\"https:\/\/www.readforreal.com\/wp-content\/uploads\/2025\/08\/home_organizers-1024x768.png 1024w, https:\/\/www.readforreal.com\/wp-content\/uploads\/2025\/08\/home_organizers-300x225.png 300w, https:\/\/www.readforreal.com\/wp-content\/uploads\/2025\/08\/home_organizers-768x576.png 768w, https:\/\/www.readforreal.com\/wp-content\/uploads\/2025\/08\/home_organizers.png 1200w\" sizes=\"(max-width: 800px) 100vw, 800px\" \/>\t\t\t\t\t\t\t\t\t\t\t\t\t\t\t<\/div>\n\t\t\t\t<\/div>\n\t\t\t\t\t<\/div>\n\t\t\t\t<\/div>\n\t\t<div class=\"elementor-element elementor-element-3f0c9cb e-flex e-con-boxed e-con e-parent\" data-id=\"3f0c9cb\" data-element_type=\"container\">\n\t\t\t\t\t<div class=\"e-con-inner\">\n\t\t\t\t<div class=\"elementor-element elementor-element-6dadb98 elementor-widget-divider--view-line elementor-widget elementor-widget-divider\" data-id=\"6dadb98\" data-element_type=\"widget\" data-widget_type=\"divider.default\">\n\t\t\t\t<div class=\"elementor-widget-container\">\n\t\t\t\t\t\t\t<div class=\"elementor-divider\">\n\t\t\t<span class=\"elementor-divider-separator\">\n\t\t\t\t\t\t<\/span>\n\t\t<\/div>\n\t\t\t\t\t\t<\/div>\n\t\t\t\t<\/div>\n\t\t\t\t\t<\/div>\n\t\t\t\t<\/div>\n\t\t\t\t<\/div>\n\t\t","protected":false},"excerpt":{"rendered":"<p>Alban\u00ee B\u00fblgar\u00ee Xirwat\u00ee Dan\u00eemark\u00ee Eston\u00ee F\u00eenland\u00ee Flaman\u00ee Frans\u00ee Gurc\u00ee Alman\u00ee Yewnan\u00ee Macar\u00ee \u00cezland\u00ee Irland\u00ee \u00cetal\u00ee Leton\u00ee L\u00eetvanyay\u00ee Maltez\u00ee Montenegr\u00een\u00ee Makedonyaya Bakur Poland\u00ee Portekiz\u00ee Romanyay\u00ee Sirb\u00ee Slovak\u00ee Sloven\u00ee \u00cespanyol\u00ee Sw\u00ead\u00ee \u00c7ek\u00ee Holand\u00ee Tirk\u00ee \u00dbkrayn\u00ee<\/p>\n","protected":false},"author":1,"featured_media":0,"parent":17043,"menu_order":0,"comment_status":"closed","ping_status":"closed","template":"","meta":{"footnotes":""},"class_list":["post-17428","page","type-page","status-publish","hentry"],"yoast_head":"<!-- This site is optimized with the Yoast SEO plugin v26.1.1 - https:\/\/yoast.com\/wordpress\/plugins\/seo\/ -->\n<title>Senaryoy\u00ean bi ziman\u00ea te | Read. For Real<\/title>\n<meta name=\"robots\" content=\"index, follow, max-snippet:-1, max-image-preview:large, max-video-preview:-1\" \/>\n<link rel=\"canonical\" href=\"https:\/\/www.readforreal.com\/ku\/daxistin\/senaryoyen-bi-zimane-te\/\" \/>\n<meta property=\"og:locale\" content=\"en_US\" \/>\n<meta property=\"og:type\" content=\"article\" \/>\n<meta property=\"og:title\" content=\"Senaryoy\u00ean bi ziman\u00ea te | Read. For Real\" \/>\n<meta property=\"og:description\" content=\"Alban\u00ee B\u00fblgar\u00ee Xirwat\u00ee Dan\u00eemark\u00ee Eston\u00ee F\u00eenland\u00ee Flaman\u00ee Frans\u00ee Gurc\u00ee Alman\u00ee Yewnan\u00ee Macar\u00ee \u00cezland\u00ee Irland\u00ee \u00cetal\u00ee Leton\u00ee L\u00eetvanyay\u00ee Maltez\u00ee Montenegr\u00een\u00ee Makedonyaya Bakur Poland\u00ee Portekiz\u00ee Romanyay\u00ee Sirb\u00ee Slovak\u00ee Sloven\u00ee \u00cespanyol\u00ee Sw\u00ead\u00ee \u00c7ek\u00ee Holand\u00ee Tirk\u00ee \u00dbkrayn\u00ee\" \/>\n<meta property=\"og:url\" content=\"https:\/\/www.readforreal.com\/ku\/daxistin\/senaryoyen-bi-zimane-te\/\" \/>\n<meta property=\"og:site_name\" content=\"Read. For Real\" \/>\n<meta property=\"article:publisher\" content=\"https:\/\/www.facebook.com\/read.forreal\" \/>\n<meta property=\"article:modified_time\" content=\"2026-04-13T08:54:35+00:00\" \/>\n<meta property=\"og:image\" content=\"https:\/\/www.readforreal.com\/wp-content\/uploads\/2025\/08\/home_organizers.png\" \/>\n\t<meta property=\"og:image:width\" content=\"1200\" \/>\n\t<meta property=\"og:image:height\" content=\"900\" \/>\n\t<meta property=\"og:image:type\" content=\"image\/png\" \/>\n<meta name=\"twitter:card\" content=\"summary_large_image\" \/>\n<script type=\"application\/ld+json\" class=\"yoast-schema-graph\">{\"@context\":\"https:\/\/schema.org\",\"@graph\":[{\"@type\":\"WebPage\",\"@id\":\"https:\/\/www.readforreal.com\/ku\/daxistin\/senaryoyen-bi-zimane-te\/\",\"url\":\"https:\/\/www.readforreal.com\/ku\/daxistin\/senaryoyen-bi-zimane-te\/\",\"name\":\"Senaryoy\u00ean bi ziman\u00ea te | Read. For Real\",\"isPartOf\":{\"@id\":\"https:\/\/www.readforreal.com\/#website\"},\"primaryImageOfPage\":{\"@id\":\"https:\/\/www.readforreal.com\/ku\/daxistin\/senaryoyen-bi-zimane-te\/#primaryimage\"},\"image\":{\"@id\":\"https:\/\/www.readforreal.com\/ku\/daxistin\/senaryoyen-bi-zimane-te\/#primaryimage\"},\"thumbnailUrl\":\"https:\/\/www.readforreal.com\/wp-content\/uploads\/2025\/08\/home_organizers-1024x768.png\",\"datePublished\":\"2025-08-31T22:11:13+00:00\",\"dateModified\":\"2026-04-13T08:54:35+00:00\",\"breadcrumb\":{\"@id\":\"https:\/\/www.readforreal.com\/ku\/daxistin\/senaryoyen-bi-zimane-te\/#breadcrumb\"},\"inLanguage\":\"ckb\",\"potentialAction\":[{\"@type\":\"ReadAction\",\"target\":[\"https:\/\/www.readforreal.com\/ku\/daxistin\/senaryoyen-bi-zimane-te\/\"]}]},{\"@type\":\"ImageObject\",\"inLanguage\":\"ckb\",\"@id\":\"https:\/\/www.readforreal.com\/ku\/daxistin\/senaryoyen-bi-zimane-te\/#primaryimage\",\"url\":\"https:\/\/www.readforreal.com\/wp-content\/uploads\/2025\/08\/home_organizers-1024x768.png\",\"contentUrl\":\"https:\/\/www.readforreal.com\/wp-content\/uploads\/2025\/08\/home_organizers-1024x768.png\"},{\"@type\":\"BreadcrumbList\",\"@id\":\"https:\/\/www.readforreal.com\/ku\/daxistin\/senaryoyen-bi-zimane-te\/#breadcrumb\",\"itemListElement\":[{\"@type\":\"ListItem\",\"position\":1,\"name\":\"Home\",\"item\":\"https:\/\/www.readforreal.com\/ku\/bixwine-bi-rasti\/\"},{\"@type\":\"ListItem\",\"position\":2,\"name\":\"Daxistin\",\"item\":\"https:\/\/www.readforreal.com\/ku\/daxistin\/\"},{\"@type\":\"ListItem\",\"position\":3,\"name\":\"Senaryoy\u00ean bi ziman\u00ea te\"}]},{\"@type\":\"WebSite\",\"@id\":\"https:\/\/www.readforreal.com\/#website\",\"url\":\"https:\/\/www.readforreal.com\/\",\"name\":\"Read. For Real\",\"description\":\"European Authors Day 11.11-12.12.2026\",\"publisher\":{\"@id\":\"https:\/\/www.readforreal.com\/#organization\"},\"alternateName\":\"European Authors Day 11.11-12.12.2025\",\"potentialAction\":[{\"@type\":\"SearchAction\",\"target\":{\"@type\":\"EntryPoint\",\"urlTemplate\":\"https:\/\/www.readforreal.com\/?s={search_term_string}\"},\"query-input\":{\"@type\":\"PropertyValueSpecification\",\"valueRequired\":true,\"valueName\":\"search_term_string\"}}],\"inLanguage\":\"ckb\"},{\"@type\":\"Organization\",\"@id\":\"https:\/\/www.readforreal.com\/#organization\",\"name\":\"Fundacja Powszechnego Czytania\",\"url\":\"https:\/\/www.readforreal.com\/\",\"logo\":{\"@type\":\"ImageObject\",\"inLanguage\":\"ckb\",\"@id\":\"https:\/\/www.readforreal.com\/#\/schema\/logo\/image\/\",\"url\":\"https:\/\/www.readforreal.com\/wp-content\/uploads\/2025\/06\/RfR-logo-OK_1.png\",\"contentUrl\":\"https:\/\/www.readforreal.com\/wp-content\/uploads\/2025\/06\/RfR-logo-OK_1.png\",\"width\":1890,\"height\":1299,\"caption\":\"Fundacja Powszechnego Czytania\"},\"image\":{\"@id\":\"https:\/\/www.readforreal.com\/#\/schema\/logo\/image\/\"},\"sameAs\":[\"https:\/\/www.facebook.com\/read.forreal\",\"https:\/\/www.instagram.com\/read.forreal\/\"]}]}<\/script>\n<!-- \/ Yoast SEO plugin. -->","yoast_head_json":{"title":"Senaryoy\u00ean bi ziman\u00ea te | Read. For Real","robots":{"index":"index","follow":"follow","max-snippet":"max-snippet:-1","max-image-preview":"max-image-preview:large","max-video-preview":"max-video-preview:-1"},"canonical":"https:\/\/www.readforreal.com\/ku\/daxistin\/senaryoyen-bi-zimane-te\/","og_locale":"en_US","og_type":"article","og_title":"Senaryoy\u00ean bi ziman\u00ea te | Read. For Real","og_description":"Alban\u00ee B\u00fblgar\u00ee Xirwat\u00ee Dan\u00eemark\u00ee Eston\u00ee F\u00eenland\u00ee Flaman\u00ee Frans\u00ee Gurc\u00ee Alman\u00ee Yewnan\u00ee Macar\u00ee \u00cezland\u00ee Irland\u00ee \u00cetal\u00ee Leton\u00ee L\u00eetvanyay\u00ee Maltez\u00ee Montenegr\u00een\u00ee Makedonyaya Bakur Poland\u00ee Portekiz\u00ee Romanyay\u00ee Sirb\u00ee Slovak\u00ee Sloven\u00ee \u00cespanyol\u00ee Sw\u00ead\u00ee \u00c7ek\u00ee Holand\u00ee Tirk\u00ee \u00dbkrayn\u00ee","og_url":"https:\/\/www.readforreal.com\/ku\/daxistin\/senaryoyen-bi-zimane-te\/","og_site_name":"Read. For Real","article_publisher":"https:\/\/www.facebook.com\/read.forreal","article_modified_time":"2026-04-13T08:54:35+00:00","og_image":[{"width":1200,"height":900,"url":"https:\/\/www.readforreal.com\/wp-content\/uploads\/2025\/08\/home_organizers.png","type":"image\/png"}],"twitter_card":"summary_large_image","schema":{"@context":"https:\/\/schema.org","@graph":[{"@type":"WebPage","@id":"https:\/\/www.readforreal.com\/ku\/daxistin\/senaryoyen-bi-zimane-te\/","url":"https:\/\/www.readforreal.com\/ku\/daxistin\/senaryoyen-bi-zimane-te\/","name":"Senaryoy\u00ean bi ziman\u00ea te | Read. For Real","isPartOf":{"@id":"https:\/\/www.readforreal.com\/#website"},"primaryImageOfPage":{"@id":"https:\/\/www.readforreal.com\/ku\/daxistin\/senaryoyen-bi-zimane-te\/#primaryimage"},"image":{"@id":"https:\/\/www.readforreal.com\/ku\/daxistin\/senaryoyen-bi-zimane-te\/#primaryimage"},"thumbnailUrl":"https:\/\/www.readforreal.com\/wp-content\/uploads\/2025\/08\/home_organizers-1024x768.png","datePublished":"2025-08-31T22:11:13+00:00","dateModified":"2026-04-13T08:54:35+00:00","breadcrumb":{"@id":"https:\/\/www.readforreal.com\/ku\/daxistin\/senaryoyen-bi-zimane-te\/#breadcrumb"},"inLanguage":"ckb","potentialAction":[{"@type":"ReadAction","target":["https:\/\/www.readforreal.com\/ku\/daxistin\/senaryoyen-bi-zimane-te\/"]}]},{"@type":"ImageObject","inLanguage":"ckb","@id":"https:\/\/www.readforreal.com\/ku\/daxistin\/senaryoyen-bi-zimane-te\/#primaryimage","url":"https:\/\/www.readforreal.com\/wp-content\/uploads\/2025\/08\/home_organizers-1024x768.png","contentUrl":"https:\/\/www.readforreal.com\/wp-content\/uploads\/2025\/08\/home_organizers-1024x768.png"},{"@type":"BreadcrumbList","@id":"https:\/\/www.readforreal.com\/ku\/daxistin\/senaryoyen-bi-zimane-te\/#breadcrumb","itemListElement":[{"@type":"ListItem","position":1,"name":"Home","item":"https:\/\/www.readforreal.com\/ku\/bixwine-bi-rasti\/"},{"@type":"ListItem","position":2,"name":"Daxistin","item":"https:\/\/www.readforreal.com\/ku\/daxistin\/"},{"@type":"ListItem","position":3,"name":"Senaryoy\u00ean bi ziman\u00ea te"}]},{"@type":"WebSite","@id":"https:\/\/www.readforreal.com\/#website","url":"https:\/\/www.readforreal.com\/","name":"Read. For Real","description":"European Authors Day 11.11-12.12.2026","publisher":{"@id":"https:\/\/www.readforreal.com\/#organization"},"alternateName":"European Authors Day 11.11-12.12.2025","potentialAction":[{"@type":"SearchAction","target":{"@type":"EntryPoint","urlTemplate":"https:\/\/www.readforreal.com\/?s={search_term_string}"},"query-input":{"@type":"PropertyValueSpecification","valueRequired":true,"valueName":"search_term_string"}}],"inLanguage":"ckb"},{"@type":"Organization","@id":"https:\/\/www.readforreal.com\/#organization","name":"Fundacja Powszechnego Czytania","url":"https:\/\/www.readforreal.com\/","logo":{"@type":"ImageObject","inLanguage":"ckb","@id":"https:\/\/www.readforreal.com\/#\/schema\/logo\/image\/","url":"https:\/\/www.readforreal.com\/wp-content\/uploads\/2025\/06\/RfR-logo-OK_1.png","contentUrl":"https:\/\/www.readforreal.com\/wp-content\/uploads\/2025\/06\/RfR-logo-OK_1.png","width":1890,"height":1299,"caption":"Fundacja Powszechnego Czytania"},"image":{"@id":"https:\/\/www.readforreal.com\/#\/schema\/logo\/image\/"},"sameAs":["https:\/\/www.facebook.com\/read.forreal","https:\/\/www.instagram.com\/read.forreal\/"]}]}},"_links":{"self":[{"href":"https:\/\/www.readforreal.com\/ku\/wp-json\/wp\/v2\/pages\/17428","targetHints":{"allow":["GET"]}}],"collection":[{"href":"https:\/\/www.readforreal.com\/ku\/wp-json\/wp\/v2\/pages"}],"about":[{"href":"https:\/\/www.readforreal.com\/ku\/wp-json\/wp\/v2\/types\/page"}],"author":[{"embeddable":true,"href":"https:\/\/www.readforreal.com\/ku\/wp-json\/wp\/v2\/users\/1"}],"replies":[{"embeddable":true,"href":"https:\/\/www.readforreal.com\/ku\/wp-json\/wp\/v2\/comments?post=17428"}],"version-history":[{"count":2,"href":"https:\/\/www.readforreal.com\/ku\/wp-json\/wp\/v2\/pages\/17428\/revisions"}],"predecessor-version":[{"id":26922,"href":"https:\/\/www.readforreal.com\/ku\/wp-json\/wp\/v2\/pages\/17428\/revisions\/26922"}],"up":[{"embeddable":true,"href":"https:\/\/www.readforreal.com\/ku\/wp-json\/wp\/v2\/pages\/17043"}],"wp:attachment":[{"href":"https:\/\/www.readforreal.com\/ku\/wp-json\/wp\/v2\/media?parent=17428"}],"curies":[{"name":"wp","href":"https:\/\/api.w.org\/{rel}","templated":true}]}}