{"id":17235,"date":"2025-06-29T00:10:54","date_gmt":"2025-06-28T22:10:54","guid":{"rendered":"https:\/\/www.readforreal.com\/siyaseta-taybetitiye\/"},"modified":"2025-11-06T23:55:00","modified_gmt":"2025-11-06T22:55:00","slug":"siyaseta-taybetitiye","status":"publish","type":"page","link":"https:\/\/www.readforreal.com\/ku\/siyaseta-taybetitiye\/","title":{"rendered":"Siyaseta Taybet\u00eetiy\u00ea"},"content":{"rendered":"\t\t<div data-elementor-type=\"wp-page\" data-elementor-id=\"17235\" class=\"elementor elementor-17235 elementor-3\" data-elementor-post-type=\"page\">\n\t\t\t\t<div class=\"elementor-element elementor-element-726f90a3 e-flex e-con-boxed e-con e-parent\" data-id=\"726f90a3\" data-element_type=\"container\">\n\t\t\t\t\t<div class=\"e-con-inner\">\n\t\t\t\t\t<\/div>\n\t\t\t\t<\/div>\n\t\t<div class=\"elementor-element elementor-element-57caaef1 e-flex e-con-boxed e-con e-parent\" data-id=\"57caaef1\" data-element_type=\"container\">\n\t\t\t\t\t<div class=\"e-con-inner\">\n\t\t\t\t<div class=\"elementor-element elementor-element-5352cfaa elementor-widget elementor-widget-text-editor\" data-id=\"5352cfaa\" data-element_type=\"widget\" data-widget_type=\"text-editor.default\">\n\t\t\t\t<div class=\"elementor-widget-container\">\n\t\t\t\t\t\t\t\t\t<h2>1. Kontrolker\u00ea Daneyan<\/h2><p>Kontrolker\u00ea daney\u00ean we y\u00ean kesane li ser malpera <strong>www.readforreal.com<\/strong> ev e:<\/p><p><strong>Fundacja Powszechnego Czytania<\/strong><br> Przyokopowa 33<br> 01-208 Var\u015fova, Polonya<br> e-name: <a href=\"mailto:sekretariat@fpc.org.pl\">sekretariat@fpc.org.pl<\/a><\/p><p>Ji bo her pirsek t\u00eakildar\u00ee p\u00eavajoya daney\u00ean kesane, h\u00fbn dikarin bi r\u00eaya e-nameya jor\u00een an j\u00ee bi r\u00eaya postey\u00ea li navn\u00ee\u015fana qeydkir\u00ee ya Weqf\u00ea bi me re t\u00eakil\u00ee daynin.<\/p><h2>2. Berfireh\u00ee \u00fb Armanc\u00ean P\u00eavajoya Daneyan<\/h2><p>Malpera <strong>www.readforreal.com<\/strong> bi ten\u00ea agahdar\u00ee ye \u00fb dest\u00fbr\u00ea nade qeydkirina bikarh\u00eaner, dan\u00fbstandin, \u015f\u00eerovekirin, an be\u015fdarb\u00fbna di n\u00eeqa\u015fan de. Daney\u00ean kesane ten\u00ea li ser bingeha raz\u00eeb\u00fbna dilxwaz a xwediy\u00ea daney\u00ea t\u00eane p\u00eavajokirin, bi taybet\u00ee: Dema abonetiya bulten\u00ea &#8211; daney\u00ean berhevkir\u00ee ev in: <\/p><ul><li>navn\u00ee\u015fana email\u00ea<\/li><li>nav.<\/li><\/ul><p>Ev daney\u00ean ten\u00ea ji bo van armancan t\u00eane bikar an\u00een:<\/p><ul><li>\u015fandina agahdar\u00ee \u00fb materyal\u00ean t\u00eakildar\u00ee projeya Read For Real,<\/li><li>p\u00ea\u015fk\u00ea\u015fkirina xizmeta n\u00fb\u00e7enamey\u00ea,<\/li><li>t\u00eakiliya gengaz di derbar\u00ea projey\u00ea an kar\u00fbbar\u00ean t\u00eakildar de.<\/li><\/ul><p>Herwiha, daney\u00ean kesane dikarin di \u00e7ar\u00e7oveya bikaran\u00eena kanal\u00ean medyaya civak\u00ee de werin p\u00eavajokirin, di nav de: prof\u00eel \u00fb hesab\u00ean bikarh\u00eaneran li ser platform\u00ean wek\u00ee Facebook, Instagram, YouTube, Twitter, LinkedIn, ku ji bo ragihandin \u00fb p\u00ea\u015fvebirina projey\u00ea t\u00eane bikar an\u00een, li gor\u00ee r\u00eagez \u00fb pol\u00eet\u00eekay\u00ean nepen\u00eetiy\u00ea y\u00ean van platforman.<\/p><h2>3. Bingeha Yasay\u00ee ya P\u00eavajoy\u00ea<\/h2><p>P\u00eavajoya daney\u00ean kesane li ser bingeha j\u00ear\u00een t\u00ea kirin:<\/p><ul><li>raz\u00eeb\u00fbna mijara daneyan (Xala 6(1)(a) ya GDPR),<\/li><li>berjewendiy\u00ean rewa y\u00ean kontrolker\u00ea daneyan (Benda 6(1)(f) ya GDPR), di \u00e7ar\u00e7oveya anal\u00eeza traf\u00eeka malper\u00ea de (Google Analytics).<\/li><\/ul><h2>4. Wergir\u00ean Daneyan<\/h2><p>Agahiy\u00ean kesane ji bo armanc\u00ean bazirgan\u00ee an kirr\u00fbbirr\u00ea bi aliy\u00ean s\u00eayem\u00een re nay\u00ean parvekirin. L\u00eabel\u00ea, ji bo p\u00ea\u015fk\u00ea\u015fkirina xizmet\u00ean xwe, em bi saziy\u00ean j\u00ear\u00een re hevkariy\u00ea dikin: <\/p><ul><li><strong>MailerLite<\/strong> \u2013 p\u00ea\u015fk\u00ea\u015fvan\u00ea kar\u00fbbar\u00ea n\u00fb\u00e7enamey\u00ea, ku daneyan li ser nav\u00ea me p\u00eavajo dike,<\/li><li><strong>MyDevil.net<\/strong> \u2013 p\u00ea\u015fk\u00ea\u015fvan\u00ea m\u00eavandariya malper\u00ea,<\/li><li><strong>Google Analytics<\/strong> &#8211; am\u00fbra anal\u00eet\u00eek\u00ea ji bo traf\u00eeka malper\u00ea, ku daney\u00ean \u00eestat\u00eest\u00eek\u00ee y\u00ean anon\u00eem hildiber\u00eene,<\/li><li><strong>Platform\u00ean medyaya civak\u00ee<\/strong> (m\u00eenak, Facebook, Instagram) &#8211; di t\u00eakiliy\u00ea de bi dan\u00fbstandin \u00fb ragihandin\u00ea re bi riya van kanalan.<\/li><\/ul><p>Hem\u00fb wergir mecb\u00fbr in ku li gor\u00ee qan\u00fbn\u00ean parastina daney\u00ean p\u00eawend\u00eedar (GDPR) tevbigerin.<\/p><h2>5. K\u00fbk\u00ee \u00fb Am\u00fbr\u00ean Anal\u00eet\u00eek<\/h2><p>Malpera <strong>www.readforreal.com<\/strong> ji bo xebata rast a xizmet\u00ea \u00fb ji bo armanc\u00ean anal\u00eet\u00eek (Google Analytics) \u00e7erezan bikar t\u00eene.<\/p><p>K\u00fbk\u00ee daney\u00ean anon\u00eem li ser traf\u00eek \u00fb tevger\u00ean bikarh\u00eaneran li ser malper\u00ea berhev dikin, \u00fb bi v\u00ee away\u00ee kar\u00fbbar\u00ea \u00e7\u00eatir dikin.<\/p><h2>6. Heyama Ragirtina Daneyan<\/h2><p>Agahiy\u00ean kesane y\u00ean ku bi r\u00eaya n\u00fb\u00e7enamey\u00ea t\u00eane berhevkirin ji bo dema projeya Read For Real an j\u00ee heta ku bikarh\u00eaner raz\u00eeb\u00fbna xwe veki\u015f\u00eene (m\u00eenak, ji n\u00fb\u00e7enamey\u00ea veki\u015fe) t\u00eane hilan\u00een.<\/p><p>Agahiy\u00ean anal\u00eet\u00eek \u00ean ku ji h\u00eala Google Analytics ve t\u00eane p\u00eavajokirin, ji bo heyama ku ji h\u00eala p\u00ea\u015fk\u00ea\u015fvan\u00ea kar\u00fbbar\u00ea ve hat\u00ee destn\u00ee\u015fankirin, bi rengek anon\u00eem t\u00eane hilan\u00een.<\/p><h2>7. Maf\u00ean Mijara Daneyan<\/h2><p>Bikarh\u00eaner xwed\u00ee maf\u00ea:<\/p><ul><li>bigih\u00eejin daney\u00ean wan \u00ean kesane,<\/li><li>daney\u00ean nerast rast bikin,<\/li><li>daney\u00ean xwe j\u00ea bibin (&#8220;maf\u00ea jib\u00eerkirin\u00ea&#8221;),<\/li><li>s\u00eenordarkirina p\u00eavajoya daneyan,<\/li><li>veguhestina daneyan,<\/li><li>neraz\u00eeb\u00fbna li dij\u00ee p\u00eavajoya daneyan,<\/li><li>raz\u00eeb\u00fbna xwe ya ji bo p\u00eavajoya daneyan di her k\u00ealiy\u00ea de veki\u015f\u00eene (b\u00eay\u00ee ku bandor\u00ea li ser qan\u00fbn\u00eeb\u00fbna p\u00eavajoy\u00ea ya li ser bingeha raz\u00eeb\u00fbn\u00ea ber\u00ee veki\u015f\u00eena w\u00ea bike).<\/li><\/ul><p>Ji bo bikaran\u00eena van mafan, ji kerema xwe bi me re t\u00eakil\u00ee daynin li: <a href=\"mailto:sekretariat@fpc.org.pl\">sekretariat@fpc.org.pl<\/a> .<\/p><p>Her wiha bikarh\u00eaner maf\u00ea wan heye ku gil\u00eenameyek\u00ea li cem rayedara \u00e7avd\u00eariya t\u00eakildar a parastina daneyan (li Polonyay\u00ea, Serok\u00ea Of\u00eesa Parastina Daney\u00ean Kesane) bikin.<\/p><h2>8. Ewlekariya Daneyan<\/h2><p>Kontrolker tedb\u00eer\u00ean tekn\u00eek\u00ee \u00fb r\u00eaxistin\u00ee y\u00ean guncaw bic\u00eeh t\u00eene da ku daney\u00ean kesane li dij\u00ee gih\u00ee\u015ftina b\u00eadest\u00fbr, windab\u00fbn, guhertin, an e\u015fkerekirin\u00ea bipar\u00eaze.<\/p><h2>9. Bikaran\u00eena Medyaya Civak\u00ee<\/h2><p>Prof\u00eel\u00ean Fundacja Powszechnego Czytania \u00fb projeya Read For Real li ser medyaya civak\u00ee di bin \u015fert \u00fb merc\u00ean cuda \u00fb pol\u00eet\u00eekay\u00ean nepen\u00eetiy\u00ea y\u00ean van platforman de dixebitin. Daney\u00ean kesane y\u00ean ku di dema dan\u00fbstandinan de li ser platform\u00ean medyaya civak\u00ee t\u00eane parvekirin li gor\u00ee r\u00eaziknamey\u00ean wan kar\u00fbbaran t\u00eane hilberandin \u00fb ji kontrola rasterast a r\u00eaveber\u00ea malpera www.readforreal.com dernakevin. <\/p><h2>10. Guhertin\u00ean li Siyaseta Taybet\u00eetiy\u00ea<\/h2><p>Kontrolker maf\u00ea xwe dipar\u00eaze ku v\u00ea Siyaseta Nepen\u00eetiy\u00ea biguher\u00eene. Guhertoya hey\u00ee \u00fb ya derbasdar d\u00ea her gav li ser <g id=\"gid_0\">www.readforreal.com<\/g> peyda bibe. Bikarh\u00eaner d\u00ea ji her guhertin\u00ean gir\u00eeng \u00ean v\u00ea siyaset\u00ea werin agahdarkirin.  <\/p><h2>11. Materyal<\/h2><p><span style=\"font-weight: 400;\">Materyal\u00ean me ji bo hem\u00fb kes\u00ean ku di projeya Read.For Real de be\u015fdar in hene \u00fb dikarin di \u00e7ar\u00e7oveya Roja Niv\u00eeskar\u00ean Ewrop\u00ee de werin bikar an\u00een, kop\u00ee kirin \u00fb belavkirin. Bikaran\u00eena van materyalan ji bo armanc\u00ean ji bil\u00ee y\u00ean ku hatine armanc kirin qedexe ye, di nav de l\u00ea ne bi ten\u00ea: firotin, p\u00ea\u015fvebirina hilber\u00ean din, an afirandin \u00fb belavkirina naveroka siyas\u00ee an ol\u00ee. Read. For Real, digel n\u00fbner\u00ea xwe, Weqfa Xwendina Gerd\u00fbn\u00ee, ji bo karan\u00eena marqey\u00ea ku bi van \u015fert \u00fb mercan re ne lihevhat\u00ee ye, ti berpirsiyariyek nagire ser xwe.   <\/span><\/p>\t\t\t\t\t\t\t\t<\/div>\n\t\t\t\t<\/div>\n\t\t\t\t\t<\/div>\n\t\t\t\t<\/div>\n\t\t\t\t<\/div>\n\t\t","protected":false},"excerpt":{"rendered":"<p>1. Kontrolker\u00ea Daneyan Kontrolker\u00ea daney\u00ean we y\u00ean kesane li ser malpera www.readforreal.com ev e: Fundacja Powszechnego Czytania Przyokopowa 33 01-208 Var\u015fova, Polonya e-name: sekretariat@fpc.org.pl Ji bo her pirsek t\u00eakildar\u00ee p\u00eavajoya daney\u00ean kesane, h\u00fbn dikarin bi r\u00eaya e-nameya jor\u00een an j\u00ee bi r\u00eaya postey\u00ea li navn\u00ee\u015fana qeydkir\u00ee ya Weqf\u00ea bi me re t\u00eakil\u00ee daynin. 2. Berfireh\u00ee [&hellip;]<\/p>\n","protected":false},"author":1,"featured_media":0,"parent":0,"menu_order":0,"comment_status":"closed","ping_status":"open","template":"","meta":{"footnotes":""},"class_list":["post-17235","page","type-page","status-publish","hentry"],"yoast_head":"<!-- This site is optimized with the Yoast SEO plugin v26.1.1 - https:\/\/yoast.com\/wordpress\/plugins\/seo\/ -->\n<title>Siyaseta Taybet\u00eetiy\u00ea | Read. For Real<\/title>\n<meta name=\"robots\" content=\"index, follow, max-snippet:-1, max-image-preview:large, max-video-preview:-1\" \/>\n<link rel=\"canonical\" href=\"https:\/\/www.readforreal.com\/ku\/siyaseta-taybetitiye\/\" \/>\n<meta property=\"og:locale\" content=\"en_US\" \/>\n<meta property=\"og:type\" content=\"article\" \/>\n<meta property=\"og:title\" content=\"Siyaseta Taybet\u00eetiy\u00ea | Read. For Real\" \/>\n<meta property=\"og:description\" content=\"1. Kontrolker\u00ea Daneyan Kontrolker\u00ea daney\u00ean we y\u00ean kesane li ser malpera www.readforreal.com ev e: Fundacja Powszechnego Czytania Przyokopowa 33 01-208 Var\u015fova, Polonya e-name: sekretariat@fpc.org.pl Ji bo her pirsek t\u00eakildar\u00ee p\u00eavajoya daney\u00ean kesane, h\u00fbn dikarin bi r\u00eaya e-nameya jor\u00een an j\u00ee bi r\u00eaya postey\u00ea li navn\u00ee\u015fana qeydkir\u00ee ya Weqf\u00ea bi me re t\u00eakil\u00ee daynin. 2. Berfireh\u00ee [&hellip;]\" \/>\n<meta property=\"og:url\" content=\"https:\/\/www.readforreal.com\/ku\/siyaseta-taybetitiye\/\" \/>\n<meta property=\"og:site_name\" content=\"Read. For Real\" \/>\n<meta property=\"article:publisher\" content=\"https:\/\/www.facebook.com\/read.forreal\" \/>\n<meta property=\"article:modified_time\" content=\"2025-11-06T22:55:00+00:00\" \/>\n<meta name=\"twitter:card\" content=\"summary_large_image\" \/>\n<meta name=\"twitter:label1\" content=\"Est. reading time\" \/>\n\t<meta name=\"twitter:data1\" content=\"5 \u062e\u0648\u0644\u06d5\u06a9\" \/>\n<script type=\"application\/ld+json\" class=\"yoast-schema-graph\">{\"@context\":\"https:\/\/schema.org\",\"@graph\":[{\"@type\":\"WebPage\",\"@id\":\"https:\/\/www.readforreal.com\/ku\/siyaseta-taybetitiye\/\",\"url\":\"https:\/\/www.readforreal.com\/ku\/siyaseta-taybetitiye\/\",\"name\":\"Siyaseta Taybet\u00eetiy\u00ea | Read. For Real\",\"isPartOf\":{\"@id\":\"https:\/\/www.readforreal.com\/#website\"},\"datePublished\":\"2025-06-28T22:10:54+00:00\",\"dateModified\":\"2025-11-06T22:55:00+00:00\",\"breadcrumb\":{\"@id\":\"https:\/\/www.readforreal.com\/ku\/siyaseta-taybetitiye\/#breadcrumb\"},\"inLanguage\":\"ckb\",\"potentialAction\":[{\"@type\":\"ReadAction\",\"target\":[\"https:\/\/www.readforreal.com\/ku\/siyaseta-taybetitiye\/\"]}]},{\"@type\":\"BreadcrumbList\",\"@id\":\"https:\/\/www.readforreal.com\/ku\/siyaseta-taybetitiye\/#breadcrumb\",\"itemListElement\":[{\"@type\":\"ListItem\",\"position\":1,\"name\":\"Home\",\"item\":\"https:\/\/www.readforreal.com\/ku\/bixwine-bi-rasti\/\"},{\"@type\":\"ListItem\",\"position\":2,\"name\":\"Siyaseta Taybet\u00eetiy\u00ea\"}]},{\"@type\":\"WebSite\",\"@id\":\"https:\/\/www.readforreal.com\/#website\",\"url\":\"https:\/\/www.readforreal.com\/\",\"name\":\"Read. For Real\",\"description\":\"European Authors Day 11.11-12.12.2026\",\"publisher\":{\"@id\":\"https:\/\/www.readforreal.com\/#organization\"},\"alternateName\":\"European Authors Day 11.11-12.12.2025\",\"potentialAction\":[{\"@type\":\"SearchAction\",\"target\":{\"@type\":\"EntryPoint\",\"urlTemplate\":\"https:\/\/www.readforreal.com\/?s={search_term_string}\"},\"query-input\":{\"@type\":\"PropertyValueSpecification\",\"valueRequired\":true,\"valueName\":\"search_term_string\"}}],\"inLanguage\":\"ckb\"},{\"@type\":\"Organization\",\"@id\":\"https:\/\/www.readforreal.com\/#organization\",\"name\":\"Fundacja Powszechnego Czytania\",\"url\":\"https:\/\/www.readforreal.com\/\",\"logo\":{\"@type\":\"ImageObject\",\"inLanguage\":\"ckb\",\"@id\":\"https:\/\/www.readforreal.com\/#\/schema\/logo\/image\/\",\"url\":\"https:\/\/www.readforreal.com\/wp-content\/uploads\/2025\/06\/RfR-logo-OK_1.png\",\"contentUrl\":\"https:\/\/www.readforreal.com\/wp-content\/uploads\/2025\/06\/RfR-logo-OK_1.png\",\"width\":1890,\"height\":1299,\"caption\":\"Fundacja Powszechnego Czytania\"},\"image\":{\"@id\":\"https:\/\/www.readforreal.com\/#\/schema\/logo\/image\/\"},\"sameAs\":[\"https:\/\/www.facebook.com\/read.forreal\",\"https:\/\/www.instagram.com\/read.forreal\/\"]}]}<\/script>\n<!-- \/ Yoast SEO plugin. -->","yoast_head_json":{"title":"Siyaseta Taybet\u00eetiy\u00ea | Read. For Real","robots":{"index":"index","follow":"follow","max-snippet":"max-snippet:-1","max-image-preview":"max-image-preview:large","max-video-preview":"max-video-preview:-1"},"canonical":"https:\/\/www.readforreal.com\/ku\/siyaseta-taybetitiye\/","og_locale":"en_US","og_type":"article","og_title":"Siyaseta Taybet\u00eetiy\u00ea | Read. For Real","og_description":"1. Kontrolker\u00ea Daneyan Kontrolker\u00ea daney\u00ean we y\u00ean kesane li ser malpera www.readforreal.com ev e: Fundacja Powszechnego Czytania Przyokopowa 33 01-208 Var\u015fova, Polonya e-name: sekretariat@fpc.org.pl Ji bo her pirsek t\u00eakildar\u00ee p\u00eavajoya daney\u00ean kesane, h\u00fbn dikarin bi r\u00eaya e-nameya jor\u00een an j\u00ee bi r\u00eaya postey\u00ea li navn\u00ee\u015fana qeydkir\u00ee ya Weqf\u00ea bi me re t\u00eakil\u00ee daynin. 2. Berfireh\u00ee [&hellip;]","og_url":"https:\/\/www.readforreal.com\/ku\/siyaseta-taybetitiye\/","og_site_name":"Read. For Real","article_publisher":"https:\/\/www.facebook.com\/read.forreal","article_modified_time":"2025-11-06T22:55:00+00:00","twitter_card":"summary_large_image","twitter_misc":{"Est. reading time":"5 \u062e\u0648\u0644\u06d5\u06a9"},"schema":{"@context":"https:\/\/schema.org","@graph":[{"@type":"WebPage","@id":"https:\/\/www.readforreal.com\/ku\/siyaseta-taybetitiye\/","url":"https:\/\/www.readforreal.com\/ku\/siyaseta-taybetitiye\/","name":"Siyaseta Taybet\u00eetiy\u00ea | Read. For Real","isPartOf":{"@id":"https:\/\/www.readforreal.com\/#website"},"datePublished":"2025-06-28T22:10:54+00:00","dateModified":"2025-11-06T22:55:00+00:00","breadcrumb":{"@id":"https:\/\/www.readforreal.com\/ku\/siyaseta-taybetitiye\/#breadcrumb"},"inLanguage":"ckb","potentialAction":[{"@type":"ReadAction","target":["https:\/\/www.readforreal.com\/ku\/siyaseta-taybetitiye\/"]}]},{"@type":"BreadcrumbList","@id":"https:\/\/www.readforreal.com\/ku\/siyaseta-taybetitiye\/#breadcrumb","itemListElement":[{"@type":"ListItem","position":1,"name":"Home","item":"https:\/\/www.readforreal.com\/ku\/bixwine-bi-rasti\/"},{"@type":"ListItem","position":2,"name":"Siyaseta Taybet\u00eetiy\u00ea"}]},{"@type":"WebSite","@id":"https:\/\/www.readforreal.com\/#website","url":"https:\/\/www.readforreal.com\/","name":"Read. For Real","description":"European Authors Day 11.11-12.12.2026","publisher":{"@id":"https:\/\/www.readforreal.com\/#organization"},"alternateName":"European Authors Day 11.11-12.12.2025","potentialAction":[{"@type":"SearchAction","target":{"@type":"EntryPoint","urlTemplate":"https:\/\/www.readforreal.com\/?s={search_term_string}"},"query-input":{"@type":"PropertyValueSpecification","valueRequired":true,"valueName":"search_term_string"}}],"inLanguage":"ckb"},{"@type":"Organization","@id":"https:\/\/www.readforreal.com\/#organization","name":"Fundacja Powszechnego Czytania","url":"https:\/\/www.readforreal.com\/","logo":{"@type":"ImageObject","inLanguage":"ckb","@id":"https:\/\/www.readforreal.com\/#\/schema\/logo\/image\/","url":"https:\/\/www.readforreal.com\/wp-content\/uploads\/2025\/06\/RfR-logo-OK_1.png","contentUrl":"https:\/\/www.readforreal.com\/wp-content\/uploads\/2025\/06\/RfR-logo-OK_1.png","width":1890,"height":1299,"caption":"Fundacja Powszechnego Czytania"},"image":{"@id":"https:\/\/www.readforreal.com\/#\/schema\/logo\/image\/"},"sameAs":["https:\/\/www.facebook.com\/read.forreal","https:\/\/www.instagram.com\/read.forreal\/"]}]}},"_links":{"self":[{"href":"https:\/\/www.readforreal.com\/ku\/wp-json\/wp\/v2\/pages\/17235","targetHints":{"allow":["GET"]}}],"collection":[{"href":"https:\/\/www.readforreal.com\/ku\/wp-json\/wp\/v2\/pages"}],"about":[{"href":"https:\/\/www.readforreal.com\/ku\/wp-json\/wp\/v2\/types\/page"}],"author":[{"embeddable":true,"href":"https:\/\/www.readforreal.com\/ku\/wp-json\/wp\/v2\/users\/1"}],"replies":[{"embeddable":true,"href":"https:\/\/www.readforreal.com\/ku\/wp-json\/wp\/v2\/comments?post=17235"}],"version-history":[{"count":1,"href":"https:\/\/www.readforreal.com\/ku\/wp-json\/wp\/v2\/pages\/17235\/revisions"}],"predecessor-version":[{"id":17242,"href":"https:\/\/www.readforreal.com\/ku\/wp-json\/wp\/v2\/pages\/17235\/revisions\/17242"}],"wp:attachment":[{"href":"https:\/\/www.readforreal.com\/ku\/wp-json\/wp\/v2\/media?parent=17235"}],"curies":[{"name":"wp","href":"https:\/\/api.w.org\/{rel}","templated":true}]}}