{"id":4838,"date":"2025-06-29T00:10:54","date_gmt":"2025-06-28T22:10:54","guid":{"rendered":"https:\/\/www.readforreal.com\/personuverndarstefna\/"},"modified":"2025-09-17T02:11:30","modified_gmt":"2025-09-17T00:11:30","slug":"personuverndarstefna","status":"publish","type":"page","link":"https:\/\/www.readforreal.com\/is\/personuverndarstefna\/","title":{"rendered":"Pers\u00f3nuverndarstefna"},"content":{"rendered":"\t\t<div data-elementor-type=\"wp-page\" data-elementor-id=\"4838\" class=\"elementor elementor-4838 elementor-3\" data-elementor-post-type=\"page\">\n\t\t\t\t<div class=\"elementor-element elementor-element-726f90a3 e-flex e-con-boxed e-con e-parent\" data-id=\"726f90a3\" data-element_type=\"container\">\n\t\t\t\t\t<div class=\"e-con-inner\">\n\t\t\t\t\t<\/div>\n\t\t\t\t<\/div>\n\t\t<div class=\"elementor-element elementor-element-57caaef1 e-flex e-con-boxed e-con e-parent\" data-id=\"57caaef1\" data-element_type=\"container\">\n\t\t\t\t\t<div class=\"e-con-inner\">\n\t\t\t\t<div class=\"elementor-element elementor-element-5352cfaa elementor-widget elementor-widget-text-editor\" data-id=\"5352cfaa\" data-element_type=\"widget\" data-widget_type=\"text-editor.default\">\n\t\t\t\t<div class=\"elementor-widget-container\">\n\t\t\t\t\t\t\t\t\t<h2>1. \u00c1byrg\u00f0ara\u00f0ili gagna<\/h2><p>\u00c1byrg\u00f0ara\u00f0ili pers\u00f3nuuppl\u00fdsinga \u00feinna \u00e1 vefs\u00ed\u00f0unni <strong>www.readforreal.com<\/strong> er:<\/p><p><strong>Fundacja Powszechnego Czytania<\/strong><br>Przyokopowa 33<br>01-208 Varsj\u00e1, P\u00f3lland<br>netfang: <a href=\"mailto:sekretariat@fpc.org.pl\">sekretariat@fpc.org.pl<\/a><\/p><p>Fyrir allar spurningar var\u00f0andi vinnslu pers\u00f3nuuppl\u00fdsinga getur \u00fe\u00fa haft samband vi\u00f0 okkur \u00ed gegnum ofangreint netfang e\u00f0a me\u00f0 p\u00f3sti \u00e1 skr\u00e1\u00f0 heimilisfang stofnunarinnar.<\/p><h2>2. Umfang og tilgangur gagnavinnslu<\/h2><p>Vefs\u00ed\u00f0an <strong>www.readforreal.com<\/strong> er eing\u00f6ngu uppl\u00fdsingaveita og b\u00fd\u00f0ur ekki upp \u00e1 notendaskr\u00e1ningu, vi\u00f0skipti, athugasemdir e\u00f0a \u00fe\u00e1ttt\u00f6ku \u00ed umr\u00e6\u00f0um. Pers\u00f3nuuppl\u00fdsingar eru a\u00f0eins unnar \u00e1 grundvelli frj\u00e1ls sam\u00feykkis vi\u00f0komandi, s\u00e9rstaklega: Vi\u00f0 \u00e1skrift a\u00f0 fr\u00e9ttabr\u00e9fi \u2013 s\u00f6fnu\u00f0 g\u00f6gn innihalda: <\/p><ul><li>netfang<\/li><li>fornafn.<\/li><\/ul><p>\u00deessi g\u00f6gn eru eing\u00f6ngu notu\u00f0 til:<\/p><ul><li>a\u00f0 senda uppl\u00fdsingar og efni tengt Read For Real verkefninu,<\/li><li>a\u00f0 veita fr\u00e9ttabr\u00e9fa\u00fej\u00f3nustu,<\/li><li>m\u00f6gulegra samskipta var\u00f0andi verkefni\u00f0 e\u00f0a tengda \u00fej\u00f3nustu.<\/li><\/ul><p>A\u00f0 auki kunna pers\u00f3nuuppl\u00fdsingar a\u00f0 vera unnar \u00ed tengslum vi\u00f0 notkun samf\u00e9lagsmi\u00f0la, \u00fear me\u00f0 tali\u00f0: notendapr\u00f3f\u00edla og reikninga \u00e1 vettv\u00f6ngum eins og Facebook, Instagram, YouTube, Twitter, LinkedIn, sem eru nota\u00f0ir fyrir samskipti og kynningu \u00e1 verkefninu, \u00ed samr\u00e6mi vi\u00f0 reglur og pers\u00f3nuverndarstefnur \u00feessara vettvanga.<\/p><h2>3. Lagalegur grundv\u00f6llur vinnslu<\/h2><p>Vinnsla pers\u00f3nuuppl\u00fdsinga fer fram \u00e1 grundvelli:<\/p><ul><li>sam\u00feykkis hins skr\u00e1\u00f0a (6. gr. 1. mgr. a-li\u00f0ur pers\u00f3nuverndarregluger\u00f0arinnar),<\/li><li>l\u00f6gm\u00e6tra hagsmuna \u00e1byrg\u00f0ara\u00f0ila (6. gr. 1. mgr. f-li\u00f0ur pers\u00f3nuverndarregluger\u00f0arinnar), a\u00f0 \u00fev\u00ed er var\u00f0ar greiningu \u00e1 vefs\u00ed\u00f0uumfer\u00f0 (Google Analytics).<\/li><\/ul><h2>4. Vi\u00f0takendur gagna<\/h2><p>Pers\u00f3nuuppl\u00fdsingar eru ekki deilt me\u00f0 \u00feri\u00f0ju a\u00f0ilum \u00ed vi\u00f0skipta- e\u00f0a marka\u00f0slegum tilgangi. Hins vegar, til a\u00f0 veita \u00fej\u00f3nustu okkar, vinnum vi\u00f0 me\u00f0 eftirfarandi a\u00f0ilum: <\/p><ul><li><strong>MailerLite<\/strong> \u2013 \u00fej\u00f3nustua\u00f0ili fr\u00e9ttabr\u00e9fa, sem vinnur g\u00f6gn fyrir okkar h\u00f6nd,<\/li><li><strong>MyDevil.net<\/strong> \u2013 h\u00fdsingara\u00f0ili vefs\u00ed\u00f0u,<\/li><li><strong>Google Analytics<\/strong> \u2013 greiningart\u00f3l fyrir vefs\u00ed\u00f0uumfer\u00f0, sem vinnur nafnlaus t\u00f6lfr\u00e6\u00f0ig\u00f6gn,<\/li><li><strong>Samf\u00e9lagsmi\u00f0lar<\/strong> (t.d. Facebook, Instagram) \u2013 \u00ed tengslum vi\u00f0 samskipti og samskipti \u00ed gegnum \u00feessa mi\u00f0la.<\/li><\/ul><p>Allir \u00feessir vi\u00f0takendur eru skyldugir til a\u00f0 fylgja gildandi pers\u00f3nuverndarl\u00f6gum (GDPR).<\/p><h2>5. Vafrak\u00f6kur og greiningart\u00f3l<\/h2><p>Vefs\u00ed\u00f0an <strong>www.readforreal.com<\/strong> notar vafrak\u00f6kur fyrir r\u00e9tta virkni \u00fej\u00f3nustunnar og \u00ed greiningarskyni (Google Analytics).<\/p><p>Vafrak\u00f6kur safna nafnlausum g\u00f6gnum um umfer\u00f0 og heg\u00f0un notenda \u00e1 vefs\u00ed\u00f0unni, sem gerir kleift a\u00f0 h\u00e1marka \u00fej\u00f3nustuna.<\/p><h2>6. Var\u00f0veislut\u00edmi gagna<\/h2><p>Pers\u00f3nuuppl\u00fdsingum sem safna\u00f0 er \u00ed gegnum fr\u00e9ttabr\u00e9fi\u00f0 er haldi\u00f0 \u00e1 me\u00f0an Read For Real verkefni\u00f0 stendur yfir e\u00f0a \u00fear til notandi dregur sam\u00feykki sitt til baka (t.d. segir sig \u00far \u00e1skrift a\u00f0 fr\u00e9ttabr\u00e9finu).<\/p><p>Greiningarg\u00f6gn sem unnin eru af Google Analytics eru geymd \u00ed \u00feann t\u00edma sem \u00fej\u00f3nustua\u00f0ilinn tilgreinir, \u00ed nafnlausu formi.<\/p><h2>7. R\u00e9ttindi skr\u00e1\u00f0ra einstaklinga<\/h2><p>Notendur hafa r\u00e9tt til a\u00f0:<\/p><ul><li>f\u00e1 a\u00f0gang a\u00f0 pers\u00f3nuuppl\u00fdsingum s\u00ednum,<\/li><li>lei\u00f0r\u00e9tta \u00f3n\u00e1kv\u00e6m g\u00f6gn,<\/li><li>ey\u00f0a g\u00f6gnum s\u00ednum (\u201er\u00e9ttur til a\u00f0 gleymast&#8220;),<\/li><li>takmarka vinnslu gagna,<\/li><li>flytja g\u00f6gn,<\/li><li>andm\u00e6la vinnslu gagna,<\/li><li>draga sam\u00feykki sitt til gagnavinnslu til baka hven\u00e6r sem er (\u00e1n \u00feess a\u00f0 \u00fea\u00f0 hafi \u00e1hrif \u00e1 l\u00f6gm\u00e6ti vinnslu bygg\u00f0a \u00e1 sam\u00feykki fyrir afturk\u00f6llun \u00feess).<\/li><\/ul><p>Til a\u00f0 n\u00fdta \u00feessi r\u00e9ttindi, vinsamlegast haf\u00f0u samband vi\u00f0 okkur \u00e1: <a href=\"mailto:sekretariat@fpc.org.pl\">sekretariat@fpc.org.pl<\/a>.<\/p><p>Notendur hafa einnig r\u00e9tt til a\u00f0 leggja fram kv\u00f6rtun hj\u00e1 vi\u00f0eigandi eftirlitsyfirvaldi pers\u00f3nuverndar (\u00ed P\u00f3llandi, forseta pers\u00f3nuverndarskrifstofu).<\/p><h2>8. \u00d6ryggi gagna<\/h2><p>\u00c1byrg\u00f0ara\u00f0ili innlei\u00f0ir vi\u00f0eigandi t\u00e6knilegar og skipulagslegar r\u00e1\u00f0stafanir til a\u00f0 vernda pers\u00f3nuuppl\u00fdsingar gegn \u00f3heimilum a\u00f0gangi, tapi, breytingum e\u00f0a birtingu.<\/p><h2>9. Notkun samf\u00e9lagsmi\u00f0la<\/h2><p>Pr\u00f3f\u00edlar Fundacja Powszechnego Czytania og Read For Real verkefnisins \u00e1 samf\u00e9lagsmi\u00f0lum starfa samkv\u00e6mt s\u00e9rst\u00f6kum skilm\u00e1lum og pers\u00f3nuverndarstefnum \u00feessara vettvanga. Pers\u00f3nuuppl\u00fdsingar sem deilt er vi\u00f0 samskipti \u00e1 samf\u00e9lagsmi\u00f0lum eru unnar samkv\u00e6mt reglum \u00feessara \u00fej\u00f3nusta og eru utan beinnar stj\u00f3rnar kerfisstj\u00f3ra www.readforreal.com vefs\u00ed\u00f0unnar. <\/p><h2>10. Breytingar \u00e1 pers\u00f3nuverndarstefnu<\/h2><p>\u00c1byrg\u00f0ara\u00f0ili \u00e1skilur s\u00e9r r\u00e9tt til a\u00f0 breyta \u00feessari pers\u00f3nuverndarstefnu. N\u00fagildandi \u00fatg\u00e1fa ver\u00f0ur alltaf a\u00f0gengileg \u00e1 <strong>www.readforreal.com<\/strong>. Notendur ver\u00f0a l\u00e1tnir vita af \u00f6llum mikilv\u00e6gum breytingum \u00e1 \u00feessari stefnu.  <\/p><h2>11. Efni<\/h2><p><span style=\"font-weight: 400;\">Efni okkar er a\u00f0gengilegt \u00f6llum einstaklingum sem taka \u00fe\u00e1tt \u00ed Read.For Real verkefninu og m\u00e1 nota, afrita og dreifa \u00ed tengslum vi\u00f0 Dag evr\u00f3pskra h\u00f6funda. Notkun \u00feessa efnis \u00ed \u00f6\u00f0rum tilgangi en \u00e6tla\u00f0 er er b\u00f6nnu\u00f0, \u00fear me\u00f0 tali\u00f0 en ekki takmarka\u00f0 vi\u00f0: s\u00f6lu, kynningu \u00e1 \u00f6\u00f0rum v\u00f6rum, e\u00f0a ger\u00f0 og dreifingu p\u00f3lit\u00edsks e\u00f0a tr\u00faarlegs efnis. Read.For Real, \u00e1samt fulltr\u00faa s\u00ednum, Universal Reading Foundation, ber enga \u00e1byrg\u00f0 \u00e1 notkun v\u00f6rumerkis sem er ekki \u00ed samr\u00e6mi vi\u00f0 \u00feessi skilm\u00e1la.   <\/span><\/p>\t\t\t\t\t\t\t\t<\/div>\n\t\t\t\t<\/div>\n\t\t\t\t\t<\/div>\n\t\t\t\t<\/div>\n\t\t\t\t<\/div>\n\t\t","protected":false},"excerpt":{"rendered":"<p>1. \u00c1byrg\u00f0ara\u00f0ili gagna \u00c1byrg\u00f0ara\u00f0ili pers\u00f3nuuppl\u00fdsinga \u00feinna \u00e1 vefs\u00ed\u00f0unni www.readforreal.com er: Fundacja Powszechnego CzytaniaPrzyokopowa 3301-208 Varsj\u00e1, P\u00f3llandnetfang: sekretariat@fpc.org.pl Fyrir allar spurningar var\u00f0andi vinnslu pers\u00f3nuuppl\u00fdsinga getur \u00fe\u00fa haft samband vi\u00f0 okkur \u00ed gegnum ofangreint netfang e\u00f0a me\u00f0 p\u00f3sti \u00e1 skr\u00e1\u00f0 heimilisfang stofnunarinnar. 2. Umfang og tilgangur gagnavinnslu Vefs\u00ed\u00f0an www.readforreal.com er eing\u00f6ngu uppl\u00fdsingaveita og b\u00fd\u00f0ur ekki upp \u00e1 [&hellip;]<\/p>\n","protected":false},"author":1,"featured_media":0,"parent":0,"menu_order":0,"comment_status":"closed","ping_status":"open","template":"","meta":{"footnotes":""},"class_list":["post-4838","page","type-page","status-publish","hentry"],"yoast_head":"<!-- This site is optimized with the Yoast SEO plugin v26.1.1 - https:\/\/yoast.com\/wordpress\/plugins\/seo\/ -->\n<title>Pers\u00f3nuverndarstefna | Read. For Real<\/title>\n<meta name=\"robots\" content=\"index, follow, max-snippet:-1, max-image-preview:large, max-video-preview:-1\" \/>\n<link rel=\"canonical\" href=\"https:\/\/www.readforreal.com\/is\/personuverndarstefna\/\" \/>\n<meta property=\"og:locale\" content=\"is_IS\" \/>\n<meta property=\"og:type\" content=\"article\" \/>\n<meta property=\"og:title\" content=\"Pers\u00f3nuverndarstefna | Read. For Real\" \/>\n<meta property=\"og:description\" content=\"1. \u00c1byrg\u00f0ara\u00f0ili gagna \u00c1byrg\u00f0ara\u00f0ili pers\u00f3nuuppl\u00fdsinga \u00feinna \u00e1 vefs\u00ed\u00f0unni www.readforreal.com er: Fundacja Powszechnego CzytaniaPrzyokopowa 3301-208 Varsj\u00e1, P\u00f3llandnetfang: sekretariat@fpc.org.pl Fyrir allar spurningar var\u00f0andi vinnslu pers\u00f3nuuppl\u00fdsinga getur \u00fe\u00fa haft samband vi\u00f0 okkur \u00ed gegnum ofangreint netfang e\u00f0a me\u00f0 p\u00f3sti \u00e1 skr\u00e1\u00f0 heimilisfang stofnunarinnar. 2. Umfang og tilgangur gagnavinnslu Vefs\u00ed\u00f0an www.readforreal.com er eing\u00f6ngu uppl\u00fdsingaveita og b\u00fd\u00f0ur ekki upp \u00e1 [&hellip;]\" \/>\n<meta property=\"og:url\" content=\"https:\/\/www.readforreal.com\/is\/personuverndarstefna\/\" \/>\n<meta property=\"og:site_name\" content=\"Read. For Real\" \/>\n<meta property=\"article:publisher\" content=\"https:\/\/www.facebook.com\/read.forreal\" \/>\n<meta property=\"article:modified_time\" content=\"2025-09-17T00:11:30+00:00\" \/>\n<meta name=\"twitter:card\" content=\"summary_large_image\" \/>\n<meta name=\"twitter:label1\" content=\"Est. reading time\" \/>\n\t<meta name=\"twitter:data1\" content=\"4 minutes\" \/>\n<script type=\"application\/ld+json\" class=\"yoast-schema-graph\">{\"@context\":\"https:\/\/schema.org\",\"@graph\":[{\"@type\":\"WebPage\",\"@id\":\"https:\/\/www.readforreal.com\/is\/personuverndarstefna\/\",\"url\":\"https:\/\/www.readforreal.com\/is\/personuverndarstefna\/\",\"name\":\"Pers\u00f3nuverndarstefna | Read. For Real\",\"isPartOf\":{\"@id\":\"https:\/\/www.readforreal.com\/#website\"},\"datePublished\":\"2025-06-28T22:10:54+00:00\",\"dateModified\":\"2025-09-17T00:11:30+00:00\",\"breadcrumb\":{\"@id\":\"https:\/\/www.readforreal.com\/is\/personuverndarstefna\/#breadcrumb\"},\"inLanguage\":\"is\",\"potentialAction\":[{\"@type\":\"ReadAction\",\"target\":[\"https:\/\/www.readforreal.com\/is\/personuverndarstefna\/\"]}]},{\"@type\":\"BreadcrumbList\",\"@id\":\"https:\/\/www.readforreal.com\/is\/personuverndarstefna\/#breadcrumb\",\"itemListElement\":[{\"@type\":\"ListItem\",\"position\":1,\"name\":\"Home\",\"item\":\"https:\/\/www.readforreal.com\/is\/lestu-fyrir-alvoru\/\"},{\"@type\":\"ListItem\",\"position\":2,\"name\":\"Pers\u00f3nuverndarstefna\"}]},{\"@type\":\"WebSite\",\"@id\":\"https:\/\/www.readforreal.com\/#website\",\"url\":\"https:\/\/www.readforreal.com\/\",\"name\":\"Read. For Real\",\"description\":\"European Authors Day 11.11-12.12.2026\",\"publisher\":{\"@id\":\"https:\/\/www.readforreal.com\/#organization\"},\"alternateName\":\"European Authors Day 11.11-12.12.2025\",\"potentialAction\":[{\"@type\":\"SearchAction\",\"target\":{\"@type\":\"EntryPoint\",\"urlTemplate\":\"https:\/\/www.readforreal.com\/?s={search_term_string}\"},\"query-input\":{\"@type\":\"PropertyValueSpecification\",\"valueRequired\":true,\"valueName\":\"search_term_string\"}}],\"inLanguage\":\"is\"},{\"@type\":\"Organization\",\"@id\":\"https:\/\/www.readforreal.com\/#organization\",\"name\":\"Fundacja Powszechnego Czytania\",\"url\":\"https:\/\/www.readforreal.com\/\",\"logo\":{\"@type\":\"ImageObject\",\"inLanguage\":\"is\",\"@id\":\"https:\/\/www.readforreal.com\/#\/schema\/logo\/image\/\",\"url\":\"https:\/\/www.readforreal.com\/wp-content\/uploads\/2025\/06\/RfR-logo-OK_1.png\",\"contentUrl\":\"https:\/\/www.readforreal.com\/wp-content\/uploads\/2025\/06\/RfR-logo-OK_1.png\",\"width\":1890,\"height\":1299,\"caption\":\"Fundacja Powszechnego Czytania\"},\"image\":{\"@id\":\"https:\/\/www.readforreal.com\/#\/schema\/logo\/image\/\"},\"sameAs\":[\"https:\/\/www.facebook.com\/read.forreal\",\"https:\/\/www.instagram.com\/read.forreal\/\"]}]}<\/script>\n<!-- \/ Yoast SEO plugin. -->","yoast_head_json":{"title":"Pers\u00f3nuverndarstefna | Read. For Real","robots":{"index":"index","follow":"follow","max-snippet":"max-snippet:-1","max-image-preview":"max-image-preview:large","max-video-preview":"max-video-preview:-1"},"canonical":"https:\/\/www.readforreal.com\/is\/personuverndarstefna\/","og_locale":"is_IS","og_type":"article","og_title":"Pers\u00f3nuverndarstefna | Read. For Real","og_description":"1. \u00c1byrg\u00f0ara\u00f0ili gagna \u00c1byrg\u00f0ara\u00f0ili pers\u00f3nuuppl\u00fdsinga \u00feinna \u00e1 vefs\u00ed\u00f0unni www.readforreal.com er: Fundacja Powszechnego CzytaniaPrzyokopowa 3301-208 Varsj\u00e1, P\u00f3llandnetfang: sekretariat@fpc.org.pl Fyrir allar spurningar var\u00f0andi vinnslu pers\u00f3nuuppl\u00fdsinga getur \u00fe\u00fa haft samband vi\u00f0 okkur \u00ed gegnum ofangreint netfang e\u00f0a me\u00f0 p\u00f3sti \u00e1 skr\u00e1\u00f0 heimilisfang stofnunarinnar. 2. Umfang og tilgangur gagnavinnslu Vefs\u00ed\u00f0an www.readforreal.com er eing\u00f6ngu uppl\u00fdsingaveita og b\u00fd\u00f0ur ekki upp \u00e1 [&hellip;]","og_url":"https:\/\/www.readforreal.com\/is\/personuverndarstefna\/","og_site_name":"Read. For Real","article_publisher":"https:\/\/www.facebook.com\/read.forreal","article_modified_time":"2025-09-17T00:11:30+00:00","twitter_card":"summary_large_image","twitter_misc":{"Est. reading time":"4 minutes"},"schema":{"@context":"https:\/\/schema.org","@graph":[{"@type":"WebPage","@id":"https:\/\/www.readforreal.com\/is\/personuverndarstefna\/","url":"https:\/\/www.readforreal.com\/is\/personuverndarstefna\/","name":"Pers\u00f3nuverndarstefna | Read. For Real","isPartOf":{"@id":"https:\/\/www.readforreal.com\/#website"},"datePublished":"2025-06-28T22:10:54+00:00","dateModified":"2025-09-17T00:11:30+00:00","breadcrumb":{"@id":"https:\/\/www.readforreal.com\/is\/personuverndarstefna\/#breadcrumb"},"inLanguage":"is","potentialAction":[{"@type":"ReadAction","target":["https:\/\/www.readforreal.com\/is\/personuverndarstefna\/"]}]},{"@type":"BreadcrumbList","@id":"https:\/\/www.readforreal.com\/is\/personuverndarstefna\/#breadcrumb","itemListElement":[{"@type":"ListItem","position":1,"name":"Home","item":"https:\/\/www.readforreal.com\/is\/lestu-fyrir-alvoru\/"},{"@type":"ListItem","position":2,"name":"Pers\u00f3nuverndarstefna"}]},{"@type":"WebSite","@id":"https:\/\/www.readforreal.com\/#website","url":"https:\/\/www.readforreal.com\/","name":"Read. For Real","description":"European Authors Day 11.11-12.12.2026","publisher":{"@id":"https:\/\/www.readforreal.com\/#organization"},"alternateName":"European Authors Day 11.11-12.12.2025","potentialAction":[{"@type":"SearchAction","target":{"@type":"EntryPoint","urlTemplate":"https:\/\/www.readforreal.com\/?s={search_term_string}"},"query-input":{"@type":"PropertyValueSpecification","valueRequired":true,"valueName":"search_term_string"}}],"inLanguage":"is"},{"@type":"Organization","@id":"https:\/\/www.readforreal.com\/#organization","name":"Fundacja Powszechnego Czytania","url":"https:\/\/www.readforreal.com\/","logo":{"@type":"ImageObject","inLanguage":"is","@id":"https:\/\/www.readforreal.com\/#\/schema\/logo\/image\/","url":"https:\/\/www.readforreal.com\/wp-content\/uploads\/2025\/06\/RfR-logo-OK_1.png","contentUrl":"https:\/\/www.readforreal.com\/wp-content\/uploads\/2025\/06\/RfR-logo-OK_1.png","width":1890,"height":1299,"caption":"Fundacja Powszechnego Czytania"},"image":{"@id":"https:\/\/www.readforreal.com\/#\/schema\/logo\/image\/"},"sameAs":["https:\/\/www.facebook.com\/read.forreal","https:\/\/www.instagram.com\/read.forreal\/"]}]}},"_links":{"self":[{"href":"https:\/\/www.readforreal.com\/is\/wp-json\/wp\/v2\/pages\/4838","targetHints":{"allow":["GET"]}}],"collection":[{"href":"https:\/\/www.readforreal.com\/is\/wp-json\/wp\/v2\/pages"}],"about":[{"href":"https:\/\/www.readforreal.com\/is\/wp-json\/wp\/v2\/types\/page"}],"author":[{"embeddable":true,"href":"https:\/\/www.readforreal.com\/is\/wp-json\/wp\/v2\/users\/1"}],"replies":[{"embeddable":true,"href":"https:\/\/www.readforreal.com\/is\/wp-json\/wp\/v2\/comments?post=4838"}],"version-history":[{"count":2,"href":"https:\/\/www.readforreal.com\/is\/wp-json\/wp\/v2\/pages\/4838\/revisions"}],"predecessor-version":[{"id":9312,"href":"https:\/\/www.readforreal.com\/is\/wp-json\/wp\/v2\/pages\/4838\/revisions\/9312"}],"wp:attachment":[{"href":"https:\/\/www.readforreal.com\/is\/wp-json\/wp\/v2\/media?parent=4838"}],"curies":[{"name":"wp","href":"https:\/\/api.w.org\/{rel}","templated":true}]}}