{"id":4669,"date":"2025-06-29T00:57:24","date_gmt":"2025-06-28T22:57:24","guid":{"rendered":"https:\/\/www.readforreal.com\/styrkja\/"},"modified":"2025-08-31T02:28:50","modified_gmt":"2025-08-31T00:28:50","slug":"styrkja","status":"publish","type":"page","link":"https:\/\/www.readforreal.com\/is\/styrkja\/","title":{"rendered":"Styrkja"},"content":{"rendered":"\t\t<div data-elementor-type=\"wp-page\" data-elementor-id=\"4669\" class=\"elementor elementor-4669 elementor-34\" data-elementor-post-type=\"page\">\n\t\t\t\t<div class=\"elementor-element elementor-element-e2b0e0d e-flex e-con-boxed e-con e-parent\" data-id=\"e2b0e0d\" data-element_type=\"container\">\n\t\t\t\t\t<div class=\"e-con-inner\">\n\t\t\t\t\t<\/div>\n\t\t\t\t<\/div>\n\t\t<div class=\"elementor-element elementor-element-f71755c e-flex e-con-boxed e-con e-parent\" data-id=\"f71755c\" data-element_type=\"container\">\n\t\t\t\t\t<div class=\"e-con-inner\">\n\t\t<div class=\"elementor-element elementor-element-fcc6120 e-con-full e-flex e-con e-child\" data-id=\"fcc6120\" data-element_type=\"container\">\n\t\t\t\t<div class=\"elementor-element elementor-element-eab17ef elementor-widget elementor-widget-image\" data-id=\"eab17ef\" data-element_type=\"widget\" data-widget_type=\"image.default\">\n\t\t\t\t<div class=\"elementor-widget-container\">\n\t\t\t\t\t\t\t\t\t\t\t\t\t\t\t<img fetchpriority=\"high\" decoding=\"async\" width=\"800\" height=\"800\" src=\"https:\/\/www.readforreal.com\/wp-content\/uploads\/2025\/08\/all_donate-1024x1024.png\" class=\"attachment-large size-large wp-image-4265\" alt=\"\" srcset=\"https:\/\/www.readforreal.com\/wp-content\/uploads\/2025\/08\/all_donate-1024x1024.png 1024w, https:\/\/www.readforreal.com\/wp-content\/uploads\/2025\/08\/all_donate-300x300.png 300w, https:\/\/www.readforreal.com\/wp-content\/uploads\/2025\/08\/all_donate-150x150.png 150w, https:\/\/www.readforreal.com\/wp-content\/uploads\/2025\/08\/all_donate-768x768.png 768w, https:\/\/www.readforreal.com\/wp-content\/uploads\/2025\/08\/all_donate-1536x1536.png 1536w, https:\/\/www.readforreal.com\/wp-content\/uploads\/2025\/08\/all_donate-2048x2048.png 2048w\" sizes=\"(max-width: 800px) 100vw, 800px\" \/>\t\t\t\t\t\t\t\t\t\t\t\t\t\t\t<\/div>\n\t\t\t\t<\/div>\n\t\t\t\t<\/div>\n\t\t<div class=\"elementor-element elementor-element-94a3453 e-con-full e-flex e-con e-child\" data-id=\"94a3453\" data-element_type=\"container\">\n\t\t\t\t<div class=\"elementor-element elementor-element-69a0f3f5 elementor-widget elementor-widget-heading\" data-id=\"69a0f3f5\" data-element_type=\"widget\" data-widget_type=\"heading.default\">\n\t\t\t\t<div class=\"elementor-widget-container\">\n\t\t\t\t\t<h2 class=\"elementor-heading-title elementor-size-default\">\u00de\u00fa getur gert g\u00e6fumun<\/h2>\t\t\t\t<\/div>\n\t\t\t\t<\/div>\n\t\t\t\t<div class=\"elementor-element elementor-element-aaff11f elementor-widget elementor-widget-text-editor\" data-id=\"aaff11f\" data-element_type=\"widget\" data-widget_type=\"text-editor.default\">\n\t\t\t\t<div class=\"elementor-widget-container\">\n\t\t\t\t\t\t\t\t\t<p>Vi\u00f0 viljum sannarlega breyta heiminum til hins betra me\u00f0 ofurkrafti sk\u00f6punarg\u00e1fu h\u00f6funda og sameiginlegum lestri. Ef \u00fe\u00fa telur \u00feetta markmi\u00f0 mikilv\u00e6gt, styrktu vi\u00f0leitni okkar og vertu hluti af <strong>#ReadForReal!<\/strong> <\/p>\t\t\t\t\t\t\t\t<\/div>\n\t\t\t\t<\/div>\n\t\t\t\t<div class=\"elementor-element elementor-element-cebaf41 elementor-widget elementor-widget-text-editor\" data-id=\"cebaf41\" data-element_type=\"widget\" data-widget_type=\"text-editor.default\">\n\t\t\t\t<div class=\"elementor-widget-container\">\n\t\t\t\t\t\t\t\t\t<p>\u00de\u00fa ver\u00f0ur n\u00fa beint \u00e1 vefs\u00ed\u00f0u Universal Reading Foundation, \u00fear sem \u00fe\u00fa getur gefi\u00f0 framlag \u00e1 \u00f6ruggan h\u00e1tt. Vinsamlegast mundu a\u00f0 velja   <strong>Read. For Real <\/strong>  af verkefnalistanum.<\/p>\t\t\t\t\t\t\t\t<\/div>\n\t\t\t\t<\/div>\n\t\t\t\t<div class=\"elementor-element elementor-element-8967841 elementor-widget elementor-widget-button\" data-id=\"8967841\" data-element_type=\"widget\" data-widget_type=\"button.default\">\n\t\t\t\t<div class=\"elementor-widget-container\">\n\t\t\t\t\t\t\t\t\t<div class=\"elementor-button-wrapper\">\n\t\t\t\t\t<a class=\"elementor-button elementor-button-link elementor-size-sm\" href=\"https:\/\/www.fpc.org.pl\/eng\/wspieraj\/\" target=\"_blank\">\n\t\t\t\t\t\t<span class=\"elementor-button-content-wrapper\">\n\t\t\t\t\t\t\t\t\t<span class=\"elementor-button-text\">Styrkja<\/span>\n\t\t\t\t\t<\/span>\n\t\t\t\t\t<\/a>\n\t\t\t\t<\/div>\n\t\t\t\t\t\t\t\t<\/div>\n\t\t\t\t<\/div>\n\t\t\t\t<\/div>\n\t\t\t\t\t<\/div>\n\t\t\t\t<\/div>\n\t\t<div class=\"elementor-element elementor-element-44768fc8 e-flex e-con-boxed e-con e-parent\" data-id=\"44768fc8\" data-element_type=\"container\">\n\t\t\t\t\t<div class=\"e-con-inner\">\n\t\t\t\t<div class=\"elementor-element elementor-element-3f18aafc elementor-widget-divider--view-line elementor-widget elementor-widget-divider\" data-id=\"3f18aafc\" data-element_type=\"widget\" data-widget_type=\"divider.default\">\n\t\t\t\t<div class=\"elementor-widget-container\">\n\t\t\t\t\t\t\t<div class=\"elementor-divider\">\n\t\t\t<span class=\"elementor-divider-separator\">\n\t\t\t\t\t\t<\/span>\n\t\t<\/div>\n\t\t\t\t\t\t<\/div>\n\t\t\t\t<\/div>\n\t\t\t\t\t<\/div>\n\t\t\t\t<\/div>\n\t\t\t\t<\/div>\n\t\t","protected":false},"excerpt":{"rendered":"<p>\u00de\u00fa getur gert g\u00e6fumun Vi\u00f0 viljum sannarlega breyta heiminum til hins betra me\u00f0 ofurkrafti sk\u00f6punarg\u00e1fu h\u00f6funda og sameiginlegum lestri. Ef \u00fe\u00fa telur \u00feetta markmi\u00f0 mikilv\u00e6gt, styrktu vi\u00f0leitni okkar og vertu hluti af #ReadForReal! \u00de\u00fa ver\u00f0ur n\u00fa beint \u00e1 vefs\u00ed\u00f0u Universal Reading Foundation, \u00fear sem \u00fe\u00fa getur gefi\u00f0 framlag \u00e1 \u00f6ruggan h\u00e1tt. Vinsamlegast mundu a\u00f0 velja [&hellip;]<\/p>\n","protected":false},"author":1,"featured_media":0,"parent":0,"menu_order":0,"comment_status":"closed","ping_status":"closed","template":"elementor_header_footer","meta":{"footnotes":""},"class_list":["post-4669","page","type-page","status-publish","hentry"],"yoast_head":"<!-- This site is optimized with the Yoast SEO plugin v26.1.1 - https:\/\/yoast.com\/wordpress\/plugins\/seo\/ -->\n<title>Styrkja | Read. For Real<\/title>\n<meta name=\"robots\" content=\"index, follow, max-snippet:-1, max-image-preview:large, max-video-preview:-1\" \/>\n<link rel=\"canonical\" href=\"https:\/\/www.readforreal.com\/is\/styrkja\/\" \/>\n<meta property=\"og:locale\" content=\"is_IS\" \/>\n<meta property=\"og:type\" content=\"article\" \/>\n<meta property=\"og:title\" content=\"Styrkja | Read. For Real\" \/>\n<meta property=\"og:description\" content=\"\u00de\u00fa getur gert g\u00e6fumun Vi\u00f0 viljum sannarlega breyta heiminum til hins betra me\u00f0 ofurkrafti sk\u00f6punarg\u00e1fu h\u00f6funda og sameiginlegum lestri. Ef \u00fe\u00fa telur \u00feetta markmi\u00f0 mikilv\u00e6gt, styrktu vi\u00f0leitni okkar og vertu hluti af #ReadForReal! \u00de\u00fa ver\u00f0ur n\u00fa beint \u00e1 vefs\u00ed\u00f0u Universal Reading Foundation, \u00fear sem \u00fe\u00fa getur gefi\u00f0 framlag \u00e1 \u00f6ruggan h\u00e1tt. Vinsamlegast mundu a\u00f0 velja [&hellip;]\" \/>\n<meta property=\"og:url\" content=\"https:\/\/www.readforreal.com\/is\/styrkja\/\" \/>\n<meta property=\"og:site_name\" content=\"Read. For Real\" \/>\n<meta property=\"article:publisher\" content=\"https:\/\/www.facebook.com\/read.forreal\" \/>\n<meta property=\"article:modified_time\" content=\"2025-08-31T00:28:50+00:00\" \/>\n<meta property=\"og:image\" content=\"https:\/\/www.readforreal.com\/wp-content\/uploads\/2025\/08\/all_donate-scaled.png\" \/>\n\t<meta property=\"og:image:width\" content=\"2560\" \/>\n\t<meta property=\"og:image:height\" content=\"2560\" \/>\n\t<meta property=\"og:image:type\" content=\"image\/png\" \/>\n<meta name=\"twitter:card\" content=\"summary_large_image\" \/>\n<script type=\"application\/ld+json\" class=\"yoast-schema-graph\">{\"@context\":\"https:\/\/schema.org\",\"@graph\":[{\"@type\":\"WebPage\",\"@id\":\"https:\/\/www.readforreal.com\/is\/styrkja\/\",\"url\":\"https:\/\/www.readforreal.com\/is\/styrkja\/\",\"name\":\"Styrkja | Read. For Real\",\"isPartOf\":{\"@id\":\"https:\/\/www.readforreal.com\/#website\"},\"primaryImageOfPage\":{\"@id\":\"https:\/\/www.readforreal.com\/is\/styrkja\/#primaryimage\"},\"image\":{\"@id\":\"https:\/\/www.readforreal.com\/is\/styrkja\/#primaryimage\"},\"thumbnailUrl\":\"https:\/\/www.readforreal.com\/wp-content\/uploads\/2025\/08\/all_donate-1024x1024.png\",\"datePublished\":\"2025-06-28T22:57:24+00:00\",\"dateModified\":\"2025-08-31T00:28:50+00:00\",\"breadcrumb\":{\"@id\":\"https:\/\/www.readforreal.com\/is\/styrkja\/#breadcrumb\"},\"inLanguage\":\"is\",\"potentialAction\":[{\"@type\":\"ReadAction\",\"target\":[\"https:\/\/www.readforreal.com\/is\/styrkja\/\"]}]},{\"@type\":\"ImageObject\",\"inLanguage\":\"is\",\"@id\":\"https:\/\/www.readforreal.com\/is\/styrkja\/#primaryimage\",\"url\":\"https:\/\/www.readforreal.com\/wp-content\/uploads\/2025\/08\/all_donate-1024x1024.png\",\"contentUrl\":\"https:\/\/www.readforreal.com\/wp-content\/uploads\/2025\/08\/all_donate-1024x1024.png\"},{\"@type\":\"BreadcrumbList\",\"@id\":\"https:\/\/www.readforreal.com\/is\/styrkja\/#breadcrumb\",\"itemListElement\":[{\"@type\":\"ListItem\",\"position\":1,\"name\":\"Home\",\"item\":\"https:\/\/www.readforreal.com\/is\/lestu-fyrir-alvoru\/\"},{\"@type\":\"ListItem\",\"position\":2,\"name\":\"Styrkja\"}]},{\"@type\":\"WebSite\",\"@id\":\"https:\/\/www.readforreal.com\/#website\",\"url\":\"https:\/\/www.readforreal.com\/\",\"name\":\"Read. For Real\",\"description\":\"European Authors Day 11.11-12.12.2026\",\"publisher\":{\"@id\":\"https:\/\/www.readforreal.com\/#organization\"},\"alternateName\":\"European Authors Day 11.11-12.12.2025\",\"potentialAction\":[{\"@type\":\"SearchAction\",\"target\":{\"@type\":\"EntryPoint\",\"urlTemplate\":\"https:\/\/www.readforreal.com\/?s={search_term_string}\"},\"query-input\":{\"@type\":\"PropertyValueSpecification\",\"valueRequired\":true,\"valueName\":\"search_term_string\"}}],\"inLanguage\":\"is\"},{\"@type\":\"Organization\",\"@id\":\"https:\/\/www.readforreal.com\/#organization\",\"name\":\"Fundacja Powszechnego Czytania\",\"url\":\"https:\/\/www.readforreal.com\/\",\"logo\":{\"@type\":\"ImageObject\",\"inLanguage\":\"is\",\"@id\":\"https:\/\/www.readforreal.com\/#\/schema\/logo\/image\/\",\"url\":\"https:\/\/www.readforreal.com\/wp-content\/uploads\/2025\/06\/RfR-logo-OK_1.png\",\"contentUrl\":\"https:\/\/www.readforreal.com\/wp-content\/uploads\/2025\/06\/RfR-logo-OK_1.png\",\"width\":1890,\"height\":1299,\"caption\":\"Fundacja Powszechnego Czytania\"},\"image\":{\"@id\":\"https:\/\/www.readforreal.com\/#\/schema\/logo\/image\/\"},\"sameAs\":[\"https:\/\/www.facebook.com\/read.forreal\",\"https:\/\/www.instagram.com\/read.forreal\/\"]}]}<\/script>\n<!-- \/ Yoast SEO plugin. -->","yoast_head_json":{"title":"Styrkja | Read. For Real","robots":{"index":"index","follow":"follow","max-snippet":"max-snippet:-1","max-image-preview":"max-image-preview:large","max-video-preview":"max-video-preview:-1"},"canonical":"https:\/\/www.readforreal.com\/is\/styrkja\/","og_locale":"is_IS","og_type":"article","og_title":"Styrkja | Read. For Real","og_description":"\u00de\u00fa getur gert g\u00e6fumun Vi\u00f0 viljum sannarlega breyta heiminum til hins betra me\u00f0 ofurkrafti sk\u00f6punarg\u00e1fu h\u00f6funda og sameiginlegum lestri. Ef \u00fe\u00fa telur \u00feetta markmi\u00f0 mikilv\u00e6gt, styrktu vi\u00f0leitni okkar og vertu hluti af #ReadForReal! \u00de\u00fa ver\u00f0ur n\u00fa beint \u00e1 vefs\u00ed\u00f0u Universal Reading Foundation, \u00fear sem \u00fe\u00fa getur gefi\u00f0 framlag \u00e1 \u00f6ruggan h\u00e1tt. Vinsamlegast mundu a\u00f0 velja [&hellip;]","og_url":"https:\/\/www.readforreal.com\/is\/styrkja\/","og_site_name":"Read. For Real","article_publisher":"https:\/\/www.facebook.com\/read.forreal","article_modified_time":"2025-08-31T00:28:50+00:00","og_image":[{"width":2560,"height":2560,"url":"https:\/\/www.readforreal.com\/wp-content\/uploads\/2025\/08\/all_donate-scaled.png","type":"image\/png"}],"twitter_card":"summary_large_image","schema":{"@context":"https:\/\/schema.org","@graph":[{"@type":"WebPage","@id":"https:\/\/www.readforreal.com\/is\/styrkja\/","url":"https:\/\/www.readforreal.com\/is\/styrkja\/","name":"Styrkja | Read. For Real","isPartOf":{"@id":"https:\/\/www.readforreal.com\/#website"},"primaryImageOfPage":{"@id":"https:\/\/www.readforreal.com\/is\/styrkja\/#primaryimage"},"image":{"@id":"https:\/\/www.readforreal.com\/is\/styrkja\/#primaryimage"},"thumbnailUrl":"https:\/\/www.readforreal.com\/wp-content\/uploads\/2025\/08\/all_donate-1024x1024.png","datePublished":"2025-06-28T22:57:24+00:00","dateModified":"2025-08-31T00:28:50+00:00","breadcrumb":{"@id":"https:\/\/www.readforreal.com\/is\/styrkja\/#breadcrumb"},"inLanguage":"is","potentialAction":[{"@type":"ReadAction","target":["https:\/\/www.readforreal.com\/is\/styrkja\/"]}]},{"@type":"ImageObject","inLanguage":"is","@id":"https:\/\/www.readforreal.com\/is\/styrkja\/#primaryimage","url":"https:\/\/www.readforreal.com\/wp-content\/uploads\/2025\/08\/all_donate-1024x1024.png","contentUrl":"https:\/\/www.readforreal.com\/wp-content\/uploads\/2025\/08\/all_donate-1024x1024.png"},{"@type":"BreadcrumbList","@id":"https:\/\/www.readforreal.com\/is\/styrkja\/#breadcrumb","itemListElement":[{"@type":"ListItem","position":1,"name":"Home","item":"https:\/\/www.readforreal.com\/is\/lestu-fyrir-alvoru\/"},{"@type":"ListItem","position":2,"name":"Styrkja"}]},{"@type":"WebSite","@id":"https:\/\/www.readforreal.com\/#website","url":"https:\/\/www.readforreal.com\/","name":"Read. For Real","description":"European Authors Day 11.11-12.12.2026","publisher":{"@id":"https:\/\/www.readforreal.com\/#organization"},"alternateName":"European Authors Day 11.11-12.12.2025","potentialAction":[{"@type":"SearchAction","target":{"@type":"EntryPoint","urlTemplate":"https:\/\/www.readforreal.com\/?s={search_term_string}"},"query-input":{"@type":"PropertyValueSpecification","valueRequired":true,"valueName":"search_term_string"}}],"inLanguage":"is"},{"@type":"Organization","@id":"https:\/\/www.readforreal.com\/#organization","name":"Fundacja Powszechnego Czytania","url":"https:\/\/www.readforreal.com\/","logo":{"@type":"ImageObject","inLanguage":"is","@id":"https:\/\/www.readforreal.com\/#\/schema\/logo\/image\/","url":"https:\/\/www.readforreal.com\/wp-content\/uploads\/2025\/06\/RfR-logo-OK_1.png","contentUrl":"https:\/\/www.readforreal.com\/wp-content\/uploads\/2025\/06\/RfR-logo-OK_1.png","width":1890,"height":1299,"caption":"Fundacja Powszechnego Czytania"},"image":{"@id":"https:\/\/www.readforreal.com\/#\/schema\/logo\/image\/"},"sameAs":["https:\/\/www.facebook.com\/read.forreal","https:\/\/www.instagram.com\/read.forreal\/"]}]}},"_links":{"self":[{"href":"https:\/\/www.readforreal.com\/is\/wp-json\/wp\/v2\/pages\/4669","targetHints":{"allow":["GET"]}}],"collection":[{"href":"https:\/\/www.readforreal.com\/is\/wp-json\/wp\/v2\/pages"}],"about":[{"href":"https:\/\/www.readforreal.com\/is\/wp-json\/wp\/v2\/types\/page"}],"author":[{"embeddable":true,"href":"https:\/\/www.readforreal.com\/is\/wp-json\/wp\/v2\/users\/1"}],"replies":[{"embeddable":true,"href":"https:\/\/www.readforreal.com\/is\/wp-json\/wp\/v2\/comments?post=4669"}],"version-history":[{"count":1,"href":"https:\/\/www.readforreal.com\/is\/wp-json\/wp\/v2\/pages\/4669\/revisions"}],"predecessor-version":[{"id":4670,"href":"https:\/\/www.readforreal.com\/is\/wp-json\/wp\/v2\/pages\/4669\/revisions\/4670"}],"wp:attachment":[{"href":"https:\/\/www.readforreal.com\/is\/wp-json\/wp\/v2\/media?parent=4669"}],"curies":[{"name":"wp","href":"https:\/\/api.w.org\/{rel}","templated":true}]}}