{"id":11614,"date":"2025-09-28T12:54:57","date_gmt":"2025-09-28T10:54:57","guid":{"rendered":"https:\/\/www.readforreal.com\/saekja\/skirteini-og-profskirteini\/"},"modified":"2025-09-28T13:35:10","modified_gmt":"2025-09-28T11:35:10","slug":"skirteini-og-profskirteini","status":"publish","type":"page","link":"https:\/\/www.readforreal.com\/is\/saekja\/skirteini-og-profskirteini\/","title":{"rendered":"Sk\u00edrteini og pr\u00f3fsk\u00edrteini"},"content":{"rendered":"\t\t<div data-elementor-type=\"wp-page\" data-elementor-id=\"11614\" class=\"elementor elementor-11614 elementor-10755\" data-elementor-post-type=\"page\">\n\t\t\t\t<div class=\"elementor-element elementor-element-22e5b72a e-flex e-con-boxed e-con e-parent\" data-id=\"22e5b72a\" data-element_type=\"container\">\n\t\t\t\t\t<div class=\"e-con-inner\">\n\t\t\t\t\t<\/div>\n\t\t\t\t<\/div>\n\t\t<div class=\"elementor-element elementor-element-dcfcc2e e-flex e-con-boxed e-con e-parent\" data-id=\"dcfcc2e\" data-element_type=\"container\">\n\t\t\t\t\t<div class=\"e-con-inner\">\n\t\t\t\t<div class=\"elementor-element elementor-element-26494f94 elementor-widget-divider--view-line elementor-widget elementor-widget-divider\" data-id=\"26494f94\" data-element_type=\"widget\" data-widget_type=\"divider.default\">\n\t\t\t\t<div class=\"elementor-widget-container\">\n\t\t\t\t\t\t\t<div class=\"elementor-divider\">\n\t\t\t<span class=\"elementor-divider-separator\">\n\t\t\t\t\t\t<\/span>\n\t\t<\/div>\n\t\t\t\t\t\t<\/div>\n\t\t\t\t<\/div>\n\t\t\t\t\t<\/div>\n\t\t\t\t<\/div>\n\t\t<div class=\"elementor-element elementor-element-bf861e2 e-flex e-con-boxed e-con e-parent\" data-id=\"bf861e2\" data-element_type=\"container\">\n\t\t\t\t\t<div class=\"e-con-inner\">\n\t\t<div class=\"elementor-element elementor-element-756f60a e-con-full e-flex e-con e-child\" data-id=\"756f60a\" data-element_type=\"container\">\n\t\t\t\t<div class=\"elementor-element elementor-element-da3eb33 elementor-widget elementor-widget-heading\" data-id=\"da3eb33\" data-element_type=\"widget\" data-widget_type=\"heading.default\">\n\t\t\t\t<div class=\"elementor-widget-container\">\n\t\t\t\t\t<h4 class=\"elementor-heading-title elementor-size-default\">Vottor\u00f0 um samsk\u00f6pun<\/h4>\t\t\t\t<\/div>\n\t\t\t\t<\/div>\n\t\t\t\t<div class=\"elementor-element elementor-element-bb0f8e3 elementor-widget elementor-widget-image\" data-id=\"bb0f8e3\" data-element_type=\"widget\" data-widget_type=\"image.default\">\n\t\t\t\t<div class=\"elementor-widget-container\">\n\t\t\t\t\t\t\t\t\t\t\t\t\t\t\t\t<a href=\"https:\/\/www.readforreal.com\/download-files\/promotional_materials\/RfR%20certificate%20of%20co-creation.pdf\" target=\"_blank\">\n\t\t\t\t\t\t\t<img fetchpriority=\"high\" decoding=\"async\" width=\"400\" height=\"400\" src=\"https:\/\/www.readforreal.com\/wp-content\/uploads\/2025\/09\/3-1.png\" class=\"elementor-animation-grow attachment-large size-large wp-image-10213\" alt=\"\" srcset=\"https:\/\/www.readforreal.com\/wp-content\/uploads\/2025\/09\/3-1.png 400w, https:\/\/www.readforreal.com\/wp-content\/uploads\/2025\/09\/3-1-300x300.png 300w, https:\/\/www.readforreal.com\/wp-content\/uploads\/2025\/09\/3-1-150x150.png 150w\" sizes=\"(max-width: 400px) 100vw, 400px\" \/>\t\t\t\t\t\t\t\t<\/a>\n\t\t\t\t\t\t\t\t\t\t\t\t\t\t\t<\/div>\n\t\t\t\t<\/div>\n\t\t\t\t<div class=\"elementor-element elementor-element-c67feb9 elementor-align-center elementor-widget elementor-widget-button\" data-id=\"c67feb9\" data-element_type=\"widget\" data-widget_type=\"button.default\">\n\t\t\t\t<div class=\"elementor-widget-container\">\n\t\t\t\t\t\t\t\t\t<div class=\"elementor-button-wrapper\">\n\t\t\t\t\t<a class=\"elementor-button elementor-button-link elementor-size-sm\" href=\"https:\/\/www.readforreal.com\/download-files\/promotional_materials\/RfR%20certificate%20of%20co-creation.pdf\" target=\"_blank\">\n\t\t\t\t\t\t<span class=\"elementor-button-content-wrapper\">\n\t\t\t\t\t\t<span class=\"elementor-button-icon\">\n\t\t\t\t<svg aria-hidden=\"true\" class=\"e-font-icon-svg e-fas-download\" viewBox=\"0 0 512 512\" xmlns=\"http:\/\/www.w3.org\/2000\/svg\"><path d=\"M216 0h80c13.3 0 24 10.7 24 24v168h87.7c17.8 0 26.7 21.5 14.1 34.1L269.7 378.3c-7.5 7.5-19.8 7.5-27.3 0L90.1 226.1c-12.6-12.6-3.7-34.1 14.1-34.1H192V24c0-13.3 10.7-24 24-24zm296 376v112c0 13.3-10.7 24-24 24H24c-13.3 0-24-10.7-24-24V376c0-13.3 10.7-24 24-24h146.7l49 49c20.1 20.1 52.5 20.1 72.6 0l49-49H488c13.3 0 24 10.7 24 24zm-124 88c0-11-9-20-20-20s-20 9-20 20 9 20 20 20 20-9 20-20zm64 0c0-11-9-20-20-20s-20 9-20 20 9 20 20 20 20-9 20-20z\"><\/path><\/svg>\t\t\t<\/span>\n\t\t\t\t\t\t\t\t\t<span class=\"elementor-button-text\">S\u00e6kja<\/span>\n\t\t\t\t\t<\/span>\n\t\t\t\t\t<\/a>\n\t\t\t\t<\/div>\n\t\t\t\t\t\t\t\t<\/div>\n\t\t\t\t<\/div>\n\t\t\t\t<\/div>\n\t\t<div class=\"elementor-element elementor-element-6ac1214 e-con-full e-flex e-con e-child\" data-id=\"6ac1214\" data-element_type=\"container\">\n\t\t\t\t<div class=\"elementor-element elementor-element-2940af5 elementor-widget elementor-widget-heading\" data-id=\"2940af5\" data-element_type=\"widget\" data-widget_type=\"heading.default\">\n\t\t\t\t<div class=\"elementor-widget-container\">\n\t\t\t\t\t<h4 class=\"elementor-heading-title elementor-size-default\">Pr\u00f3fsk\u00edrteini<\/h4>\t\t\t\t<\/div>\n\t\t\t\t<\/div>\n\t\t\t\t<div class=\"elementor-element elementor-element-7235f7f elementor-widget elementor-widget-image\" data-id=\"7235f7f\" data-element_type=\"widget\" data-widget_type=\"image.default\">\n\t\t\t\t<div class=\"elementor-widget-container\">\n\t\t\t\t\t\t\t\t\t\t\t\t\t\t\t\t<a href=\"https:\/\/www.readforreal.com\/is\/saekja\/skirteini-og-profskirteini\/profskirteini\/\">\n\t\t\t\t\t\t\t<img decoding=\"async\" width=\"400\" height=\"400\" src=\"https:\/\/www.readforreal.com\/wp-content\/uploads\/2025\/09\/diploma_thumbnail.png\" class=\"elementor-animation-grow attachment-large size-large wp-image-10773\" alt=\"\" srcset=\"https:\/\/www.readforreal.com\/wp-content\/uploads\/2025\/09\/diploma_thumbnail.png 400w, https:\/\/www.readforreal.com\/wp-content\/uploads\/2025\/09\/diploma_thumbnail-300x300.png 300w, https:\/\/www.readforreal.com\/wp-content\/uploads\/2025\/09\/diploma_thumbnail-150x150.png 150w\" sizes=\"(max-width: 400px) 100vw, 400px\" \/>\t\t\t\t\t\t\t\t<\/a>\n\t\t\t\t\t\t\t\t\t\t\t\t\t\t\t<\/div>\n\t\t\t\t<\/div>\n\t\t\t\t<div class=\"elementor-element elementor-element-1a02929 elementor-align-center elementor-widget elementor-widget-button\" data-id=\"1a02929\" data-element_type=\"widget\" data-widget_type=\"button.default\">\n\t\t\t\t<div class=\"elementor-widget-container\">\n\t\t\t\t\t\t\t\t\t<div class=\"elementor-button-wrapper\">\n\t\t\t\t\t<a class=\"elementor-button elementor-button-link elementor-size-sm\" href=\"https:\/\/www.readforreal.com\/is\/saekja\/skirteini-og-profskirteini\/profskirteini\/\">\n\t\t\t\t\t\t<span class=\"elementor-button-content-wrapper\">\n\t\t\t\t\t\t<span class=\"elementor-button-icon\">\n\t\t\t\t<svg aria-hidden=\"true\" class=\"e-font-icon-svg e-fas-arrow-right\" viewBox=\"0 0 448 512\" xmlns=\"http:\/\/www.w3.org\/2000\/svg\"><path d=\"M190.5 66.9l22.2-22.2c9.4-9.4 24.6-9.4 33.9 0L441 239c9.4 9.4 9.4 24.6 0 33.9L246.6 467.3c-9.4 9.4-24.6 9.4-33.9 0l-22.2-22.2c-9.5-9.5-9.3-25 .4-34.3L311.4 296H24c-13.3 0-24-10.7-24-24v-32c0-13.3 10.7-24 24-24h287.4L190.9 101.2c-9.8-9.3-10-24.8-.4-34.3z\"><\/path><\/svg>\t\t\t<\/span>\n\t\t\t\t\t\t\t\t\t<span class=\"elementor-button-text\">S\u00e6kja<\/span>\n\t\t\t\t\t<\/span>\n\t\t\t\t\t<\/a>\n\t\t\t\t<\/div>\n\t\t\t\t\t\t\t\t<\/div>\n\t\t\t\t<\/div>\n\t\t\t\t<\/div>\n\t\t\t\t\t<\/div>\n\t\t\t\t<\/div>\n\t\t<div class=\"elementor-element elementor-element-7a53ab9 e-flex e-con-boxed e-con e-parent\" data-id=\"7a53ab9\" data-element_type=\"container\">\n\t\t\t\t\t<div class=\"e-con-inner\">\n\t\t\t\t<div class=\"elementor-element elementor-element-99abaa3 elementor-widget-divider--view-line elementor-widget elementor-widget-divider\" data-id=\"99abaa3\" data-element_type=\"widget\" data-widget_type=\"divider.default\">\n\t\t\t\t<div class=\"elementor-widget-container\">\n\t\t\t\t\t\t\t<div class=\"elementor-divider\">\n\t\t\t<span class=\"elementor-divider-separator\">\n\t\t\t\t\t\t<\/span>\n\t\t<\/div>\n\t\t\t\t\t\t<\/div>\n\t\t\t\t<\/div>\n\t\t\t\t\t<\/div>\n\t\t\t\t<\/div>\n\t\t\t\t<\/div>\n\t\t","protected":false},"excerpt":{"rendered":"<p>Vottor\u00f0 um samsk\u00f6pun S\u00e6kja Pr\u00f3fsk\u00edrteini S\u00e6kja<\/p>\n","protected":false},"author":1,"featured_media":0,"parent":6464,"menu_order":0,"comment_status":"closed","ping_status":"closed","template":"elementor_header_footer","meta":{"footnotes":""},"class_list":["post-11614","page","type-page","status-publish","hentry"],"yoast_head":"<!-- This site is optimized with the Yoast SEO plugin v26.1.1 - https:\/\/yoast.com\/wordpress\/plugins\/seo\/ -->\n<title>Sk\u00edrteini og pr\u00f3fsk\u00edrteini | Read. For Real<\/title>\n<meta name=\"robots\" content=\"index, follow, max-snippet:-1, max-image-preview:large, max-video-preview:-1\" \/>\n<link rel=\"canonical\" href=\"https:\/\/www.readforreal.com\/is\/saekja\/skirteini-og-profskirteini\/\" \/>\n<meta property=\"og:locale\" content=\"is_IS\" \/>\n<meta property=\"og:type\" content=\"article\" \/>\n<meta property=\"og:title\" content=\"Sk\u00edrteini og pr\u00f3fsk\u00edrteini | Read. For Real\" \/>\n<meta property=\"og:description\" content=\"Vottor\u00f0 um samsk\u00f6pun S\u00e6kja Pr\u00f3fsk\u00edrteini S\u00e6kja\" \/>\n<meta property=\"og:url\" content=\"https:\/\/www.readforreal.com\/is\/saekja\/skirteini-og-profskirteini\/\" \/>\n<meta property=\"og:site_name\" content=\"Read. For Real\" \/>\n<meta property=\"article:publisher\" content=\"https:\/\/www.facebook.com\/read.forreal\" \/>\n<meta property=\"article:modified_time\" content=\"2025-09-28T11:35:10+00:00\" \/>\n<meta property=\"og:image\" content=\"https:\/\/www.readforreal.com\/wp-content\/uploads\/2025\/09\/3-1.png\" \/>\n\t<meta property=\"og:image:width\" content=\"400\" \/>\n\t<meta property=\"og:image:height\" content=\"400\" \/>\n\t<meta property=\"og:image:type\" content=\"image\/png\" \/>\n<meta name=\"twitter:card\" content=\"summary_large_image\" \/>\n<script type=\"application\/ld+json\" class=\"yoast-schema-graph\">{\"@context\":\"https:\/\/schema.org\",\"@graph\":[{\"@type\":\"WebPage\",\"@id\":\"https:\/\/www.readforreal.com\/is\/saekja\/skirteini-og-profskirteini\/\",\"url\":\"https:\/\/www.readforreal.com\/is\/saekja\/skirteini-og-profskirteini\/\",\"name\":\"Sk\u00edrteini og pr\u00f3fsk\u00edrteini | Read. For Real\",\"isPartOf\":{\"@id\":\"https:\/\/www.readforreal.com\/#website\"},\"primaryImageOfPage\":{\"@id\":\"https:\/\/www.readforreal.com\/is\/saekja\/skirteini-og-profskirteini\/#primaryimage\"},\"image\":{\"@id\":\"https:\/\/www.readforreal.com\/is\/saekja\/skirteini-og-profskirteini\/#primaryimage\"},\"thumbnailUrl\":\"https:\/\/www.readforreal.com\/wp-content\/uploads\/2025\/09\/3-1.png\",\"datePublished\":\"2025-09-28T10:54:57+00:00\",\"dateModified\":\"2025-09-28T11:35:10+00:00\",\"breadcrumb\":{\"@id\":\"https:\/\/www.readforreal.com\/is\/saekja\/skirteini-og-profskirteini\/#breadcrumb\"},\"inLanguage\":\"is\",\"potentialAction\":[{\"@type\":\"ReadAction\",\"target\":[\"https:\/\/www.readforreal.com\/is\/saekja\/skirteini-og-profskirteini\/\"]}]},{\"@type\":\"ImageObject\",\"inLanguage\":\"is\",\"@id\":\"https:\/\/www.readforreal.com\/is\/saekja\/skirteini-og-profskirteini\/#primaryimage\",\"url\":\"https:\/\/www.readforreal.com\/wp-content\/uploads\/2025\/09\/3-1.png\",\"contentUrl\":\"https:\/\/www.readforreal.com\/wp-content\/uploads\/2025\/09\/3-1.png\"},{\"@type\":\"BreadcrumbList\",\"@id\":\"https:\/\/www.readforreal.com\/is\/saekja\/skirteini-og-profskirteini\/#breadcrumb\",\"itemListElement\":[{\"@type\":\"ListItem\",\"position\":1,\"name\":\"Home\",\"item\":\"https:\/\/www.readforreal.com\/is\/lestu-fyrir-alvoru\/\"},{\"@type\":\"ListItem\",\"position\":2,\"name\":\"S\u00e6kja\",\"item\":\"https:\/\/www.readforreal.com\/is\/saekja\/\"},{\"@type\":\"ListItem\",\"position\":3,\"name\":\"Sk\u00edrteini og pr\u00f3fsk\u00edrteini\"}]},{\"@type\":\"WebSite\",\"@id\":\"https:\/\/www.readforreal.com\/#website\",\"url\":\"https:\/\/www.readforreal.com\/\",\"name\":\"Read. For Real\",\"description\":\"European Authors Day 11.11-12.12.2026\",\"publisher\":{\"@id\":\"https:\/\/www.readforreal.com\/#organization\"},\"alternateName\":\"European Authors Day 11.11-12.12.2025\",\"potentialAction\":[{\"@type\":\"SearchAction\",\"target\":{\"@type\":\"EntryPoint\",\"urlTemplate\":\"https:\/\/www.readforreal.com\/?s={search_term_string}\"},\"query-input\":{\"@type\":\"PropertyValueSpecification\",\"valueRequired\":true,\"valueName\":\"search_term_string\"}}],\"inLanguage\":\"is\"},{\"@type\":\"Organization\",\"@id\":\"https:\/\/www.readforreal.com\/#organization\",\"name\":\"Fundacja Powszechnego Czytania\",\"url\":\"https:\/\/www.readforreal.com\/\",\"logo\":{\"@type\":\"ImageObject\",\"inLanguage\":\"is\",\"@id\":\"https:\/\/www.readforreal.com\/#\/schema\/logo\/image\/\",\"url\":\"https:\/\/www.readforreal.com\/wp-content\/uploads\/2025\/06\/RfR-logo-OK_1.png\",\"contentUrl\":\"https:\/\/www.readforreal.com\/wp-content\/uploads\/2025\/06\/RfR-logo-OK_1.png\",\"width\":1890,\"height\":1299,\"caption\":\"Fundacja Powszechnego Czytania\"},\"image\":{\"@id\":\"https:\/\/www.readforreal.com\/#\/schema\/logo\/image\/\"},\"sameAs\":[\"https:\/\/www.facebook.com\/read.forreal\",\"https:\/\/www.instagram.com\/read.forreal\/\"]}]}<\/script>\n<!-- \/ Yoast SEO plugin. -->","yoast_head_json":{"title":"Sk\u00edrteini og pr\u00f3fsk\u00edrteini | Read. For Real","robots":{"index":"index","follow":"follow","max-snippet":"max-snippet:-1","max-image-preview":"max-image-preview:large","max-video-preview":"max-video-preview:-1"},"canonical":"https:\/\/www.readforreal.com\/is\/saekja\/skirteini-og-profskirteini\/","og_locale":"is_IS","og_type":"article","og_title":"Sk\u00edrteini og pr\u00f3fsk\u00edrteini | Read. For Real","og_description":"Vottor\u00f0 um samsk\u00f6pun S\u00e6kja Pr\u00f3fsk\u00edrteini S\u00e6kja","og_url":"https:\/\/www.readforreal.com\/is\/saekja\/skirteini-og-profskirteini\/","og_site_name":"Read. For Real","article_publisher":"https:\/\/www.facebook.com\/read.forreal","article_modified_time":"2025-09-28T11:35:10+00:00","og_image":[{"width":400,"height":400,"url":"https:\/\/www.readforreal.com\/wp-content\/uploads\/2025\/09\/3-1.png","type":"image\/png"}],"twitter_card":"summary_large_image","schema":{"@context":"https:\/\/schema.org","@graph":[{"@type":"WebPage","@id":"https:\/\/www.readforreal.com\/is\/saekja\/skirteini-og-profskirteini\/","url":"https:\/\/www.readforreal.com\/is\/saekja\/skirteini-og-profskirteini\/","name":"Sk\u00edrteini og pr\u00f3fsk\u00edrteini | Read. For Real","isPartOf":{"@id":"https:\/\/www.readforreal.com\/#website"},"primaryImageOfPage":{"@id":"https:\/\/www.readforreal.com\/is\/saekja\/skirteini-og-profskirteini\/#primaryimage"},"image":{"@id":"https:\/\/www.readforreal.com\/is\/saekja\/skirteini-og-profskirteini\/#primaryimage"},"thumbnailUrl":"https:\/\/www.readforreal.com\/wp-content\/uploads\/2025\/09\/3-1.png","datePublished":"2025-09-28T10:54:57+00:00","dateModified":"2025-09-28T11:35:10+00:00","breadcrumb":{"@id":"https:\/\/www.readforreal.com\/is\/saekja\/skirteini-og-profskirteini\/#breadcrumb"},"inLanguage":"is","potentialAction":[{"@type":"ReadAction","target":["https:\/\/www.readforreal.com\/is\/saekja\/skirteini-og-profskirteini\/"]}]},{"@type":"ImageObject","inLanguage":"is","@id":"https:\/\/www.readforreal.com\/is\/saekja\/skirteini-og-profskirteini\/#primaryimage","url":"https:\/\/www.readforreal.com\/wp-content\/uploads\/2025\/09\/3-1.png","contentUrl":"https:\/\/www.readforreal.com\/wp-content\/uploads\/2025\/09\/3-1.png"},{"@type":"BreadcrumbList","@id":"https:\/\/www.readforreal.com\/is\/saekja\/skirteini-og-profskirteini\/#breadcrumb","itemListElement":[{"@type":"ListItem","position":1,"name":"Home","item":"https:\/\/www.readforreal.com\/is\/lestu-fyrir-alvoru\/"},{"@type":"ListItem","position":2,"name":"S\u00e6kja","item":"https:\/\/www.readforreal.com\/is\/saekja\/"},{"@type":"ListItem","position":3,"name":"Sk\u00edrteini og pr\u00f3fsk\u00edrteini"}]},{"@type":"WebSite","@id":"https:\/\/www.readforreal.com\/#website","url":"https:\/\/www.readforreal.com\/","name":"Read. For Real","description":"European Authors Day 11.11-12.12.2026","publisher":{"@id":"https:\/\/www.readforreal.com\/#organization"},"alternateName":"European Authors Day 11.11-12.12.2025","potentialAction":[{"@type":"SearchAction","target":{"@type":"EntryPoint","urlTemplate":"https:\/\/www.readforreal.com\/?s={search_term_string}"},"query-input":{"@type":"PropertyValueSpecification","valueRequired":true,"valueName":"search_term_string"}}],"inLanguage":"is"},{"@type":"Organization","@id":"https:\/\/www.readforreal.com\/#organization","name":"Fundacja Powszechnego Czytania","url":"https:\/\/www.readforreal.com\/","logo":{"@type":"ImageObject","inLanguage":"is","@id":"https:\/\/www.readforreal.com\/#\/schema\/logo\/image\/","url":"https:\/\/www.readforreal.com\/wp-content\/uploads\/2025\/06\/RfR-logo-OK_1.png","contentUrl":"https:\/\/www.readforreal.com\/wp-content\/uploads\/2025\/06\/RfR-logo-OK_1.png","width":1890,"height":1299,"caption":"Fundacja Powszechnego Czytania"},"image":{"@id":"https:\/\/www.readforreal.com\/#\/schema\/logo\/image\/"},"sameAs":["https:\/\/www.facebook.com\/read.forreal","https:\/\/www.instagram.com\/read.forreal\/"]}]}},"_links":{"self":[{"href":"https:\/\/www.readforreal.com\/is\/wp-json\/wp\/v2\/pages\/11614","targetHints":{"allow":["GET"]}}],"collection":[{"href":"https:\/\/www.readforreal.com\/is\/wp-json\/wp\/v2\/pages"}],"about":[{"href":"https:\/\/www.readforreal.com\/is\/wp-json\/wp\/v2\/types\/page"}],"author":[{"embeddable":true,"href":"https:\/\/www.readforreal.com\/is\/wp-json\/wp\/v2\/users\/1"}],"replies":[{"embeddable":true,"href":"https:\/\/www.readforreal.com\/is\/wp-json\/wp\/v2\/comments?post=11614"}],"version-history":[{"count":2,"href":"https:\/\/www.readforreal.com\/is\/wp-json\/wp\/v2\/pages\/11614\/revisions"}],"predecessor-version":[{"id":11727,"href":"https:\/\/www.readforreal.com\/is\/wp-json\/wp\/v2\/pages\/11614\/revisions\/11727"}],"up":[{"embeddable":true,"href":"https:\/\/www.readforreal.com\/is\/wp-json\/wp\/v2\/pages\/6464"}],"wp:attachment":[{"href":"https:\/\/www.readforreal.com\/is\/wp-json\/wp\/v2\/media?parent=11614"}],"curies":[{"name":"wp","href":"https:\/\/api.w.org\/{rel}","templated":true}]}}