{"id":4836,"date":"2025-06-29T00:10:54","date_gmt":"2025-06-28T22:10:54","guid":{"rendered":"https:\/\/www.readforreal.com\/adatvedelmi-iranyelvek\/"},"modified":"2025-09-17T02:11:30","modified_gmt":"2025-09-17T00:11:30","slug":"adatvedelmi-iranyelvek","status":"publish","type":"page","link":"https:\/\/www.readforreal.com\/hu\/adatvedelmi-iranyelvek\/","title":{"rendered":"Adatv\u00e9delmi ir\u00e1nyelvek"},"content":{"rendered":"\t\t<div data-elementor-type=\"wp-page\" data-elementor-id=\"4836\" class=\"elementor elementor-4836 elementor-3\" data-elementor-post-type=\"page\">\n\t\t\t\t<div class=\"elementor-element elementor-element-726f90a3 e-flex e-con-boxed e-con e-parent\" data-id=\"726f90a3\" data-element_type=\"container\">\n\t\t\t\t\t<div class=\"e-con-inner\">\n\t\t\t\t\t<\/div>\n\t\t\t\t<\/div>\n\t\t<div class=\"elementor-element elementor-element-57caaef1 e-flex e-con-boxed e-con e-parent\" data-id=\"57caaef1\" data-element_type=\"container\">\n\t\t\t\t\t<div class=\"e-con-inner\">\n\t\t\t\t<div class=\"elementor-element elementor-element-5352cfaa elementor-widget elementor-widget-text-editor\" data-id=\"5352cfaa\" data-element_type=\"widget\" data-widget_type=\"text-editor.default\">\n\t\t\t\t<div class=\"elementor-widget-container\">\n\t\t\t\t\t\t\t\t\t<h2>1. Adatkezel\u0151<\/h2><p>Szem\u00e9lyes adataid kezel\u0151je a <strong>www.readforreal.com<\/strong> weboldalon:<\/p><p><strong>Fundacja Powszechnego Czytania<\/strong><br>Przyokopowa 33<br>01-208 Vars\u00f3, Lengyelorsz\u00e1g<br>e-mail: <a href=\"mailto:sekretariat@fpc.org.pl\">sekretariat@fpc.org.pl<\/a><\/p><p>Szem\u00e9lyes adataid kezel\u00e9s\u00e9vel kapcsolatos k\u00e9rd\u00e9seiddel a fenti e-mail c\u00edmen vagy postai \u00faton, az Alap\u00edtv\u00e1ny bejegyzett c\u00edm\u00e9n veheted fel vel\u00fcnk a kapcsolatot.<\/p><h2>2. Adatkezel\u00e9s hat\u00f3k\u00f6re \u00e9s c\u00e9ljai<\/h2><p>A <strong>www.readforreal.com<\/strong> weboldal kiz\u00e1r\u00f3lag t\u00e1j\u00e9koztat\u00f3 jelleg\u0171, \u00e9s nem teszi lehet\u0151v\u00e9 a felhaszn\u00e1l\u00f3i regisztr\u00e1ci\u00f3t, tranzakci\u00f3kat, hozz\u00e1sz\u00f3l\u00e1sokat vagy vit\u00e1kban val\u00f3 r\u00e9szv\u00e9telt. Szem\u00e9lyes adatokat csak az \u00e9rintett \u00f6nk\u00e9ntes hozz\u00e1j\u00e1rul\u00e1sa alapj\u00e1n kezel\u00fcnk, k\u00fcl\u00f6n\u00f6sen: H\u00edrlev\u00e9lre val\u00f3 feliratkoz\u00e1skor \u2013 az al\u00e1bbi adatok gy\u0171jt\u00e9se t\u00f6rt\u00e9nik: <\/p><ul><li>e-mail c\u00edm<\/li><li>keresztn\u00e9v.<\/li><\/ul><p>Ezeket az adatokat kiz\u00e1r\u00f3lag a k\u00f6vetkez\u0151kre haszn\u00e1ljuk:<\/p><ul><li>a Read For Real projekttel kapcsolatos inform\u00e1ci\u00f3k \u00e9s anyagok k\u00fcld\u00e9se,<\/li><li>a h\u00edrlev\u00e9l szolg\u00e1ltat\u00e1s biztos\u00edt\u00e1sa,<\/li><li>esetleges kapcsolatfelv\u00e9tel a projekttel vagy kapcsol\u00f3d\u00f3 szolg\u00e1ltat\u00e1sokkal kapcsolatban.<\/li><\/ul><p>Ezenk\u00edv\u00fcl szem\u00e9lyes adatok kezel\u00e9s\u00e9re ker\u00fclhet sor a k\u00f6z\u00f6ss\u00e9gi m\u00e9dia csatorn\u00e1k haszn\u00e1lat\u00e1val kapcsolatban, bele\u00e9rtve: felhaszn\u00e1l\u00f3i profilokat \u00e9s fi\u00f3kokat olyan platformokon, mint a Facebook, Instagram, YouTube, Twitter, LinkedIn, amelyeket a projekt kommunik\u00e1ci\u00f3j\u00e1ra \u00e9s n\u00e9pszer\u0171s\u00edt\u00e9s\u00e9re haszn\u00e1lnak, ezen platformok szab\u00e1lyai \u00e9s adatv\u00e9delmi ir\u00e1nyelvei szerint.<\/p><h2>3. Az adatkezel\u00e9s jogalapja<\/h2><p>A szem\u00e9lyes adatok kezel\u00e9se a k\u00f6vetkez\u0151 jogalapokon t\u00f6rt\u00e9nik:<\/p><ul><li>az \u00e9rintett hozz\u00e1j\u00e1rul\u00e1sa (GDPR 6. cikk (1) bekezd\u00e9s a) pontja),<\/li><li>az adatkezel\u0151 jogos \u00e9rdeke (GDPR 6. cikk (1) bekezd\u00e9s f) pontja), a weboldal forgalm\u00e1nak elemz\u00e9se (Google Analytics) k\u00f6r\u00e9ben.<\/li><\/ul><h2>4. Adatfeldolgoz\u00f3k<\/h2><p>Szem\u00e9lyes adatokat kereskedelmi vagy marketing c\u00e9lb\u00f3l nem osztunk meg harmadik felekkel. Szolg\u00e1ltat\u00e1saink biztos\u00edt\u00e1sa \u00e9rdek\u00e9ben azonban a k\u00f6vetkez\u0151 entit\u00e1sokkal m\u0171k\u00f6d\u00fcnk egy\u00fctt: <\/p><ul><li><strong>MailerLite<\/strong> \u2013 h\u00edrlev\u00e9l szolg\u00e1ltat\u00f3, amely adatokat kezel a nev\u00fcnkben,<\/li><li><strong>MyDevil.net<\/strong> \u2013 weboldal t\u00e1rhelyszolg\u00e1ltat\u00f3,<\/li><li><strong>Google Analytics<\/strong> \u2013 weboldal forgalom elemz\u0151 eszk\u00f6z, amely anonim statisztikai adatokat dolgoz fel,<\/li><li><strong>K\u00f6z\u00f6ss\u00e9gi m\u00e9dia platformok<\/strong> (pl. Facebook, Instagram) \u2013 az ezeken a csatorn\u00e1kon kereszt\u00fcl t\u00f6rt\u00e9n\u0151 interakci\u00f3k \u00e9s kommunik\u00e1ci\u00f3 kapcs\u00e1n.<\/li><\/ul><p>Mindezek az adatfeldolgoz\u00f3k k\u00f6telesek betartani az alkalmazand\u00f3 adatv\u00e9delmi t\u00f6rv\u00e9nyeket (GDPR).<\/p><h2>5. S\u00fctik \u00e9s analitikai eszk\u00f6z\u00f6k<\/h2><p>A <strong>www.readforreal.com<\/strong> weboldal s\u00fctiket haszn\u00e1l a szolg\u00e1ltat\u00e1s megfelel\u0151 m\u0171k\u00f6d\u00e9s\u00e9hez \u00e9s analitikai c\u00e9lokra (Google Analytics).<\/p><p>A s\u00fctik anonim adatokat gy\u0171jtenek a felhaszn\u00e1l\u00f3i forgalomr\u00f3l \u00e9s viselked\u00e9sr\u0151l a weboldalon, lehet\u0151v\u00e9 t\u00e9ve a szolg\u00e1ltat\u00e1s optimaliz\u00e1l\u00e1s\u00e1t.<\/p><h2>6. Adatmeg\u0151rz\u00e9si id\u0151<\/h2><p>A h\u00edrlev\u00e9len kereszt\u00fcl gy\u0171jt\u00f6tt szem\u00e9lyes adatokat a Read For Real projekt id\u0151tartam\u00e1ig vagy addig t\u00e1roljuk, am\u00edg a felhaszn\u00e1l\u00f3 vissza nem vonja hozz\u00e1j\u00e1rul\u00e1s\u00e1t (pl. leiratkozik a h\u00edrlev\u00e9lr\u0151l).<\/p><p>A Google Analytics \u00e1ltal feldolgozott analitikai adatokat a szolg\u00e1ltat\u00f3 \u00e1ltal meghat\u00e1rozott ideig, anonim form\u00e1ban t\u00e1roljuk.<\/p><h2>7. Az \u00e9rintett jogai<\/h2><p>A felhaszn\u00e1l\u00f3knak joguk van:<\/p><ul><li>hozz\u00e1f\u00e9rni szem\u00e9lyes adataikhoz,<\/li><li>pontatlan adatok helyesb\u00edt\u00e9s\u00e9re,<\/li><li>adataik t\u00f6rl\u00e9s\u00e9re (\u201eelfeledtet\u00e9shez val\u00f3 jog\u201d),<\/li><li>adatkezel\u00e9s korl\u00e1toz\u00e1s\u00e1ra,<\/li><li>adathordozhat\u00f3s\u00e1gra,<\/li><li>adatkezel\u00e9s elleni tiltakoz\u00e1sra,<\/li><li>b\u00e1rmikor visszavonni az adatkezel\u00e9shez adott hozz\u00e1j\u00e1rul\u00e1sukat (an\u00e9lk\u00fcl, hogy ez befoly\u00e1soln\u00e1 a hozz\u00e1j\u00e1rul\u00e1s visszavon\u00e1sa el\u0151tti adatkezel\u00e9s jogszer\u0171s\u00e9g\u00e9t).<\/li><\/ul><p>Ezen jogok gyakorl\u00e1s\u00e1hoz k\u00e9rj\u00fck, vedd fel vel\u00fcnk a kapcsolatot a k\u00f6vetkez\u0151 c\u00edmen: <a href=\"mailto:sekretariat@fpc.org.pl\">sekretariat@fpc.org.pl<\/a>.<\/p><p>A felhaszn\u00e1l\u00f3knak joguk van panaszt tenni az illet\u00e9kes adatv\u00e9delmi fel\u00fcgyeleti hat\u00f3s\u00e1gn\u00e1l (Lengyelorsz\u00e1gban a Szem\u00e9lyes Adatv\u00e9delmi Hivatal eln\u00f6k\u00e9n\u00e9l).<\/p><h2>8. Adatbiztons\u00e1g<\/h2><p>Az adatkezel\u0151 megfelel\u0151 technikai \u00e9s szervez\u00e9si int\u00e9zked\u00e9seket hajt v\u00e9gre a szem\u00e9lyes adatok jogosulatlan hozz\u00e1f\u00e9r\u00e9s, elveszt\u00e9s, m\u00f3dos\u00edt\u00e1s vagy nyilv\u00e1noss\u00e1gra hozatal elleni v\u00e9delm\u00e9re.<\/p><h2>9. K\u00f6z\u00f6ss\u00e9gi m\u00e9dia haszn\u00e1lata<\/h2><p>A Fundacja Powszechnego Czytania \u00e9s a Read For Real projekt profiljai a k\u00f6z\u00f6ss\u00e9gi m\u00e9di\u00e1ban ezen platformok k\u00fcl\u00f6n felt\u00e9telei \u00e9s adatv\u00e9delmi ir\u00e1nyelvei szerint m\u0171k\u00f6dnek. A k\u00f6z\u00f6ss\u00e9gi m\u00e9dia platformokon t\u00f6rt\u00e9n\u0151 interakci\u00f3k sor\u00e1n megosztott szem\u00e9lyes adatok az adott szolg\u00e1ltat\u00e1sok szab\u00e1lyoz\u00e1sa szerint ker\u00fclnek feldolgoz\u00e1sra, \u00e9s k\u00edv\u00fcl esnek a www.readforreal.com weboldal adminisztr\u00e1tor\u00e1nak k\u00f6zvetlen ellen\u0151rz\u00e9s\u00e9n. <\/p><h2>10. Az Adatv\u00e9delmi ir\u00e1nyelvek m\u00f3dos\u00edt\u00e1sai<\/h2><p>Az adatkezel\u0151 fenntartja a jogot az Adatv\u00e9delmi ir\u00e1nyelvek m\u00f3dos\u00edt\u00e1s\u00e1ra. A jelenlegi \u00e9s hat\u00e1lyos verzi\u00f3 mindig el\u00e9rhet\u0151 lesz a <strong>www.readforreal.com<\/strong> oldalon. A felhaszn\u00e1l\u00f3kat \u00e9rtes\u00edtj\u00fck az ir\u00e1nyelv b\u00e1rmely jelent\u0151s v\u00e1ltoz\u00e1s\u00e1r\u00f3l.  <\/p><h2>11. Anyagok<\/h2><p><span style=\"font-weight: 400;\">Anyagaink el\u00e9rhet\u0151ek a Read.For Real projektben r\u00e9szt vev\u0151 minden szem\u00e9ly sz\u00e1m\u00e1ra, \u00e9s felhaszn\u00e1lhat\u00f3k, m\u00e1solhat\u00f3k, valamint terjeszthet\u0151k az Eur\u00f3pai Szerz\u0151k Napj\u00e1val kapcsolatban. Ezen anyagok rendeltet\u00e9s\u00fckt\u0151l elt\u00e9r\u0151 c\u00e9lokra t\u00f6rt\u00e9n\u0151 felhaszn\u00e1l\u00e1sa tilos, bele\u00e9rtve, de nem kiz\u00e1r\u00f3lagosan: \u00e9rt\u00e9kes\u00edt\u00e9st, m\u00e1s term\u00e9kek prom\u00f3ci\u00f3j\u00e1t, vagy politikai, illetve vall\u00e1si tartalom l\u00e9trehoz\u00e1s\u00e1t \u00e9s terjeszt\u00e9s\u00e9t. A Read. For Real, k\u00e9pvisel\u0151j\u00e9vel, az Egyetemes Olvas\u00e1s\u00e9rt Alap\u00edtv\u00e1nnyal egy\u00fctt, nem v\u00e1llal felel\u0151ss\u00e9get az ezen felt\u00e9telekkel \u00e9s kik\u00f6t\u00e9sekkel \u00f6ssze nem egyeztethet\u0151 m\u00e1rkahaszn\u00e1lat\u00e9rt.   <\/span><\/p>\t\t\t\t\t\t\t\t<\/div>\n\t\t\t\t<\/div>\n\t\t\t\t\t<\/div>\n\t\t\t\t<\/div>\n\t\t\t\t<\/div>\n\t\t","protected":false},"excerpt":{"rendered":"<p>1. Adatkezel\u0151 Szem\u00e9lyes adataid kezel\u0151je a www.readforreal.com weboldalon: Fundacja Powszechnego CzytaniaPrzyokopowa 3301-208 Vars\u00f3, Lengyelorsz\u00e1ge-mail: sekretariat@fpc.org.pl Szem\u00e9lyes adataid kezel\u00e9s\u00e9vel kapcsolatos k\u00e9rd\u00e9seiddel a fenti e-mail c\u00edmen vagy postai \u00faton, az Alap\u00edtv\u00e1ny bejegyzett c\u00edm\u00e9n veheted fel vel\u00fcnk a kapcsolatot. 2. Adatkezel\u00e9s hat\u00f3k\u00f6re \u00e9s c\u00e9ljai A www.readforreal.com weboldal kiz\u00e1r\u00f3lag t\u00e1j\u00e9koztat\u00f3 jelleg\u0171, \u00e9s nem teszi lehet\u0151v\u00e9 a felhaszn\u00e1l\u00f3i regisztr\u00e1ci\u00f3t, tranzakci\u00f3kat, [&hellip;]<\/p>\n","protected":false},"author":1,"featured_media":0,"parent":0,"menu_order":0,"comment_status":"closed","ping_status":"open","template":"","meta":{"footnotes":""},"class_list":["post-4836","page","type-page","status-publish","hentry"],"yoast_head":"<!-- This site is optimized with the Yoast SEO plugin v26.1.1 - https:\/\/yoast.com\/wordpress\/plugins\/seo\/ -->\n<title>Adatv\u00e9delmi ir\u00e1nyelvek | Read. For Real<\/title>\n<meta name=\"robots\" content=\"index, follow, max-snippet:-1, max-image-preview:large, max-video-preview:-1\" \/>\n<link rel=\"canonical\" href=\"https:\/\/www.readforreal.com\/hu\/adatvedelmi-iranyelvek\/\" \/>\n<meta property=\"og:locale\" content=\"hu_HU\" \/>\n<meta property=\"og:type\" content=\"article\" \/>\n<meta property=\"og:title\" content=\"Adatv\u00e9delmi ir\u00e1nyelvek | Read. For Real\" \/>\n<meta property=\"og:description\" content=\"1. Adatkezel\u0151 Szem\u00e9lyes adataid kezel\u0151je a www.readforreal.com weboldalon: Fundacja Powszechnego CzytaniaPrzyokopowa 3301-208 Vars\u00f3, Lengyelorsz\u00e1ge-mail: sekretariat@fpc.org.pl Szem\u00e9lyes adataid kezel\u00e9s\u00e9vel kapcsolatos k\u00e9rd\u00e9seiddel a fenti e-mail c\u00edmen vagy postai \u00faton, az Alap\u00edtv\u00e1ny bejegyzett c\u00edm\u00e9n veheted fel vel\u00fcnk a kapcsolatot. 2. Adatkezel\u00e9s hat\u00f3k\u00f6re \u00e9s c\u00e9ljai A www.readforreal.com weboldal kiz\u00e1r\u00f3lag t\u00e1j\u00e9koztat\u00f3 jelleg\u0171, \u00e9s nem teszi lehet\u0151v\u00e9 a felhaszn\u00e1l\u00f3i regisztr\u00e1ci\u00f3t, tranzakci\u00f3kat, [&hellip;]\" \/>\n<meta property=\"og:url\" content=\"https:\/\/www.readforreal.com\/hu\/adatvedelmi-iranyelvek\/\" \/>\n<meta property=\"og:site_name\" content=\"Read. For Real\" \/>\n<meta property=\"article:publisher\" content=\"https:\/\/www.facebook.com\/read.forreal\" \/>\n<meta property=\"article:modified_time\" content=\"2025-09-17T00:11:30+00:00\" \/>\n<meta name=\"twitter:card\" content=\"summary_large_image\" \/>\n<meta name=\"twitter:label1\" content=\"Becs\u00fclt olvas\u00e1si id\u0151\" \/>\n\t<meta name=\"twitter:data1\" content=\"5 perc\" \/>\n<script type=\"application\/ld+json\" class=\"yoast-schema-graph\">{\"@context\":\"https:\/\/schema.org\",\"@graph\":[{\"@type\":\"WebPage\",\"@id\":\"https:\/\/www.readforreal.com\/hu\/adatvedelmi-iranyelvek\/\",\"url\":\"https:\/\/www.readforreal.com\/hu\/adatvedelmi-iranyelvek\/\",\"name\":\"Adatv\u00e9delmi ir\u00e1nyelvek | Read. For Real\",\"isPartOf\":{\"@id\":\"https:\/\/www.readforreal.com\/#website\"},\"datePublished\":\"2025-06-28T22:10:54+00:00\",\"dateModified\":\"2025-09-17T00:11:30+00:00\",\"breadcrumb\":{\"@id\":\"https:\/\/www.readforreal.com\/hu\/adatvedelmi-iranyelvek\/#breadcrumb\"},\"inLanguage\":\"hu\",\"potentialAction\":[{\"@type\":\"ReadAction\",\"target\":[\"https:\/\/www.readforreal.com\/hu\/adatvedelmi-iranyelvek\/\"]}]},{\"@type\":\"BreadcrumbList\",\"@id\":\"https:\/\/www.readforreal.com\/hu\/adatvedelmi-iranyelvek\/#breadcrumb\",\"itemListElement\":[{\"@type\":\"ListItem\",\"position\":1,\"name\":\"Home\",\"item\":\"https:\/\/www.readforreal.com\/hu\/olvass-igazan\/\"},{\"@type\":\"ListItem\",\"position\":2,\"name\":\"Adatv\u00e9delmi ir\u00e1nyelvek\"}]},{\"@type\":\"WebSite\",\"@id\":\"https:\/\/www.readforreal.com\/#website\",\"url\":\"https:\/\/www.readforreal.com\/\",\"name\":\"Read. For Real\",\"description\":\"European Authors Day 11.11-12.12.2026\",\"publisher\":{\"@id\":\"https:\/\/www.readforreal.com\/#organization\"},\"alternateName\":\"European Authors Day 11.11-12.12.2025\",\"potentialAction\":[{\"@type\":\"SearchAction\",\"target\":{\"@type\":\"EntryPoint\",\"urlTemplate\":\"https:\/\/www.readforreal.com\/?s={search_term_string}\"},\"query-input\":{\"@type\":\"PropertyValueSpecification\",\"valueRequired\":true,\"valueName\":\"search_term_string\"}}],\"inLanguage\":\"hu\"},{\"@type\":\"Organization\",\"@id\":\"https:\/\/www.readforreal.com\/#organization\",\"name\":\"Fundacja Powszechnego Czytania\",\"url\":\"https:\/\/www.readforreal.com\/\",\"logo\":{\"@type\":\"ImageObject\",\"inLanguage\":\"hu\",\"@id\":\"https:\/\/www.readforreal.com\/#\/schema\/logo\/image\/\",\"url\":\"https:\/\/www.readforreal.com\/wp-content\/uploads\/2025\/06\/RfR-logo-OK_1.png\",\"contentUrl\":\"https:\/\/www.readforreal.com\/wp-content\/uploads\/2025\/06\/RfR-logo-OK_1.png\",\"width\":1890,\"height\":1299,\"caption\":\"Fundacja Powszechnego Czytania\"},\"image\":{\"@id\":\"https:\/\/www.readforreal.com\/#\/schema\/logo\/image\/\"},\"sameAs\":[\"https:\/\/www.facebook.com\/read.forreal\",\"https:\/\/www.instagram.com\/read.forreal\/\"]}]}<\/script>\n<!-- \/ Yoast SEO plugin. -->","yoast_head_json":{"title":"Adatv\u00e9delmi ir\u00e1nyelvek | Read. For Real","robots":{"index":"index","follow":"follow","max-snippet":"max-snippet:-1","max-image-preview":"max-image-preview:large","max-video-preview":"max-video-preview:-1"},"canonical":"https:\/\/www.readforreal.com\/hu\/adatvedelmi-iranyelvek\/","og_locale":"hu_HU","og_type":"article","og_title":"Adatv\u00e9delmi ir\u00e1nyelvek | Read. For Real","og_description":"1. Adatkezel\u0151 Szem\u00e9lyes adataid kezel\u0151je a www.readforreal.com weboldalon: Fundacja Powszechnego CzytaniaPrzyokopowa 3301-208 Vars\u00f3, Lengyelorsz\u00e1ge-mail: sekretariat@fpc.org.pl Szem\u00e9lyes adataid kezel\u00e9s\u00e9vel kapcsolatos k\u00e9rd\u00e9seiddel a fenti e-mail c\u00edmen vagy postai \u00faton, az Alap\u00edtv\u00e1ny bejegyzett c\u00edm\u00e9n veheted fel vel\u00fcnk a kapcsolatot. 2. Adatkezel\u00e9s hat\u00f3k\u00f6re \u00e9s c\u00e9ljai A www.readforreal.com weboldal kiz\u00e1r\u00f3lag t\u00e1j\u00e9koztat\u00f3 jelleg\u0171, \u00e9s nem teszi lehet\u0151v\u00e9 a felhaszn\u00e1l\u00f3i regisztr\u00e1ci\u00f3t, tranzakci\u00f3kat, [&hellip;]","og_url":"https:\/\/www.readforreal.com\/hu\/adatvedelmi-iranyelvek\/","og_site_name":"Read. For Real","article_publisher":"https:\/\/www.facebook.com\/read.forreal","article_modified_time":"2025-09-17T00:11:30+00:00","twitter_card":"summary_large_image","twitter_misc":{"Becs\u00fclt olvas\u00e1si id\u0151":"5 perc"},"schema":{"@context":"https:\/\/schema.org","@graph":[{"@type":"WebPage","@id":"https:\/\/www.readforreal.com\/hu\/adatvedelmi-iranyelvek\/","url":"https:\/\/www.readforreal.com\/hu\/adatvedelmi-iranyelvek\/","name":"Adatv\u00e9delmi ir\u00e1nyelvek | Read. For Real","isPartOf":{"@id":"https:\/\/www.readforreal.com\/#website"},"datePublished":"2025-06-28T22:10:54+00:00","dateModified":"2025-09-17T00:11:30+00:00","breadcrumb":{"@id":"https:\/\/www.readforreal.com\/hu\/adatvedelmi-iranyelvek\/#breadcrumb"},"inLanguage":"hu","potentialAction":[{"@type":"ReadAction","target":["https:\/\/www.readforreal.com\/hu\/adatvedelmi-iranyelvek\/"]}]},{"@type":"BreadcrumbList","@id":"https:\/\/www.readforreal.com\/hu\/adatvedelmi-iranyelvek\/#breadcrumb","itemListElement":[{"@type":"ListItem","position":1,"name":"Home","item":"https:\/\/www.readforreal.com\/hu\/olvass-igazan\/"},{"@type":"ListItem","position":2,"name":"Adatv\u00e9delmi ir\u00e1nyelvek"}]},{"@type":"WebSite","@id":"https:\/\/www.readforreal.com\/#website","url":"https:\/\/www.readforreal.com\/","name":"Read. For Real","description":"European Authors Day 11.11-12.12.2026","publisher":{"@id":"https:\/\/www.readforreal.com\/#organization"},"alternateName":"European Authors Day 11.11-12.12.2025","potentialAction":[{"@type":"SearchAction","target":{"@type":"EntryPoint","urlTemplate":"https:\/\/www.readforreal.com\/?s={search_term_string}"},"query-input":{"@type":"PropertyValueSpecification","valueRequired":true,"valueName":"search_term_string"}}],"inLanguage":"hu"},{"@type":"Organization","@id":"https:\/\/www.readforreal.com\/#organization","name":"Fundacja Powszechnego Czytania","url":"https:\/\/www.readforreal.com\/","logo":{"@type":"ImageObject","inLanguage":"hu","@id":"https:\/\/www.readforreal.com\/#\/schema\/logo\/image\/","url":"https:\/\/www.readforreal.com\/wp-content\/uploads\/2025\/06\/RfR-logo-OK_1.png","contentUrl":"https:\/\/www.readforreal.com\/wp-content\/uploads\/2025\/06\/RfR-logo-OK_1.png","width":1890,"height":1299,"caption":"Fundacja Powszechnego Czytania"},"image":{"@id":"https:\/\/www.readforreal.com\/#\/schema\/logo\/image\/"},"sameAs":["https:\/\/www.facebook.com\/read.forreal","https:\/\/www.instagram.com\/read.forreal\/"]}]}},"_links":{"self":[{"href":"https:\/\/www.readforreal.com\/hu\/wp-json\/wp\/v2\/pages\/4836","targetHints":{"allow":["GET"]}}],"collection":[{"href":"https:\/\/www.readforreal.com\/hu\/wp-json\/wp\/v2\/pages"}],"about":[{"href":"https:\/\/www.readforreal.com\/hu\/wp-json\/wp\/v2\/types\/page"}],"author":[{"embeddable":true,"href":"https:\/\/www.readforreal.com\/hu\/wp-json\/wp\/v2\/users\/1"}],"replies":[{"embeddable":true,"href":"https:\/\/www.readforreal.com\/hu\/wp-json\/wp\/v2\/comments?post=4836"}],"version-history":[{"count":2,"href":"https:\/\/www.readforreal.com\/hu\/wp-json\/wp\/v2\/pages\/4836\/revisions"}],"predecessor-version":[{"id":9314,"href":"https:\/\/www.readforreal.com\/hu\/wp-json\/wp\/v2\/pages\/4836\/revisions\/9314"}],"wp:attachment":[{"href":"https:\/\/www.readforreal.com\/hu\/wp-json\/wp\/v2\/media?parent=4836"}],"curies":[{"name":"wp","href":"https:\/\/api.w.org\/{rel}","templated":true}]}}