{"id":17722,"date":"2025-06-29T00:10:54","date_gmt":"2025-06-28T22:10:54","guid":{"rendered":"https:\/\/www.readforreal.com\/politica-de-privacidade\/"},"modified":"2025-11-07T00:00:49","modified_gmt":"2025-11-06T23:00:49","slug":"politica-de-privacidade","status":"publish","type":"page","link":"https:\/\/www.readforreal.com\/gl\/politica-de-privacidade\/","title":{"rendered":"Pol\u00edtica de privacidade"},"content":{"rendered":"\t\t<div data-elementor-type=\"wp-page\" data-elementor-id=\"17722\" class=\"elementor elementor-17722 elementor-3\" data-elementor-post-type=\"page\">\n\t\t\t\t<div class=\"elementor-element elementor-element-726f90a3 e-flex e-con-boxed e-con e-parent\" data-id=\"726f90a3\" data-element_type=\"container\">\n\t\t\t\t\t<div class=\"e-con-inner\">\n\t\t\t\t\t<\/div>\n\t\t\t\t<\/div>\n\t\t<div class=\"elementor-element elementor-element-57caaef1 e-flex e-con-boxed e-con e-parent\" data-id=\"57caaef1\" data-element_type=\"container\">\n\t\t\t\t\t<div class=\"e-con-inner\">\n\t\t\t\t<div class=\"elementor-element elementor-element-5352cfaa elementor-widget elementor-widget-text-editor\" data-id=\"5352cfaa\" data-element_type=\"widget\" data-widget_type=\"text-editor.default\">\n\t\t\t\t<div class=\"elementor-widget-container\">\n\t\t\t\t\t\t\t\t\t<h2>1. Responsable do tratamento dos datos<\/h2><p>O responsable do tratamento dos teus datos persoais no sitio web <strong>www.readforreal.com<\/strong> \u00e9:<\/p><p><strong>Fundacja Powszechnego Czytania<\/strong><br>Przyokopowa 33<br>01-208 Varsovia, Polonia<br>correo electr\u00f3nico: <a href=\"mailto:sekretariat@fpc.org.pl\">sekretariat@fpc.org.pl<\/a><\/p><p>Para calquera pregunta relacionada co tratamento de datos persoais, podes contactar connosco a trav\u00e9s do correo electr\u00f3nico anterior ou por correo postal no enderezo rexistrado da Fundaci\u00f3n.<\/p><h2>2. Alcance e finalidades do tratamento de datos<\/h2><p>O sitio web <strong>www.readforreal.com<\/strong> \u00e9 puramente informativo e non permite o rexistro de usuarios, transacci\u00f3ns, comentarios ou participaci\u00f3n en debates. Os datos persoais proc\u00e9sanse s\u00f3 base\u00e1ndose no consentimento voluntario do interesado, en particular: Ao subscribirse ao bolet\u00edn &#8211; os datos recollidos incl\u00faen: <\/p><ul><li>enderezo de correo electr\u00f3nico<\/li><li>nome.<\/li><\/ul><p>Estes datos util\u00edzanse exclusivamente para:<\/p><ul><li>enviar informaci\u00f3n e materiais relacionados co proxecto Read For Real,<\/li><li>proporcionar o servizo de bolet\u00edn,<\/li><li>posible contacto sobre o proxecto ou servizos relacionados.<\/li><\/ul><p>Ademais, os datos persoais poden ser procesados en relaci\u00f3n co uso de canles de redes sociais, inclu\u00edndo: perf\u00eds de usuario e contas en plataformas como Facebook, Instagram, YouTube, Twitter, LinkedIn, que se utilizan para a comunicaci\u00f3n e promoci\u00f3n do proxecto, de acordo coas normas e pol\u00edticas de privacidade destas plataformas.<\/p><h2>3. Base legal para o tratamento<\/h2><p>O tratamento de datos persoais real\u00edzase sobre a base de:<\/p><ul><li>o consentimento do interesado (Artigo 6(1)(a) do RXPD),<\/li><li>os intereses lex\u00edtimos do responsable do tratamento (Artigo 6(1)(f) do RXPD), no \u00e1mbito da an\u00e1lise do tr\u00e1fico do sitio web (Google Analytics).<\/li><\/ul><h2>4. Destinatarios dos datos<\/h2><p>Os datos persoais non se comparten con terceiros con fins comerciais ou de mercadotecnia. Non obstante, para prestar os nosos servizos, colaboramos coas seguintes entidades: <\/p><ul><li><strong>MailerLite<\/strong> &#8211; provedor de servizos de bolet\u00edn, que procesa datos no noso nome,<\/li><li><strong>MyDevil.net<\/strong> &#8211; provedor de aloxamento web,<\/li><li><strong>Google Analytics<\/strong> &#8211; ferramenta de an\u00e1lise para o tr\u00e1fico web, que procesa datos estat\u00edsticos an\u00f3nimos,<\/li><li><strong>Plataformas de redes sociais<\/strong> (por exemplo, Facebook, Instagram) &#8211; en relaci\u00f3n coas interacci\u00f3ns e comunicaci\u00f3n a trav\u00e9s destes canles.<\/li><\/ul><p>Todos estes destinatarios est\u00e1n obrigados a cumprir coas leis aplicables de protecci\u00f3n de datos (RXPD).<\/p><h2>5. Cookies e ferramentas anal\u00edticas<\/h2><p>O sitio web <strong>www.readforreal.com<\/strong> utiliza cookies para o correcto funcionamento do servizo e para fins anal\u00edticos (Google Analytics).<\/p><p>As cookies recompilan datos an\u00f3nimos sobre o tr\u00e1fico e o comportamento dos usuarios no sitio web, permitindo a optimizaci\u00f3n do servizo.<\/p><h2>6. Per\u00edodo de conservaci\u00f3n dos datos<\/h2><p>Os datos persoais recollidos a trav\u00e9s do bolet\u00edn almac\u00e9nanse durante a duraci\u00f3n do proxecto Read For Real ou ata que o usuario retire o seu consentimento (por exemplo, cancelando a subscrici\u00f3n ao bolet\u00edn).<\/p><p>Os datos anal\u00edticos procesados por Google Analytics almac\u00e9nanse durante o per\u00edodo especificado polo provedor do servizo, de forma an\u00f3nima.<\/p><h2>7. Dereitos do interesado<\/h2><p>Os usuarios te\u00f1en dereito a:<\/p><ul><li>acceder aos seus datos persoais,<\/li><li>rectificar datos inexactos,<\/li><li>eliminar os seus datos (&#8220;dereito ao esquecemento&#8221;),<\/li><li>restrinxir o tratamento de datos,<\/li><li>portabilidade dos datos,<\/li><li>opo\u00f1erse ao tratamento de datos,<\/li><li>retirar o consentimento para o tratamento de datos en calquera momento (sen afectar \u00e1 legalidade do tratamento baseado no consentimento antes da s\u00faa retirada).<\/li><\/ul><p>Para exercer estes dereitos, contacta connosco en: <a href=\"mailto:sekretariat@fpc.org.pl\">sekretariat@fpc.org.pl<\/a>.<\/p><p>Os usuarios tam\u00e9n te\u00f1en dereito a presentar unha reclamaci\u00f3n ante a autoridade de control competente en materia de protecci\u00f3n de datos (en Polonia, o Presidente da Oficina de Protecci\u00f3n de Datos Persoais).<\/p><h2>8. Seguridade dos datos<\/h2><p>O responsable do tratamento implementa medidas t\u00e9cnicas e organizativas apropiadas para protexer os datos persoais contra o acceso non autorizado, perda, alteraci\u00f3n ou divulgaci\u00f3n.<\/p><h2>9. Uso das redes sociais<\/h2><p>Os perf\u00eds de Fundacja Powszechnego Czytania e do proxecto Read For Real nas redes sociais operan baixo termos e pol\u00edticas de privacidade separados destas plataformas. Os datos persoais compartidos durante as interacci\u00f3ns nas plataformas de redes sociais proc\u00e9sanse segundo as normativas deses servizos e est\u00e1n f\u00f3ra do control directo do administrador do sitio web www.readforreal.com. <\/p><h2>10. Cambios na pol\u00edtica de privacidade<\/h2><p>O responsable do tratamento res\u00e9rvase o dereito de modificar esta Pol\u00edtica de privacidade. A versi\u00f3n actual e efectiva estar\u00e1 sempre dispo\u00f1ible en <g id=\"gid_0\">www.readforreal.com<\/g>. Os usuarios ser\u00e1n notificados de calquera cambio significativo nesta pol\u00edtica.  <\/p><h2>11. Materiais<\/h2><p><span style=\"font-weight: 400;\">Os nosos materiais est\u00e1n dispo\u00f1ibles para todas as persoas involucradas no proxecto Read.For Real e poden ser utilizados, copiados e distribu\u00eddos en relaci\u00f3n co D\u00eda Europeo dos Autores. Proh\u00edbese o uso destes materiais para fins distintos aos previstos, inclu\u00edndo pero non limit\u00e1ndose a: vendas, promoci\u00f3n doutros produtos, ou a creaci\u00f3n e difusi\u00f3n de contido pol\u00edtico ou relixioso. Read. For Real, xunto co seu representante, a Fundaci\u00f3n Universal de Lectura, non asume ningunha responsabilidade polo uso da marca que sexa inconsistente con estes termos e condici\u00f3ns.   <\/span><\/p>\t\t\t\t\t\t\t\t<\/div>\n\t\t\t\t<\/div>\n\t\t\t\t\t<\/div>\n\t\t\t\t<\/div>\n\t\t\t\t<\/div>\n\t\t","protected":false},"excerpt":{"rendered":"<p>1. Responsable do tratamento dos datos O responsable do tratamento dos teus datos persoais no sitio web www.readforreal.com \u00e9: Fundacja Powszechnego CzytaniaPrzyokopowa 3301-208 Varsovia, Poloniacorreo electr\u00f3nico: sekretariat@fpc.org.pl Para calquera pregunta relacionada co tratamento de datos persoais, podes contactar connosco a trav\u00e9s do correo electr\u00f3nico anterior ou por correo postal no enderezo rexistrado da Fundaci\u00f3n. 2. [&hellip;]<\/p>\n","protected":false},"author":1,"featured_media":0,"parent":0,"menu_order":0,"comment_status":"closed","ping_status":"open","template":"","meta":{"footnotes":""},"class_list":["post-17722","page","type-page","status-publish","hentry"],"yoast_head":"<!-- This site is optimized with the Yoast SEO plugin v26.1.1 - https:\/\/yoast.com\/wordpress\/plugins\/seo\/ -->\n<title>Pol\u00edtica de privacidade | Read. For Real<\/title>\n<meta name=\"robots\" content=\"index, follow, max-snippet:-1, max-image-preview:large, max-video-preview:-1\" \/>\n<link rel=\"canonical\" href=\"https:\/\/www.readforreal.com\/gl\/politica-de-privacidade\/\" \/>\n<meta property=\"og:locale\" content=\"gl_ES\" \/>\n<meta property=\"og:type\" content=\"article\" \/>\n<meta property=\"og:title\" content=\"Pol\u00edtica de privacidade | Read. For Real\" \/>\n<meta property=\"og:description\" content=\"1. Responsable do tratamento dos datos O responsable do tratamento dos teus datos persoais no sitio web www.readforreal.com \u00e9: Fundacja Powszechnego CzytaniaPrzyokopowa 3301-208 Varsovia, Poloniacorreo electr\u00f3nico: sekretariat@fpc.org.pl Para calquera pregunta relacionada co tratamento de datos persoais, podes contactar connosco a trav\u00e9s do correo electr\u00f3nico anterior ou por correo postal no enderezo rexistrado da Fundaci\u00f3n. 2. [&hellip;]\" \/>\n<meta property=\"og:url\" content=\"https:\/\/www.readforreal.com\/gl\/politica-de-privacidade\/\" \/>\n<meta property=\"og:site_name\" content=\"Read. For Real\" \/>\n<meta property=\"article:publisher\" content=\"https:\/\/www.facebook.com\/read.forreal\" \/>\n<meta property=\"article:modified_time\" content=\"2025-11-06T23:00:49+00:00\" \/>\n<meta name=\"twitter:card\" content=\"summary_large_image\" \/>\n<meta name=\"twitter:label1\" content=\"Tempo de lectura\" \/>\n\t<meta name=\"twitter:data1\" content=\"4 minutos\" \/>\n<script type=\"application\/ld+json\" class=\"yoast-schema-graph\">{\"@context\":\"https:\/\/schema.org\",\"@graph\":[{\"@type\":\"WebPage\",\"@id\":\"https:\/\/www.readforreal.com\/gl\/politica-de-privacidade\/\",\"url\":\"https:\/\/www.readforreal.com\/gl\/politica-de-privacidade\/\",\"name\":\"Pol\u00edtica de privacidade | Read. For Real\",\"isPartOf\":{\"@id\":\"https:\/\/www.readforreal.com\/#website\"},\"datePublished\":\"2025-06-28T22:10:54+00:00\",\"dateModified\":\"2025-11-06T23:00:49+00:00\",\"breadcrumb\":{\"@id\":\"https:\/\/www.readforreal.com\/gl\/politica-de-privacidade\/#breadcrumb\"},\"inLanguage\":\"gl-ES\",\"potentialAction\":[{\"@type\":\"ReadAction\",\"target\":[\"https:\/\/www.readforreal.com\/gl\/politica-de-privacidade\/\"]}]},{\"@type\":\"BreadcrumbList\",\"@id\":\"https:\/\/www.readforreal.com\/gl\/politica-de-privacidade\/#breadcrumb\",\"itemListElement\":[{\"@type\":\"ListItem\",\"position\":1,\"name\":\"Home\",\"item\":\"https:\/\/www.readforreal.com\/gl\/le-de-verdade\/\"},{\"@type\":\"ListItem\",\"position\":2,\"name\":\"Pol\u00edtica de privacidade\"}]},{\"@type\":\"WebSite\",\"@id\":\"https:\/\/www.readforreal.com\/#website\",\"url\":\"https:\/\/www.readforreal.com\/\",\"name\":\"Read. For Real\",\"description\":\"European Authors Day 11.11-12.12.2026\",\"publisher\":{\"@id\":\"https:\/\/www.readforreal.com\/#organization\"},\"alternateName\":\"European Authors Day 11.11-12.12.2025\",\"potentialAction\":[{\"@type\":\"SearchAction\",\"target\":{\"@type\":\"EntryPoint\",\"urlTemplate\":\"https:\/\/www.readforreal.com\/?s={search_term_string}\"},\"query-input\":{\"@type\":\"PropertyValueSpecification\",\"valueRequired\":true,\"valueName\":\"search_term_string\"}}],\"inLanguage\":\"gl-ES\"},{\"@type\":\"Organization\",\"@id\":\"https:\/\/www.readforreal.com\/#organization\",\"name\":\"Fundacja Powszechnego Czytania\",\"url\":\"https:\/\/www.readforreal.com\/\",\"logo\":{\"@type\":\"ImageObject\",\"inLanguage\":\"gl-ES\",\"@id\":\"https:\/\/www.readforreal.com\/#\/schema\/logo\/image\/\",\"url\":\"https:\/\/www.readforreal.com\/wp-content\/uploads\/2025\/06\/RfR-logo-OK_1.png\",\"contentUrl\":\"https:\/\/www.readforreal.com\/wp-content\/uploads\/2025\/06\/RfR-logo-OK_1.png\",\"width\":1890,\"height\":1299,\"caption\":\"Fundacja Powszechnego Czytania\"},\"image\":{\"@id\":\"https:\/\/www.readforreal.com\/#\/schema\/logo\/image\/\"},\"sameAs\":[\"https:\/\/www.facebook.com\/read.forreal\",\"https:\/\/www.instagram.com\/read.forreal\/\"]}]}<\/script>\n<!-- \/ Yoast SEO plugin. -->","yoast_head_json":{"title":"Pol\u00edtica de privacidade | Read. For Real","robots":{"index":"index","follow":"follow","max-snippet":"max-snippet:-1","max-image-preview":"max-image-preview:large","max-video-preview":"max-video-preview:-1"},"canonical":"https:\/\/www.readforreal.com\/gl\/politica-de-privacidade\/","og_locale":"gl_ES","og_type":"article","og_title":"Pol\u00edtica de privacidade | Read. For Real","og_description":"1. Responsable do tratamento dos datos O responsable do tratamento dos teus datos persoais no sitio web www.readforreal.com \u00e9: Fundacja Powszechnego CzytaniaPrzyokopowa 3301-208 Varsovia, Poloniacorreo electr\u00f3nico: sekretariat@fpc.org.pl Para calquera pregunta relacionada co tratamento de datos persoais, podes contactar connosco a trav\u00e9s do correo electr\u00f3nico anterior ou por correo postal no enderezo rexistrado da Fundaci\u00f3n. 2. [&hellip;]","og_url":"https:\/\/www.readforreal.com\/gl\/politica-de-privacidade\/","og_site_name":"Read. For Real","article_publisher":"https:\/\/www.facebook.com\/read.forreal","article_modified_time":"2025-11-06T23:00:49+00:00","twitter_card":"summary_large_image","twitter_misc":{"Tempo de lectura":"4 minutos"},"schema":{"@context":"https:\/\/schema.org","@graph":[{"@type":"WebPage","@id":"https:\/\/www.readforreal.com\/gl\/politica-de-privacidade\/","url":"https:\/\/www.readforreal.com\/gl\/politica-de-privacidade\/","name":"Pol\u00edtica de privacidade | Read. For Real","isPartOf":{"@id":"https:\/\/www.readforreal.com\/#website"},"datePublished":"2025-06-28T22:10:54+00:00","dateModified":"2025-11-06T23:00:49+00:00","breadcrumb":{"@id":"https:\/\/www.readforreal.com\/gl\/politica-de-privacidade\/#breadcrumb"},"inLanguage":"gl-ES","potentialAction":[{"@type":"ReadAction","target":["https:\/\/www.readforreal.com\/gl\/politica-de-privacidade\/"]}]},{"@type":"BreadcrumbList","@id":"https:\/\/www.readforreal.com\/gl\/politica-de-privacidade\/#breadcrumb","itemListElement":[{"@type":"ListItem","position":1,"name":"Home","item":"https:\/\/www.readforreal.com\/gl\/le-de-verdade\/"},{"@type":"ListItem","position":2,"name":"Pol\u00edtica de privacidade"}]},{"@type":"WebSite","@id":"https:\/\/www.readforreal.com\/#website","url":"https:\/\/www.readforreal.com\/","name":"Read. For Real","description":"European Authors Day 11.11-12.12.2026","publisher":{"@id":"https:\/\/www.readforreal.com\/#organization"},"alternateName":"European Authors Day 11.11-12.12.2025","potentialAction":[{"@type":"SearchAction","target":{"@type":"EntryPoint","urlTemplate":"https:\/\/www.readforreal.com\/?s={search_term_string}"},"query-input":{"@type":"PropertyValueSpecification","valueRequired":true,"valueName":"search_term_string"}}],"inLanguage":"gl-ES"},{"@type":"Organization","@id":"https:\/\/www.readforreal.com\/#organization","name":"Fundacja Powszechnego Czytania","url":"https:\/\/www.readforreal.com\/","logo":{"@type":"ImageObject","inLanguage":"gl-ES","@id":"https:\/\/www.readforreal.com\/#\/schema\/logo\/image\/","url":"https:\/\/www.readforreal.com\/wp-content\/uploads\/2025\/06\/RfR-logo-OK_1.png","contentUrl":"https:\/\/www.readforreal.com\/wp-content\/uploads\/2025\/06\/RfR-logo-OK_1.png","width":1890,"height":1299,"caption":"Fundacja Powszechnego Czytania"},"image":{"@id":"https:\/\/www.readforreal.com\/#\/schema\/logo\/image\/"},"sameAs":["https:\/\/www.facebook.com\/read.forreal","https:\/\/www.instagram.com\/read.forreal\/"]}]}},"_links":{"self":[{"href":"https:\/\/www.readforreal.com\/gl\/wp-json\/wp\/v2\/pages\/17722","targetHints":{"allow":["GET"]}}],"collection":[{"href":"https:\/\/www.readforreal.com\/gl\/wp-json\/wp\/v2\/pages"}],"about":[{"href":"https:\/\/www.readforreal.com\/gl\/wp-json\/wp\/v2\/types\/page"}],"author":[{"embeddable":true,"href":"https:\/\/www.readforreal.com\/gl\/wp-json\/wp\/v2\/users\/1"}],"replies":[{"embeddable":true,"href":"https:\/\/www.readforreal.com\/gl\/wp-json\/wp\/v2\/comments?post=17722"}],"version-history":[{"count":1,"href":"https:\/\/www.readforreal.com\/gl\/wp-json\/wp\/v2\/pages\/17722\/revisions"}],"predecessor-version":[{"id":17723,"href":"https:\/\/www.readforreal.com\/gl\/wp-json\/wp\/v2\/pages\/17722\/revisions\/17723"}],"wp:attachment":[{"href":"https:\/\/www.readforreal.com\/gl\/wp-json\/wp\/v2\/media?parent=17722"}],"curies":[{"name":"wp","href":"https:\/\/api.w.org\/{rel}","templated":true}]}}