{"id":17624,"date":"2025-06-29T00:49:48","date_gmt":"2025-06-28T22:49:48","guid":{"rendered":"https:\/\/www.readforreal.com\/o-sono\/"},"modified":"2026-04-11T12:20:02","modified_gmt":"2026-04-11T10:20:02","slug":"o-sono","status":"publish","type":"page","link":"https:\/\/www.readforreal.com\/gl\/o-sono\/","title":{"rendered":"Sobre"},"content":{"rendered":"\t\t<div data-elementor-type=\"wp-page\" data-elementor-id=\"17624\" class=\"elementor elementor-17624 elementor-11\" data-elementor-post-type=\"page\">\n\t\t\t\t<div class=\"elementor-element elementor-element-578f9e4 e-flex e-con-boxed e-con e-parent\" data-id=\"578f9e4\" data-element_type=\"container\">\n\t\t\t\t\t<div class=\"e-con-inner\">\n\t\t\t\t\t<\/div>\n\t\t\t\t<\/div>\n\t\t<div class=\"elementor-element elementor-element-d090375 e-flex e-con-boxed e-con e-parent\" data-id=\"d090375\" data-element_type=\"container\">\n\t\t\t\t\t<div class=\"e-con-inner\">\n\t\t<div class=\"elementor-element elementor-element-ab4a09a e-con-full e-flex e-con e-child\" data-id=\"ab4a09a\" data-element_type=\"container\">\n\t\t\t\t<div class=\"elementor-element elementor-element-b65b79d elementor-widget elementor-widget-image\" data-id=\"b65b79d\" data-element_type=\"widget\" data-widget_type=\"image.default\">\n\t\t\t\t<div class=\"elementor-widget-container\">\n\t\t\t\t\t\t\t\t\t\t\t\t\t\t\t<img fetchpriority=\"high\" decoding=\"async\" width=\"800\" height=\"1000\" src=\"https:\/\/www.readforreal.com\/wp-content\/uploads\/2026\/04\/1.about-vision-2025-819x1024.png\" class=\"attachment-large size-large wp-image-25793\" alt=\"\" srcset=\"https:\/\/www.readforreal.com\/wp-content\/uploads\/2026\/04\/1.about-vision-2025-819x1024.png 819w, https:\/\/www.readforreal.com\/wp-content\/uploads\/2026\/04\/1.about-vision-2025-240x300.png 240w, https:\/\/www.readforreal.com\/wp-content\/uploads\/2026\/04\/1.about-vision-2025-768x960.png 768w, https:\/\/www.readforreal.com\/wp-content\/uploads\/2026\/04\/1.about-vision-2025.png 1080w\" sizes=\"(max-width: 800px) 100vw, 800px\" \/>\t\t\t\t\t\t\t\t\t\t\t\t\t\t\t<\/div>\n\t\t\t\t<\/div>\n\t\t\t\t<\/div>\n\t\t<div class=\"elementor-element elementor-element-51b0db3 e-con-full e-flex e-con e-child\" data-id=\"51b0db3\" data-element_type=\"container\">\n\t\t\t\t<div class=\"elementor-element elementor-element-02062ea elementor-widget elementor-widget-heading\" data-id=\"02062ea\" data-element_type=\"widget\" data-widget_type=\"heading.default\">\n\t\t\t\t<div class=\"elementor-widget-container\">\n\t\t\t\t\t<h2 class=\"elementor-heading-title elementor-size-default\">Visi\u00f3n<\/h2>\t\t\t\t<\/div>\n\t\t\t\t<\/div>\n\t\t\t\t<div class=\"elementor-element elementor-element-655bba0f elementor-widget elementor-widget-text-editor\" data-id=\"655bba0f\" data-element_type=\"widget\" data-widget_type=\"text-editor.default\">\n\t\t\t\t<div class=\"elementor-widget-container\">\n\t\t\t\t\t\t\t\t\t<p>O noso so\u00f1o \u00e9 unha <b>Europa Lectora<\/b> \u2013 un lugar onde os libros est\u00e1n presentes en cada fogar, a lectura prom\u00f3vese fortemente nos espazos p\u00fablicos, e o encontro cos autores une aos europeos nunha alegre celebraci\u00f3n da literatura.<\/p><p><strong>#D\u00edaDosAutoresEuropeos #LerDeVerdade<\/strong><b> non s\u00f3 pretende celebrar, sen\u00f3n tam\u00e9n crear conxuntamente eventos, espazos e comunidades onde escritores, ilustradores, tradutores e artistas gr\u00e1ficos se convertan en voces queridas e heroes inspiradores para nenos e mozos.<\/b><\/p>\t\t\t\t\t\t\t\t<\/div>\n\t\t\t\t<\/div>\n\t\t\t\t<\/div>\n\t\t\t\t\t<\/div>\n\t\t\t\t<\/div>\n\t\t<div class=\"elementor-element elementor-element-70c2e4c e-flex e-con-boxed e-con e-parent\" data-id=\"70c2e4c\" data-element_type=\"container\">\n\t\t\t\t\t<div class=\"e-con-inner\">\n\t\t\t\t<div class=\"elementor-element elementor-element-706a30b elementor-widget-divider--view-line elementor-widget elementor-widget-divider\" data-id=\"706a30b\" data-element_type=\"widget\" data-widget_type=\"divider.default\">\n\t\t\t\t<div class=\"elementor-widget-container\">\n\t\t\t\t\t\t\t<div class=\"elementor-divider\">\n\t\t\t<span class=\"elementor-divider-separator\">\n\t\t\t\t\t\t<\/span>\n\t\t<\/div>\n\t\t\t\t\t\t<\/div>\n\t\t\t\t<\/div>\n\t\t\t\t\t<\/div>\n\t\t\t\t<\/div>\n\t\t<div class=\"elementor-element elementor-element-52c478a e-flex e-con-boxed e-con e-parent\" data-id=\"52c478a\" data-element_type=\"container\">\n\t\t\t\t\t<div class=\"e-con-inner\">\n\t\t<div class=\"elementor-element elementor-element-67ffb0a e-con-full e-flex e-con e-child\" data-id=\"67ffb0a\" data-element_type=\"container\">\n\t\t\t\t<div class=\"elementor-element elementor-element-8eddbf6 elementor-widget elementor-widget-image\" data-id=\"8eddbf6\" data-element_type=\"widget\" data-widget_type=\"image.default\">\n\t\t\t\t<div class=\"elementor-widget-container\">\n\t\t\t\t\t\t\t\t\t\t\t\t\t\t\t<img decoding=\"async\" width=\"800\" height=\"800\" src=\"https:\/\/www.readforreal.com\/wp-content\/uploads\/2025\/08\/thedream_superheroes-1024x1024.png\" class=\"attachment-large size-large wp-image-17631\" alt=\"\" srcset=\"https:\/\/www.readforreal.com\/wp-content\/uploads\/2025\/08\/thedream_superheroes-1024x1024.png 1024w, https:\/\/www.readforreal.com\/wp-content\/uploads\/2025\/08\/thedream_superheroes-300x300.png 300w, https:\/\/www.readforreal.com\/wp-content\/uploads\/2025\/08\/thedream_superheroes-150x150.png 150w, https:\/\/www.readforreal.com\/wp-content\/uploads\/2025\/08\/thedream_superheroes-768x768.png 768w, https:\/\/www.readforreal.com\/wp-content\/uploads\/2025\/08\/thedream_superheroes-1536x1536.png 1536w, https:\/\/www.readforreal.com\/wp-content\/uploads\/2025\/08\/thedream_superheroes-2048x2048.png 2048w\" sizes=\"(max-width: 800px) 100vw, 800px\" \/>\t\t\t\t\t\t\t\t\t\t\t\t\t\t\t<\/div>\n\t\t\t\t<\/div>\n\t\t\t\t<\/div>\n\t\t<div class=\"elementor-element elementor-element-3bbcc74 e-con-full e-flex e-con e-child\" data-id=\"3bbcc74\" data-element_type=\"container\">\n\t\t\t\t<div class=\"elementor-element elementor-element-28bcb09 elementor-widget elementor-widget-heading\" data-id=\"28bcb09\" data-element_type=\"widget\" data-widget_type=\"heading.default\">\n\t\t\t\t<div class=\"elementor-widget-container\">\n\t\t\t\t\t<h2 class=\"elementor-heading-title elementor-size-default\">Os autores son superh\u00e9roes<\/h2>\t\t\t\t<\/div>\n\t\t\t\t<\/div>\n\t\t\t\t<div class=\"elementor-element elementor-element-b4693ae elementor-widget elementor-widget-text-editor\" data-id=\"b4693ae\" data-element_type=\"widget\" data-widget_type=\"text-editor.default\">\n\t\t\t\t<div class=\"elementor-widget-container\">\n\t\t\t\t\t\t\t\t\t<p>A creatividade \u00e9 un trazo humano definitorio, unha forza que nos permite xerar novas ideas, soluci\u00f3ns, produtos e sistemas. Dende esta perspectiva, os autores de libros &#8211; escritores, ilustradores, dese\u00f1adores gr\u00e1ficos e tradutores, encarnan a esencia mesma do que significa ser humano&#8230; \u00c9 a trav\u00e9s da s\u00faa creatividade que atopamos inspiraci\u00f3n para pensar, cambiar e progresar. Co\u00f1ecelos \u00e9 como co\u00f1ecer superh\u00e9roes.   <\/p>\t\t\t\t\t\t\t\t<\/div>\n\t\t\t\t<\/div>\n\t\t\t\t<\/div>\n\t\t\t\t\t<\/div>\n\t\t\t\t<\/div>\n\t\t<div class=\"elementor-element elementor-element-40fcd64 e-flex e-con-boxed e-con e-parent\" data-id=\"40fcd64\" data-element_type=\"container\">\n\t\t\t\t\t<div class=\"e-con-inner\">\n\t\t\t\t<div class=\"elementor-element elementor-element-869bff5 elementor-widget-divider--view-line elementor-widget elementor-widget-divider\" data-id=\"869bff5\" data-element_type=\"widget\" data-widget_type=\"divider.default\">\n\t\t\t\t<div class=\"elementor-widget-container\">\n\t\t\t\t\t\t\t<div class=\"elementor-divider\">\n\t\t\t<span class=\"elementor-divider-separator\">\n\t\t\t\t\t\t<\/span>\n\t\t<\/div>\n\t\t\t\t\t\t<\/div>\n\t\t\t\t<\/div>\n\t\t\t\t\t<\/div>\n\t\t\t\t<\/div>\n\t\t<div class=\"elementor-element elementor-element-2f83b4c e-flex e-con-boxed e-con e-parent\" data-id=\"2f83b4c\" data-element_type=\"container\">\n\t\t\t\t\t<div class=\"e-con-inner\">\n\t\t<div class=\"elementor-element elementor-element-1aefe28 e-con-full e-flex e-con e-child\" data-id=\"1aefe28\" data-element_type=\"container\">\n\t\t<div class=\"elementor-element elementor-element-95e6a37 e-con-full e-flex e-con e-child\" data-id=\"95e6a37\" data-element_type=\"container\">\n\t\t\t\t<div class=\"elementor-element elementor-element-5bb611c elementor-widget elementor-widget-image\" data-id=\"5bb611c\" data-element_type=\"widget\" data-widget_type=\"image.default\">\n\t\t\t\t<div class=\"elementor-widget-container\">\n\t\t\t\t\t\t\t\t\t\t\t\t\t\t\t<img decoding=\"async\" width=\"800\" height=\"480\" src=\"https:\/\/www.readforreal.com\/wp-content\/uploads\/2025\/08\/thedream_reading-1024x614.png\" class=\"attachment-large size-large wp-image-17632\" alt=\"\" srcset=\"https:\/\/www.readforreal.com\/wp-content\/uploads\/2025\/08\/thedream_reading-1024x614.png 1024w, https:\/\/www.readforreal.com\/wp-content\/uploads\/2025\/08\/thedream_reading-300x180.png 300w, https:\/\/www.readforreal.com\/wp-content\/uploads\/2025\/08\/thedream_reading-768x460.png 768w, https:\/\/www.readforreal.com\/wp-content\/uploads\/2025\/08\/thedream_reading-1536x920.png 1536w, https:\/\/www.readforreal.com\/wp-content\/uploads\/2025\/08\/thedream_reading-2048x1227.png 2048w\" sizes=\"(max-width: 800px) 100vw, 800px\" \/>\t\t\t\t\t\t\t\t\t\t\t\t\t\t\t<\/div>\n\t\t\t\t<\/div>\n\t\t<div class=\"elementor-element elementor-element-6873fec e-con-full e-flex e-con e-child\" data-id=\"6873fec\" data-element_type=\"container\">\n\t\t\t\t<div class=\"elementor-element elementor-element-7b7826a elementor-widget elementor-widget-text-editor\" data-id=\"7b7826a\" data-element_type=\"widget\" data-widget_type=\"text-editor.default\">\n\t\t\t\t<div class=\"elementor-widget-container\">\n\t\t\t\t\t\t\t\t\t<p><strong>Aprende m\u00e1is sobre<\/strong><br><strong>a importancia da lectura.<\/strong><\/p>\t\t\t\t\t\t\t\t<\/div>\n\t\t\t\t<\/div>\n\t\t\t\t<div class=\"elementor-element elementor-element-2b21dc1 elementor-widget elementor-widget-button\" data-id=\"2b21dc1\" data-element_type=\"widget\" data-widget_type=\"button.default\">\n\t\t\t\t<div class=\"elementor-widget-container\">\n\t\t\t\t\t\t\t\t\t<div class=\"elementor-button-wrapper\">\n\t\t\t\t\t<a class=\"elementor-button elementor-button-link elementor-size-sm\" href=\"https:\/\/www.readforreal.com\/gl\/o-sono\/evidencia\/\">\n\t\t\t\t\t\t<span class=\"elementor-button-content-wrapper\">\n\t\t\t\t\t\t\t\t\t<span class=\"elementor-button-text\">Probas<\/span>\n\t\t\t\t\t<\/span>\n\t\t\t\t\t<\/a>\n\t\t\t\t<\/div>\n\t\t\t\t\t\t\t\t<\/div>\n\t\t\t\t<\/div>\n\t\t\t\t<\/div>\n\t\t\t\t<\/div>\n\t\t<div class=\"elementor-element elementor-element-057e139 e-con-full e-flex e-con e-child\" data-id=\"057e139\" data-element_type=\"container\">\n\t\t\t\t<div class=\"elementor-element elementor-element-53523e1 elementor-widget elementor-widget-heading\" data-id=\"53523e1\" data-element_type=\"widget\" data-widget_type=\"heading.default\">\n\t\t\t\t<div class=\"elementor-widget-container\">\n\t\t\t\t\t<h2 class=\"elementor-heading-title elementor-size-default\">Por que \u00e9 importante ler?<\/h2>\t\t\t\t<\/div>\n\t\t\t\t<\/div>\n\t\t\t\t<div class=\"elementor-element elementor-element-9b27379 elementor-widget elementor-widget-text-editor\" data-id=\"9b27379\" data-element_type=\"widget\" data-widget_type=\"text-editor.default\">\n\t\t\t\t<div class=\"elementor-widget-container\">\n\t\t\t\t\t\t\t\t\t<p>Numerosos estudos en diferentes disciplinas, como psicolox\u00eda, psicoling\u00fc\u00edstica, pediatr\u00eda, sociolox\u00eda, neurociencia, psiquiatr\u00eda, educaci\u00f3n e econom\u00eda, e instituci\u00f3ns (Oxford, Harvard, PISA OCDE, Boston Medical Center, UCLA, Universidade de Sussex, Universidade de Ulm e moitas outras) demostran colectivamente que ler libros e falar desde unha idade temper\u00e1 desenvolve as nosas habilidades ling\u00fc\u00edsticas, constr\u00fae a nivel individual a nosa sa\u00fade e benestar psicof\u00edsico, as\u00ed como a base para o \u00e9xito na vida. Isto, \u00e1 s\u00faa vez, trad\u00facese a nivel social en logros cient\u00edficos e econ\u00f3micos, capital social e democracias m\u00e1is resilientes. <\/p>\t\t\t\t\t\t\t\t<\/div>\n\t\t\t\t<\/div>\n\t\t\t\t<\/div>\n\t\t\t\t<\/div>\n\t\t\t\t\t<\/div>\n\t\t\t\t<\/div>\n\t\t<div class=\"elementor-element elementor-element-1027d02 e-flex e-con-boxed e-con e-parent\" data-id=\"1027d02\" data-element_type=\"container\">\n\t\t\t\t\t<div class=\"e-con-inner\">\n\t\t\t\t<div class=\"elementor-element elementor-element-282ee65 elementor-widget-divider--view-line elementor-widget elementor-widget-divider\" data-id=\"282ee65\" data-element_type=\"widget\" data-widget_type=\"divider.default\">\n\t\t\t\t<div class=\"elementor-widget-container\">\n\t\t\t\t\t\t\t<div class=\"elementor-divider\">\n\t\t\t<span class=\"elementor-divider-separator\">\n\t\t\t\t\t\t<\/span>\n\t\t<\/div>\n\t\t\t\t\t\t<\/div>\n\t\t\t\t<\/div>\n\t\t\t\t\t<\/div>\n\t\t\t\t<\/div>\n\t\t<div class=\"elementor-element elementor-element-2a75732 e-flex e-con-boxed e-con e-parent\" data-id=\"2a75732\" data-element_type=\"container\">\n\t\t\t\t\t<div class=\"e-con-inner\">\n\t\t<div class=\"elementor-element elementor-element-20165e6 e-con-full e-flex e-con e-child\" data-id=\"20165e6\" data-element_type=\"container\">\n\t\t\t\t<div class=\"elementor-element elementor-element-b29b5d7 elementor-widget elementor-widget-heading\" data-id=\"b29b5d7\" data-element_type=\"widget\" data-widget_type=\"heading.default\">\n\t\t\t\t<div class=\"elementor-widget-container\">\n\t\t\t\t\t<h2 class=\"elementor-heading-title elementor-size-default\">Comezos<\/h2>\t\t\t\t<\/div>\n\t\t\t\t<\/div>\n\t\t\t\t<div class=\"elementor-element elementor-element-cfa110b elementor-widget elementor-widget-text-editor\" data-id=\"cfa110b\" data-element_type=\"widget\" data-widget_type=\"text-editor.default\">\n\t\t\t\t<div class=\"elementor-widget-container\">\n\t\t\t\t\t\t\t\t\t<p>O <strong>D\u00eda dos Autores Europeos<\/strong> foi iniciado pola Comisi\u00f3n Europea en 2023, e as s\u00faas d\u00faas primeiras edici\u00f3ns foron coordinadas polo equipo de Europa Creativa. Estamos honrados e agradecidos de que o noso consorcio fose elixido para continuar con esta marabillosa misi\u00f3n. <\/p><p><a class=\"link-orange\" href=\"https:\/\/www.readforreal.com\/gl\/o-sono\/sobre\/\">Aprende m\u00e1is<\/a> sobre as organizaci\u00f3ns asociadas que lideran o proxecto.<\/p><p>Convid\u00e1moste a <a class=\"link-orange\" href=\"https:\/\/www.readforreal.com\/gl\/participa\/\">participar<\/a> &#8211; o proxecto est\u00e1 aberto a todo o mundo.<\/p>\t\t\t\t\t\t\t\t<\/div>\n\t\t\t\t<\/div>\n\t\t\t\t<\/div>\n\t\t<div class=\"elementor-element elementor-element-18bba7b e-con-full e-flex e-con e-child\" data-id=\"18bba7b\" data-element_type=\"container\">\n\t\t\t\t<div class=\"elementor-element elementor-element-644dfb8 elementor-widget elementor-widget-image\" data-id=\"644dfb8\" data-element_type=\"widget\" data-widget_type=\"image.default\">\n\t\t\t\t<div class=\"elementor-widget-container\">\n\t\t\t\t\t\t\t\t\t\t\t\t\t\t\t<img loading=\"lazy\" decoding=\"async\" width=\"800\" height=\"842\" src=\"https:\/\/www.readforreal.com\/wp-content\/uploads\/2025\/08\/thedream_cofunded-1.png\" class=\"attachment-large size-large wp-image-17634\" alt=\"\" srcset=\"https:\/\/www.readforreal.com\/wp-content\/uploads\/2025\/08\/thedream_cofunded-1.png 899w, https:\/\/www.readforreal.com\/wp-content\/uploads\/2025\/08\/thedream_cofunded-1-285x300.png 285w, https:\/\/www.readforreal.com\/wp-content\/uploads\/2025\/08\/thedream_cofunded-1-768x808.png 768w\" sizes=\"(max-width: 800px) 100vw, 800px\" \/>\t\t\t\t\t\t\t\t\t\t\t\t\t\t\t<\/div>\n\t\t\t\t<\/div>\n\t\t\t\t<\/div>\n\t\t\t\t\t<\/div>\n\t\t\t\t<\/div>\n\t\t<div class=\"elementor-element elementor-element-0b86485 e-flex e-con-boxed e-con e-parent\" data-id=\"0b86485\" data-element_type=\"container\">\n\t\t\t\t\t<div class=\"e-con-inner\">\n\t\t\t\t<div class=\"elementor-element elementor-element-fcc7465 elementor-widget-divider--view-line elementor-widget elementor-widget-divider\" data-id=\"fcc7465\" data-element_type=\"widget\" data-widget_type=\"divider.default\">\n\t\t\t\t<div class=\"elementor-widget-container\">\n\t\t\t\t\t\t\t<div class=\"elementor-divider\">\n\t\t\t<span class=\"elementor-divider-separator\">\n\t\t\t\t\t\t<\/span>\n\t\t<\/div>\n\t\t\t\t\t\t<\/div>\n\t\t\t\t<\/div>\n\t\t\t\t\t<\/div>\n\t\t\t\t<\/div>\n\t\t<div class=\"elementor-element elementor-element-55041e0 e-flex e-con-boxed e-con e-parent\" data-id=\"55041e0\" data-element_type=\"container\">\n\t\t\t\t\t<div class=\"e-con-inner\">\n\t\t\t\t\t<\/div>\n\t\t\t\t<\/div>\n\t\t\t\t<\/div>\n\t\t","protected":false},"excerpt":{"rendered":"<p>Visi\u00f3n O noso so\u00f1o \u00e9 unha Europa Lectora \u2013 un lugar onde os libros est\u00e1n presentes en cada fogar, a lectura prom\u00f3vese fortemente nos espazos p\u00fablicos, e o encontro cos autores une aos europeos nunha alegre celebraci\u00f3n da literatura. #D\u00edaDosAutoresEuropeos #LerDeVerdade non s\u00f3 pretende celebrar, sen\u00f3n tam\u00e9n crear conxuntamente eventos, espazos e comunidades onde escritores, [&hellip;]<\/p>\n","protected":false},"author":1,"featured_media":0,"parent":0,"menu_order":0,"comment_status":"closed","ping_status":"closed","template":"elementor_header_footer","meta":{"footnotes":""},"class_list":["post-17624","page","type-page","status-publish","hentry"],"yoast_head":"<!-- This site is optimized with the Yoast SEO plugin v26.1.1 - https:\/\/yoast.com\/wordpress\/plugins\/seo\/ -->\n<title>Sobre | Read. For Real<\/title>\n<meta name=\"robots\" content=\"index, follow, max-snippet:-1, max-image-preview:large, max-video-preview:-1\" \/>\n<link rel=\"canonical\" href=\"https:\/\/www.readforreal.com\/gl\/o-sono\/\" \/>\n<meta property=\"og:locale\" content=\"gl_ES\" \/>\n<meta property=\"og:type\" content=\"article\" \/>\n<meta property=\"og:title\" content=\"Sobre | Read. For Real\" \/>\n<meta property=\"og:description\" content=\"Visi\u00f3n O noso so\u00f1o \u00e9 unha Europa Lectora \u2013 un lugar onde os libros est\u00e1n presentes en cada fogar, a lectura prom\u00f3vese fortemente nos espazos p\u00fablicos, e o encontro cos autores une aos europeos nunha alegre celebraci\u00f3n da literatura. #D\u00edaDosAutoresEuropeos #LerDeVerdade non s\u00f3 pretende celebrar, sen\u00f3n tam\u00e9n crear conxuntamente eventos, espazos e comunidades onde escritores, [&hellip;]\" \/>\n<meta property=\"og:url\" content=\"https:\/\/www.readforreal.com\/gl\/o-sono\/\" \/>\n<meta property=\"og:site_name\" content=\"Read. For Real\" \/>\n<meta property=\"article:publisher\" content=\"https:\/\/www.facebook.com\/read.forreal\" \/>\n<meta property=\"article:modified_time\" content=\"2026-04-11T10:20:02+00:00\" \/>\n<meta property=\"og:image\" content=\"https:\/\/www.readforreal.com\/wp-content\/uploads\/2026\/04\/1.about-vision-2025.png\" \/>\n\t<meta property=\"og:image:width\" content=\"1080\" \/>\n\t<meta property=\"og:image:height\" content=\"1350\" \/>\n\t<meta property=\"og:image:type\" content=\"image\/png\" \/>\n<meta name=\"twitter:card\" content=\"summary_large_image\" \/>\n<meta name=\"twitter:label1\" content=\"Tempo de lectura\" \/>\n\t<meta name=\"twitter:data1\" content=\"2 minutos\" \/>\n<script type=\"application\/ld+json\" class=\"yoast-schema-graph\">{\"@context\":\"https:\/\/schema.org\",\"@graph\":[{\"@type\":\"WebPage\",\"@id\":\"https:\/\/www.readforreal.com\/gl\/o-sono\/\",\"url\":\"https:\/\/www.readforreal.com\/gl\/o-sono\/\",\"name\":\"Sobre | Read. For Real\",\"isPartOf\":{\"@id\":\"https:\/\/www.readforreal.com\/#website\"},\"primaryImageOfPage\":{\"@id\":\"https:\/\/www.readforreal.com\/gl\/o-sono\/#primaryimage\"},\"image\":{\"@id\":\"https:\/\/www.readforreal.com\/gl\/o-sono\/#primaryimage\"},\"thumbnailUrl\":\"https:\/\/www.readforreal.com\/wp-content\/uploads\/2026\/04\/1.about-vision-2025-819x1024.png\",\"datePublished\":\"2025-06-28T22:49:48+00:00\",\"dateModified\":\"2026-04-11T10:20:02+00:00\",\"breadcrumb\":{\"@id\":\"https:\/\/www.readforreal.com\/gl\/o-sono\/#breadcrumb\"},\"inLanguage\":\"gl-ES\",\"potentialAction\":[{\"@type\":\"ReadAction\",\"target\":[\"https:\/\/www.readforreal.com\/gl\/o-sono\/\"]}]},{\"@type\":\"ImageObject\",\"inLanguage\":\"gl-ES\",\"@id\":\"https:\/\/www.readforreal.com\/gl\/o-sono\/#primaryimage\",\"url\":\"https:\/\/www.readforreal.com\/wp-content\/uploads\/2026\/04\/1.about-vision-2025-819x1024.png\",\"contentUrl\":\"https:\/\/www.readforreal.com\/wp-content\/uploads\/2026\/04\/1.about-vision-2025-819x1024.png\"},{\"@type\":\"BreadcrumbList\",\"@id\":\"https:\/\/www.readforreal.com\/gl\/o-sono\/#breadcrumb\",\"itemListElement\":[{\"@type\":\"ListItem\",\"position\":1,\"name\":\"Home\",\"item\":\"https:\/\/www.readforreal.com\/gl\/le-de-verdade\/\"},{\"@type\":\"ListItem\",\"position\":2,\"name\":\"Sobre\"}]},{\"@type\":\"WebSite\",\"@id\":\"https:\/\/www.readforreal.com\/#website\",\"url\":\"https:\/\/www.readforreal.com\/\",\"name\":\"Read. For Real\",\"description\":\"European Authors Day 11.11-12.12.2026\",\"publisher\":{\"@id\":\"https:\/\/www.readforreal.com\/#organization\"},\"alternateName\":\"European Authors Day 11.11-12.12.2025\",\"potentialAction\":[{\"@type\":\"SearchAction\",\"target\":{\"@type\":\"EntryPoint\",\"urlTemplate\":\"https:\/\/www.readforreal.com\/?s={search_term_string}\"},\"query-input\":{\"@type\":\"PropertyValueSpecification\",\"valueRequired\":true,\"valueName\":\"search_term_string\"}}],\"inLanguage\":\"gl-ES\"},{\"@type\":\"Organization\",\"@id\":\"https:\/\/www.readforreal.com\/#organization\",\"name\":\"Fundacja Powszechnego Czytania\",\"url\":\"https:\/\/www.readforreal.com\/\",\"logo\":{\"@type\":\"ImageObject\",\"inLanguage\":\"gl-ES\",\"@id\":\"https:\/\/www.readforreal.com\/#\/schema\/logo\/image\/\",\"url\":\"https:\/\/www.readforreal.com\/wp-content\/uploads\/2025\/06\/RfR-logo-OK_1.png\",\"contentUrl\":\"https:\/\/www.readforreal.com\/wp-content\/uploads\/2025\/06\/RfR-logo-OK_1.png\",\"width\":1890,\"height\":1299,\"caption\":\"Fundacja Powszechnego Czytania\"},\"image\":{\"@id\":\"https:\/\/www.readforreal.com\/#\/schema\/logo\/image\/\"},\"sameAs\":[\"https:\/\/www.facebook.com\/read.forreal\",\"https:\/\/www.instagram.com\/read.forreal\/\"]}]}<\/script>\n<!-- \/ Yoast SEO plugin. -->","yoast_head_json":{"title":"Sobre | Read. For Real","robots":{"index":"index","follow":"follow","max-snippet":"max-snippet:-1","max-image-preview":"max-image-preview:large","max-video-preview":"max-video-preview:-1"},"canonical":"https:\/\/www.readforreal.com\/gl\/o-sono\/","og_locale":"gl_ES","og_type":"article","og_title":"Sobre | Read. For Real","og_description":"Visi\u00f3n O noso so\u00f1o \u00e9 unha Europa Lectora \u2013 un lugar onde os libros est\u00e1n presentes en cada fogar, a lectura prom\u00f3vese fortemente nos espazos p\u00fablicos, e o encontro cos autores une aos europeos nunha alegre celebraci\u00f3n da literatura. #D\u00edaDosAutoresEuropeos #LerDeVerdade non s\u00f3 pretende celebrar, sen\u00f3n tam\u00e9n crear conxuntamente eventos, espazos e comunidades onde escritores, [&hellip;]","og_url":"https:\/\/www.readforreal.com\/gl\/o-sono\/","og_site_name":"Read. For Real","article_publisher":"https:\/\/www.facebook.com\/read.forreal","article_modified_time":"2026-04-11T10:20:02+00:00","og_image":[{"width":1080,"height":1350,"url":"https:\/\/www.readforreal.com\/wp-content\/uploads\/2026\/04\/1.about-vision-2025.png","type":"image\/png"}],"twitter_card":"summary_large_image","twitter_misc":{"Tempo de lectura":"2 minutos"},"schema":{"@context":"https:\/\/schema.org","@graph":[{"@type":"WebPage","@id":"https:\/\/www.readforreal.com\/gl\/o-sono\/","url":"https:\/\/www.readforreal.com\/gl\/o-sono\/","name":"Sobre | Read. For Real","isPartOf":{"@id":"https:\/\/www.readforreal.com\/#website"},"primaryImageOfPage":{"@id":"https:\/\/www.readforreal.com\/gl\/o-sono\/#primaryimage"},"image":{"@id":"https:\/\/www.readforreal.com\/gl\/o-sono\/#primaryimage"},"thumbnailUrl":"https:\/\/www.readforreal.com\/wp-content\/uploads\/2026\/04\/1.about-vision-2025-819x1024.png","datePublished":"2025-06-28T22:49:48+00:00","dateModified":"2026-04-11T10:20:02+00:00","breadcrumb":{"@id":"https:\/\/www.readforreal.com\/gl\/o-sono\/#breadcrumb"},"inLanguage":"gl-ES","potentialAction":[{"@type":"ReadAction","target":["https:\/\/www.readforreal.com\/gl\/o-sono\/"]}]},{"@type":"ImageObject","inLanguage":"gl-ES","@id":"https:\/\/www.readforreal.com\/gl\/o-sono\/#primaryimage","url":"https:\/\/www.readforreal.com\/wp-content\/uploads\/2026\/04\/1.about-vision-2025-819x1024.png","contentUrl":"https:\/\/www.readforreal.com\/wp-content\/uploads\/2026\/04\/1.about-vision-2025-819x1024.png"},{"@type":"BreadcrumbList","@id":"https:\/\/www.readforreal.com\/gl\/o-sono\/#breadcrumb","itemListElement":[{"@type":"ListItem","position":1,"name":"Home","item":"https:\/\/www.readforreal.com\/gl\/le-de-verdade\/"},{"@type":"ListItem","position":2,"name":"Sobre"}]},{"@type":"WebSite","@id":"https:\/\/www.readforreal.com\/#website","url":"https:\/\/www.readforreal.com\/","name":"Read. For Real","description":"European Authors Day 11.11-12.12.2026","publisher":{"@id":"https:\/\/www.readforreal.com\/#organization"},"alternateName":"European Authors Day 11.11-12.12.2025","potentialAction":[{"@type":"SearchAction","target":{"@type":"EntryPoint","urlTemplate":"https:\/\/www.readforreal.com\/?s={search_term_string}"},"query-input":{"@type":"PropertyValueSpecification","valueRequired":true,"valueName":"search_term_string"}}],"inLanguage":"gl-ES"},{"@type":"Organization","@id":"https:\/\/www.readforreal.com\/#organization","name":"Fundacja Powszechnego Czytania","url":"https:\/\/www.readforreal.com\/","logo":{"@type":"ImageObject","inLanguage":"gl-ES","@id":"https:\/\/www.readforreal.com\/#\/schema\/logo\/image\/","url":"https:\/\/www.readforreal.com\/wp-content\/uploads\/2025\/06\/RfR-logo-OK_1.png","contentUrl":"https:\/\/www.readforreal.com\/wp-content\/uploads\/2025\/06\/RfR-logo-OK_1.png","width":1890,"height":1299,"caption":"Fundacja Powszechnego Czytania"},"image":{"@id":"https:\/\/www.readforreal.com\/#\/schema\/logo\/image\/"},"sameAs":["https:\/\/www.facebook.com\/read.forreal","https:\/\/www.instagram.com\/read.forreal\/"]}]}},"_links":{"self":[{"href":"https:\/\/www.readforreal.com\/gl\/wp-json\/wp\/v2\/pages\/17624","targetHints":{"allow":["GET"]}}],"collection":[{"href":"https:\/\/www.readforreal.com\/gl\/wp-json\/wp\/v2\/pages"}],"about":[{"href":"https:\/\/www.readforreal.com\/gl\/wp-json\/wp\/v2\/types\/page"}],"author":[{"embeddable":true,"href":"https:\/\/www.readforreal.com\/gl\/wp-json\/wp\/v2\/users\/1"}],"replies":[{"embeddable":true,"href":"https:\/\/www.readforreal.com\/gl\/wp-json\/wp\/v2\/comments?post=17624"}],"version-history":[{"count":8,"href":"https:\/\/www.readforreal.com\/gl\/wp-json\/wp\/v2\/pages\/17624\/revisions"}],"predecessor-version":[{"id":26171,"href":"https:\/\/www.readforreal.com\/gl\/wp-json\/wp\/v2\/pages\/17624\/revisions\/26171"}],"wp:attachment":[{"href":"https:\/\/www.readforreal.com\/gl\/wp-json\/wp\/v2\/media?parent=17624"}],"curies":[{"name":"wp","href":"https:\/\/api.w.org\/{rel}","templated":true}]}}