{"id":16140,"date":"2025-06-29T00:10:54","date_gmt":"2025-06-28T22:10:54","guid":{"rendered":"https:\/\/www.readforreal.com\/polasai-priobhaideachais\/"},"modified":"2025-11-03T12:58:29","modified_gmt":"2025-11-03T11:58:29","slug":"polasai-priobhaideachais","status":"publish","type":"page","link":"https:\/\/www.readforreal.com\/ga\/polasai-priobhaideachais\/","title":{"rendered":"Polasa\u00ed Pr\u00edobh\u00e1ideachais"},"content":{"rendered":"\t\t<div data-elementor-type=\"wp-page\" data-elementor-id=\"16140\" class=\"elementor elementor-16140 elementor-3\" data-elementor-post-type=\"page\">\n\t\t\t\t<div class=\"elementor-element elementor-element-726f90a3 e-flex e-con-boxed e-con e-parent\" data-id=\"726f90a3\" data-element_type=\"container\">\n\t\t\t\t\t<div class=\"e-con-inner\">\n\t\t\t\t\t<\/div>\n\t\t\t\t<\/div>\n\t\t<div class=\"elementor-element elementor-element-57caaef1 e-flex e-con-boxed e-con e-parent\" data-id=\"57caaef1\" data-element_type=\"container\">\n\t\t\t\t\t<div class=\"e-con-inner\">\n\t\t\t\t<div class=\"elementor-element elementor-element-5352cfaa elementor-widget elementor-widget-text-editor\" data-id=\"5352cfaa\" data-element_type=\"widget\" data-widget_type=\"text-editor.default\">\n\t\t\t\t<div class=\"elementor-widget-container\">\n\t\t\t\t\t\t\t\t\t<h2>1. Rialaitheoir Sonra\u00ed<\/h2><p>Is \u00e9 rialaitheoir do shonra\u00ed pearsanta ar an su\u00edomh Gr\u00e9as\u00e1in <strong>www.readforreal.com<\/strong> n\u00e1:<\/p><p><strong>Fundacja Powszechnego Czytania<\/strong><br>Przyokopowa 33<br>01-208 V\u00e1rs\u00e1, An Pholainn<br>r-phost: <a href=\"mailto:sekretariat@fpc.org.pl\">sekretariat@fpc.org.pl<\/a><\/p><p>Maidir le haon cheisteanna a bhaineann le pr\u00f3ise\u00e1il sonra\u00ed pearsanta, is f\u00e9idir teagmh\u00e1il a dh\u00e9anamh linn tr\u00edd an r\u00edomhphost thuas n\u00f3 tr\u00edd an bpost ag seoladh cl\u00e1raithe an Fhorais.<\/p><h2>2. Raon Feidhme agus Cusp\u00f3ir\u00ed na Pr\u00f3ise\u00e1la Sonra\u00ed<\/h2><p>Is su\u00edomh Gr\u00e9as\u00e1in faisn\u00e9iseach amh\u00e1in \u00e9 <strong>www.readforreal.com<\/strong> agus n\u00ed cheada\u00edonn s\u00e9 cl\u00e1r\u00fa \u00fas\u00e1ideoir\u00ed, idirbhearta, tr\u00e1chtanna, n\u00e1 rannph\u00e1irt\u00edocht i bpl\u00e9it\u00ed. N\u00ed phr\u00f3ise\u00e1iltear sonra\u00ed pearsanta ach amh\u00e1in ar bhonn toili\u00fa deonach an \u00e1bhair sonra\u00ed, go h\u00e1irithe: Nuair a chl\u00e1ra\u00edtear don nuachtlitir \u2013 \u00e1ir\u00edtear sna sonra\u00ed a bhail\u00edtear: <\/p><ul><li>seoladh r\u00edomhphoist<\/li><li>c\u00e9adainm.<\/li><\/ul><p>\u00das\u00e1idtear na sonra\u00ed seo go heisiach chun:<\/p><ul><li>faisn\u00e9is agus \u00e1bhair a bhaineann le tionscadal Read For Real a sheoladh,<\/li><li>an tseirbh\u00eds nuachtlitreach a shol\u00e1thar,<\/li><li>teagmh\u00e1il fh\u00e9ideartha maidir leis an tionscadal n\u00f3 seirbh\u00eds\u00ed gaolmhara.<\/li><\/ul><p>Ina theannta sin, f\u00e9adfar sonra\u00ed pearsanta a phr\u00f3ise\u00e1il i dtaca le h\u00fas\u00e1id cain\u00e9al me\u00e1n s\u00f3isialta, lena n-\u00e1ir\u00edtear: pr\u00f3if\u00edl\u00ed \u00fas\u00e1ideoir\u00ed agus cuntais ar ard\u00e1in mar Facebook, Instagram, YouTube, Twitter, LinkedIn, a \u00fas\u00e1idtear chun an tionscadal a chur in i\u00fal agus a chur chun cinn, de r\u00e9ir rialacha agus polasaithe pr\u00edobh\u00e1ideachais na n-ard\u00e1n sin.<\/p><h2>3. Bun\u00fas Dl\u00edthi\u00fail don Phr\u00f3ise\u00e1il<\/h2><p>D\u00e9antar pr\u00f3ise\u00e1il sonra\u00ed pearsanta ar bhonn:<\/p><ul><li>toili\u00fa an \u00e1bhair sonra\u00ed (Airteagal 6(1)(a) den GDPR),<\/li><li>leasanna dlisteanacha an rialaitheora sonra\u00ed (Airteagal 6(1)(f) den GDPR), i raon feidhme anail\u00eds tr\u00e1chta su\u00edmh Gr\u00e9as\u00e1in (Google Analytics).<\/li><\/ul><h2>4. Faighteoir\u00ed Sonra\u00ed<\/h2><p>N\u00ed roinntear sonra\u00ed pearsanta le tr\u00ed\u00fa p\u00e1irtithe chun cr\u00edocha tr\u00e1cht\u00e1la n\u00f3 marga\u00edochta. Mar sin f\u00e9in, chun \u00e1r seirbh\u00eds\u00ed a shol\u00e1thar, comhoibr\u00edmid leis na heintitis seo a leanas: <\/p><ul><li><strong>MailerLite<\/strong> \u2013 sol\u00e1thra\u00ed seirbh\u00edse nuachtlitreach, a phr\u00f3ise\u00e1lann sonra\u00ed ar \u00e1r son,<\/li><li><strong>MyDevil.net<\/strong> \u2013 sol\u00e1thra\u00ed \u00f3st\u00e1la su\u00edmh Gr\u00e9as\u00e1in,<\/li><li><strong>Google Analytics<\/strong> \u2013 uirlis anail\u00edse do thr\u00e1cht su\u00edmh Gr\u00e9as\u00e1in, a phr\u00f3ise\u00e1lann sonra\u00ed staidrimh gan ainm,<\/li><li><strong>Ard\u00e1in me\u00e1n s\u00f3isialta<\/strong> (e.g., Facebook, Instagram) \u2013 i dtaca le hidirghn\u00edomha\u00edochta\u00ed agus cumars\u00e1id tr\u00ed na cain\u00e9il seo.<\/li><\/ul><p>T\u00e1 oibleag\u00e1id ar na faighteoir\u00ed seo go l\u00e9ir clo\u00ed le dl\u00edthe cosanta sonra\u00ed is infheidhme (GDPR).<\/p><h2>5. Fian\u00e1in agus Uirlis\u00ed Anail\u00edseacha<\/h2><p>\u00das\u00e1ideann an su\u00edomh Gr\u00e9as\u00e1in <strong>www.readforreal.com<\/strong> fian\u00e1in chun an tseirbh\u00eds a oibri\u00fa i gceart agus chun cr\u00edocha anail\u00edseacha (Google Analytics).<\/p><p>Bail\u00edonn fian\u00e1in sonra\u00ed gan ainm faoi thr\u00e1cht \u00fas\u00e1ideoir\u00ed agus iompar ar an su\u00edomh Gr\u00e9as\u00e1in, rud a chumasa\u00edonn optam\u00fa seirbh\u00edse.<\/p><h2>6. Tr\u00e9imhse Coinne\u00e1la Sonra\u00ed<\/h2><p>St\u00f3r\u00e1iltear sonra\u00ed pearsanta a bhail\u00edtear tr\u00edd an nuachtlitir ar feadh r\u00e9 an tionscadail Read For Real n\u00f3 go dt\u00ed go dtarraing\u00edonn an t-\u00fas\u00e1ideoir a thoili\u00fa siar (e.g., d\u00edliost\u00e1il \u00f3n nuachtlitir).<\/p><p>St\u00f3r\u00e1iltear sonra\u00ed anail\u00edseacha a phr\u00f3ise\u00e1lann Google Analytics ar feadh na tr\u00e9imhse a shonra\u00edonn an sol\u00e1thra\u00ed seirbh\u00edse, i bhfoirm gan ainm.<\/p><h2>7. Cearta an \u00c1bhair Sonra\u00ed<\/h2><p>T\u00e1 an ceart ag \u00fas\u00e1ideoir\u00ed chun:<\/p><ul><li>rochtain a fh\u00e1il ar a gcuid sonra\u00ed pearsanta,<\/li><li>sonra\u00ed m\u00edchruinne a cheart\u00fa,<\/li><li>a gcuid sonra\u00ed a scriosadh (\u201cceart go nd\u00e9anfa\u00ed dearmad\u201d),<\/li><li>pr\u00f3ise\u00e1il sonra\u00ed a shrianadh,<\/li><li>iniomparthacht sonra\u00ed,<\/li><li>ag\u00f3id a dh\u00e9anamh i gcoinne pr\u00f3ise\u00e1la sonra\u00ed,<\/li><li>toili\u00fa le pr\u00f3ise\u00e1il sonra\u00ed a tharraingt siar ag am ar bith (gan difear a dh\u00e9anamh do dhl\u00edthi\u00falacht na pr\u00f3ise\u00e1la bunaithe ar thoili\u00fa roimh a tharraingt siar).<\/li><\/ul><p>Chun na cearta seo a fheidhmi\u00fa, d\u00e9an teagmh\u00e1il linn ag: <a href=\"mailto:sekretariat@fpc.org.pl\">sekretariat@fpc.org.pl<\/a>.<\/p><p>T\u00e1 an ceart ag \u00fas\u00e1ideoir\u00ed freisin gear\u00e1n a dh\u00e9anamh leis an \u00fadar\u00e1s maoirseachta \u00e1bhartha um chosaint sonra\u00ed (sa Pholainn, Uachtar\u00e1n na hOifige um Chosaint Sonra\u00ed Pearsanta).<\/p><h2>8. Sl\u00e1nd\u00e1il Sonra\u00ed<\/h2><p>Cuireann an rialaitheoir bearta teicni\u00fala agus eagra\u00edocht\u00fala iomchu\u00ed i bhfeidhm chun sonra\u00ed pearsanta a chosaint ar rochtain neamh\u00fadaraithe, caillteanas, athr\u00fa, n\u00f3 nochtadh.<\/p><h2>9. \u00das\u00e1id Me\u00e1n S\u00f3isialta<\/h2><p>Feidhm\u00edonn pr\u00f3if\u00edl\u00ed Fundacja Powszechnego Czytania agus an tionscadail Read For Real ar na me\u00e1in sh\u00f3isialta faoi th\u00e9arma\u00ed agus polasaithe pr\u00edobh\u00e1ideachais ar leith de chuid na n-ard\u00e1n sin. Pr\u00f3ise\u00e1iltear sonra\u00ed pearsanta a roinntear le linn idirghn\u00edomha\u00edochta\u00ed ar ard\u00e1in me\u00e1n s\u00f3isialta de r\u00e9ir rialach\u00e1in na seirbh\u00eds\u00ed sin agus t\u00e1 siad lasmuigh de smacht d\u00edreach riarth\u00f3ir an tsu\u00edmh Gr\u00e9as\u00e1in www.readforreal.com. <\/p><h2>10. Athruithe ar an bPolasa\u00ed Pr\u00edobh\u00e1ideachais<\/h2><p>Forchoime\u00e1dann an rialaitheoir an ceart an Polasa\u00ed Pr\u00edobh\u00e1ideachais seo a leas\u00fa. Beidh an leagan reatha agus \u00e9ifeachtach ar f\u00e1il i gc\u00f3na\u00ed ar <strong>www.readforreal.com<\/strong>. Cuirfear \u00fas\u00e1ideoir\u00ed ar an eolas faoi aon athruithe suntasacha ar an bpolasa\u00ed seo.  <\/p><h2>11. \u00c1bhair<\/h2><p><span style=\"font-weight: 400;\">T\u00e1 \u00e1r n-\u00e1bhair ar f\u00e1il do gach duine at\u00e1 p\u00e1irteach sa tionscadal Read.For Real agus f\u00e9adfar iad a \u00fas\u00e1id, a ch\u00f3ipe\u00e1il, agus a dh\u00e1ileadh i dtaca le L\u00e1 na n\u00dadar Eorpach. T\u00e1 cosc ar \u00fas\u00e1id na n-\u00e1bhar seo chun cr\u00edocha seachas an cusp\u00f3ir beartaithe, lena n-\u00e1ir\u00edtear ach gan a bheith teoranta do: d\u00edolach\u00e1in, cur chun cinn t\u00e1irg\u00ed eile, n\u00f3 cruth\u00fa agus scaipeadh \u00e1bhar polaiti\u00fail n\u00f3 reiligi\u00fanach. N\u00edl aon fhreagracht ar Read. For Real, mar aon lena ionada\u00ed, an Fond\u00faireacht Uil\u00edoch L\u00e9itheoireachta, as \u00fas\u00e1id brand\u00e1la at\u00e1 neamhr\u00e9ireach leis na t\u00e9arma\u00ed agus coinn\u00edollacha seo.   <\/span><\/p>\t\t\t\t\t\t\t\t<\/div>\n\t\t\t\t<\/div>\n\t\t\t\t\t<\/div>\n\t\t\t\t<\/div>\n\t\t\t\t<\/div>\n\t\t","protected":false},"excerpt":{"rendered":"<p>1. Rialaitheoir Sonra\u00ed Is \u00e9 rialaitheoir do shonra\u00ed pearsanta ar an su\u00edomh Gr\u00e9as\u00e1in www.readforreal.com n\u00e1: Fundacja Powszechnego CzytaniaPrzyokopowa 3301-208 V\u00e1rs\u00e1, An Pholainnr-phost: sekretariat@fpc.org.pl Maidir le haon cheisteanna a bhaineann le pr\u00f3ise\u00e1il sonra\u00ed pearsanta, is f\u00e9idir teagmh\u00e1il a dh\u00e9anamh linn tr\u00edd an r\u00edomhphost thuas n\u00f3 tr\u00edd an bpost ag seoladh cl\u00e1raithe an Fhorais. 2. Raon Feidhme [&hellip;]<\/p>\n","protected":false},"author":1,"featured_media":0,"parent":0,"menu_order":0,"comment_status":"closed","ping_status":"open","template":"","meta":{"footnotes":""},"class_list":["post-16140","page","type-page","status-publish","hentry"],"yoast_head":"<!-- This site is optimized with the Yoast SEO plugin v26.1.1 - https:\/\/yoast.com\/wordpress\/plugins\/seo\/ -->\n<title>Polasa\u00ed Pr\u00edobh\u00e1ideachais | Read. For Real<\/title>\n<meta name=\"robots\" content=\"index, follow, max-snippet:-1, max-image-preview:large, max-video-preview:-1\" \/>\n<link rel=\"canonical\" href=\"https:\/\/www.readforreal.com\/ga\/polasai-priobhaideachais\/\" \/>\n<meta property=\"og:locale\" content=\"ga_IE\" \/>\n<meta property=\"og:type\" content=\"article\" \/>\n<meta property=\"og:title\" content=\"Polasa\u00ed Pr\u00edobh\u00e1ideachais | Read. For Real\" \/>\n<meta property=\"og:description\" content=\"1. Rialaitheoir Sonra\u00ed Is \u00e9 rialaitheoir do shonra\u00ed pearsanta ar an su\u00edomh Gr\u00e9as\u00e1in www.readforreal.com n\u00e1: Fundacja Powszechnego CzytaniaPrzyokopowa 3301-208 V\u00e1rs\u00e1, An Pholainnr-phost: sekretariat@fpc.org.pl Maidir le haon cheisteanna a bhaineann le pr\u00f3ise\u00e1il sonra\u00ed pearsanta, is f\u00e9idir teagmh\u00e1il a dh\u00e9anamh linn tr\u00edd an r\u00edomhphost thuas n\u00f3 tr\u00edd an bpost ag seoladh cl\u00e1raithe an Fhorais. 2. Raon Feidhme [&hellip;]\" \/>\n<meta property=\"og:url\" content=\"https:\/\/www.readforreal.com\/ga\/polasai-priobhaideachais\/\" \/>\n<meta property=\"og:site_name\" content=\"Read. For Real\" \/>\n<meta property=\"article:publisher\" content=\"https:\/\/www.facebook.com\/read.forreal\" \/>\n<meta property=\"article:modified_time\" content=\"2025-11-03T11:58:29+00:00\" \/>\n<meta name=\"twitter:card\" content=\"summary_large_image\" \/>\n<meta name=\"twitter:label1\" content=\"Est. reading time\" \/>\n\t<meta name=\"twitter:data1\" content=\"5 minutes\" \/>\n<script type=\"application\/ld+json\" class=\"yoast-schema-graph\">{\"@context\":\"https:\/\/schema.org\",\"@graph\":[{\"@type\":\"WebPage\",\"@id\":\"https:\/\/www.readforreal.com\/ga\/polasai-priobhaideachais\/\",\"url\":\"https:\/\/www.readforreal.com\/ga\/polasai-priobhaideachais\/\",\"name\":\"Polasa\u00ed Pr\u00edobh\u00e1ideachais | Read. For Real\",\"isPartOf\":{\"@id\":\"https:\/\/www.readforreal.com\/#website\"},\"datePublished\":\"2025-06-28T22:10:54+00:00\",\"dateModified\":\"2025-11-03T11:58:29+00:00\",\"breadcrumb\":{\"@id\":\"https:\/\/www.readforreal.com\/ga\/polasai-priobhaideachais\/#breadcrumb\"},\"inLanguage\":\"ga-IE\",\"potentialAction\":[{\"@type\":\"ReadAction\",\"target\":[\"https:\/\/www.readforreal.com\/ga\/polasai-priobhaideachais\/\"]}]},{\"@type\":\"BreadcrumbList\",\"@id\":\"https:\/\/www.readforreal.com\/ga\/polasai-priobhaideachais\/#breadcrumb\",\"itemListElement\":[{\"@type\":\"ListItem\",\"position\":1,\"name\":\"Home\",\"item\":\"https:\/\/www.readforreal.com\/ga\/leigh-go-firinneach\/\"},{\"@type\":\"ListItem\",\"position\":2,\"name\":\"Polasa\u00ed Pr\u00edobh\u00e1ideachais\"}]},{\"@type\":\"WebSite\",\"@id\":\"https:\/\/www.readforreal.com\/#website\",\"url\":\"https:\/\/www.readforreal.com\/\",\"name\":\"Read. For Real\",\"description\":\"European Authors Day 11.11-12.12.2026\",\"publisher\":{\"@id\":\"https:\/\/www.readforreal.com\/#organization\"},\"alternateName\":\"European Authors Day 11.11-12.12.2025\",\"potentialAction\":[{\"@type\":\"SearchAction\",\"target\":{\"@type\":\"EntryPoint\",\"urlTemplate\":\"https:\/\/www.readforreal.com\/?s={search_term_string}\"},\"query-input\":{\"@type\":\"PropertyValueSpecification\",\"valueRequired\":true,\"valueName\":\"search_term_string\"}}],\"inLanguage\":\"ga-IE\"},{\"@type\":\"Organization\",\"@id\":\"https:\/\/www.readforreal.com\/#organization\",\"name\":\"Fundacja Powszechnego Czytania\",\"url\":\"https:\/\/www.readforreal.com\/\",\"logo\":{\"@type\":\"ImageObject\",\"inLanguage\":\"ga-IE\",\"@id\":\"https:\/\/www.readforreal.com\/#\/schema\/logo\/image\/\",\"url\":\"https:\/\/www.readforreal.com\/wp-content\/uploads\/2025\/06\/RfR-logo-OK_1.png\",\"contentUrl\":\"https:\/\/www.readforreal.com\/wp-content\/uploads\/2025\/06\/RfR-logo-OK_1.png\",\"width\":1890,\"height\":1299,\"caption\":\"Fundacja Powszechnego Czytania\"},\"image\":{\"@id\":\"https:\/\/www.readforreal.com\/#\/schema\/logo\/image\/\"},\"sameAs\":[\"https:\/\/www.facebook.com\/read.forreal\",\"https:\/\/www.instagram.com\/read.forreal\/\"]}]}<\/script>\n<!-- \/ Yoast SEO plugin. -->","yoast_head_json":{"title":"Polasa\u00ed Pr\u00edobh\u00e1ideachais | Read. For Real","robots":{"index":"index","follow":"follow","max-snippet":"max-snippet:-1","max-image-preview":"max-image-preview:large","max-video-preview":"max-video-preview:-1"},"canonical":"https:\/\/www.readforreal.com\/ga\/polasai-priobhaideachais\/","og_locale":"ga_IE","og_type":"article","og_title":"Polasa\u00ed Pr\u00edobh\u00e1ideachais | Read. For Real","og_description":"1. Rialaitheoir Sonra\u00ed Is \u00e9 rialaitheoir do shonra\u00ed pearsanta ar an su\u00edomh Gr\u00e9as\u00e1in www.readforreal.com n\u00e1: Fundacja Powszechnego CzytaniaPrzyokopowa 3301-208 V\u00e1rs\u00e1, An Pholainnr-phost: sekretariat@fpc.org.pl Maidir le haon cheisteanna a bhaineann le pr\u00f3ise\u00e1il sonra\u00ed pearsanta, is f\u00e9idir teagmh\u00e1il a dh\u00e9anamh linn tr\u00edd an r\u00edomhphost thuas n\u00f3 tr\u00edd an bpost ag seoladh cl\u00e1raithe an Fhorais. 2. Raon Feidhme [&hellip;]","og_url":"https:\/\/www.readforreal.com\/ga\/polasai-priobhaideachais\/","og_site_name":"Read. For Real","article_publisher":"https:\/\/www.facebook.com\/read.forreal","article_modified_time":"2025-11-03T11:58:29+00:00","twitter_card":"summary_large_image","twitter_misc":{"Est. reading time":"5 minutes"},"schema":{"@context":"https:\/\/schema.org","@graph":[{"@type":"WebPage","@id":"https:\/\/www.readforreal.com\/ga\/polasai-priobhaideachais\/","url":"https:\/\/www.readforreal.com\/ga\/polasai-priobhaideachais\/","name":"Polasa\u00ed Pr\u00edobh\u00e1ideachais | Read. For Real","isPartOf":{"@id":"https:\/\/www.readforreal.com\/#website"},"datePublished":"2025-06-28T22:10:54+00:00","dateModified":"2025-11-03T11:58:29+00:00","breadcrumb":{"@id":"https:\/\/www.readforreal.com\/ga\/polasai-priobhaideachais\/#breadcrumb"},"inLanguage":"ga-IE","potentialAction":[{"@type":"ReadAction","target":["https:\/\/www.readforreal.com\/ga\/polasai-priobhaideachais\/"]}]},{"@type":"BreadcrumbList","@id":"https:\/\/www.readforreal.com\/ga\/polasai-priobhaideachais\/#breadcrumb","itemListElement":[{"@type":"ListItem","position":1,"name":"Home","item":"https:\/\/www.readforreal.com\/ga\/leigh-go-firinneach\/"},{"@type":"ListItem","position":2,"name":"Polasa\u00ed Pr\u00edobh\u00e1ideachais"}]},{"@type":"WebSite","@id":"https:\/\/www.readforreal.com\/#website","url":"https:\/\/www.readforreal.com\/","name":"Read. For Real","description":"European Authors Day 11.11-12.12.2026","publisher":{"@id":"https:\/\/www.readforreal.com\/#organization"},"alternateName":"European Authors Day 11.11-12.12.2025","potentialAction":[{"@type":"SearchAction","target":{"@type":"EntryPoint","urlTemplate":"https:\/\/www.readforreal.com\/?s={search_term_string}"},"query-input":{"@type":"PropertyValueSpecification","valueRequired":true,"valueName":"search_term_string"}}],"inLanguage":"ga-IE"},{"@type":"Organization","@id":"https:\/\/www.readforreal.com\/#organization","name":"Fundacja Powszechnego Czytania","url":"https:\/\/www.readforreal.com\/","logo":{"@type":"ImageObject","inLanguage":"ga-IE","@id":"https:\/\/www.readforreal.com\/#\/schema\/logo\/image\/","url":"https:\/\/www.readforreal.com\/wp-content\/uploads\/2025\/06\/RfR-logo-OK_1.png","contentUrl":"https:\/\/www.readforreal.com\/wp-content\/uploads\/2025\/06\/RfR-logo-OK_1.png","width":1890,"height":1299,"caption":"Fundacja Powszechnego Czytania"},"image":{"@id":"https:\/\/www.readforreal.com\/#\/schema\/logo\/image\/"},"sameAs":["https:\/\/www.facebook.com\/read.forreal","https:\/\/www.instagram.com\/read.forreal\/"]}]}},"_links":{"self":[{"href":"https:\/\/www.readforreal.com\/ga\/wp-json\/wp\/v2\/pages\/16140","targetHints":{"allow":["GET"]}}],"collection":[{"href":"https:\/\/www.readforreal.com\/ga\/wp-json\/wp\/v2\/pages"}],"about":[{"href":"https:\/\/www.readforreal.com\/ga\/wp-json\/wp\/v2\/types\/page"}],"author":[{"embeddable":true,"href":"https:\/\/www.readforreal.com\/ga\/wp-json\/wp\/v2\/users\/1"}],"replies":[{"embeddable":true,"href":"https:\/\/www.readforreal.com\/ga\/wp-json\/wp\/v2\/comments?post=16140"}],"version-history":[{"count":3,"href":"https:\/\/www.readforreal.com\/ga\/wp-json\/wp\/v2\/pages\/16140\/revisions"}],"predecessor-version":[{"id":16224,"href":"https:\/\/www.readforreal.com\/ga\/wp-json\/wp\/v2\/pages\/16140\/revisions\/16224"}],"wp:attachment":[{"href":"https:\/\/www.readforreal.com\/ga\/wp-json\/wp\/v2\/media?parent=16140"}],"curies":[{"name":"wp","href":"https:\/\/api.w.org\/{rel}","templated":true}]}}