{"id":15899,"date":"2025-09-28T12:33:33","date_gmt":"2025-09-28T10:33:33","guid":{"rendered":"https:\/\/www.readforreal.com\/dioplomai\/"},"modified":"2025-11-03T12:56:32","modified_gmt":"2025-11-03T11:56:32","slug":"dioplomai","status":"publish","type":"page","link":"https:\/\/www.readforreal.com\/ga\/ioslodail\/teastais-dioplomai\/dioplomai\/","title":{"rendered":"Diopl\u00f3ma\u00ed"},"content":{"rendered":"\t\t<div data-elementor-type=\"wp-page\" data-elementor-id=\"15899\" class=\"elementor elementor-15899 elementor-10738\" data-elementor-post-type=\"page\">\n\t\t\t\t<div class=\"elementor-element elementor-element-13ebc3a5 e-flex e-con-boxed e-con e-parent\" data-id=\"13ebc3a5\" data-element_type=\"container\">\n\t\t\t\t\t<div class=\"e-con-inner\">\n\t\t\t\t\t<\/div>\n\t\t\t\t<\/div>\n\t\t<div class=\"elementor-element elementor-element-e215e09 e-flex e-con-boxed e-con e-parent\" data-id=\"e215e09\" data-element_type=\"container\">\n\t\t\t\t\t<div class=\"e-con-inner\">\n\t\t\t\t<div class=\"elementor-element elementor-element-531f866c elementor-widget-divider--view-line elementor-widget elementor-widget-divider\" data-id=\"531f866c\" data-element_type=\"widget\" data-widget_type=\"divider.default\">\n\t\t\t\t<div class=\"elementor-widget-container\">\n\t\t\t\t\t\t\t<div class=\"elementor-divider\">\n\t\t\t<span class=\"elementor-divider-separator\">\n\t\t\t\t\t\t<\/span>\n\t\t<\/div>\n\t\t\t\t\t\t<\/div>\n\t\t\t\t<\/div>\n\t\t\t\t\t<\/div>\n\t\t\t\t<\/div>\n\t\t<div class=\"elementor-element elementor-element-58f749d e-flex e-con-boxed e-con e-parent\" data-id=\"58f749d\" data-element_type=\"container\">\n\t\t\t\t\t<div class=\"e-con-inner\">\n\t\t\t\t<div class=\"elementor-element elementor-element-420f9a2 elementor-widget elementor-widget-text-editor\" data-id=\"420f9a2\" data-element_type=\"widget\" data-widget_type=\"text-editor.default\">\n\t\t\t\t<div class=\"elementor-widget-container\">\n\t\t\t\t\t\t\t\t\t<p><a href=\"https:\/\/www.readforreal.com\/download-files\/diplomas\/Aciu.pdf\" target=\"_blank\" rel=\"noopener\">Go raibh maith agat<\/a><br><a href=\"https:\/\/www.readforreal.com\/download-files\/diplomas\/Aitah.pdf\" target=\"_blank\" rel=\"noopener\">Go raibh maith agat<\/a><br><a href=\"https:\/\/www.readforreal.com\/download-files\/diplomas\/Blagodaram.pdf\" target=\"_blank\" rel=\"noopener\">Go raibh maith agat<\/a><br><a href=\"https:\/\/www.readforreal.com\/download-files\/diplomas\/Blagodarja.pdf\" target=\"_blank\" rel=\"noopener\">Go raibh maith agat<\/a><br><a href=\"https:\/\/www.readforreal.com\/download-files\/diplomas\/Dakujem.pdf\" target=\"_blank\" rel=\"noopener\">Go raibh maith agat<\/a><br><a href=\"https:\/\/www.readforreal.com\/download-files\/diplomas\/Dank%20Je.pdf\" target=\"_blank\" rel=\"noopener\">Go raibh maith agat<\/a><br><a href=\"https:\/\/www.readforreal.com\/download-files\/diplomas\/Dank%20U.pdf\" target=\"_blank\" rel=\"noopener\">Go raibh maith agat<\/a><br><a href=\"https:\/\/www.readforreal.com\/download-files\/diplomas\/Danke.pdf\" target=\"_blank\" rel=\"noopener\">Go raibh maith agat<\/a><br><a href=\"https:\/\/www.readforreal.com\/download-files\/diplomas\/Dekuji.pdf\" target=\"_blank\" rel=\"noopener\">Go raibh maith agat<\/a><br><a href=\"https:\/\/www.readforreal.com\/download-files\/diplomas\/Diolch.pdf\" target=\"_blank\" rel=\"noopener\">Go raibh maith agat<\/a><br><a href=\"https:\/\/www.readforreal.com\/download-files\/diplomas\/Djakuju.pdf\" target=\"_blank\" rel=\"noopener\">Go raibh maith agat<\/a><br><a href=\"https:\/\/www.readforreal.com\/download-files\/diplomas\/Dyplom.pdf\" target=\"_blank\" rel=\"noopener\">Diopl\u00f3ma<\/a><br><a href=\"https:\/\/www.readforreal.com\/download-files\/diplomas\/Dzakuju.pdf\" target=\"_blank\" rel=\"noopener\">Go raibh maith agat<\/a><br><a href=\"https:\/\/www.readforreal.com\/download-files\/diplomas\/Dziekuje.pdf\" target=\"_blank\" rel=\"noopener\">Go raibh maith agat<\/a><br><a href=\"https:\/\/www.readforreal.com\/download-files\/diplomas\/Dzjakuj.pdf\" target=\"_blank\" rel=\"noopener\">Go raibh maith agat<\/a><br><a href=\"https:\/\/www.readforreal.com\/download-files\/diplomas\/Eskerrik%20asko.pdf\" target=\"_blank\" rel=\"noopener\">Go raibh maith agat<\/a><br><a href=\"https:\/\/www.readforreal.com\/download-files\/diplomas\/Evharisto.pdf\" target=\"_blank\" rel=\"noopener\">Go raibh maith agat<\/a><br><a href=\"https:\/\/www.readforreal.com\/download-files\/diplomas\/Faleminderit.pdf\" target=\"_blank\" rel=\"noopener\">Go raibh maith agat<\/a><br><a href=\"https:\/\/www.readforreal.com\/download-files\/diplomas\/Go%20raibh%20maith%20agat.pdf\" target=\"_blank\" rel=\"noopener\">Go raibh maith agat<\/a><br><a href=\"https:\/\/www.readforreal.com\/download-files\/diplomas\/Gracias.pdf\" target=\"_blank\" rel=\"noopener\">Go raibh maith agat<\/a><br><a href=\"https:\/\/www.readforreal.com\/download-files\/diplomas\/Gracies.pdf\" target=\"_blank\" rel=\"noopener\">Go raibh maith agat<\/a><br><a href=\"https:\/\/www.readforreal.com\/download-files\/diplomas\/Gratzias.pdf\" target=\"_blank\" rel=\"noopener\">Go raibh maith agat<\/a><br><a href=\"https:\/\/www.readforreal.com\/download-files\/diplomas\/Grazas.pdf\" target=\"_blank\" rel=\"noopener\">Go raibh maith agat<\/a><br><a href=\"https:\/\/www.readforreal.com\/download-files\/diplomas\/Grazie.pdf\" target=\"_blank\" rel=\"noopener\">Go raibh maith agat<\/a><br><a href=\"https:\/\/www.readforreal.com\/download-files\/diplomas\/Grazzi.pdf\" target=\"_blank\" rel=\"noopener\">Go raibh maith agat<\/a><br><a href=\"https:\/\/www.readforreal.com\/download-files\/diplomas\/Hvala.pdf\" target=\"_blank\" rel=\"noopener\">Go raibh maith agat<\/a><br><a href=\"https:\/\/www.readforreal.com\/download-files\/diplomas\/Kiitos.pdf\" target=\"_blank\" rel=\"noopener\">Go raibh maith agat<\/a><br><a href=\"https:\/\/www.readforreal.com\/download-files\/diplomas\/Koszonom.pdf\" target=\"_blank\" rel=\"noopener\">Go raibh maith agat<\/a><br><a href=\"https:\/\/www.readforreal.com\/download-files\/diplomas\/Merci.pdf\" target=\"_blank\" rel=\"noopener\">Go raibh maith agat<\/a><br><a href=\"https:\/\/www.readforreal.com\/download-files\/diplomas\/Multumesc.pdf\" target=\"_blank\" rel=\"noopener\">Go raibh maith agat<\/a><br><a href=\"https:\/\/www.readforreal.com\/download-files\/diplomas\/Obrigado.pdf\" target=\"_blank\" rel=\"noopener\">Go raibh maith agat<\/a><br><a href=\"https:\/\/www.readforreal.com\/download-files\/diplomas\/Paldies.pdf\" target=\"_blank\" rel=\"noopener\">Go raibh maith agat<\/a><br><a href=\"https:\/\/www.readforreal.com\/download-files\/diplomas\/Podziekowanie.pdf\" target=\"_blank\" rel=\"noopener\">Bu\u00edochas<\/a><br><a href=\"https:\/\/www.readforreal.com\/download-files\/diplomas\/Spasibo.pdf\" target=\"_blank\" rel=\"noopener\">Go raibh maith agat<\/a><br><a href=\"https:\/\/www.readforreal.com\/download-files\/diplomas\/Tack.pdf\" target=\"_blank\" rel=\"noopener\">Go raibh maith agat<\/a><br><a href=\"https:\/\/www.readforreal.com\/download-files\/diplomas\/Tak.pdf\" target=\"_blank\" rel=\"noopener\">Go raibh maith agat<\/a><br><a href=\"https:\/\/www.readforreal.com\/download-files\/diplomas\/Takk.pdf\" target=\"_blank\" rel=\"noopener\">Go raibh maith agat<\/a><br><a href=\"https:\/\/www.readforreal.com\/download-files\/diplomas\/Thank%20you.pdf\" target=\"_blank\" rel=\"noopener\">Go raibh maith agat<\/a><br><a href=\"https:\/\/www.readforreal.com\/download-files\/diplomas\/Tige%20Tank.pdf\" target=\"_blank\" rel=\"noopener\">Go raibh maith agat<\/a><br><a href=\"https:\/\/www.readforreal.com\/download-files\/diplomas\/Trugarez.pdf\" target=\"_blank\" rel=\"noopener\">Go raibh maith agat<\/a><\/p>\t\t\t\t\t\t\t\t<\/div>\n\t\t\t\t<\/div>\n\t\t\t\t\t<\/div>\n\t\t\t\t<\/div>\n\t\t<div class=\"elementor-element elementor-element-49896a8 e-flex e-con-boxed e-con e-parent\" data-id=\"49896a8\" data-element_type=\"container\">\n\t\t\t\t\t<div class=\"e-con-inner\">\n\t\t\t\t<div class=\"elementor-element elementor-element-939993f elementor-widget-divider--view-line elementor-widget elementor-widget-divider\" data-id=\"939993f\" data-element_type=\"widget\" data-widget_type=\"divider.default\">\n\t\t\t\t<div class=\"elementor-widget-container\">\n\t\t\t\t\t\t\t<div class=\"elementor-divider\">\n\t\t\t<span class=\"elementor-divider-separator\">\n\t\t\t\t\t\t<\/span>\n\t\t<\/div>\n\t\t\t\t\t\t<\/div>\n\t\t\t\t<\/div>\n\t\t\t\t\t<\/div>\n\t\t\t\t<\/div>\n\t\t\t\t<\/div>\n\t\t","protected":false},"excerpt":{"rendered":"<p>Go raibh maith agatGo raibh maith agatGo raibh maith agatGo raibh maith agatGo raibh maith agatGo raibh maith agatGo raibh maith agatGo raibh maith agatGo raibh maith agatGo raibh maith agatGo raibh maith agatDiopl\u00f3maGo raibh maith agatGo raibh maith agatGo raibh maith agatGo raibh maith agatGo raibh maith agatGo raibh maith agatGo raibh maith agatGo [&hellip;]<\/p>\n","protected":false},"author":1,"featured_media":0,"parent":15903,"menu_order":0,"comment_status":"closed","ping_status":"closed","template":"elementor_header_footer","meta":{"footnotes":""},"class_list":["post-15899","page","type-page","status-publish","hentry"],"yoast_head":"<!-- This site is optimized with the Yoast SEO plugin v26.1.1 - https:\/\/yoast.com\/wordpress\/plugins\/seo\/ -->\n<title>Diopl\u00f3ma\u00ed | Read. For Real<\/title>\n<meta name=\"robots\" content=\"index, follow, max-snippet:-1, max-image-preview:large, max-video-preview:-1\" \/>\n<link rel=\"canonical\" href=\"https:\/\/www.readforreal.com\/ga\/ioslodail\/teastais-dioplomai\/dioplomai\/\" \/>\n<meta property=\"og:locale\" content=\"ga_IE\" \/>\n<meta property=\"og:type\" content=\"article\" \/>\n<meta property=\"og:title\" content=\"Diopl\u00f3ma\u00ed | Read. For Real\" \/>\n<meta property=\"og:description\" content=\"Go raibh maith agatGo raibh maith agatGo raibh maith agatGo raibh maith agatGo raibh maith agatGo raibh maith agatGo raibh maith agatGo raibh maith agatGo raibh maith agatGo raibh maith agatGo raibh maith agatDiopl\u00f3maGo raibh maith agatGo raibh maith agatGo raibh maith agatGo raibh maith agatGo raibh maith agatGo raibh maith agatGo raibh maith agatGo [&hellip;]\" \/>\n<meta property=\"og:url\" content=\"https:\/\/www.readforreal.com\/ga\/ioslodail\/teastais-dioplomai\/dioplomai\/\" \/>\n<meta property=\"og:site_name\" content=\"Read. For Real\" \/>\n<meta property=\"article:publisher\" content=\"https:\/\/www.facebook.com\/read.forreal\" \/>\n<meta property=\"article:modified_time\" content=\"2025-11-03T11:56:32+00:00\" \/>\n<meta name=\"twitter:card\" content=\"summary_large_image\" \/>\n<meta name=\"twitter:label1\" content=\"Est. reading time\" \/>\n\t<meta name=\"twitter:data1\" content=\"1 minute\" \/>\n<script type=\"application\/ld+json\" class=\"yoast-schema-graph\">{\"@context\":\"https:\/\/schema.org\",\"@graph\":[{\"@type\":\"WebPage\",\"@id\":\"https:\/\/www.readforreal.com\/ga\/ioslodail\/teastais-dioplomai\/dioplomai\/\",\"url\":\"https:\/\/www.readforreal.com\/ga\/ioslodail\/teastais-dioplomai\/dioplomai\/\",\"name\":\"Diopl\u00f3ma\u00ed | Read. For Real\",\"isPartOf\":{\"@id\":\"https:\/\/www.readforreal.com\/#website\"},\"datePublished\":\"2025-09-28T10:33:33+00:00\",\"dateModified\":\"2025-11-03T11:56:32+00:00\",\"breadcrumb\":{\"@id\":\"https:\/\/www.readforreal.com\/ga\/ioslodail\/teastais-dioplomai\/dioplomai\/#breadcrumb\"},\"inLanguage\":\"ga-IE\",\"potentialAction\":[{\"@type\":\"ReadAction\",\"target\":[\"https:\/\/www.readforreal.com\/ga\/ioslodail\/teastais-dioplomai\/dioplomai\/\"]}]},{\"@type\":\"BreadcrumbList\",\"@id\":\"https:\/\/www.readforreal.com\/ga\/ioslodail\/teastais-dioplomai\/dioplomai\/#breadcrumb\",\"itemListElement\":[{\"@type\":\"ListItem\",\"position\":1,\"name\":\"Home\",\"item\":\"https:\/\/www.readforreal.com\/ga\/leigh-go-firinneach\/\"},{\"@type\":\"ListItem\",\"position\":2,\"name\":\"\u00cdosl\u00f3d\u00e1il\",\"item\":\"https:\/\/www.readforreal.com\/ga\/ioslodail\/\"},{\"@type\":\"ListItem\",\"position\":3,\"name\":\"Teastais &amp; diopl\u00f3ma\u00ed\",\"item\":\"https:\/\/www.readforreal.com\/ga\/ioslodail\/teastais-dioplomai\/\"},{\"@type\":\"ListItem\",\"position\":4,\"name\":\"Diopl\u00f3ma\u00ed\"}]},{\"@type\":\"WebSite\",\"@id\":\"https:\/\/www.readforreal.com\/#website\",\"url\":\"https:\/\/www.readforreal.com\/\",\"name\":\"Read. For Real\",\"description\":\"European Authors Day 11.11-12.12.2026\",\"publisher\":{\"@id\":\"https:\/\/www.readforreal.com\/#organization\"},\"alternateName\":\"European Authors Day 11.11-12.12.2025\",\"potentialAction\":[{\"@type\":\"SearchAction\",\"target\":{\"@type\":\"EntryPoint\",\"urlTemplate\":\"https:\/\/www.readforreal.com\/?s={search_term_string}\"},\"query-input\":{\"@type\":\"PropertyValueSpecification\",\"valueRequired\":true,\"valueName\":\"search_term_string\"}}],\"inLanguage\":\"ga-IE\"},{\"@type\":\"Organization\",\"@id\":\"https:\/\/www.readforreal.com\/#organization\",\"name\":\"Fundacja Powszechnego Czytania\",\"url\":\"https:\/\/www.readforreal.com\/\",\"logo\":{\"@type\":\"ImageObject\",\"inLanguage\":\"ga-IE\",\"@id\":\"https:\/\/www.readforreal.com\/#\/schema\/logo\/image\/\",\"url\":\"https:\/\/www.readforreal.com\/wp-content\/uploads\/2025\/06\/RfR-logo-OK_1.png\",\"contentUrl\":\"https:\/\/www.readforreal.com\/wp-content\/uploads\/2025\/06\/RfR-logo-OK_1.png\",\"width\":1890,\"height\":1299,\"caption\":\"Fundacja Powszechnego Czytania\"},\"image\":{\"@id\":\"https:\/\/www.readforreal.com\/#\/schema\/logo\/image\/\"},\"sameAs\":[\"https:\/\/www.facebook.com\/read.forreal\",\"https:\/\/www.instagram.com\/read.forreal\/\"]}]}<\/script>\n<!-- \/ Yoast SEO plugin. -->","yoast_head_json":{"title":"Diopl\u00f3ma\u00ed | Read. For Real","robots":{"index":"index","follow":"follow","max-snippet":"max-snippet:-1","max-image-preview":"max-image-preview:large","max-video-preview":"max-video-preview:-1"},"canonical":"https:\/\/www.readforreal.com\/ga\/ioslodail\/teastais-dioplomai\/dioplomai\/","og_locale":"ga_IE","og_type":"article","og_title":"Diopl\u00f3ma\u00ed | Read. For Real","og_description":"Go raibh maith agatGo raibh maith agatGo raibh maith agatGo raibh maith agatGo raibh maith agatGo raibh maith agatGo raibh maith agatGo raibh maith agatGo raibh maith agatGo raibh maith agatGo raibh maith agatDiopl\u00f3maGo raibh maith agatGo raibh maith agatGo raibh maith agatGo raibh maith agatGo raibh maith agatGo raibh maith agatGo raibh maith agatGo [&hellip;]","og_url":"https:\/\/www.readforreal.com\/ga\/ioslodail\/teastais-dioplomai\/dioplomai\/","og_site_name":"Read. For Real","article_publisher":"https:\/\/www.facebook.com\/read.forreal","article_modified_time":"2025-11-03T11:56:32+00:00","twitter_card":"summary_large_image","twitter_misc":{"Est. reading time":"1 minute"},"schema":{"@context":"https:\/\/schema.org","@graph":[{"@type":"WebPage","@id":"https:\/\/www.readforreal.com\/ga\/ioslodail\/teastais-dioplomai\/dioplomai\/","url":"https:\/\/www.readforreal.com\/ga\/ioslodail\/teastais-dioplomai\/dioplomai\/","name":"Diopl\u00f3ma\u00ed | Read. For Real","isPartOf":{"@id":"https:\/\/www.readforreal.com\/#website"},"datePublished":"2025-09-28T10:33:33+00:00","dateModified":"2025-11-03T11:56:32+00:00","breadcrumb":{"@id":"https:\/\/www.readforreal.com\/ga\/ioslodail\/teastais-dioplomai\/dioplomai\/#breadcrumb"},"inLanguage":"ga-IE","potentialAction":[{"@type":"ReadAction","target":["https:\/\/www.readforreal.com\/ga\/ioslodail\/teastais-dioplomai\/dioplomai\/"]}]},{"@type":"BreadcrumbList","@id":"https:\/\/www.readforreal.com\/ga\/ioslodail\/teastais-dioplomai\/dioplomai\/#breadcrumb","itemListElement":[{"@type":"ListItem","position":1,"name":"Home","item":"https:\/\/www.readforreal.com\/ga\/leigh-go-firinneach\/"},{"@type":"ListItem","position":2,"name":"\u00cdosl\u00f3d\u00e1il","item":"https:\/\/www.readforreal.com\/ga\/ioslodail\/"},{"@type":"ListItem","position":3,"name":"Teastais &amp; diopl\u00f3ma\u00ed","item":"https:\/\/www.readforreal.com\/ga\/ioslodail\/teastais-dioplomai\/"},{"@type":"ListItem","position":4,"name":"Diopl\u00f3ma\u00ed"}]},{"@type":"WebSite","@id":"https:\/\/www.readforreal.com\/#website","url":"https:\/\/www.readforreal.com\/","name":"Read. For Real","description":"European Authors Day 11.11-12.12.2026","publisher":{"@id":"https:\/\/www.readforreal.com\/#organization"},"alternateName":"European Authors Day 11.11-12.12.2025","potentialAction":[{"@type":"SearchAction","target":{"@type":"EntryPoint","urlTemplate":"https:\/\/www.readforreal.com\/?s={search_term_string}"},"query-input":{"@type":"PropertyValueSpecification","valueRequired":true,"valueName":"search_term_string"}}],"inLanguage":"ga-IE"},{"@type":"Organization","@id":"https:\/\/www.readforreal.com\/#organization","name":"Fundacja Powszechnego Czytania","url":"https:\/\/www.readforreal.com\/","logo":{"@type":"ImageObject","inLanguage":"ga-IE","@id":"https:\/\/www.readforreal.com\/#\/schema\/logo\/image\/","url":"https:\/\/www.readforreal.com\/wp-content\/uploads\/2025\/06\/RfR-logo-OK_1.png","contentUrl":"https:\/\/www.readforreal.com\/wp-content\/uploads\/2025\/06\/RfR-logo-OK_1.png","width":1890,"height":1299,"caption":"Fundacja Powszechnego Czytania"},"image":{"@id":"https:\/\/www.readforreal.com\/#\/schema\/logo\/image\/"},"sameAs":["https:\/\/www.facebook.com\/read.forreal","https:\/\/www.instagram.com\/read.forreal\/"]}]}},"_links":{"self":[{"href":"https:\/\/www.readforreal.com\/ga\/wp-json\/wp\/v2\/pages\/15899","targetHints":{"allow":["GET"]}}],"collection":[{"href":"https:\/\/www.readforreal.com\/ga\/wp-json\/wp\/v2\/pages"}],"about":[{"href":"https:\/\/www.readforreal.com\/ga\/wp-json\/wp\/v2\/types\/page"}],"author":[{"embeddable":true,"href":"https:\/\/www.readforreal.com\/ga\/wp-json\/wp\/v2\/users\/1"}],"replies":[{"embeddable":true,"href":"https:\/\/www.readforreal.com\/ga\/wp-json\/wp\/v2\/comments?post=15899"}],"version-history":[{"count":1,"href":"https:\/\/www.readforreal.com\/ga\/wp-json\/wp\/v2\/pages\/15899\/revisions"}],"predecessor-version":[{"id":15901,"href":"https:\/\/www.readforreal.com\/ga\/wp-json\/wp\/v2\/pages\/15899\/revisions\/15901"}],"up":[{"embeddable":true,"href":"https:\/\/www.readforreal.com\/ga\/wp-json\/wp\/v2\/pages\/15903"}],"wp:attachment":[{"href":"https:\/\/www.readforreal.com\/ga\/wp-json\/wp\/v2\/media?parent=15899"}],"curies":[{"name":"wp","href":"https:\/\/api.w.org\/{rel}","templated":true}]}}