{"id":15871,"date":"2025-09-01T00:11:13","date_gmt":"2025-08-31T22:11:13","guid":{"rendered":"https:\/\/www.readforreal.com\/casanna-logo-i-do-theanga-fein\/"},"modified":"2026-04-13T10:58:45","modified_gmt":"2026-04-13T08:58:45","slug":"casanna-logo-i-do-theanga-fein","status":"publish","type":"page","link":"https:\/\/www.readforreal.com\/ga\/ioslodail\/casanna-logo-i-do-theanga-fein\/","title":{"rendered":"C\u00e1sanna i do theanga f\u00e9in"},"content":{"rendered":"\t\t<div data-elementor-type=\"wp-page\" data-elementor-id=\"15871\" class=\"elementor elementor-15871 elementor-8176\" data-elementor-post-type=\"page\">\n\t\t\t\t<div class=\"elementor-element elementor-element-172e52ad e-flex e-con-boxed e-con e-parent\" data-id=\"172e52ad\" data-element_type=\"container\">\n\t\t\t\t\t<div class=\"e-con-inner\">\n\t\t\t\t\t<\/div>\n\t\t\t\t<\/div>\n\t\t<div class=\"elementor-element elementor-element-2ff452f e-flex e-con-boxed e-con e-parent\" data-id=\"2ff452f\" data-element_type=\"container\">\n\t\t\t\t\t<div class=\"e-con-inner\">\n\t\t\t\t<div class=\"elementor-element elementor-element-0894ee5 elementor-widget-divider--view-line elementor-widget elementor-widget-divider\" data-id=\"0894ee5\" data-element_type=\"widget\" data-widget_type=\"divider.default\">\n\t\t\t\t<div class=\"elementor-widget-container\">\n\t\t\t\t\t\t\t<div class=\"elementor-divider\">\n\t\t\t<span class=\"elementor-divider-separator\">\n\t\t\t\t\t\t<\/span>\n\t\t<\/div>\n\t\t\t\t\t\t<\/div>\n\t\t\t\t<\/div>\n\t\t\t\t\t<\/div>\n\t\t\t\t<\/div>\n\t\t<div class=\"elementor-element elementor-element-5d84fed e-flex e-con-boxed e-con e-parent\" data-id=\"5d84fed\" data-element_type=\"container\">\n\t\t\t\t\t<div class=\"e-con-inner\">\n\t\t\t\t<div class=\"elementor-element elementor-element-2fa8d66 elementor-widget elementor-widget-text-editor\" data-id=\"2fa8d66\" data-element_type=\"widget\" data-widget_type=\"text-editor.default\">\n\t\t\t\t<div class=\"elementor-widget-container\">\n\t\t\t\t\t\t\t\t\t<p><a href=\"https:\/\/www.readforreal.com\/download-files\/scenarios\/ALBANIA%20ZIP.zip\">Alb\u00e1inis<\/a><\/p><p><a href=\"https:\/\/www.readforreal.com\/download-files\/scenarios\/BULGARIA%20ZIP.zip\">Bulg\u00e1iris<\/a><\/p><p><a href=\"https:\/\/www.readforreal.com\/download-files\/scenarios\/CROATIA%20ZIP.zip\">Cr\u00f3itis<\/a><\/p><p><a href=\"https:\/\/www.readforreal.com\/download-files\/scenarios\/DENMARK%20ZIP.zip\">Danmhairgis<\/a><\/p><p><a href=\"https:\/\/www.readforreal.com\/download-files\/scenarios\/ESTONIA%20ZIP.zip\">East\u00f3inis<\/a><\/p><p><a href=\"https:\/\/www.readforreal.com\/download-files\/scenarios\/FINLAND%20ZIP.zip\">Fionlainnis<\/a><\/p><p><a href=\"https:\/\/www.readforreal.com\/download-files\/scenarios\/FLANDERS%20ZIP.zip\">Pl\u00e9imeannais<\/a><\/p><p><a href=\"https:\/\/www.readforreal.com\/download-files\/scenarios\/FRANCE%20ZIP.zip\">Fraincis<\/a><\/p><p><a href=\"https:\/\/www.readforreal.com\/download-files\/scenarios\/GEORGIA.zip\">Seoirsis<\/a><\/p><p><a href=\"https:\/\/www.readforreal.com\/download-files\/scenarios\/GERMANY%20ZIP.zip\">Gearm\u00e1inis<\/a><\/p><p><a href=\"https:\/\/www.readforreal.com\/download-files\/scenarios\/GREECE.zip\">Gr\u00e9igis<\/a><\/p><p><a href=\"https:\/\/www.readforreal.com\/download-files\/scenarios\/HUNGARY%20ZIP.zip\">Ung\u00e1iris<\/a><\/p><p><a href=\"https:\/\/www.readforreal.com\/download-files\/scenarios\/ICELAND%20ZIP.zip\">\u00cdoslainnis<\/a><\/p><p><a href=\"https:\/\/www.readforreal.com\/download-files\/scenarios\/english.zip\">Gaeilge<\/a><\/p><p><a href=\"https:\/\/www.readforreal.com\/download-files\/scenarios\/ITALY%20ZIP.zip\">Iod\u00e1ilis<\/a><\/p><p><a href=\"https:\/\/www.readforreal.com\/download-files\/scenarios\/LATVIA%20ZIP.zip\">Laitvis<\/a><\/p><p><a href=\"https:\/\/www.readforreal.com\/download-files\/scenarios\/LITHUANIA%20ZIP.zip\">Liotu\u00e1inis<\/a><\/p><p><a href=\"https:\/\/www.readforreal.com\/download-files\/scenarios\/MALTA%20ZIP.zip\">M\u00e1ltais<\/a><\/p><p><a href=\"https:\/\/www.readforreal.com\/download-files\/scenarios\/MONTENEGRO%20ZIP.zip\">Montain\u00e9igris<\/a><\/p><p><a href=\"https:\/\/www.readforreal.com\/download-files\/scenarios\/NORTH%20MACEDONIA%20ZIP.zip\">Macad\u00f3inis Thuaidh<\/a><\/p><p><a href=\"https:\/\/www.readforreal.com\/download-files\/scenarios\/POLAND%20ZIP.zip\">Polainnis<\/a><\/p><p><a href=\"https:\/\/www.readforreal.com\/download-files\/scenarios\/PORTUGAL%20ZIP.zip\">Portaing\u00e9ilis<\/a><\/p><p><a href=\"https:\/\/www.readforreal.com\/download-files\/scenarios\/ROMANIA%20ZIP.zip\">R\u00f3m\u00e1inis<\/a><\/p><p><a href=\"https:\/\/www.readforreal.com\/download-files\/scenarios\/SERBIA%20ZIP.zip\">Seirbis<\/a><\/p><p><a href=\"https:\/\/www.readforreal.com\/download-files\/scenarios\/SLOVAKIA%20ZIP.zip\">Sl\u00f3vaicis<\/a><\/p><p><a href=\"https:\/\/www.readforreal.com\/download-files\/scenarios\/SLOVENIA%20ZIP.zip\">Sl\u00f3iv\u00e9inis<\/a><\/p><p><a href=\"https:\/\/www.readforreal.com\/download-files\/scenarios\/SPAIN%20ZIP.zip\">Sp\u00e1innis<\/a><\/p><p><a href=\"https:\/\/www.readforreal.com\/download-files\/scenarios\/SWEDEN%20ZIP.zip\">Sualainnis<\/a><\/p><p><a href=\"https:\/\/www.readforreal.com\/download-files\/scenarios\/THE%20CZECH%20REPUBLIC%20ZIP.zip\">Seicis<\/a><\/p><p><a href=\"https:\/\/www.readforreal.com\/download-files\/scenarios\/THE%20NETHERLANDS%20ZIP.zip\">Ollainnis<\/a><\/p><p><a href=\"https:\/\/www.readforreal.com\/download-files\/scenarios\/TURKEY%20ZIP.zip\">Tuircis<\/a><\/p><p><a href=\"https:\/\/www.readforreal.com\/download-files\/scenarios\/UKRAINE%20ZIP.zip\">\u00dacr\u00e1inis<\/a><\/p>\t\t\t\t\t\t\t\t<\/div>\n\t\t\t\t<\/div>\n\t\t\t\t<div class=\"elementor-element elementor-element-cd318ed elementor-widget elementor-widget-image\" data-id=\"cd318ed\" data-element_type=\"widget\" data-widget_type=\"image.default\">\n\t\t\t\t<div class=\"elementor-widget-container\">\n\t\t\t\t\t\t\t\t\t\t\t\t\t\t\t<img fetchpriority=\"high\" decoding=\"async\" width=\"800\" height=\"600\" src=\"https:\/\/www.readforreal.com\/wp-content\/uploads\/2025\/08\/home_organizers-1024x768.png\" class=\"attachment-large size-large wp-image-15894\" alt=\"\" srcset=\"https:\/\/www.readforreal.com\/wp-content\/uploads\/2025\/08\/home_organizers-1024x768.png 1024w, https:\/\/www.readforreal.com\/wp-content\/uploads\/2025\/08\/home_organizers-300x225.png 300w, https:\/\/www.readforreal.com\/wp-content\/uploads\/2025\/08\/home_organizers-768x576.png 768w, https:\/\/www.readforreal.com\/wp-content\/uploads\/2025\/08\/home_organizers.png 1200w\" sizes=\"(max-width: 800px) 100vw, 800px\" \/>\t\t\t\t\t\t\t\t\t\t\t\t\t\t\t<\/div>\n\t\t\t\t<\/div>\n\t\t\t\t\t<\/div>\n\t\t\t\t<\/div>\n\t\t<div class=\"elementor-element elementor-element-3f0c9cb e-flex e-con-boxed e-con e-parent\" data-id=\"3f0c9cb\" data-element_type=\"container\">\n\t\t\t\t\t<div class=\"e-con-inner\">\n\t\t\t\t<div class=\"elementor-element elementor-element-6dadb98 elementor-widget-divider--view-line elementor-widget elementor-widget-divider\" data-id=\"6dadb98\" data-element_type=\"widget\" data-widget_type=\"divider.default\">\n\t\t\t\t<div class=\"elementor-widget-container\">\n\t\t\t\t\t\t\t<div class=\"elementor-divider\">\n\t\t\t<span class=\"elementor-divider-separator\">\n\t\t\t\t\t\t<\/span>\n\t\t<\/div>\n\t\t\t\t\t\t<\/div>\n\t\t\t\t<\/div>\n\t\t\t\t\t<\/div>\n\t\t\t\t<\/div>\n\t\t\t\t<\/div>\n\t\t","protected":false},"excerpt":{"rendered":"<p>Alb\u00e1inis Bulg\u00e1iris Cr\u00f3itis Danmhairgis East\u00f3inis Fionlainnis Pl\u00e9imeannais Fraincis Seoirsis Gearm\u00e1inis Gr\u00e9igis Ung\u00e1iris \u00cdoslainnis Gaeilge Iod\u00e1ilis Laitvis Liotu\u00e1inis M\u00e1ltais Montain\u00e9igris Macad\u00f3inis Thuaidh Polainnis Portaing\u00e9ilis R\u00f3m\u00e1inis Seirbis Sl\u00f3vaicis Sl\u00f3iv\u00e9inis Sp\u00e1innis Sualainnis Seicis Ollainnis Tuircis \u00dacr\u00e1inis<\/p>\n","protected":false},"author":1,"featured_media":0,"parent":15934,"menu_order":0,"comment_status":"closed","ping_status":"closed","template":"","meta":{"footnotes":""},"class_list":["post-15871","page","type-page","status-publish","hentry"],"yoast_head":"<!-- This site is optimized with the Yoast SEO plugin v26.1.1 - https:\/\/yoast.com\/wordpress\/plugins\/seo\/ -->\n<title>C\u00e1sanna i do theanga f\u00e9in | Read. For Real<\/title>\n<meta name=\"robots\" content=\"index, follow, max-snippet:-1, max-image-preview:large, max-video-preview:-1\" \/>\n<link rel=\"canonical\" href=\"https:\/\/www.readforreal.com\/ga\/ioslodail\/casanna-logo-i-do-theanga-fein\/\" \/>\n<meta property=\"og:locale\" content=\"ga_IE\" \/>\n<meta property=\"og:type\" content=\"article\" \/>\n<meta property=\"og:title\" content=\"C\u00e1sanna i do theanga f\u00e9in | Read. For Real\" \/>\n<meta property=\"og:description\" content=\"Alb\u00e1inis Bulg\u00e1iris Cr\u00f3itis Danmhairgis East\u00f3inis Fionlainnis Pl\u00e9imeannais Fraincis Seoirsis Gearm\u00e1inis Gr\u00e9igis Ung\u00e1iris \u00cdoslainnis Gaeilge Iod\u00e1ilis Laitvis Liotu\u00e1inis M\u00e1ltais Montain\u00e9igris Macad\u00f3inis Thuaidh Polainnis Portaing\u00e9ilis R\u00f3m\u00e1inis Seirbis Sl\u00f3vaicis Sl\u00f3iv\u00e9inis Sp\u00e1innis Sualainnis Seicis Ollainnis Tuircis \u00dacr\u00e1inis\" \/>\n<meta property=\"og:url\" content=\"https:\/\/www.readforreal.com\/ga\/ioslodail\/casanna-logo-i-do-theanga-fein\/\" \/>\n<meta property=\"og:site_name\" content=\"Read. For Real\" \/>\n<meta property=\"article:publisher\" content=\"https:\/\/www.facebook.com\/read.forreal\" \/>\n<meta property=\"article:modified_time\" content=\"2026-04-13T08:58:45+00:00\" \/>\n<meta property=\"og:image\" content=\"https:\/\/www.readforreal.com\/wp-content\/uploads\/2025\/08\/home_organizers.png\" \/>\n\t<meta property=\"og:image:width\" content=\"1200\" \/>\n\t<meta property=\"og:image:height\" content=\"900\" \/>\n\t<meta property=\"og:image:type\" content=\"image\/png\" \/>\n<meta name=\"twitter:card\" content=\"summary_large_image\" \/>\n<script type=\"application\/ld+json\" class=\"yoast-schema-graph\">{\"@context\":\"https:\/\/schema.org\",\"@graph\":[{\"@type\":\"WebPage\",\"@id\":\"https:\/\/www.readforreal.com\/ga\/ioslodail\/casanna-logo-i-do-theanga-fein\/\",\"url\":\"https:\/\/www.readforreal.com\/ga\/ioslodail\/casanna-logo-i-do-theanga-fein\/\",\"name\":\"C\u00e1sanna i do theanga f\u00e9in | Read. For Real\",\"isPartOf\":{\"@id\":\"https:\/\/www.readforreal.com\/#website\"},\"primaryImageOfPage\":{\"@id\":\"https:\/\/www.readforreal.com\/ga\/ioslodail\/casanna-logo-i-do-theanga-fein\/#primaryimage\"},\"image\":{\"@id\":\"https:\/\/www.readforreal.com\/ga\/ioslodail\/casanna-logo-i-do-theanga-fein\/#primaryimage\"},\"thumbnailUrl\":\"https:\/\/www.readforreal.com\/wp-content\/uploads\/2025\/08\/home_organizers-1024x768.png\",\"datePublished\":\"2025-08-31T22:11:13+00:00\",\"dateModified\":\"2026-04-13T08:58:45+00:00\",\"breadcrumb\":{\"@id\":\"https:\/\/www.readforreal.com\/ga\/ioslodail\/casanna-logo-i-do-theanga-fein\/#breadcrumb\"},\"inLanguage\":\"ga-IE\",\"potentialAction\":[{\"@type\":\"ReadAction\",\"target\":[\"https:\/\/www.readforreal.com\/ga\/ioslodail\/casanna-logo-i-do-theanga-fein\/\"]}]},{\"@type\":\"ImageObject\",\"inLanguage\":\"ga-IE\",\"@id\":\"https:\/\/www.readforreal.com\/ga\/ioslodail\/casanna-logo-i-do-theanga-fein\/#primaryimage\",\"url\":\"https:\/\/www.readforreal.com\/wp-content\/uploads\/2025\/08\/home_organizers-1024x768.png\",\"contentUrl\":\"https:\/\/www.readforreal.com\/wp-content\/uploads\/2025\/08\/home_organizers-1024x768.png\"},{\"@type\":\"BreadcrumbList\",\"@id\":\"https:\/\/www.readforreal.com\/ga\/ioslodail\/casanna-logo-i-do-theanga-fein\/#breadcrumb\",\"itemListElement\":[{\"@type\":\"ListItem\",\"position\":1,\"name\":\"Home\",\"item\":\"https:\/\/www.readforreal.com\/ga\/leigh-go-firinneach\/\"},{\"@type\":\"ListItem\",\"position\":2,\"name\":\"\u00cdosl\u00f3d\u00e1il\",\"item\":\"https:\/\/www.readforreal.com\/ga\/ioslodail\/\"},{\"@type\":\"ListItem\",\"position\":3,\"name\":\"C\u00e1sanna i do theanga f\u00e9in\"}]},{\"@type\":\"WebSite\",\"@id\":\"https:\/\/www.readforreal.com\/#website\",\"url\":\"https:\/\/www.readforreal.com\/\",\"name\":\"Read. For Real\",\"description\":\"European Authors Day 11.11-12.12.2026\",\"publisher\":{\"@id\":\"https:\/\/www.readforreal.com\/#organization\"},\"alternateName\":\"European Authors Day 11.11-12.12.2025\",\"potentialAction\":[{\"@type\":\"SearchAction\",\"target\":{\"@type\":\"EntryPoint\",\"urlTemplate\":\"https:\/\/www.readforreal.com\/?s={search_term_string}\"},\"query-input\":{\"@type\":\"PropertyValueSpecification\",\"valueRequired\":true,\"valueName\":\"search_term_string\"}}],\"inLanguage\":\"ga-IE\"},{\"@type\":\"Organization\",\"@id\":\"https:\/\/www.readforreal.com\/#organization\",\"name\":\"Fundacja Powszechnego Czytania\",\"url\":\"https:\/\/www.readforreal.com\/\",\"logo\":{\"@type\":\"ImageObject\",\"inLanguage\":\"ga-IE\",\"@id\":\"https:\/\/www.readforreal.com\/#\/schema\/logo\/image\/\",\"url\":\"https:\/\/www.readforreal.com\/wp-content\/uploads\/2025\/06\/RfR-logo-OK_1.png\",\"contentUrl\":\"https:\/\/www.readforreal.com\/wp-content\/uploads\/2025\/06\/RfR-logo-OK_1.png\",\"width\":1890,\"height\":1299,\"caption\":\"Fundacja Powszechnego Czytania\"},\"image\":{\"@id\":\"https:\/\/www.readforreal.com\/#\/schema\/logo\/image\/\"},\"sameAs\":[\"https:\/\/www.facebook.com\/read.forreal\",\"https:\/\/www.instagram.com\/read.forreal\/\"]}]}<\/script>\n<!-- \/ Yoast SEO plugin. -->","yoast_head_json":{"title":"C\u00e1sanna i do theanga f\u00e9in | Read. For Real","robots":{"index":"index","follow":"follow","max-snippet":"max-snippet:-1","max-image-preview":"max-image-preview:large","max-video-preview":"max-video-preview:-1"},"canonical":"https:\/\/www.readforreal.com\/ga\/ioslodail\/casanna-logo-i-do-theanga-fein\/","og_locale":"ga_IE","og_type":"article","og_title":"C\u00e1sanna i do theanga f\u00e9in | Read. For Real","og_description":"Alb\u00e1inis Bulg\u00e1iris Cr\u00f3itis Danmhairgis East\u00f3inis Fionlainnis Pl\u00e9imeannais Fraincis Seoirsis Gearm\u00e1inis Gr\u00e9igis Ung\u00e1iris \u00cdoslainnis Gaeilge Iod\u00e1ilis Laitvis Liotu\u00e1inis M\u00e1ltais Montain\u00e9igris Macad\u00f3inis Thuaidh Polainnis Portaing\u00e9ilis R\u00f3m\u00e1inis Seirbis Sl\u00f3vaicis Sl\u00f3iv\u00e9inis Sp\u00e1innis Sualainnis Seicis Ollainnis Tuircis \u00dacr\u00e1inis","og_url":"https:\/\/www.readforreal.com\/ga\/ioslodail\/casanna-logo-i-do-theanga-fein\/","og_site_name":"Read. For Real","article_publisher":"https:\/\/www.facebook.com\/read.forreal","article_modified_time":"2026-04-13T08:58:45+00:00","og_image":[{"width":1200,"height":900,"url":"https:\/\/www.readforreal.com\/wp-content\/uploads\/2025\/08\/home_organizers.png","type":"image\/png"}],"twitter_card":"summary_large_image","schema":{"@context":"https:\/\/schema.org","@graph":[{"@type":"WebPage","@id":"https:\/\/www.readforreal.com\/ga\/ioslodail\/casanna-logo-i-do-theanga-fein\/","url":"https:\/\/www.readforreal.com\/ga\/ioslodail\/casanna-logo-i-do-theanga-fein\/","name":"C\u00e1sanna i do theanga f\u00e9in | Read. For Real","isPartOf":{"@id":"https:\/\/www.readforreal.com\/#website"},"primaryImageOfPage":{"@id":"https:\/\/www.readforreal.com\/ga\/ioslodail\/casanna-logo-i-do-theanga-fein\/#primaryimage"},"image":{"@id":"https:\/\/www.readforreal.com\/ga\/ioslodail\/casanna-logo-i-do-theanga-fein\/#primaryimage"},"thumbnailUrl":"https:\/\/www.readforreal.com\/wp-content\/uploads\/2025\/08\/home_organizers-1024x768.png","datePublished":"2025-08-31T22:11:13+00:00","dateModified":"2026-04-13T08:58:45+00:00","breadcrumb":{"@id":"https:\/\/www.readforreal.com\/ga\/ioslodail\/casanna-logo-i-do-theanga-fein\/#breadcrumb"},"inLanguage":"ga-IE","potentialAction":[{"@type":"ReadAction","target":["https:\/\/www.readforreal.com\/ga\/ioslodail\/casanna-logo-i-do-theanga-fein\/"]}]},{"@type":"ImageObject","inLanguage":"ga-IE","@id":"https:\/\/www.readforreal.com\/ga\/ioslodail\/casanna-logo-i-do-theanga-fein\/#primaryimage","url":"https:\/\/www.readforreal.com\/wp-content\/uploads\/2025\/08\/home_organizers-1024x768.png","contentUrl":"https:\/\/www.readforreal.com\/wp-content\/uploads\/2025\/08\/home_organizers-1024x768.png"},{"@type":"BreadcrumbList","@id":"https:\/\/www.readforreal.com\/ga\/ioslodail\/casanna-logo-i-do-theanga-fein\/#breadcrumb","itemListElement":[{"@type":"ListItem","position":1,"name":"Home","item":"https:\/\/www.readforreal.com\/ga\/leigh-go-firinneach\/"},{"@type":"ListItem","position":2,"name":"\u00cdosl\u00f3d\u00e1il","item":"https:\/\/www.readforreal.com\/ga\/ioslodail\/"},{"@type":"ListItem","position":3,"name":"C\u00e1sanna i do theanga f\u00e9in"}]},{"@type":"WebSite","@id":"https:\/\/www.readforreal.com\/#website","url":"https:\/\/www.readforreal.com\/","name":"Read. For Real","description":"European Authors Day 11.11-12.12.2026","publisher":{"@id":"https:\/\/www.readforreal.com\/#organization"},"alternateName":"European Authors Day 11.11-12.12.2025","potentialAction":[{"@type":"SearchAction","target":{"@type":"EntryPoint","urlTemplate":"https:\/\/www.readforreal.com\/?s={search_term_string}"},"query-input":{"@type":"PropertyValueSpecification","valueRequired":true,"valueName":"search_term_string"}}],"inLanguage":"ga-IE"},{"@type":"Organization","@id":"https:\/\/www.readforreal.com\/#organization","name":"Fundacja Powszechnego Czytania","url":"https:\/\/www.readforreal.com\/","logo":{"@type":"ImageObject","inLanguage":"ga-IE","@id":"https:\/\/www.readforreal.com\/#\/schema\/logo\/image\/","url":"https:\/\/www.readforreal.com\/wp-content\/uploads\/2025\/06\/RfR-logo-OK_1.png","contentUrl":"https:\/\/www.readforreal.com\/wp-content\/uploads\/2025\/06\/RfR-logo-OK_1.png","width":1890,"height":1299,"caption":"Fundacja Powszechnego Czytania"},"image":{"@id":"https:\/\/www.readforreal.com\/#\/schema\/logo\/image\/"},"sameAs":["https:\/\/www.facebook.com\/read.forreal","https:\/\/www.instagram.com\/read.forreal\/"]}]}},"_links":{"self":[{"href":"https:\/\/www.readforreal.com\/ga\/wp-json\/wp\/v2\/pages\/15871","targetHints":{"allow":["GET"]}}],"collection":[{"href":"https:\/\/www.readforreal.com\/ga\/wp-json\/wp\/v2\/pages"}],"about":[{"href":"https:\/\/www.readforreal.com\/ga\/wp-json\/wp\/v2\/types\/page"}],"author":[{"embeddable":true,"href":"https:\/\/www.readforreal.com\/ga\/wp-json\/wp\/v2\/users\/1"}],"replies":[{"embeddable":true,"href":"https:\/\/www.readforreal.com\/ga\/wp-json\/wp\/v2\/comments?post=15871"}],"version-history":[{"count":3,"href":"https:\/\/www.readforreal.com\/ga\/wp-json\/wp\/v2\/pages\/15871\/revisions"}],"predecessor-version":[{"id":26984,"href":"https:\/\/www.readforreal.com\/ga\/wp-json\/wp\/v2\/pages\/15871\/revisions\/26984"}],"up":[{"embeddable":true,"href":"https:\/\/www.readforreal.com\/ga\/wp-json\/wp\/v2\/pages\/15934"}],"wp:attachment":[{"href":"https:\/\/www.readforreal.com\/ga\/wp-json\/wp\/v2\/media?parent=15871"}],"curies":[{"name":"wp","href":"https:\/\/api.w.org\/{rel}","templated":true}]}}