{"id":15786,"date":"2025-09-28T11:39:37","date_gmt":"2025-09-28T09:39:37","guid":{"rendered":"https:\/\/www.readforreal.com\/dushlan-foirne-an-fhomhair\/"},"modified":"2026-04-13T10:54:35","modified_gmt":"2026-04-13T08:54:35","slug":"dushlan-foirne-an-fhomhair","status":"publish","type":"page","link":"https:\/\/www.readforreal.com\/ga\/ioslodail\/dushlan-foirne-an-fhomhair\/","title":{"rendered":"D\u00fashl\u00e1n Foirne an Fh\u00f3mhair"},"content":{"rendered":"\t\t<div data-elementor-type=\"wp-page\" data-elementor-id=\"15786\" class=\"elementor elementor-15786 elementor-10617\" data-elementor-post-type=\"page\">\n\t\t\t\t<div class=\"elementor-element elementor-element-7a2945b1 e-flex e-con-boxed e-con e-parent\" data-id=\"7a2945b1\" data-element_type=\"container\">\n\t\t\t\t\t<div class=\"e-con-inner\">\n\t\t\t\t\t<\/div>\n\t\t\t\t<\/div>\n\t\t<div class=\"elementor-element elementor-element-94f018d e-flex e-con-boxed e-con e-parent\" data-id=\"94f018d\" data-element_type=\"container\">\n\t\t\t\t\t<div class=\"e-con-inner\">\n\t\t\t\t<div class=\"elementor-element elementor-element-f97ddc9 elementor-widget-divider--view-line elementor-widget elementor-widget-divider\" data-id=\"f97ddc9\" data-element_type=\"widget\" data-widget_type=\"divider.default\">\n\t\t\t\t<div class=\"elementor-widget-container\">\n\t\t\t\t\t\t\t<div class=\"elementor-divider\">\n\t\t\t<span class=\"elementor-divider-separator\">\n\t\t\t\t\t\t<\/span>\n\t\t<\/div>\n\t\t\t\t\t\t<\/div>\n\t\t\t\t<\/div>\n\t\t\t\t<div class=\"elementor-element elementor-element-031ea0e elementor-widget elementor-widget-image\" data-id=\"031ea0e\" data-element_type=\"widget\" data-widget_type=\"image.default\">\n\t\t\t\t<div class=\"elementor-widget-container\">\n\t\t\t\t\t\t\t\t\t\t\t\t\t\t\t<img fetchpriority=\"high\" decoding=\"async\" width=\"768\" height=\"1086\" src=\"https:\/\/www.readforreal.com\/wp-content\/uploads\/2026\/04\/Challenge-a4-768x1086.jpg\" class=\"attachment-medium_large size-medium_large wp-image-25463\" alt=\"\" srcset=\"https:\/\/www.readforreal.com\/wp-content\/uploads\/2026\/04\/Challenge-a4-768x1086.jpg 768w, https:\/\/www.readforreal.com\/wp-content\/uploads\/2026\/04\/Challenge-a4-212x300.jpg 212w, https:\/\/www.readforreal.com\/wp-content\/uploads\/2026\/04\/Challenge-a4-724x1024.jpg 724w, https:\/\/www.readforreal.com\/wp-content\/uploads\/2026\/04\/Challenge-a4-1086x1536.jpg 1086w, https:\/\/www.readforreal.com\/wp-content\/uploads\/2026\/04\/Challenge-a4.jpg 1240w\" sizes=\"(max-width: 768px) 100vw, 768px\" \/>\t\t\t\t\t\t\t\t\t\t\t\t\t\t\t<\/div>\n\t\t\t\t<\/div>\n\t\t\t\t\t<\/div>\n\t\t\t\t<\/div>\n\t\t<div class=\"elementor-element elementor-element-4cdbe74 e-flex e-con-boxed e-con e-parent\" data-id=\"4cdbe74\" data-element_type=\"container\">\n\t\t\t\t\t<div class=\"e-con-inner\">\n\t\t\t\t<div class=\"elementor-element elementor-element-d95a2bd elementor-widget elementor-widget-spacer\" data-id=\"d95a2bd\" data-element_type=\"widget\" data-widget_type=\"spacer.default\">\n\t\t\t\t<div class=\"elementor-widget-container\">\n\t\t\t\t\t\t\t<div class=\"elementor-spacer\">\n\t\t\t<div class=\"elementor-spacer-inner\"><\/div>\n\t\t<\/div>\n\t\t\t\t\t\t<\/div>\n\t\t\t\t<\/div>\n\t\t\t\t<div class=\"elementor-element elementor-element-532920c elementor-align-center elementor-widget elementor-widget-button\" data-id=\"532920c\" data-element_type=\"widget\" data-widget_type=\"button.default\">\n\t\t\t\t<div class=\"elementor-widget-container\">\n\t\t\t\t\t\t\t\t\t<div class=\"elementor-button-wrapper\">\n\t\t\t\t\t<a class=\"elementor-button elementor-button-link elementor-size-sm\" href=\"https:\/\/www.readforreal.com\/download-files\/2026challenge%20READ.For%20Real.zip\">\n\t\t\t\t\t\t<span class=\"elementor-button-content-wrapper\">\n\t\t\t\t\t\t<span class=\"elementor-button-icon\">\n\t\t\t\t<svg aria-hidden=\"true\" class=\"e-font-icon-svg e-fas-download\" viewBox=\"0 0 512 512\" xmlns=\"http:\/\/www.w3.org\/2000\/svg\"><path d=\"M216 0h80c13.3 0 24 10.7 24 24v168h87.7c17.8 0 26.7 21.5 14.1 34.1L269.7 378.3c-7.5 7.5-19.8 7.5-27.3 0L90.1 226.1c-12.6-12.6-3.7-34.1 14.1-34.1H192V24c0-13.3 10.7-24 24-24zm296 376v112c0 13.3-10.7 24-24 24H24c-13.3 0-24-10.7-24-24V376c0-13.3 10.7-24 24-24h146.7l49 49c20.1 20.1 52.5 20.1 72.6 0l49-49H488c13.3 0 24 10.7 24 24zm-124 88c0-11-9-20-20-20s-20 9-20 20 9 20 20 20 20-9 20-20zm64 0c0-11-9-20-20-20s-20 9-20 20 9 20 20 20 20-9 20-20z\"><\/path><\/svg>\t\t\t<\/span>\n\t\t\t\t\t\t\t\t\t<span class=\"elementor-button-text\">\u00cdosl\u00f3d\u00e1il<\/span>\n\t\t\t\t\t<\/span>\n\t\t\t\t\t<\/a>\n\t\t\t\t<\/div>\n\t\t\t\t\t\t\t\t<\/div>\n\t\t\t\t<\/div>\n\t\t\t\t\t<\/div>\n\t\t\t\t<\/div>\n\t\t<div class=\"elementor-element elementor-element-1573225 e-flex e-con-boxed e-con e-parent\" data-id=\"1573225\" data-element_type=\"container\">\n\t\t\t\t\t<div class=\"e-con-inner\">\n\t\t\t\t<div class=\"elementor-element elementor-element-57c24bca elementor-widget-divider--view-line elementor-widget elementor-widget-divider\" data-id=\"57c24bca\" data-element_type=\"widget\" data-widget_type=\"divider.default\">\n\t\t\t\t<div class=\"elementor-widget-container\">\n\t\t\t\t\t\t\t<div class=\"elementor-divider\">\n\t\t\t<span class=\"elementor-divider-separator\">\n\t\t\t\t\t\t<\/span>\n\t\t<\/div>\n\t\t\t\t\t\t<\/div>\n\t\t\t\t<\/div>\n\t\t\t\t\t<\/div>\n\t\t\t\t<\/div>\n\t\t\t\t<\/div>\n\t\t","protected":false},"excerpt":{"rendered":"<p>\u00cdosl\u00f3d\u00e1il<\/p>\n","protected":false},"author":1,"featured_media":0,"parent":15934,"menu_order":0,"comment_status":"closed","ping_status":"closed","template":"elementor_header_footer","meta":{"footnotes":""},"class_list":["post-15786","page","type-page","status-publish","hentry"],"yoast_head":"<!-- This site is optimized with the Yoast SEO plugin v26.1.1 - https:\/\/yoast.com\/wordpress\/plugins\/seo\/ -->\n<title>D\u00fashl\u00e1n Foirne an Fh\u00f3mhair | Read. For Real<\/title>\n<meta name=\"robots\" content=\"index, follow, max-snippet:-1, max-image-preview:large, max-video-preview:-1\" \/>\n<link rel=\"canonical\" href=\"https:\/\/www.readforreal.com\/ga\/ioslodail\/dushlan-foirne-an-fhomhair\/\" \/>\n<meta property=\"og:locale\" content=\"ga_IE\" \/>\n<meta property=\"og:type\" content=\"article\" \/>\n<meta property=\"og:title\" content=\"D\u00fashl\u00e1n Foirne an Fh\u00f3mhair | Read. For Real\" \/>\n<meta property=\"og:description\" content=\"\u00cdosl\u00f3d\u00e1il\" \/>\n<meta property=\"og:url\" content=\"https:\/\/www.readforreal.com\/ga\/ioslodail\/dushlan-foirne-an-fhomhair\/\" \/>\n<meta property=\"og:site_name\" content=\"Read. For Real\" \/>\n<meta property=\"article:publisher\" content=\"https:\/\/www.facebook.com\/read.forreal\" \/>\n<meta property=\"article:modified_time\" content=\"2026-04-13T08:54:35+00:00\" \/>\n<meta property=\"og:image\" content=\"https:\/\/www.readforreal.com\/wp-content\/uploads\/2026\/04\/Challenge-a4.jpg\" \/>\n\t<meta property=\"og:image:width\" content=\"1240\" \/>\n\t<meta property=\"og:image:height\" content=\"1754\" \/>\n\t<meta property=\"og:image:type\" content=\"image\/jpeg\" \/>\n<meta name=\"twitter:card\" content=\"summary_large_image\" \/>\n<script type=\"application\/ld+json\" class=\"yoast-schema-graph\">{\"@context\":\"https:\/\/schema.org\",\"@graph\":[{\"@type\":\"WebPage\",\"@id\":\"https:\/\/www.readforreal.com\/ga\/ioslodail\/dushlan-foirne-an-fhomhair\/\",\"url\":\"https:\/\/www.readforreal.com\/ga\/ioslodail\/dushlan-foirne-an-fhomhair\/\",\"name\":\"D\u00fashl\u00e1n Foirne an Fh\u00f3mhair | Read. For Real\",\"isPartOf\":{\"@id\":\"https:\/\/www.readforreal.com\/#website\"},\"primaryImageOfPage\":{\"@id\":\"https:\/\/www.readforreal.com\/ga\/ioslodail\/dushlan-foirne-an-fhomhair\/#primaryimage\"},\"image\":{\"@id\":\"https:\/\/www.readforreal.com\/ga\/ioslodail\/dushlan-foirne-an-fhomhair\/#primaryimage\"},\"thumbnailUrl\":\"https:\/\/www.readforreal.com\/wp-content\/uploads\/2026\/04\/Challenge-a4-768x1086.jpg\",\"datePublished\":\"2025-09-28T09:39:37+00:00\",\"dateModified\":\"2026-04-13T08:54:35+00:00\",\"breadcrumb\":{\"@id\":\"https:\/\/www.readforreal.com\/ga\/ioslodail\/dushlan-foirne-an-fhomhair\/#breadcrumb\"},\"inLanguage\":\"ga-IE\",\"potentialAction\":[{\"@type\":\"ReadAction\",\"target\":[\"https:\/\/www.readforreal.com\/ga\/ioslodail\/dushlan-foirne-an-fhomhair\/\"]}]},{\"@type\":\"ImageObject\",\"inLanguage\":\"ga-IE\",\"@id\":\"https:\/\/www.readforreal.com\/ga\/ioslodail\/dushlan-foirne-an-fhomhair\/#primaryimage\",\"url\":\"https:\/\/www.readforreal.com\/wp-content\/uploads\/2026\/04\/Challenge-a4-768x1086.jpg\",\"contentUrl\":\"https:\/\/www.readforreal.com\/wp-content\/uploads\/2026\/04\/Challenge-a4-768x1086.jpg\"},{\"@type\":\"BreadcrumbList\",\"@id\":\"https:\/\/www.readforreal.com\/ga\/ioslodail\/dushlan-foirne-an-fhomhair\/#breadcrumb\",\"itemListElement\":[{\"@type\":\"ListItem\",\"position\":1,\"name\":\"Home\",\"item\":\"https:\/\/www.readforreal.com\/ga\/leigh-go-firinneach\/\"},{\"@type\":\"ListItem\",\"position\":2,\"name\":\"\u00cdosl\u00f3d\u00e1il\",\"item\":\"https:\/\/www.readforreal.com\/ga\/ioslodail\/\"},{\"@type\":\"ListItem\",\"position\":3,\"name\":\"D\u00fashl\u00e1n Foirne an Fh\u00f3mhair\"}]},{\"@type\":\"WebSite\",\"@id\":\"https:\/\/www.readforreal.com\/#website\",\"url\":\"https:\/\/www.readforreal.com\/\",\"name\":\"Read. For Real\",\"description\":\"European Authors Day 11.11-12.12.2026\",\"publisher\":{\"@id\":\"https:\/\/www.readforreal.com\/#organization\"},\"alternateName\":\"European Authors Day 11.11-12.12.2025\",\"potentialAction\":[{\"@type\":\"SearchAction\",\"target\":{\"@type\":\"EntryPoint\",\"urlTemplate\":\"https:\/\/www.readforreal.com\/?s={search_term_string}\"},\"query-input\":{\"@type\":\"PropertyValueSpecification\",\"valueRequired\":true,\"valueName\":\"search_term_string\"}}],\"inLanguage\":\"ga-IE\"},{\"@type\":\"Organization\",\"@id\":\"https:\/\/www.readforreal.com\/#organization\",\"name\":\"Fundacja Powszechnego Czytania\",\"url\":\"https:\/\/www.readforreal.com\/\",\"logo\":{\"@type\":\"ImageObject\",\"inLanguage\":\"ga-IE\",\"@id\":\"https:\/\/www.readforreal.com\/#\/schema\/logo\/image\/\",\"url\":\"https:\/\/www.readforreal.com\/wp-content\/uploads\/2025\/06\/RfR-logo-OK_1.png\",\"contentUrl\":\"https:\/\/www.readforreal.com\/wp-content\/uploads\/2025\/06\/RfR-logo-OK_1.png\",\"width\":1890,\"height\":1299,\"caption\":\"Fundacja Powszechnego Czytania\"},\"image\":{\"@id\":\"https:\/\/www.readforreal.com\/#\/schema\/logo\/image\/\"},\"sameAs\":[\"https:\/\/www.facebook.com\/read.forreal\",\"https:\/\/www.instagram.com\/read.forreal\/\"]}]}<\/script>\n<!-- \/ Yoast SEO plugin. -->","yoast_head_json":{"title":"D\u00fashl\u00e1n Foirne an Fh\u00f3mhair | Read. For Real","robots":{"index":"index","follow":"follow","max-snippet":"max-snippet:-1","max-image-preview":"max-image-preview:large","max-video-preview":"max-video-preview:-1"},"canonical":"https:\/\/www.readforreal.com\/ga\/ioslodail\/dushlan-foirne-an-fhomhair\/","og_locale":"ga_IE","og_type":"article","og_title":"D\u00fashl\u00e1n Foirne an Fh\u00f3mhair | Read. For Real","og_description":"\u00cdosl\u00f3d\u00e1il","og_url":"https:\/\/www.readforreal.com\/ga\/ioslodail\/dushlan-foirne-an-fhomhair\/","og_site_name":"Read. For Real","article_publisher":"https:\/\/www.facebook.com\/read.forreal","article_modified_time":"2026-04-13T08:54:35+00:00","og_image":[{"width":1240,"height":1754,"url":"https:\/\/www.readforreal.com\/wp-content\/uploads\/2026\/04\/Challenge-a4.jpg","type":"image\/jpeg"}],"twitter_card":"summary_large_image","schema":{"@context":"https:\/\/schema.org","@graph":[{"@type":"WebPage","@id":"https:\/\/www.readforreal.com\/ga\/ioslodail\/dushlan-foirne-an-fhomhair\/","url":"https:\/\/www.readforreal.com\/ga\/ioslodail\/dushlan-foirne-an-fhomhair\/","name":"D\u00fashl\u00e1n Foirne an Fh\u00f3mhair | Read. For Real","isPartOf":{"@id":"https:\/\/www.readforreal.com\/#website"},"primaryImageOfPage":{"@id":"https:\/\/www.readforreal.com\/ga\/ioslodail\/dushlan-foirne-an-fhomhair\/#primaryimage"},"image":{"@id":"https:\/\/www.readforreal.com\/ga\/ioslodail\/dushlan-foirne-an-fhomhair\/#primaryimage"},"thumbnailUrl":"https:\/\/www.readforreal.com\/wp-content\/uploads\/2026\/04\/Challenge-a4-768x1086.jpg","datePublished":"2025-09-28T09:39:37+00:00","dateModified":"2026-04-13T08:54:35+00:00","breadcrumb":{"@id":"https:\/\/www.readforreal.com\/ga\/ioslodail\/dushlan-foirne-an-fhomhair\/#breadcrumb"},"inLanguage":"ga-IE","potentialAction":[{"@type":"ReadAction","target":["https:\/\/www.readforreal.com\/ga\/ioslodail\/dushlan-foirne-an-fhomhair\/"]}]},{"@type":"ImageObject","inLanguage":"ga-IE","@id":"https:\/\/www.readforreal.com\/ga\/ioslodail\/dushlan-foirne-an-fhomhair\/#primaryimage","url":"https:\/\/www.readforreal.com\/wp-content\/uploads\/2026\/04\/Challenge-a4-768x1086.jpg","contentUrl":"https:\/\/www.readforreal.com\/wp-content\/uploads\/2026\/04\/Challenge-a4-768x1086.jpg"},{"@type":"BreadcrumbList","@id":"https:\/\/www.readforreal.com\/ga\/ioslodail\/dushlan-foirne-an-fhomhair\/#breadcrumb","itemListElement":[{"@type":"ListItem","position":1,"name":"Home","item":"https:\/\/www.readforreal.com\/ga\/leigh-go-firinneach\/"},{"@type":"ListItem","position":2,"name":"\u00cdosl\u00f3d\u00e1il","item":"https:\/\/www.readforreal.com\/ga\/ioslodail\/"},{"@type":"ListItem","position":3,"name":"D\u00fashl\u00e1n Foirne an Fh\u00f3mhair"}]},{"@type":"WebSite","@id":"https:\/\/www.readforreal.com\/#website","url":"https:\/\/www.readforreal.com\/","name":"Read. For Real","description":"European Authors Day 11.11-12.12.2026","publisher":{"@id":"https:\/\/www.readforreal.com\/#organization"},"alternateName":"European Authors Day 11.11-12.12.2025","potentialAction":[{"@type":"SearchAction","target":{"@type":"EntryPoint","urlTemplate":"https:\/\/www.readforreal.com\/?s={search_term_string}"},"query-input":{"@type":"PropertyValueSpecification","valueRequired":true,"valueName":"search_term_string"}}],"inLanguage":"ga-IE"},{"@type":"Organization","@id":"https:\/\/www.readforreal.com\/#organization","name":"Fundacja Powszechnego Czytania","url":"https:\/\/www.readforreal.com\/","logo":{"@type":"ImageObject","inLanguage":"ga-IE","@id":"https:\/\/www.readforreal.com\/#\/schema\/logo\/image\/","url":"https:\/\/www.readforreal.com\/wp-content\/uploads\/2025\/06\/RfR-logo-OK_1.png","contentUrl":"https:\/\/www.readforreal.com\/wp-content\/uploads\/2025\/06\/RfR-logo-OK_1.png","width":1890,"height":1299,"caption":"Fundacja Powszechnego Czytania"},"image":{"@id":"https:\/\/www.readforreal.com\/#\/schema\/logo\/image\/"},"sameAs":["https:\/\/www.facebook.com\/read.forreal","https:\/\/www.instagram.com\/read.forreal\/"]}]}},"_links":{"self":[{"href":"https:\/\/www.readforreal.com\/ga\/wp-json\/wp\/v2\/pages\/15786","targetHints":{"allow":["GET"]}}],"collection":[{"href":"https:\/\/www.readforreal.com\/ga\/wp-json\/wp\/v2\/pages"}],"about":[{"href":"https:\/\/www.readforreal.com\/ga\/wp-json\/wp\/v2\/types\/page"}],"author":[{"embeddable":true,"href":"https:\/\/www.readforreal.com\/ga\/wp-json\/wp\/v2\/users\/1"}],"replies":[{"embeddable":true,"href":"https:\/\/www.readforreal.com\/ga\/wp-json\/wp\/v2\/comments?post=15786"}],"version-history":[{"count":3,"href":"https:\/\/www.readforreal.com\/ga\/wp-json\/wp\/v2\/pages\/15786\/revisions"}],"predecessor-version":[{"id":26924,"href":"https:\/\/www.readforreal.com\/ga\/wp-json\/wp\/v2\/pages\/15786\/revisions\/26924"}],"up":[{"embeddable":true,"href":"https:\/\/www.readforreal.com\/ga\/wp-json\/wp\/v2\/pages\/15934"}],"wp:attachment":[{"href":"https:\/\/www.readforreal.com\/ga\/wp-json\/wp\/v2\/media?parent=15786"}],"curies":[{"name":"wp","href":"https:\/\/api.w.org\/{rel}","templated":true}]}}