{"id":4823,"date":"2025-06-29T00:10:54","date_gmt":"2025-06-28T22:10:54","guid":{"rendered":"https:\/\/www.readforreal.com\/politique-de-confidentialite\/"},"modified":"2025-09-17T02:11:35","modified_gmt":"2025-09-17T00:11:35","slug":"politique-de-confidentialite","status":"publish","type":"page","link":"https:\/\/www.readforreal.com\/fr\/politique-de-confidentialite\/","title":{"rendered":"Politique de confidentialit\u00e9"},"content":{"rendered":"\t\t<div data-elementor-type=\"wp-page\" data-elementor-id=\"4823\" class=\"elementor elementor-4823 elementor-3\" data-elementor-post-type=\"page\">\n\t\t\t\t<div class=\"elementor-element elementor-element-726f90a3 e-flex e-con-boxed e-con e-parent\" data-id=\"726f90a3\" data-element_type=\"container\">\n\t\t\t\t\t<div class=\"e-con-inner\">\n\t\t\t\t\t<\/div>\n\t\t\t\t<\/div>\n\t\t<div class=\"elementor-element elementor-element-57caaef1 e-flex e-con-boxed e-con e-parent\" data-id=\"57caaef1\" data-element_type=\"container\">\n\t\t\t\t\t<div class=\"e-con-inner\">\n\t\t\t\t<div class=\"elementor-element elementor-element-5352cfaa elementor-widget elementor-widget-text-editor\" data-id=\"5352cfaa\" data-element_type=\"widget\" data-widget_type=\"text-editor.default\">\n\t\t\t\t<div class=\"elementor-widget-container\">\n\t\t\t\t\t\t\t\t\t<h2>1. Responsable du traitement des donn\u00e9es<\/h2><p>Le responsable du traitement de vos donn\u00e9es personnelles sur le site web <strong>www.readforreal.com<\/strong> est :<\/p><p><strong>Fundacja Powszechnego Czytania<\/strong><br>Przyokopowa 33<br>01-208 Varsovie, Pologne<br>e-mail : <a href=\"mailto:sekretariat@fpc.org.pl\">sekretariat@fpc.org.pl<\/a><\/p><p>Pour toute question relative au traitement des donn\u00e9es personnelles, vous pouvez nous contacter par e-mail \u00e0 l&rsquo;adresse ci-dessus ou par courrier \u00e0 l&rsquo;adresse du si\u00e8ge social de la Fondation.<\/p><h2>2. Port\u00e9e et finalit\u00e9s du traitement des donn\u00e9es<\/h2><p>Le site web <strong>www.readforreal.com<\/strong> est purement informatif et ne permet pas l&rsquo;inscription des utilisateurs, les transactions, les commentaires ou la participation \u00e0 des discussions. Les donn\u00e9es personnelles sont trait\u00e9es uniquement sur la base du consentement volontaire de la personne concern\u00e9e, notamment : Lors de l&rsquo;inscription \u00e0 la newsletter \u2013 les donn\u00e9es collect\u00e9es comprennent : <\/p><ul><li>adresse e-mail<\/li><li>pr\u00e9nom.<\/li><\/ul><p>Ces donn\u00e9es sont utilis\u00e9es exclusivement pour :<\/p><ul><li>l&rsquo;envoi d&rsquo;informations et de documents relatifs au projet Read For Real,<\/li><li>la fourniture du service de newsletter,<\/li><li>un \u00e9ventuel contact concernant le projet ou les services connexes.<\/li><\/ul><p>En outre, les donn\u00e9es personnelles peuvent \u00eatre trait\u00e9es dans le cadre de l&rsquo;utilisation des canaux de m\u00e9dias sociaux, y compris : les profils d&rsquo;utilisateurs et les comptes sur des plateformes telles que Facebook, Instagram, YouTube, Twitter, LinkedIn, qui sont utilis\u00e9s pour la communication et la promotion du projet, conform\u00e9ment aux r\u00e8gles et aux politiques de confidentialit\u00e9 de ces plateformes.<\/p><h2>3. Base juridique du traitement<\/h2><p>Le traitement des donn\u00e9es personnelles est effectu\u00e9 sur la base de :<\/p><ul><li>le consentement de la personne concern\u00e9e (article 6, paragraphe 1, point a) du RGPD),<\/li><li>les int\u00e9r\u00eats l\u00e9gitimes du responsable du traitement (article 6, paragraphe 1, point f) du RGPD), dans le cadre de l&rsquo;analyse du trafic du site web (Google Analytics).<\/li><\/ul><h2>4. Destinataires des donn\u00e9es<\/h2><p>Les donn\u00e9es personnelles ne sont pas partag\u00e9es avec des tiers \u00e0 des fins commerciales ou de marketing. Toutefois, pour fournir nos services, nous coop\u00e9rons avec les entit\u00e9s suivantes : <\/p><ul><li><strong>MailerLite<\/strong> \u2013 fournisseur de services de newsletter, traitant les donn\u00e9es en notre nom,<\/li><li><strong>MyDevil.net<\/strong> \u2013 fournisseur d&rsquo;h\u00e9bergement de site web,<\/li><li><strong>Google Analytics<\/strong> \u2013 outil d&rsquo;analyse du trafic du site web, traitant des donn\u00e9es statistiques anonymes,<\/li><li><strong>Plateformes de m\u00e9dias sociaux<\/strong> (par exemple, Facebook, Instagram) \u2013 en relation avec les interactions et la communication via ces canaux.<\/li><\/ul><p>Tous ces destinataires sont tenus de se conformer aux lois applicables en mati\u00e8re de protection des donn\u00e9es (RGPD).<\/p><h2>5. Cookies et outils d&rsquo;analyse<\/h2><p>Le site web <strong>www.readforreal.com<\/strong> utilise des cookies pour le bon fonctionnement du service et \u00e0 des fins d&rsquo;analyse (Google Analytics).<\/p><p>Les cookies collectent des donn\u00e9es anonymes sur le trafic et le comportement des utilisateurs sur le site web, ce qui permet d&rsquo;optimiser le service.<\/p><h2>6. Dur\u00e9e de conservation des donn\u00e9es<\/h2><p>Les donn\u00e9es personnelles collect\u00e9es via la newsletter sont conserv\u00e9es pendant toute la dur\u00e9e du projet Read For Real ou jusqu&rsquo;\u00e0 ce que l&rsquo;utilisateur retire son consentement (par exemple, se d\u00e9sabonne de la newsletter).<\/p><p>Les donn\u00e9es analytiques trait\u00e9es par Google Analytics sont conserv\u00e9es pendant la p\u00e9riode sp\u00e9cifi\u00e9e par le fournisseur de services, sous une forme anonyme.<\/p><h2>7. Droits de la personne concern\u00e9e<\/h2><p>Les utilisateurs ont le droit de :<\/p><ul><li>acc\u00e9der \u00e0 leurs donn\u00e9es personnelles,<\/li><li>rectifier les donn\u00e9es inexactes,<\/li><li>supprimer leurs donn\u00e9es (\u00ab droit \u00e0 l&rsquo;oubli \u00bb),<\/li><li>limiter le traitement des donn\u00e9es,<\/li><li>la portabilit\u00e9 des donn\u00e9es,<\/li><li>s&rsquo;opposer au traitement des donn\u00e9es,<\/li><li>retirer leur consentement au traitement des donn\u00e9es \u00e0 tout moment (sans affecter la lic\u00e9it\u00e9 du traitement fond\u00e9 sur le consentement avant son retrait).<\/li><\/ul><p>Pour exercer ces droits, veuillez nous contacter \u00e0 l&rsquo;adresse suivante : <a href=\"mailto:sekretariat@fpc.org.pl\">sekretariat@fpc.org.pl<\/a>.<\/p><p>Les utilisateurs ont \u00e9galement le droit de d\u00e9poser une plainte aupr\u00e8s de l&rsquo;autorit\u00e9 de contr\u00f4le comp\u00e9tente en mati\u00e8re de protection des donn\u00e9es (en Pologne, le pr\u00e9sident de l&rsquo;Office de protection des donn\u00e9es personnelles).<\/p><h2>8. S\u00e9curit\u00e9 des donn\u00e9es<\/h2><p>Le responsable du traitement met en \u0153uvre des mesures techniques et organisationnelles appropri\u00e9es pour prot\u00e9ger les donn\u00e9es personnelles contre l&rsquo;acc\u00e8s non autoris\u00e9, la perte, l&rsquo;alt\u00e9ration ou la divulgation.<\/p><h2>9. Utilisation des m\u00e9dias sociaux<\/h2><p>Les profils de Fundacja Powszechnego Czytania et du projet Read For Real sur les m\u00e9dias sociaux fonctionnent selon les conditions et les politiques de confidentialit\u00e9 distinctes de ces plateformes. Les donn\u00e9es personnelles partag\u00e9es lors des interactions sur les plateformes de m\u00e9dias sociaux sont trait\u00e9es conform\u00e9ment aux r\u00e9glementations de ces services et \u00e9chappent au contr\u00f4le direct de l&rsquo;administrateur du site web www.readforreal.com. <\/p><h2>10. Modifications de la politique de confidentialit\u00e9<\/h2><p>Le responsable du traitement se r\u00e9serve le droit de modifier la pr\u00e9sente politique de confidentialit\u00e9. La version actuelle et en vigueur sera toujours disponible sur <strong>www.readforreal.com<\/strong>. Les utilisateurs seront inform\u00e9s de toute modification importante de cette politique.  <\/p><h2>11. Mat\u00e9riels<\/h2><p><span style=\"font-weight: 400;\">Nos supports sont mis \u00e0 la disposition de toutes les personnes impliqu\u00e9es dans le projet Read.For Real et peuvent \u00eatre utilis\u00e9s, copi\u00e9s et distribu\u00e9s dans le cadre de la Journ\u00e9e des auteurs europ\u00e9ens. L\u2019utilisation de ces supports \u00e0 des fins autres que celles pr\u00e9vues est interdite, y compris, mais sans s\u2019y limiter : la vente, la promotion d\u2019autres produits ou la cr\u00e9ation et la diffusion de contenu politique ou religieux.  Lire. For Real, ainsi que son repr\u00e9sentant, la Fondation universelle pour la lecture, d\u00e9cline toute responsabilit\u00e9 quant \u00e0 l\u2019utilisation d\u2019une image de marque non conforme aux pr\u00e9sentes conditions g\u00e9n\u00e9rales.<\/span><\/p>\t\t\t\t\t\t\t\t<\/div>\n\t\t\t\t<\/div>\n\t\t\t\t\t<\/div>\n\t\t\t\t<\/div>\n\t\t\t\t<\/div>\n\t\t","protected":false},"excerpt":{"rendered":"<p>1. Responsable du traitement des donn\u00e9es Le responsable du traitement de vos donn\u00e9es personnelles sur le site web www.readforreal.com est : Fundacja Powszechnego CzytaniaPrzyokopowa 3301-208 Varsovie, Polognee-mail : sekretariat@fpc.org.pl Pour toute question relative au traitement des donn\u00e9es personnelles, vous pouvez nous contacter par e-mail \u00e0 l&rsquo;adresse ci-dessus ou par courrier \u00e0 l&rsquo;adresse du si\u00e8ge social [&hellip;]<\/p>\n","protected":false},"author":1,"featured_media":0,"parent":0,"menu_order":0,"comment_status":"closed","ping_status":"open","template":"","meta":{"footnotes":""},"class_list":["post-4823","page","type-page","status-publish","hentry"],"yoast_head":"<!-- This site is optimized with the Yoast SEO plugin v26.1.1 - https:\/\/yoast.com\/wordpress\/plugins\/seo\/ -->\n<title>Politique de confidentialit\u00e9 | Read. For Real<\/title>\n<meta name=\"robots\" content=\"index, follow, max-snippet:-1, max-image-preview:large, max-video-preview:-1\" \/>\n<link rel=\"canonical\" href=\"https:\/\/www.readforreal.com\/fr\/politique-de-confidentialite\/\" \/>\n<meta property=\"og:locale\" content=\"fr_FR\" \/>\n<meta property=\"og:type\" content=\"article\" \/>\n<meta property=\"og:title\" content=\"Politique de confidentialit\u00e9 | Read. For Real\" \/>\n<meta property=\"og:description\" content=\"1. Responsable du traitement des donn\u00e9es Le responsable du traitement de vos donn\u00e9es personnelles sur le site web www.readforreal.com est : Fundacja Powszechnego CzytaniaPrzyokopowa 3301-208 Varsovie, Polognee-mail : sekretariat@fpc.org.pl Pour toute question relative au traitement des donn\u00e9es personnelles, vous pouvez nous contacter par e-mail \u00e0 l&rsquo;adresse ci-dessus ou par courrier \u00e0 l&rsquo;adresse du si\u00e8ge social [&hellip;]\" \/>\n<meta property=\"og:url\" content=\"https:\/\/www.readforreal.com\/fr\/politique-de-confidentialite\/\" \/>\n<meta property=\"og:site_name\" content=\"Read. For Real\" \/>\n<meta property=\"article:publisher\" content=\"https:\/\/www.facebook.com\/read.forreal\" \/>\n<meta property=\"article:modified_time\" content=\"2025-09-17T00:11:35+00:00\" \/>\n<meta name=\"twitter:card\" content=\"summary_large_image\" \/>\n<meta name=\"twitter:label1\" content=\"Dur\u00e9e de lecture estim\u00e9e\" \/>\n\t<meta name=\"twitter:data1\" content=\"5 minutes\" \/>\n<script type=\"application\/ld+json\" class=\"yoast-schema-graph\">{\"@context\":\"https:\/\/schema.org\",\"@graph\":[{\"@type\":\"WebPage\",\"@id\":\"https:\/\/www.readforreal.com\/fr\/politique-de-confidentialite\/\",\"url\":\"https:\/\/www.readforreal.com\/fr\/politique-de-confidentialite\/\",\"name\":\"Politique de confidentialit\u00e9 | Read. For Real\",\"isPartOf\":{\"@id\":\"https:\/\/www.readforreal.com\/#website\"},\"datePublished\":\"2025-06-28T22:10:54+00:00\",\"dateModified\":\"2025-09-17T00:11:35+00:00\",\"breadcrumb\":{\"@id\":\"https:\/\/www.readforreal.com\/fr\/politique-de-confidentialite\/#breadcrumb\"},\"inLanguage\":\"fr-FR\",\"potentialAction\":[{\"@type\":\"ReadAction\",\"target\":[\"https:\/\/www.readforreal.com\/fr\/politique-de-confidentialite\/\"]}]},{\"@type\":\"BreadcrumbList\",\"@id\":\"https:\/\/www.readforreal.com\/fr\/politique-de-confidentialite\/#breadcrumb\",\"itemListElement\":[{\"@type\":\"ListItem\",\"position\":1,\"name\":\"Home\",\"item\":\"https:\/\/www.readforreal.com\/pl\/\"},{\"@type\":\"ListItem\",\"position\":2,\"name\":\"Politique de confidentialit\u00e9\"}]},{\"@type\":\"WebSite\",\"@id\":\"https:\/\/www.readforreal.com\/#website\",\"url\":\"https:\/\/www.readforreal.com\/\",\"name\":\"Read. For Real\",\"description\":\"European Authors Day 11.11-12.12.2026\",\"publisher\":{\"@id\":\"https:\/\/www.readforreal.com\/#organization\"},\"alternateName\":\"European Authors Day 11.11-12.12.2025\",\"potentialAction\":[{\"@type\":\"SearchAction\",\"target\":{\"@type\":\"EntryPoint\",\"urlTemplate\":\"https:\/\/www.readforreal.com\/?s={search_term_string}\"},\"query-input\":{\"@type\":\"PropertyValueSpecification\",\"valueRequired\":true,\"valueName\":\"search_term_string\"}}],\"inLanguage\":\"fr-FR\"},{\"@type\":\"Organization\",\"@id\":\"https:\/\/www.readforreal.com\/#organization\",\"name\":\"Fundacja Powszechnego Czytania\",\"url\":\"https:\/\/www.readforreal.com\/\",\"logo\":{\"@type\":\"ImageObject\",\"inLanguage\":\"fr-FR\",\"@id\":\"https:\/\/www.readforreal.com\/#\/schema\/logo\/image\/\",\"url\":\"https:\/\/www.readforreal.com\/wp-content\/uploads\/2025\/06\/RfR-logo-OK_1.png\",\"contentUrl\":\"https:\/\/www.readforreal.com\/wp-content\/uploads\/2025\/06\/RfR-logo-OK_1.png\",\"width\":1890,\"height\":1299,\"caption\":\"Fundacja Powszechnego Czytania\"},\"image\":{\"@id\":\"https:\/\/www.readforreal.com\/#\/schema\/logo\/image\/\"},\"sameAs\":[\"https:\/\/www.facebook.com\/read.forreal\",\"https:\/\/www.instagram.com\/read.forreal\/\"]}]}<\/script>\n<!-- \/ Yoast SEO plugin. -->","yoast_head_json":{"title":"Politique de confidentialit\u00e9 | Read. For Real","robots":{"index":"index","follow":"follow","max-snippet":"max-snippet:-1","max-image-preview":"max-image-preview:large","max-video-preview":"max-video-preview:-1"},"canonical":"https:\/\/www.readforreal.com\/fr\/politique-de-confidentialite\/","og_locale":"fr_FR","og_type":"article","og_title":"Politique de confidentialit\u00e9 | Read. For Real","og_description":"1. Responsable du traitement des donn\u00e9es Le responsable du traitement de vos donn\u00e9es personnelles sur le site web www.readforreal.com est : Fundacja Powszechnego CzytaniaPrzyokopowa 3301-208 Varsovie, Polognee-mail : sekretariat@fpc.org.pl Pour toute question relative au traitement des donn\u00e9es personnelles, vous pouvez nous contacter par e-mail \u00e0 l&rsquo;adresse ci-dessus ou par courrier \u00e0 l&rsquo;adresse du si\u00e8ge social [&hellip;]","og_url":"https:\/\/www.readforreal.com\/fr\/politique-de-confidentialite\/","og_site_name":"Read. For Real","article_publisher":"https:\/\/www.facebook.com\/read.forreal","article_modified_time":"2025-09-17T00:11:35+00:00","twitter_card":"summary_large_image","twitter_misc":{"Dur\u00e9e de lecture estim\u00e9e":"5 minutes"},"schema":{"@context":"https:\/\/schema.org","@graph":[{"@type":"WebPage","@id":"https:\/\/www.readforreal.com\/fr\/politique-de-confidentialite\/","url":"https:\/\/www.readforreal.com\/fr\/politique-de-confidentialite\/","name":"Politique de confidentialit\u00e9 | Read. For Real","isPartOf":{"@id":"https:\/\/www.readforreal.com\/#website"},"datePublished":"2025-06-28T22:10:54+00:00","dateModified":"2025-09-17T00:11:35+00:00","breadcrumb":{"@id":"https:\/\/www.readforreal.com\/fr\/politique-de-confidentialite\/#breadcrumb"},"inLanguage":"fr-FR","potentialAction":[{"@type":"ReadAction","target":["https:\/\/www.readforreal.com\/fr\/politique-de-confidentialite\/"]}]},{"@type":"BreadcrumbList","@id":"https:\/\/www.readforreal.com\/fr\/politique-de-confidentialite\/#breadcrumb","itemListElement":[{"@type":"ListItem","position":1,"name":"Home","item":"https:\/\/www.readforreal.com\/pl\/"},{"@type":"ListItem","position":2,"name":"Politique de confidentialit\u00e9"}]},{"@type":"WebSite","@id":"https:\/\/www.readforreal.com\/#website","url":"https:\/\/www.readforreal.com\/","name":"Read. For Real","description":"European Authors Day 11.11-12.12.2026","publisher":{"@id":"https:\/\/www.readforreal.com\/#organization"},"alternateName":"European Authors Day 11.11-12.12.2025","potentialAction":[{"@type":"SearchAction","target":{"@type":"EntryPoint","urlTemplate":"https:\/\/www.readforreal.com\/?s={search_term_string}"},"query-input":{"@type":"PropertyValueSpecification","valueRequired":true,"valueName":"search_term_string"}}],"inLanguage":"fr-FR"},{"@type":"Organization","@id":"https:\/\/www.readforreal.com\/#organization","name":"Fundacja Powszechnego Czytania","url":"https:\/\/www.readforreal.com\/","logo":{"@type":"ImageObject","inLanguage":"fr-FR","@id":"https:\/\/www.readforreal.com\/#\/schema\/logo\/image\/","url":"https:\/\/www.readforreal.com\/wp-content\/uploads\/2025\/06\/RfR-logo-OK_1.png","contentUrl":"https:\/\/www.readforreal.com\/wp-content\/uploads\/2025\/06\/RfR-logo-OK_1.png","width":1890,"height":1299,"caption":"Fundacja Powszechnego Czytania"},"image":{"@id":"https:\/\/www.readforreal.com\/#\/schema\/logo\/image\/"},"sameAs":["https:\/\/www.facebook.com\/read.forreal","https:\/\/www.instagram.com\/read.forreal\/"]}]}},"_links":{"self":[{"href":"https:\/\/www.readforreal.com\/fr\/wp-json\/wp\/v2\/pages\/4823","targetHints":{"allow":["GET"]}}],"collection":[{"href":"https:\/\/www.readforreal.com\/fr\/wp-json\/wp\/v2\/pages"}],"about":[{"href":"https:\/\/www.readforreal.com\/fr\/wp-json\/wp\/v2\/types\/page"}],"author":[{"embeddable":true,"href":"https:\/\/www.readforreal.com\/fr\/wp-json\/wp\/v2\/users\/1"}],"replies":[{"embeddable":true,"href":"https:\/\/www.readforreal.com\/fr\/wp-json\/wp\/v2\/comments?post=4823"}],"version-history":[{"count":2,"href":"https:\/\/www.readforreal.com\/fr\/wp-json\/wp\/v2\/pages\/4823\/revisions"}],"predecessor-version":[{"id":9320,"href":"https:\/\/www.readforreal.com\/fr\/wp-json\/wp\/v2\/pages\/4823\/revisions\/9320"}],"wp:attachment":[{"href":"https:\/\/www.readforreal.com\/fr\/wp-json\/wp\/v2\/media?parent=4823"}],"curies":[{"name":"wp","href":"https:\/\/api.w.org\/{rel}","templated":true}]}}