{"id":4663,"date":"2025-06-29T00:10:54","date_gmt":"2025-06-28T22:10:54","guid":{"rendered":"https:\/\/www.readforreal.com\/tietosuojaseloste\/"},"modified":"2025-09-17T02:11:35","modified_gmt":"2025-09-17T00:11:35","slug":"tietosuojaseloste","status":"publish","type":"page","link":"https:\/\/www.readforreal.com\/fi\/tietosuojaseloste\/","title":{"rendered":"Tietosuojaseloste"},"content":{"rendered":"\t\t<div data-elementor-type=\"wp-page\" data-elementor-id=\"4663\" class=\"elementor elementor-4663 elementor-3\" data-elementor-post-type=\"page\">\n\t\t\t\t<div class=\"elementor-element elementor-element-726f90a3 e-flex e-con-boxed e-con e-parent\" data-id=\"726f90a3\" data-element_type=\"container\">\n\t\t\t\t\t<div class=\"e-con-inner\">\n\t\t\t\t\t<\/div>\n\t\t\t\t<\/div>\n\t\t<div class=\"elementor-element elementor-element-57caaef1 e-flex e-con-boxed e-con e-parent\" data-id=\"57caaef1\" data-element_type=\"container\">\n\t\t\t\t\t<div class=\"e-con-inner\">\n\t\t\t\t<div class=\"elementor-element elementor-element-5352cfaa elementor-widget elementor-widget-text-editor\" data-id=\"5352cfaa\" data-element_type=\"widget\" data-widget_type=\"text-editor.default\">\n\t\t\t\t<div class=\"elementor-widget-container\">\n\t\t\t\t\t\t\t\t\t<h2>1. Rekisterinpit\u00e4j\u00e4<\/h2><p>Henkil\u00f6tietojesi rekisterinpit\u00e4j\u00e4 verkkosivustolla <strong>www.readforreal.com<\/strong> on:<\/p><p><strong>Fundacja Powszechnego Czytania<\/strong><br>Przyokopowa 33<br>01-208 Varsova, Puola<br>s\u00e4hk\u00f6posti: <a href=\"mailto:sekretariat@fpc.org.pl\">sekretariat@fpc.org.pl<\/a><\/p><p>Kaikissa henkil\u00f6tietojen k\u00e4sittelyyn liittyviss\u00e4 kysymyksiss\u00e4 voit ottaa meihin yhteytt\u00e4 yll\u00e4 olevalla s\u00e4hk\u00f6postiosoitteella tai postitse s\u00e4\u00e4ti\u00f6n rekister\u00f6ityyn osoitteeseen.<\/p><h2>2. Tietojen k\u00e4sittelyn laajuus ja tarkoitukset<\/h2><p>Verkkosivusto <strong>www.readforreal.com<\/strong> on puhtaasti informatiivinen eik\u00e4 mahdollista k\u00e4ytt\u00e4jien rekister\u00f6itymist\u00e4, tapahtumia, kommentointia tai keskusteluihin osallistumista. Henkil\u00f6tietoja k\u00e4sitell\u00e4\u00e4n ainoastaan rekister\u00f6idyn vapaaehtoisen suostumuksen perusteella, erityisesti: Uutiskirjeen tilaamisen yhteydess\u00e4 ker\u00e4tt\u00e4vi\u00e4 tietoja ovat: <\/p><ul><li>s\u00e4hk\u00f6postiosoite<\/li><li>etunimi.<\/li><\/ul><p>N\u00e4it\u00e4 tietoja k\u00e4ytet\u00e4\u00e4n yksinomaan:<\/p><ul><li>Read For Real -projektiin liittyv\u00e4n tiedon ja materiaalin l\u00e4hett\u00e4miseen,<\/li><li>uutiskirjepalvelun tarjoamiseen,<\/li><li>mahdolliseen yhteydenottoon projektiin tai siihen liittyviin palveluihin liittyen.<\/li><\/ul><p>Lis\u00e4ksi henkil\u00f6tietoja voidaan k\u00e4sitell\u00e4 sosiaalisen median kanavien k\u00e4yt\u00f6n yhteydess\u00e4, mukaan lukien: k\u00e4ytt\u00e4j\u00e4profiilit ja tilit alustoilla kuten Facebook, Instagram, YouTube, Twitter, LinkedIn, joita k\u00e4ytet\u00e4\u00e4n projektin viestint\u00e4\u00e4n ja edist\u00e4miseen n\u00e4iden alustojen s\u00e4\u00e4nt\u00f6jen ja tietosuojak\u00e4yt\u00e4nt\u00f6jen mukaisesti.<\/p><h2>3. K\u00e4sittelyn oikeusperusta<\/h2><p>Henkil\u00f6tietojen k\u00e4sittely perustuu:<\/p><ul><li>rekister\u00f6idyn suostumukseen (GDPR 6 artiklan 1 kohdan a alakohta),<\/li><li>rekisterinpit\u00e4j\u00e4n oikeutettuihin etuihin (GDPR 6 artiklan 1 kohdan f alakohta) verkkosivuston liikenteen analysoinnin (Google Analytics) osalta.<\/li><\/ul><h2>4. Tietojen vastaanottajat<\/h2><p>Henkil\u00f6tietoja ei jaeta kolmansille osapuolille kaupallisiin tai markkinointitarkoituksiin. Palveluidemme tarjoamiseksi teemme kuitenkin yhteisty\u00f6t\u00e4 seuraavien tahojen kanssa: <\/p><ul><li><strong>MailerLite<\/strong> \u2013 uutiskirjepalvelun tarjoaja, joka k\u00e4sittelee tietoja puolestamme,<\/li><li><strong>MyDevil.net<\/strong> \u2013 verkkosivuston hosting-palvelun tarjoaja,<\/li><li><strong>Google Analytics<\/strong> \u2013 verkkosivuston liikenteen analysointity\u00f6kalu, joka k\u00e4sittelee anonyymej\u00e4 tilastotietoja,<\/li><li><strong>Sosiaalisen median alustat<\/strong> (esim. Facebook, Instagram) \u2013 n\u00e4iden kanavien kautta tapahtuvan vuorovaikutuksen ja viestinn\u00e4n yhteydess\u00e4.<\/li><\/ul><p>Kaikki n\u00e4m\u00e4 vastaanottajat ovat velvollisia noudattamaan sovellettavia tietosuojalakeja (GDPR).<\/p><h2>5. Ev\u00e4steet ja analyysity\u00f6kalut<\/h2><p>Verkkosivusto <strong>www.readforreal.com<\/strong> k\u00e4ytt\u00e4\u00e4 ev\u00e4steit\u00e4 palvelun asianmukaisen toiminnan ja analyyttisten tarkoitusten (Google Analytics) varmistamiseksi.<\/p><p>Ev\u00e4steet ker\u00e4\u00e4v\u00e4t anonyymej\u00e4 tietoja k\u00e4ytt\u00e4jien liikenteest\u00e4 ja k\u00e4ytt\u00e4ytymisest\u00e4 verkkosivustolla, mik\u00e4 mahdollistaa palvelun optimoinnin.<\/p><h2>6. Tietojen s\u00e4ilytysaika<\/h2><p>Uutiskirjeen kautta ker\u00e4ttyj\u00e4 henkil\u00f6tietoja s\u00e4ilytet\u00e4\u00e4n Read For Real -projektin keston ajan tai kunnes k\u00e4ytt\u00e4j\u00e4 peruuttaa suostumuksensa (esim. peruuttaa uutiskirjeen tilauksen).<\/p><p>Google Analyticsin k\u00e4sittelemi\u00e4 analyyttisi\u00e4 tietoja s\u00e4ilytet\u00e4\u00e4n palveluntarjoajan m\u00e4\u00e4ritt\u00e4m\u00e4n ajan, anonyymiss\u00e4 muodossa.<\/p><h2>7. Rekister\u00f6idyn oikeudet<\/h2><p>K\u00e4ytt\u00e4jill\u00e4 on oikeus:<\/p><ul><li>saada p\u00e4\u00e4sy henkil\u00f6tietoihinsa,<\/li><li>oikaista virheelliset tiedot,<\/li><li>poistaa tietonsa (\u201doikeus tulla unohdetuksi\u201d),<\/li><li>rajoittaa tietojen k\u00e4sittely\u00e4,<\/li><li>tietojen siirrett\u00e4vyyteen,<\/li><li>vastustaa tietojen k\u00e4sittely\u00e4,<\/li><li>peruuttaa suostumuksensa tietojen k\u00e4sittelyyn milloin tahansa (vaikuttamatta suostumukseen perustuvan k\u00e4sittelyn lainmukaisuuteen ennen sen peruuttamista).<\/li><\/ul><p>N\u00e4iden oikeuksien k\u00e4ytt\u00e4miseksi ota meihin yhteytt\u00e4 osoitteeseen: <a href=\"mailto:sekretariat@fpc.org.pl\">sekretariat@fpc.org.pl<\/a>.<\/p><p>K\u00e4ytt\u00e4jill\u00e4 on my\u00f6s oikeus tehd\u00e4 valitus asianomaiselle tietosuojaviranomaiselle (Puolassa henkil\u00f6tietojen suojeluviraston puheenjohtaja).<\/p><h2>8. Tietoturva<\/h2><p>Rekisterinpit\u00e4j\u00e4 toteuttaa asianmukaiset tekniset ja organisatoriset toimenpiteet henkil\u00f6tietojen suojaamiseksi luvattomalta p\u00e4\u00e4sylt\u00e4, katoamiselta, muuttamiselta tai luovuttamiselta.<\/p><h2>9. Sosiaalisen median k\u00e4ytt\u00f6<\/h2><p>Fundacja Powszechnego Czytania -s\u00e4\u00e4ti\u00f6n ja Read For Real -projektin profiilit sosiaalisessa mediassa toimivat n\u00e4iden alustojen erillisten ehtojen ja tietosuojak\u00e4yt\u00e4nt\u00f6jen mukaisesti. Sosiaalisen median alustoilla tapahtuvien vuorovaikutusten aikana jaetut henkil\u00f6tiedot k\u00e4sitell\u00e4\u00e4n kyseisten palvelujen s\u00e4\u00e4nt\u00f6jen mukaisesti, eiv\u00e4tk\u00e4 ne ole www.readforreal.com-verkkosivuston yll\u00e4pit\u00e4j\u00e4n suorassa hallinnassa. <\/p><h2>10. Tietosuojak\u00e4yt\u00e4nn\u00f6n muutokset<\/h2><p>Rekisterinpit\u00e4j\u00e4 pid\u00e4tt\u00e4\u00e4 oikeuden muuttaa t\u00e4t\u00e4 tietosuojak\u00e4yt\u00e4nt\u00f6\u00e4. Ajantasainen ja voimassa oleva versio on aina saatavilla osoitteessa <strong>www.readforreal.com<\/strong>. K\u00e4ytt\u00e4jille ilmoitetaan kaikista merkitt\u00e4vist\u00e4 muutoksista t\u00e4h\u00e4n k\u00e4yt\u00e4nt\u00f6\u00f6n.  <\/p><h2>11. Materiaalit<\/h2><p><span style=\"font-weight: 400;\">Materiaalimme ovat kaikkien Read.For Real -projektiin osallistuvien henkil\u00f6iden saatavilla, ja niit\u00e4 saa k\u00e4ytt\u00e4\u00e4, kopioida ja jakaa Euroopan kirjailijap\u00e4iv\u00e4n yhteydess\u00e4. N\u00e4iden materiaalien k\u00e4ytt\u00f6 muihin kuin tarkoitettuihin tarkoituksiin on kielletty, mukaan lukien, mutta ei rajoittuen: myynti, muiden tuotteiden mainostaminen tai poliittisen tai uskonnollisen sis\u00e4ll\u00f6n luominen ja levitt\u00e4minen. Read. For Real, yhdess\u00e4 edustajansa Universal Reading Foundationin kanssa, ei vastaa br\u00e4nd\u00e4yksen k\u00e4yt\u00f6st\u00e4, joka on ristiriidassa n\u00e4iden ehtojen kanssa.   <\/span><\/p>\t\t\t\t\t\t\t\t<\/div>\n\t\t\t\t<\/div>\n\t\t\t\t\t<\/div>\n\t\t\t\t<\/div>\n\t\t\t\t<\/div>\n\t\t","protected":false},"excerpt":{"rendered":"<p>1. Rekisterinpit\u00e4j\u00e4 Henkil\u00f6tietojesi rekisterinpit\u00e4j\u00e4 verkkosivustolla www.readforreal.com on: Fundacja Powszechnego CzytaniaPrzyokopowa 3301-208 Varsova, Puolas\u00e4hk\u00f6posti: sekretariat@fpc.org.pl Kaikissa henkil\u00f6tietojen k\u00e4sittelyyn liittyviss\u00e4 kysymyksiss\u00e4 voit ottaa meihin yhteytt\u00e4 yll\u00e4 olevalla s\u00e4hk\u00f6postiosoitteella tai postitse s\u00e4\u00e4ti\u00f6n rekister\u00f6ityyn osoitteeseen. 2. Tietojen k\u00e4sittelyn laajuus ja tarkoitukset Verkkosivusto www.readforreal.com on puhtaasti informatiivinen eik\u00e4 mahdollista k\u00e4ytt\u00e4jien rekister\u00f6itymist\u00e4, tapahtumia, kommentointia tai keskusteluihin osallistumista. Henkil\u00f6tietoja k\u00e4sitell\u00e4\u00e4n ainoastaan rekister\u00f6idyn [&hellip;]<\/p>\n","protected":false},"author":1,"featured_media":0,"parent":0,"menu_order":0,"comment_status":"closed","ping_status":"open","template":"","meta":{"footnotes":""},"class_list":["post-4663","page","type-page","status-publish","hentry"],"yoast_head":"<!-- This site is optimized with the Yoast SEO plugin v26.1.1 - https:\/\/yoast.com\/wordpress\/plugins\/seo\/ -->\n<title>Tietosuojaseloste | Read. For Real<\/title>\n<meta name=\"robots\" content=\"index, follow, max-snippet:-1, max-image-preview:large, max-video-preview:-1\" \/>\n<link rel=\"canonical\" href=\"https:\/\/www.readforreal.com\/fi\/tietosuojaseloste\/\" \/>\n<meta property=\"og:locale\" content=\"fi_FI\" \/>\n<meta property=\"og:type\" content=\"article\" \/>\n<meta property=\"og:title\" content=\"Tietosuojaseloste | Read. For Real\" \/>\n<meta property=\"og:description\" content=\"1. Rekisterinpit\u00e4j\u00e4 Henkil\u00f6tietojesi rekisterinpit\u00e4j\u00e4 verkkosivustolla www.readforreal.com on: Fundacja Powszechnego CzytaniaPrzyokopowa 3301-208 Varsova, Puolas\u00e4hk\u00f6posti: sekretariat@fpc.org.pl Kaikissa henkil\u00f6tietojen k\u00e4sittelyyn liittyviss\u00e4 kysymyksiss\u00e4 voit ottaa meihin yhteytt\u00e4 yll\u00e4 olevalla s\u00e4hk\u00f6postiosoitteella tai postitse s\u00e4\u00e4ti\u00f6n rekister\u00f6ityyn osoitteeseen. 2. Tietojen k\u00e4sittelyn laajuus ja tarkoitukset Verkkosivusto www.readforreal.com on puhtaasti informatiivinen eik\u00e4 mahdollista k\u00e4ytt\u00e4jien rekister\u00f6itymist\u00e4, tapahtumia, kommentointia tai keskusteluihin osallistumista. Henkil\u00f6tietoja k\u00e4sitell\u00e4\u00e4n ainoastaan rekister\u00f6idyn [&hellip;]\" \/>\n<meta property=\"og:url\" content=\"https:\/\/www.readforreal.com\/fi\/tietosuojaseloste\/\" \/>\n<meta property=\"og:site_name\" content=\"Read. For Real\" \/>\n<meta property=\"article:publisher\" content=\"https:\/\/www.facebook.com\/read.forreal\" \/>\n<meta property=\"article:modified_time\" content=\"2025-09-17T00:11:35+00:00\" \/>\n<meta name=\"twitter:card\" content=\"summary_large_image\" \/>\n<meta name=\"twitter:label1\" content=\"Arvioitu lukuaika\" \/>\n\t<meta name=\"twitter:data1\" content=\"3 minuuttia\" \/>\n<script type=\"application\/ld+json\" class=\"yoast-schema-graph\">{\"@context\":\"https:\/\/schema.org\",\"@graph\":[{\"@type\":\"WebPage\",\"@id\":\"https:\/\/www.readforreal.com\/fi\/tietosuojaseloste\/\",\"url\":\"https:\/\/www.readforreal.com\/fi\/tietosuojaseloste\/\",\"name\":\"Tietosuojaseloste | Read. For Real\",\"isPartOf\":{\"@id\":\"https:\/\/www.readforreal.com\/#website\"},\"datePublished\":\"2025-06-28T22:10:54+00:00\",\"dateModified\":\"2025-09-17T00:11:35+00:00\",\"breadcrumb\":{\"@id\":\"https:\/\/www.readforreal.com\/fi\/tietosuojaseloste\/#breadcrumb\"},\"inLanguage\":\"fi\",\"potentialAction\":[{\"@type\":\"ReadAction\",\"target\":[\"https:\/\/www.readforreal.com\/fi\/tietosuojaseloste\/\"]}]},{\"@type\":\"BreadcrumbList\",\"@id\":\"https:\/\/www.readforreal.com\/fi\/tietosuojaseloste\/#breadcrumb\",\"itemListElement\":[{\"@type\":\"ListItem\",\"position\":1,\"name\":\"Home\",\"item\":\"https:\/\/www.readforreal.com\/fi\/lue-tosissasi\/\"},{\"@type\":\"ListItem\",\"position\":2,\"name\":\"Tietosuojaseloste\"}]},{\"@type\":\"WebSite\",\"@id\":\"https:\/\/www.readforreal.com\/#website\",\"url\":\"https:\/\/www.readforreal.com\/\",\"name\":\"Read. For Real\",\"description\":\"European Authors Day 11.11-12.12.2026\",\"publisher\":{\"@id\":\"https:\/\/www.readforreal.com\/#organization\"},\"alternateName\":\"European Authors Day 11.11-12.12.2025\",\"potentialAction\":[{\"@type\":\"SearchAction\",\"target\":{\"@type\":\"EntryPoint\",\"urlTemplate\":\"https:\/\/www.readforreal.com\/?s={search_term_string}\"},\"query-input\":{\"@type\":\"PropertyValueSpecification\",\"valueRequired\":true,\"valueName\":\"search_term_string\"}}],\"inLanguage\":\"fi\"},{\"@type\":\"Organization\",\"@id\":\"https:\/\/www.readforreal.com\/#organization\",\"name\":\"Fundacja Powszechnego Czytania\",\"url\":\"https:\/\/www.readforreal.com\/\",\"logo\":{\"@type\":\"ImageObject\",\"inLanguage\":\"fi\",\"@id\":\"https:\/\/www.readforreal.com\/#\/schema\/logo\/image\/\",\"url\":\"https:\/\/www.readforreal.com\/wp-content\/uploads\/2025\/06\/RfR-logo-OK_1.png\",\"contentUrl\":\"https:\/\/www.readforreal.com\/wp-content\/uploads\/2025\/06\/RfR-logo-OK_1.png\",\"width\":1890,\"height\":1299,\"caption\":\"Fundacja Powszechnego Czytania\"},\"image\":{\"@id\":\"https:\/\/www.readforreal.com\/#\/schema\/logo\/image\/\"},\"sameAs\":[\"https:\/\/www.facebook.com\/read.forreal\",\"https:\/\/www.instagram.com\/read.forreal\/\"]}]}<\/script>\n<!-- \/ Yoast SEO plugin. -->","yoast_head_json":{"title":"Tietosuojaseloste | Read. For Real","robots":{"index":"index","follow":"follow","max-snippet":"max-snippet:-1","max-image-preview":"max-image-preview:large","max-video-preview":"max-video-preview:-1"},"canonical":"https:\/\/www.readforreal.com\/fi\/tietosuojaseloste\/","og_locale":"fi_FI","og_type":"article","og_title":"Tietosuojaseloste | Read. For Real","og_description":"1. Rekisterinpit\u00e4j\u00e4 Henkil\u00f6tietojesi rekisterinpit\u00e4j\u00e4 verkkosivustolla www.readforreal.com on: Fundacja Powszechnego CzytaniaPrzyokopowa 3301-208 Varsova, Puolas\u00e4hk\u00f6posti: sekretariat@fpc.org.pl Kaikissa henkil\u00f6tietojen k\u00e4sittelyyn liittyviss\u00e4 kysymyksiss\u00e4 voit ottaa meihin yhteytt\u00e4 yll\u00e4 olevalla s\u00e4hk\u00f6postiosoitteella tai postitse s\u00e4\u00e4ti\u00f6n rekister\u00f6ityyn osoitteeseen. 2. Tietojen k\u00e4sittelyn laajuus ja tarkoitukset Verkkosivusto www.readforreal.com on puhtaasti informatiivinen eik\u00e4 mahdollista k\u00e4ytt\u00e4jien rekister\u00f6itymist\u00e4, tapahtumia, kommentointia tai keskusteluihin osallistumista. Henkil\u00f6tietoja k\u00e4sitell\u00e4\u00e4n ainoastaan rekister\u00f6idyn [&hellip;]","og_url":"https:\/\/www.readforreal.com\/fi\/tietosuojaseloste\/","og_site_name":"Read. For Real","article_publisher":"https:\/\/www.facebook.com\/read.forreal","article_modified_time":"2025-09-17T00:11:35+00:00","twitter_card":"summary_large_image","twitter_misc":{"Arvioitu lukuaika":"3 minuuttia"},"schema":{"@context":"https:\/\/schema.org","@graph":[{"@type":"WebPage","@id":"https:\/\/www.readforreal.com\/fi\/tietosuojaseloste\/","url":"https:\/\/www.readforreal.com\/fi\/tietosuojaseloste\/","name":"Tietosuojaseloste | Read. For Real","isPartOf":{"@id":"https:\/\/www.readforreal.com\/#website"},"datePublished":"2025-06-28T22:10:54+00:00","dateModified":"2025-09-17T00:11:35+00:00","breadcrumb":{"@id":"https:\/\/www.readforreal.com\/fi\/tietosuojaseloste\/#breadcrumb"},"inLanguage":"fi","potentialAction":[{"@type":"ReadAction","target":["https:\/\/www.readforreal.com\/fi\/tietosuojaseloste\/"]}]},{"@type":"BreadcrumbList","@id":"https:\/\/www.readforreal.com\/fi\/tietosuojaseloste\/#breadcrumb","itemListElement":[{"@type":"ListItem","position":1,"name":"Home","item":"https:\/\/www.readforreal.com\/fi\/lue-tosissasi\/"},{"@type":"ListItem","position":2,"name":"Tietosuojaseloste"}]},{"@type":"WebSite","@id":"https:\/\/www.readforreal.com\/#website","url":"https:\/\/www.readforreal.com\/","name":"Read. For Real","description":"European Authors Day 11.11-12.12.2026","publisher":{"@id":"https:\/\/www.readforreal.com\/#organization"},"alternateName":"European Authors Day 11.11-12.12.2025","potentialAction":[{"@type":"SearchAction","target":{"@type":"EntryPoint","urlTemplate":"https:\/\/www.readforreal.com\/?s={search_term_string}"},"query-input":{"@type":"PropertyValueSpecification","valueRequired":true,"valueName":"search_term_string"}}],"inLanguage":"fi"},{"@type":"Organization","@id":"https:\/\/www.readforreal.com\/#organization","name":"Fundacja Powszechnego Czytania","url":"https:\/\/www.readforreal.com\/","logo":{"@type":"ImageObject","inLanguage":"fi","@id":"https:\/\/www.readforreal.com\/#\/schema\/logo\/image\/","url":"https:\/\/www.readforreal.com\/wp-content\/uploads\/2025\/06\/RfR-logo-OK_1.png","contentUrl":"https:\/\/www.readforreal.com\/wp-content\/uploads\/2025\/06\/RfR-logo-OK_1.png","width":1890,"height":1299,"caption":"Fundacja Powszechnego Czytania"},"image":{"@id":"https:\/\/www.readforreal.com\/#\/schema\/logo\/image\/"},"sameAs":["https:\/\/www.facebook.com\/read.forreal","https:\/\/www.instagram.com\/read.forreal\/"]}]}},"_links":{"self":[{"href":"https:\/\/www.readforreal.com\/fi\/wp-json\/wp\/v2\/pages\/4663","targetHints":{"allow":["GET"]}}],"collection":[{"href":"https:\/\/www.readforreal.com\/fi\/wp-json\/wp\/v2\/pages"}],"about":[{"href":"https:\/\/www.readforreal.com\/fi\/wp-json\/wp\/v2\/types\/page"}],"author":[{"embeddable":true,"href":"https:\/\/www.readforreal.com\/fi\/wp-json\/wp\/v2\/users\/1"}],"replies":[{"embeddable":true,"href":"https:\/\/www.readforreal.com\/fi\/wp-json\/wp\/v2\/comments?post=4663"}],"version-history":[{"count":2,"href":"https:\/\/www.readforreal.com\/fi\/wp-json\/wp\/v2\/pages\/4663\/revisions"}],"predecessor-version":[{"id":9322,"href":"https:\/\/www.readforreal.com\/fi\/wp-json\/wp\/v2\/pages\/4663\/revisions\/9322"}],"wp:attachment":[{"href":"https:\/\/www.readforreal.com\/fi\/wp-json\/wp\/v2\/media?parent=4663"}],"curies":[{"name":"wp","href":"https:\/\/api.w.org\/{rel}","templated":true}]}}