{"id":4333,"date":"2025-06-29T00:49:48","date_gmt":"2025-06-28T22:49:48","guid":{"rendered":"https:\/\/www.readforreal.com\/unelma\/"},"modified":"2026-04-11T12:20:04","modified_gmt":"2026-04-11T10:20:04","slug":"unelma","status":"publish","type":"page","link":"https:\/\/www.readforreal.com\/fi\/unelma\/","title":{"rendered":"Tietoa"},"content":{"rendered":"\t\t<div data-elementor-type=\"wp-page\" data-elementor-id=\"4333\" class=\"elementor elementor-4333 elementor-11\" data-elementor-post-type=\"page\">\n\t\t\t\t<div class=\"elementor-element elementor-element-578f9e4 e-flex e-con-boxed e-con e-parent\" data-id=\"578f9e4\" data-element_type=\"container\">\n\t\t\t\t\t<div class=\"e-con-inner\">\n\t\t\t\t\t<\/div>\n\t\t\t\t<\/div>\n\t\t<div class=\"elementor-element elementor-element-d090375 e-flex e-con-boxed e-con e-parent\" data-id=\"d090375\" data-element_type=\"container\">\n\t\t\t\t\t<div class=\"e-con-inner\">\n\t\t<div class=\"elementor-element elementor-element-ab4a09a e-con-full e-flex e-con e-child\" data-id=\"ab4a09a\" data-element_type=\"container\">\n\t\t\t\t<div class=\"elementor-element elementor-element-b65b79d elementor-widget elementor-widget-image\" data-id=\"b65b79d\" data-element_type=\"widget\" data-widget_type=\"image.default\">\n\t\t\t\t<div class=\"elementor-widget-container\">\n\t\t\t\t\t\t\t\t\t\t\t\t\t\t\t<img fetchpriority=\"high\" decoding=\"async\" width=\"800\" height=\"1000\" src=\"https:\/\/www.readforreal.com\/wp-content\/uploads\/2026\/04\/1.about-vision-2025-819x1024.png\" class=\"attachment-large size-large wp-image-25791\" alt=\"\" srcset=\"https:\/\/www.readforreal.com\/wp-content\/uploads\/2026\/04\/1.about-vision-2025-819x1024.png 819w, https:\/\/www.readforreal.com\/wp-content\/uploads\/2026\/04\/1.about-vision-2025-240x300.png 240w, https:\/\/www.readforreal.com\/wp-content\/uploads\/2026\/04\/1.about-vision-2025-768x960.png 768w, https:\/\/www.readforreal.com\/wp-content\/uploads\/2026\/04\/1.about-vision-2025.png 1080w\" sizes=\"(max-width: 800px) 100vw, 800px\" \/>\t\t\t\t\t\t\t\t\t\t\t\t\t\t\t<\/div>\n\t\t\t\t<\/div>\n\t\t\t\t<\/div>\n\t\t<div class=\"elementor-element elementor-element-51b0db3 e-con-full e-flex e-con e-child\" data-id=\"51b0db3\" data-element_type=\"container\">\n\t\t\t\t<div class=\"elementor-element elementor-element-02062ea elementor-widget elementor-widget-heading\" data-id=\"02062ea\" data-element_type=\"widget\" data-widget_type=\"heading.default\">\n\t\t\t\t<div class=\"elementor-widget-container\">\n\t\t\t\t\t<h2 class=\"elementor-heading-title elementor-size-default\">Visio<\/h2>\t\t\t\t<\/div>\n\t\t\t\t<\/div>\n\t\t\t\t<div class=\"elementor-element elementor-element-655bba0f elementor-widget elementor-widget-text-editor\" data-id=\"655bba0f\" data-element_type=\"widget\" data-widget_type=\"text-editor.default\">\n\t\t\t\t<div class=\"elementor-widget-container\">\n\t\t\t\t\t\t\t\t\t<p>Unelmamme on <b>Lukeva Eurooppa<\/b> \u2013 paikka, jossa kirjat ovat l\u00e4sn\u00e4 jokaisessa kodissa, lukemista edistet\u00e4\u00e4n voimakkaasti julkisissa tiloissa, ja kirjailijoiden tapaaminen tuo eurooppalaiset yhteen iloitsemaan kirjallisuudesta.<\/p><p><strong>#EuropeanAuthorsDay #ReadForReal<\/strong><b> ei pyri ainoastaan juhlimaan, vaan my\u00f6s luomaan yhdess\u00e4 tapahtumia, tiloja ja yhteis\u00f6j\u00e4, joissa kirjailijoista, kuvittajista, k\u00e4\u00e4nt\u00e4jist\u00e4 ja graafisista taiteilijoista tulee lapsille ja nuorille rakastettuja \u00e4\u00e4ni\u00e4 ja inspiroivia sankareita.<\/b><\/p>\t\t\t\t\t\t\t\t<\/div>\n\t\t\t\t<\/div>\n\t\t\t\t<\/div>\n\t\t\t\t\t<\/div>\n\t\t\t\t<\/div>\n\t\t<div class=\"elementor-element elementor-element-70c2e4c e-flex e-con-boxed e-con e-parent\" data-id=\"70c2e4c\" data-element_type=\"container\">\n\t\t\t\t\t<div class=\"e-con-inner\">\n\t\t\t\t<div class=\"elementor-element elementor-element-706a30b elementor-widget-divider--view-line elementor-widget elementor-widget-divider\" data-id=\"706a30b\" data-element_type=\"widget\" data-widget_type=\"divider.default\">\n\t\t\t\t<div class=\"elementor-widget-container\">\n\t\t\t\t\t\t\t<div class=\"elementor-divider\">\n\t\t\t<span class=\"elementor-divider-separator\">\n\t\t\t\t\t\t<\/span>\n\t\t<\/div>\n\t\t\t\t\t\t<\/div>\n\t\t\t\t<\/div>\n\t\t\t\t\t<\/div>\n\t\t\t\t<\/div>\n\t\t<div class=\"elementor-element elementor-element-52c478a e-flex e-con-boxed e-con e-parent\" data-id=\"52c478a\" data-element_type=\"container\">\n\t\t\t\t\t<div class=\"e-con-inner\">\n\t\t<div class=\"elementor-element elementor-element-67ffb0a e-con-full e-flex e-con e-child\" data-id=\"67ffb0a\" data-element_type=\"container\">\n\t\t\t\t<div class=\"elementor-element elementor-element-8eddbf6 elementor-widget elementor-widget-image\" data-id=\"8eddbf6\" data-element_type=\"widget\" data-widget_type=\"image.default\">\n\t\t\t\t<div class=\"elementor-widget-container\">\n\t\t\t\t\t\t\t\t\t\t\t\t\t\t\t<img decoding=\"async\" width=\"800\" height=\"800\" src=\"https:\/\/www.readforreal.com\/wp-content\/uploads\/2025\/08\/thedream_superheroes-1024x1024.png\" class=\"attachment-large size-large wp-image-4340\" alt=\"\" srcset=\"https:\/\/www.readforreal.com\/wp-content\/uploads\/2025\/08\/thedream_superheroes-1024x1024.png 1024w, https:\/\/www.readforreal.com\/wp-content\/uploads\/2025\/08\/thedream_superheroes-300x300.png 300w, https:\/\/www.readforreal.com\/wp-content\/uploads\/2025\/08\/thedream_superheroes-150x150.png 150w, https:\/\/www.readforreal.com\/wp-content\/uploads\/2025\/08\/thedream_superheroes-768x768.png 768w, https:\/\/www.readforreal.com\/wp-content\/uploads\/2025\/08\/thedream_superheroes-1536x1536.png 1536w, https:\/\/www.readforreal.com\/wp-content\/uploads\/2025\/08\/thedream_superheroes-2048x2048.png 2048w\" sizes=\"(max-width: 800px) 100vw, 800px\" \/>\t\t\t\t\t\t\t\t\t\t\t\t\t\t\t<\/div>\n\t\t\t\t<\/div>\n\t\t\t\t<\/div>\n\t\t<div class=\"elementor-element elementor-element-3bbcc74 e-con-full e-flex e-con e-child\" data-id=\"3bbcc74\" data-element_type=\"container\">\n\t\t\t\t<div class=\"elementor-element elementor-element-28bcb09 elementor-widget elementor-widget-heading\" data-id=\"28bcb09\" data-element_type=\"widget\" data-widget_type=\"heading.default\">\n\t\t\t\t<div class=\"elementor-widget-container\">\n\t\t\t\t\t<h2 class=\"elementor-heading-title elementor-size-default\">Kirjailijat ovat supersankareita<\/h2>\t\t\t\t<\/div>\n\t\t\t\t<\/div>\n\t\t\t\t<div class=\"elementor-element elementor-element-b4693ae elementor-widget elementor-widget-text-editor\" data-id=\"b4693ae\" data-element_type=\"widget\" data-widget_type=\"text-editor.default\">\n\t\t\t\t<div class=\"elementor-widget-container\">\n\t\t\t\t\t\t\t\t\t<p>Luovuus on m\u00e4\u00e4ritt\u00e4v\u00e4 inhimillinen piirre, voima, joka mahdollistaa uusien ideoiden, ratkaisujen, tuotteiden ja j\u00e4rjestelmien luomisen. T\u00e4st\u00e4 n\u00e4k\u00f6kulmasta kirjojen tekij\u00e4t &#8211; kirjailijat, kuvittajat, graafiset suunnittelijat ja k\u00e4\u00e4nt\u00e4j\u00e4t &#8211; ilment\u00e4v\u00e4t ihmisyyden ydint\u00e4&#8230; Heid\u00e4n luovuutensa kautta l\u00f6yd\u00e4mme inspiraatiota ajatella, muuttua ja edisty\u00e4. Heid\u00e4n tapaamisensa on kuin supersankareiden tapaamista.   <\/p>\t\t\t\t\t\t\t\t<\/div>\n\t\t\t\t<\/div>\n\t\t\t\t<\/div>\n\t\t\t\t\t<\/div>\n\t\t\t\t<\/div>\n\t\t<div class=\"elementor-element elementor-element-40fcd64 e-flex e-con-boxed e-con e-parent\" data-id=\"40fcd64\" data-element_type=\"container\">\n\t\t\t\t\t<div class=\"e-con-inner\">\n\t\t\t\t<div class=\"elementor-element elementor-element-869bff5 elementor-widget-divider--view-line elementor-widget elementor-widget-divider\" data-id=\"869bff5\" data-element_type=\"widget\" data-widget_type=\"divider.default\">\n\t\t\t\t<div class=\"elementor-widget-container\">\n\t\t\t\t\t\t\t<div class=\"elementor-divider\">\n\t\t\t<span class=\"elementor-divider-separator\">\n\t\t\t\t\t\t<\/span>\n\t\t<\/div>\n\t\t\t\t\t\t<\/div>\n\t\t\t\t<\/div>\n\t\t\t\t\t<\/div>\n\t\t\t\t<\/div>\n\t\t<div class=\"elementor-element elementor-element-2f83b4c e-flex e-con-boxed e-con e-parent\" data-id=\"2f83b4c\" data-element_type=\"container\">\n\t\t\t\t\t<div class=\"e-con-inner\">\n\t\t<div class=\"elementor-element elementor-element-1aefe28 e-con-full e-flex e-con e-child\" data-id=\"1aefe28\" data-element_type=\"container\">\n\t\t<div class=\"elementor-element elementor-element-95e6a37 e-con-full e-flex e-con e-child\" data-id=\"95e6a37\" data-element_type=\"container\">\n\t\t\t\t<div class=\"elementor-element elementor-element-5bb611c elementor-widget elementor-widget-image\" data-id=\"5bb611c\" data-element_type=\"widget\" data-widget_type=\"image.default\">\n\t\t\t\t<div class=\"elementor-widget-container\">\n\t\t\t\t\t\t\t\t\t\t\t\t\t\t\t<img decoding=\"async\" width=\"800\" height=\"480\" src=\"https:\/\/www.readforreal.com\/wp-content\/uploads\/2025\/08\/thedream_reading-1024x614.png\" class=\"attachment-large size-large wp-image-4341\" alt=\"\" srcset=\"https:\/\/www.readforreal.com\/wp-content\/uploads\/2025\/08\/thedream_reading-1024x614.png 1024w, https:\/\/www.readforreal.com\/wp-content\/uploads\/2025\/08\/thedream_reading-300x180.png 300w, https:\/\/www.readforreal.com\/wp-content\/uploads\/2025\/08\/thedream_reading-768x460.png 768w, https:\/\/www.readforreal.com\/wp-content\/uploads\/2025\/08\/thedream_reading-1536x920.png 1536w, https:\/\/www.readforreal.com\/wp-content\/uploads\/2025\/08\/thedream_reading-2048x1227.png 2048w\" sizes=\"(max-width: 800px) 100vw, 800px\" \/>\t\t\t\t\t\t\t\t\t\t\t\t\t\t\t<\/div>\n\t\t\t\t<\/div>\n\t\t<div class=\"elementor-element elementor-element-6873fec e-con-full e-flex e-con e-child\" data-id=\"6873fec\" data-element_type=\"container\">\n\t\t\t\t<div class=\"elementor-element elementor-element-7b7826a elementor-widget elementor-widget-text-editor\" data-id=\"7b7826a\" data-element_type=\"widget\" data-widget_type=\"text-editor.default\">\n\t\t\t\t<div class=\"elementor-widget-container\">\n\t\t\t\t\t\t\t\t\t<p><strong>Lue lis\u00e4\u00e4<\/strong><br><strong>lukemisen t\u00e4rkeydest\u00e4.<\/strong><\/p>\t\t\t\t\t\t\t\t<\/div>\n\t\t\t\t<\/div>\n\t\t\t\t<div class=\"elementor-element elementor-element-2b21dc1 elementor-widget elementor-widget-button\" data-id=\"2b21dc1\" data-element_type=\"widget\" data-widget_type=\"button.default\">\n\t\t\t\t<div class=\"elementor-widget-container\">\n\t\t\t\t\t\t\t\t\t<div class=\"elementor-button-wrapper\">\n\t\t\t\t\t<a class=\"elementor-button elementor-button-link elementor-size-sm\" href=\"https:\/\/www.readforreal.com\/fi\/unelma\/todisteet\/\">\n\t\t\t\t\t\t<span class=\"elementor-button-content-wrapper\">\n\t\t\t\t\t\t\t\t\t<span class=\"elementor-button-text\">Todisteet<\/span>\n\t\t\t\t\t<\/span>\n\t\t\t\t\t<\/a>\n\t\t\t\t<\/div>\n\t\t\t\t\t\t\t\t<\/div>\n\t\t\t\t<\/div>\n\t\t\t\t<\/div>\n\t\t\t\t<\/div>\n\t\t<div class=\"elementor-element elementor-element-057e139 e-con-full e-flex e-con e-child\" data-id=\"057e139\" data-element_type=\"container\">\n\t\t\t\t<div class=\"elementor-element elementor-element-53523e1 elementor-widget elementor-widget-heading\" data-id=\"53523e1\" data-element_type=\"widget\" data-widget_type=\"heading.default\">\n\t\t\t\t<div class=\"elementor-widget-container\">\n\t\t\t\t\t<h2 class=\"elementor-heading-title elementor-size-default\">Miksi lukeminen on t\u00e4rke\u00e4\u00e4?<\/h2>\t\t\t\t<\/div>\n\t\t\t\t<\/div>\n\t\t\t\t<div class=\"elementor-element elementor-element-9b27379 elementor-widget elementor-widget-text-editor\" data-id=\"9b27379\" data-element_type=\"widget\" data-widget_type=\"text-editor.default\">\n\t\t\t\t<div class=\"elementor-widget-container\">\n\t\t\t\t\t\t\t\t\t<p>Lukuisat tutkimukset eri tieteenaloilta, kuten psykologia, psykolingvistiikka, lastenl\u00e4\u00e4ketiede, sosiologia, neurotiede, psykiatria, koulutus ja taloustiede, sek\u00e4 instituutiot (Oxford, Harvard, PISA OECD, Boston Medical Center, UCLA, Sussexin yliopisto, Ulmin yliopisto ja monet muut) osoittavat yhdess\u00e4, ett\u00e4 kirjojen lukeminen ja puhuminen varhaisesta i\u00e4st\u00e4 l\u00e4htien kehitt\u00e4\u00e4 kielitaitoamme, rakentaa yksil\u00f6tasolla psykofyysist\u00e4 terveytt\u00e4mme ja hyvinvointiamme sek\u00e4 luo perustan el\u00e4m\u00e4ss\u00e4 menestymiselle. T\u00e4m\u00e4 puolestaan n\u00e4kyy yhteiskunnallisella tasolla tieteellisin\u00e4 ja taloudellisina saavutuksina, sosiaalisena p\u00e4\u00e4omana ja kest\u00e4v\u00e4mpin\u00e4 demokratioina. <\/p>\t\t\t\t\t\t\t\t<\/div>\n\t\t\t\t<\/div>\n\t\t\t\t<\/div>\n\t\t\t\t<\/div>\n\t\t\t\t\t<\/div>\n\t\t\t\t<\/div>\n\t\t<div class=\"elementor-element elementor-element-1027d02 e-flex e-con-boxed e-con e-parent\" data-id=\"1027d02\" data-element_type=\"container\">\n\t\t\t\t\t<div class=\"e-con-inner\">\n\t\t\t\t<div class=\"elementor-element elementor-element-282ee65 elementor-widget-divider--view-line elementor-widget elementor-widget-divider\" data-id=\"282ee65\" data-element_type=\"widget\" data-widget_type=\"divider.default\">\n\t\t\t\t<div class=\"elementor-widget-container\">\n\t\t\t\t\t\t\t<div class=\"elementor-divider\">\n\t\t\t<span class=\"elementor-divider-separator\">\n\t\t\t\t\t\t<\/span>\n\t\t<\/div>\n\t\t\t\t\t\t<\/div>\n\t\t\t\t<\/div>\n\t\t\t\t\t<\/div>\n\t\t\t\t<\/div>\n\t\t<div class=\"elementor-element elementor-element-2a75732 e-flex e-con-boxed e-con e-parent\" data-id=\"2a75732\" data-element_type=\"container\">\n\t\t\t\t\t<div class=\"e-con-inner\">\n\t\t<div class=\"elementor-element elementor-element-20165e6 e-con-full e-flex e-con e-child\" data-id=\"20165e6\" data-element_type=\"container\">\n\t\t\t\t<div class=\"elementor-element elementor-element-b29b5d7 elementor-widget elementor-widget-heading\" data-id=\"b29b5d7\" data-element_type=\"widget\" data-widget_type=\"heading.default\">\n\t\t\t\t<div class=\"elementor-widget-container\">\n\t\t\t\t\t<h2 class=\"elementor-heading-title elementor-size-default\">Alku<\/h2>\t\t\t\t<\/div>\n\t\t\t\t<\/div>\n\t\t\t\t<div class=\"elementor-element elementor-element-cfa110b elementor-widget elementor-widget-text-editor\" data-id=\"cfa110b\" data-element_type=\"widget\" data-widget_type=\"text-editor.default\">\n\t\t\t\t<div class=\"elementor-widget-container\">\n\t\t\t\t\t\t\t\t\t<p><strong>European Authors Day<\/strong> -hankkeen k\u00e4ynnisti Euroopan komissio vuonna 2023, ja sen kahta ensimm\u00e4ist\u00e4 toteutusta koordinoi Creative Europe -tiimi. Olemme kunnioissamme ja kiitollisia siit\u00e4, ett\u00e4 konsorttiomme on valittu jatkamaan t\u00e4t\u00e4 upeaa teht\u00e4v\u00e4\u00e4. <\/p><p><a class=\"link-orange\" href=\"https:\/\/www.readforreal.com\/fi\/unelma\/tietoa\/\">Lue lis\u00e4\u00e4<\/a> projektia johtavista kumppaniorganisaatioista.<\/p><p>Kutsumme sinut <a class=\"link-orange\" href=\"https:\/\/www.readforreal.com\/fi\/osallistu\/\">mukaan<\/a> \u2013 hanke on avoin kaikille.<\/p>\t\t\t\t\t\t\t\t<\/div>\n\t\t\t\t<\/div>\n\t\t\t\t<\/div>\n\t\t<div class=\"elementor-element elementor-element-18bba7b e-con-full e-flex e-con e-child\" data-id=\"18bba7b\" data-element_type=\"container\">\n\t\t\t\t<div class=\"elementor-element elementor-element-644dfb8 elementor-widget elementor-widget-image\" data-id=\"644dfb8\" data-element_type=\"widget\" data-widget_type=\"image.default\">\n\t\t\t\t<div class=\"elementor-widget-container\">\n\t\t\t\t\t\t\t\t\t\t\t\t\t\t\t<img loading=\"lazy\" decoding=\"async\" width=\"800\" height=\"842\" src=\"https:\/\/www.readforreal.com\/wp-content\/uploads\/2025\/08\/thedream_cofunded-1.png\" class=\"attachment-large size-large wp-image-4343\" alt=\"\" srcset=\"https:\/\/www.readforreal.com\/wp-content\/uploads\/2025\/08\/thedream_cofunded-1.png 899w, https:\/\/www.readforreal.com\/wp-content\/uploads\/2025\/08\/thedream_cofunded-1-285x300.png 285w, https:\/\/www.readforreal.com\/wp-content\/uploads\/2025\/08\/thedream_cofunded-1-768x808.png 768w\" sizes=\"(max-width: 800px) 100vw, 800px\" \/>\t\t\t\t\t\t\t\t\t\t\t\t\t\t\t<\/div>\n\t\t\t\t<\/div>\n\t\t\t\t<\/div>\n\t\t\t\t\t<\/div>\n\t\t\t\t<\/div>\n\t\t<div class=\"elementor-element elementor-element-0b86485 e-flex e-con-boxed e-con e-parent\" data-id=\"0b86485\" data-element_type=\"container\">\n\t\t\t\t\t<div class=\"e-con-inner\">\n\t\t\t\t<div class=\"elementor-element elementor-element-fcc7465 elementor-widget-divider--view-line elementor-widget elementor-widget-divider\" data-id=\"fcc7465\" data-element_type=\"widget\" data-widget_type=\"divider.default\">\n\t\t\t\t<div class=\"elementor-widget-container\">\n\t\t\t\t\t\t\t<div class=\"elementor-divider\">\n\t\t\t<span class=\"elementor-divider-separator\">\n\t\t\t\t\t\t<\/span>\n\t\t<\/div>\n\t\t\t\t\t\t<\/div>\n\t\t\t\t<\/div>\n\t\t\t\t\t<\/div>\n\t\t\t\t<\/div>\n\t\t<div class=\"elementor-element elementor-element-55041e0 e-flex e-con-boxed e-con e-parent\" data-id=\"55041e0\" data-element_type=\"container\">\n\t\t\t\t\t<div class=\"e-con-inner\">\n\t\t\t\t\t<\/div>\n\t\t\t\t<\/div>\n\t\t\t\t<\/div>\n\t\t","protected":false},"excerpt":{"rendered":"<p>Visio Unelmamme on Lukeva Eurooppa \u2013 paikka, jossa kirjat ovat l\u00e4sn\u00e4 jokaisessa kodissa, lukemista edistet\u00e4\u00e4n voimakkaasti julkisissa tiloissa, ja kirjailijoiden tapaaminen tuo eurooppalaiset yhteen iloitsemaan kirjallisuudesta. #EuropeanAuthorsDay #ReadForReal ei pyri ainoastaan juhlimaan, vaan my\u00f6s luomaan yhdess\u00e4 tapahtumia, tiloja ja yhteis\u00f6j\u00e4, joissa kirjailijoista, kuvittajista, k\u00e4\u00e4nt\u00e4jist\u00e4 ja graafisista taiteilijoista tulee lapsille ja nuorille rakastettuja \u00e4\u00e4ni\u00e4 ja inspiroivia [&hellip;]<\/p>\n","protected":false},"author":1,"featured_media":0,"parent":0,"menu_order":0,"comment_status":"closed","ping_status":"closed","template":"elementor_header_footer","meta":{"footnotes":""},"class_list":["post-4333","page","type-page","status-publish","hentry"],"yoast_head":"<!-- This site is optimized with the Yoast SEO plugin v26.1.1 - https:\/\/yoast.com\/wordpress\/plugins\/seo\/ -->\n<title>Tietoa | Read. For Real<\/title>\n<meta name=\"robots\" content=\"index, follow, max-snippet:-1, max-image-preview:large, max-video-preview:-1\" \/>\n<link rel=\"canonical\" href=\"https:\/\/www.readforreal.com\/fi\/unelma\/\" \/>\n<meta property=\"og:locale\" content=\"fi_FI\" \/>\n<meta property=\"og:type\" content=\"article\" \/>\n<meta property=\"og:title\" content=\"Tietoa | Read. For Real\" \/>\n<meta property=\"og:description\" content=\"Visio Unelmamme on Lukeva Eurooppa \u2013 paikka, jossa kirjat ovat l\u00e4sn\u00e4 jokaisessa kodissa, lukemista edistet\u00e4\u00e4n voimakkaasti julkisissa tiloissa, ja kirjailijoiden tapaaminen tuo eurooppalaiset yhteen iloitsemaan kirjallisuudesta. #EuropeanAuthorsDay #ReadForReal ei pyri ainoastaan juhlimaan, vaan my\u00f6s luomaan yhdess\u00e4 tapahtumia, tiloja ja yhteis\u00f6j\u00e4, joissa kirjailijoista, kuvittajista, k\u00e4\u00e4nt\u00e4jist\u00e4 ja graafisista taiteilijoista tulee lapsille ja nuorille rakastettuja \u00e4\u00e4ni\u00e4 ja inspiroivia [&hellip;]\" \/>\n<meta property=\"og:url\" content=\"https:\/\/www.readforreal.com\/fi\/unelma\/\" \/>\n<meta property=\"og:site_name\" content=\"Read. For Real\" \/>\n<meta property=\"article:publisher\" content=\"https:\/\/www.facebook.com\/read.forreal\" \/>\n<meta property=\"article:modified_time\" content=\"2026-04-11T10:20:04+00:00\" \/>\n<meta property=\"og:image\" content=\"https:\/\/www.readforreal.com\/wp-content\/uploads\/2026\/04\/1.about-vision-2025.png\" \/>\n\t<meta property=\"og:image:width\" content=\"1080\" \/>\n\t<meta property=\"og:image:height\" content=\"1350\" \/>\n\t<meta property=\"og:image:type\" content=\"image\/png\" \/>\n<meta name=\"twitter:card\" content=\"summary_large_image\" \/>\n<meta name=\"twitter:label1\" content=\"Arvioitu lukuaika\" \/>\n\t<meta name=\"twitter:data1\" content=\"1 minuutti\" \/>\n<script type=\"application\/ld+json\" class=\"yoast-schema-graph\">{\"@context\":\"https:\/\/schema.org\",\"@graph\":[{\"@type\":\"WebPage\",\"@id\":\"https:\/\/www.readforreal.com\/fi\/unelma\/\",\"url\":\"https:\/\/www.readforreal.com\/fi\/unelma\/\",\"name\":\"Tietoa | Read. For Real\",\"isPartOf\":{\"@id\":\"https:\/\/www.readforreal.com\/#website\"},\"primaryImageOfPage\":{\"@id\":\"https:\/\/www.readforreal.com\/fi\/unelma\/#primaryimage\"},\"image\":{\"@id\":\"https:\/\/www.readforreal.com\/fi\/unelma\/#primaryimage\"},\"thumbnailUrl\":\"https:\/\/www.readforreal.com\/wp-content\/uploads\/2026\/04\/1.about-vision-2025-819x1024.png\",\"datePublished\":\"2025-06-28T22:49:48+00:00\",\"dateModified\":\"2026-04-11T10:20:04+00:00\",\"breadcrumb\":{\"@id\":\"https:\/\/www.readforreal.com\/fi\/unelma\/#breadcrumb\"},\"inLanguage\":\"fi\",\"potentialAction\":[{\"@type\":\"ReadAction\",\"target\":[\"https:\/\/www.readforreal.com\/fi\/unelma\/\"]}]},{\"@type\":\"ImageObject\",\"inLanguage\":\"fi\",\"@id\":\"https:\/\/www.readforreal.com\/fi\/unelma\/#primaryimage\",\"url\":\"https:\/\/www.readforreal.com\/wp-content\/uploads\/2026\/04\/1.about-vision-2025-819x1024.png\",\"contentUrl\":\"https:\/\/www.readforreal.com\/wp-content\/uploads\/2026\/04\/1.about-vision-2025-819x1024.png\"},{\"@type\":\"BreadcrumbList\",\"@id\":\"https:\/\/www.readforreal.com\/fi\/unelma\/#breadcrumb\",\"itemListElement\":[{\"@type\":\"ListItem\",\"position\":1,\"name\":\"Home\",\"item\":\"https:\/\/www.readforreal.com\/fi\/lue-tosissasi\/\"},{\"@type\":\"ListItem\",\"position\":2,\"name\":\"Tietoa\"}]},{\"@type\":\"WebSite\",\"@id\":\"https:\/\/www.readforreal.com\/#website\",\"url\":\"https:\/\/www.readforreal.com\/\",\"name\":\"Read. For Real\",\"description\":\"European Authors Day 11.11-12.12.2026\",\"publisher\":{\"@id\":\"https:\/\/www.readforreal.com\/#organization\"},\"alternateName\":\"European Authors Day 11.11-12.12.2025\",\"potentialAction\":[{\"@type\":\"SearchAction\",\"target\":{\"@type\":\"EntryPoint\",\"urlTemplate\":\"https:\/\/www.readforreal.com\/?s={search_term_string}\"},\"query-input\":{\"@type\":\"PropertyValueSpecification\",\"valueRequired\":true,\"valueName\":\"search_term_string\"}}],\"inLanguage\":\"fi\"},{\"@type\":\"Organization\",\"@id\":\"https:\/\/www.readforreal.com\/#organization\",\"name\":\"Fundacja Powszechnego Czytania\",\"url\":\"https:\/\/www.readforreal.com\/\",\"logo\":{\"@type\":\"ImageObject\",\"inLanguage\":\"fi\",\"@id\":\"https:\/\/www.readforreal.com\/#\/schema\/logo\/image\/\",\"url\":\"https:\/\/www.readforreal.com\/wp-content\/uploads\/2025\/06\/RfR-logo-OK_1.png\",\"contentUrl\":\"https:\/\/www.readforreal.com\/wp-content\/uploads\/2025\/06\/RfR-logo-OK_1.png\",\"width\":1890,\"height\":1299,\"caption\":\"Fundacja Powszechnego Czytania\"},\"image\":{\"@id\":\"https:\/\/www.readforreal.com\/#\/schema\/logo\/image\/\"},\"sameAs\":[\"https:\/\/www.facebook.com\/read.forreal\",\"https:\/\/www.instagram.com\/read.forreal\/\"]}]}<\/script>\n<!-- \/ Yoast SEO plugin. -->","yoast_head_json":{"title":"Tietoa | Read. For Real","robots":{"index":"index","follow":"follow","max-snippet":"max-snippet:-1","max-image-preview":"max-image-preview:large","max-video-preview":"max-video-preview:-1"},"canonical":"https:\/\/www.readforreal.com\/fi\/unelma\/","og_locale":"fi_FI","og_type":"article","og_title":"Tietoa | Read. For Real","og_description":"Visio Unelmamme on Lukeva Eurooppa \u2013 paikka, jossa kirjat ovat l\u00e4sn\u00e4 jokaisessa kodissa, lukemista edistet\u00e4\u00e4n voimakkaasti julkisissa tiloissa, ja kirjailijoiden tapaaminen tuo eurooppalaiset yhteen iloitsemaan kirjallisuudesta. #EuropeanAuthorsDay #ReadForReal ei pyri ainoastaan juhlimaan, vaan my\u00f6s luomaan yhdess\u00e4 tapahtumia, tiloja ja yhteis\u00f6j\u00e4, joissa kirjailijoista, kuvittajista, k\u00e4\u00e4nt\u00e4jist\u00e4 ja graafisista taiteilijoista tulee lapsille ja nuorille rakastettuja \u00e4\u00e4ni\u00e4 ja inspiroivia [&hellip;]","og_url":"https:\/\/www.readforreal.com\/fi\/unelma\/","og_site_name":"Read. For Real","article_publisher":"https:\/\/www.facebook.com\/read.forreal","article_modified_time":"2026-04-11T10:20:04+00:00","og_image":[{"width":1080,"height":1350,"url":"https:\/\/www.readforreal.com\/wp-content\/uploads\/2026\/04\/1.about-vision-2025.png","type":"image\/png"}],"twitter_card":"summary_large_image","twitter_misc":{"Arvioitu lukuaika":"1 minuutti"},"schema":{"@context":"https:\/\/schema.org","@graph":[{"@type":"WebPage","@id":"https:\/\/www.readforreal.com\/fi\/unelma\/","url":"https:\/\/www.readforreal.com\/fi\/unelma\/","name":"Tietoa | Read. For Real","isPartOf":{"@id":"https:\/\/www.readforreal.com\/#website"},"primaryImageOfPage":{"@id":"https:\/\/www.readforreal.com\/fi\/unelma\/#primaryimage"},"image":{"@id":"https:\/\/www.readforreal.com\/fi\/unelma\/#primaryimage"},"thumbnailUrl":"https:\/\/www.readforreal.com\/wp-content\/uploads\/2026\/04\/1.about-vision-2025-819x1024.png","datePublished":"2025-06-28T22:49:48+00:00","dateModified":"2026-04-11T10:20:04+00:00","breadcrumb":{"@id":"https:\/\/www.readforreal.com\/fi\/unelma\/#breadcrumb"},"inLanguage":"fi","potentialAction":[{"@type":"ReadAction","target":["https:\/\/www.readforreal.com\/fi\/unelma\/"]}]},{"@type":"ImageObject","inLanguage":"fi","@id":"https:\/\/www.readforreal.com\/fi\/unelma\/#primaryimage","url":"https:\/\/www.readforreal.com\/wp-content\/uploads\/2026\/04\/1.about-vision-2025-819x1024.png","contentUrl":"https:\/\/www.readforreal.com\/wp-content\/uploads\/2026\/04\/1.about-vision-2025-819x1024.png"},{"@type":"BreadcrumbList","@id":"https:\/\/www.readforreal.com\/fi\/unelma\/#breadcrumb","itemListElement":[{"@type":"ListItem","position":1,"name":"Home","item":"https:\/\/www.readforreal.com\/fi\/lue-tosissasi\/"},{"@type":"ListItem","position":2,"name":"Tietoa"}]},{"@type":"WebSite","@id":"https:\/\/www.readforreal.com\/#website","url":"https:\/\/www.readforreal.com\/","name":"Read. For Real","description":"European Authors Day 11.11-12.12.2026","publisher":{"@id":"https:\/\/www.readforreal.com\/#organization"},"alternateName":"European Authors Day 11.11-12.12.2025","potentialAction":[{"@type":"SearchAction","target":{"@type":"EntryPoint","urlTemplate":"https:\/\/www.readforreal.com\/?s={search_term_string}"},"query-input":{"@type":"PropertyValueSpecification","valueRequired":true,"valueName":"search_term_string"}}],"inLanguage":"fi"},{"@type":"Organization","@id":"https:\/\/www.readforreal.com\/#organization","name":"Fundacja Powszechnego Czytania","url":"https:\/\/www.readforreal.com\/","logo":{"@type":"ImageObject","inLanguage":"fi","@id":"https:\/\/www.readforreal.com\/#\/schema\/logo\/image\/","url":"https:\/\/www.readforreal.com\/wp-content\/uploads\/2025\/06\/RfR-logo-OK_1.png","contentUrl":"https:\/\/www.readforreal.com\/wp-content\/uploads\/2025\/06\/RfR-logo-OK_1.png","width":1890,"height":1299,"caption":"Fundacja Powszechnego Czytania"},"image":{"@id":"https:\/\/www.readforreal.com\/#\/schema\/logo\/image\/"},"sameAs":["https:\/\/www.facebook.com\/read.forreal","https:\/\/www.instagram.com\/read.forreal\/"]}]}},"_links":{"self":[{"href":"https:\/\/www.readforreal.com\/fi\/wp-json\/wp\/v2\/pages\/4333","targetHints":{"allow":["GET"]}}],"collection":[{"href":"https:\/\/www.readforreal.com\/fi\/wp-json\/wp\/v2\/pages"}],"about":[{"href":"https:\/\/www.readforreal.com\/fi\/wp-json\/wp\/v2\/types\/page"}],"author":[{"embeddable":true,"href":"https:\/\/www.readforreal.com\/fi\/wp-json\/wp\/v2\/users\/1"}],"replies":[{"embeddable":true,"href":"https:\/\/www.readforreal.com\/fi\/wp-json\/wp\/v2\/comments?post=4333"}],"version-history":[{"count":9,"href":"https:\/\/www.readforreal.com\/fi\/wp-json\/wp\/v2\/pages\/4333\/revisions"}],"predecessor-version":[{"id":26172,"href":"https:\/\/www.readforreal.com\/fi\/wp-json\/wp\/v2\/pages\/4333\/revisions\/26172"}],"wp:attachment":[{"href":"https:\/\/www.readforreal.com\/fi\/wp-json\/wp\/v2\/media?parent=4333"}],"curies":[{"name":"wp","href":"https:\/\/api.w.org\/{rel}","templated":true}]}}