{"id":4614,"date":"2025-06-29T00:10:54","date_gmt":"2025-06-28T22:10:54","guid":{"rendered":"https:\/\/www.readforreal.com\/zasady-ochrany-osobnich-udaju\/"},"modified":"2025-09-17T02:11:35","modified_gmt":"2025-09-17T00:11:35","slug":"zasady-ochrany-osobnich-udaju","status":"publish","type":"page","link":"https:\/\/www.readforreal.com\/cs\/zasady-ochrany-osobnich-udaju\/","title":{"rendered":"Z\u00e1sady ochrany osobn\u00edch \u00fadaj\u016f"},"content":{"rendered":"\t\t<div data-elementor-type=\"wp-page\" data-elementor-id=\"4614\" class=\"elementor elementor-4614 elementor-3\" data-elementor-post-type=\"page\">\n\t\t\t\t<div class=\"elementor-element elementor-element-726f90a3 e-flex e-con-boxed e-con e-parent\" data-id=\"726f90a3\" data-element_type=\"container\">\n\t\t\t\t\t<div class=\"e-con-inner\">\n\t\t\t\t\t<\/div>\n\t\t\t\t<\/div>\n\t\t<div class=\"elementor-element elementor-element-57caaef1 e-flex e-con-boxed e-con e-parent\" data-id=\"57caaef1\" data-element_type=\"container\">\n\t\t\t\t\t<div class=\"e-con-inner\">\n\t\t\t\t<div class=\"elementor-element elementor-element-5352cfaa elementor-widget elementor-widget-text-editor\" data-id=\"5352cfaa\" data-element_type=\"widget\" data-widget_type=\"text-editor.default\">\n\t\t\t\t<div class=\"elementor-widget-container\">\n\t\t\t\t\t\t\t\t\t<h2>1. Spr\u00e1vce \u00fadaj\u016f<\/h2><p>Spr\u00e1vcem tv\u00fdch osobn\u00edch \u00fadaj\u016f na webu <strong>www.readforreal.com<\/strong> je:<\/p><p><strong>Fundacja Powszechnego Czytania<\/strong><br>Przyokopowa 33<br>01-208 Var\u0161ava, Polsko<br>e-mail: <a href=\"mailto:sekretariat@fpc.org.pl\">sekretariat@fpc.org.pl<\/a><\/p><p>S jak\u00fdmikoliv dotazy ohledn\u011b zpracov\u00e1n\u00ed osobn\u00edch \u00fadaj\u016f se na n\u00e1s m\u016f\u017ee\u0161 obr\u00e1tit prost\u0159ednictv\u00edm v\u00fd\u0161e uveden\u00e9ho e-mailu nebo po\u0161tou na registrovan\u00e9 adrese nadace.<\/p><h2>2. Rozsah a \u00fa\u010dely zpracov\u00e1n\u00ed \u00fadaj\u016f<\/h2><p>Web <strong>www.readforreal.com<\/strong> je \u010dist\u011b informativn\u00ed a neumo\u017e\u0148uje registraci u\u017eivatel\u016f, transakce, komentov\u00e1n\u00ed ani \u00fa\u010dast v diskuz\u00edch. Osobn\u00ed \u00fadaje jsou zpracov\u00e1v\u00e1ny pouze na z\u00e1klad\u011b dobrovoln\u00e9ho souhlasu subjektu \u00fadaj\u016f, zejm\u00e9na: P\u0159i p\u0159ihl\u00e1\u0161en\u00ed k odb\u011bru newsletteru \u2013 shroma\u017e\u010fovan\u00e9 \u00fadaje zahrnuj\u00ed: <\/p><ul><li>e-mailovou adresu<\/li><li>k\u0159estn\u00ed jm\u00e9no.<\/li><\/ul><p>Tyto \u00fadaje jsou pou\u017e\u00edv\u00e1ny v\u00fdhradn\u011b pro:<\/p><ul><li>zas\u00edl\u00e1n\u00ed informac\u00ed a materi\u00e1l\u016f souvisej\u00edc\u00edch s projektem Read For Real,<\/li><li>poskytov\u00e1n\u00ed slu\u017eby newsletteru,<\/li><li>p\u0159\u00edpadn\u00fd kontakt ohledn\u011b projektu nebo souvisej\u00edc\u00edch slu\u017eeb.<\/li><\/ul><p>Krom\u011b toho mohou b\u00fdt osobn\u00ed \u00fadaje zpracov\u00e1v\u00e1ny v souvislosti s pou\u017e\u00edv\u00e1n\u00edm kan\u00e1l\u016f soci\u00e1ln\u00edch m\u00e9di\u00ed, v\u010detn\u011b: u\u017eivatelsk\u00fdch profil\u016f a \u00fa\u010dt\u016f na platform\u00e1ch jako Facebook, Instagram, YouTube, Twitter, LinkedIn, kter\u00e9 jsou pou\u017e\u00edv\u00e1ny pro komunikaci a propagaci projektu, v souladu s pravidly a z\u00e1sadami ochrany osobn\u00edch \u00fadaj\u016f t\u011bchto platforem.<\/p><h2>3. Pr\u00e1vn\u00ed z\u00e1klad zpracov\u00e1n\u00ed<\/h2><p>Zpracov\u00e1n\u00ed osobn\u00edch \u00fadaj\u016f je prov\u00e1d\u011bno na z\u00e1klad\u011b:<\/p><ul><li>souhlasu subjektu \u00fadaj\u016f (\u010dl\u00e1nek 6 odst. 1 p\u00edsm. a) GDPR),<\/li><li>opr\u00e1vn\u011bn\u00fdch z\u00e1jm\u016f spr\u00e1vce \u00fadaj\u016f (\u010dl\u00e1nek 6 odst. 1 p\u00edsm. f) GDPR), v rozsahu anal\u00fdzy n\u00e1v\u0161t\u011bvnosti webu (Google Analytics).<\/li><\/ul><h2>4. P\u0159\u00edjemci \u00fadaj\u016f<\/h2><p>Osobn\u00ed \u00fadaje nejsou sd\u00edleny s t\u0159et\u00edmi stranami pro komer\u010dn\u00ed nebo marketingov\u00e9 \u00fa\u010dely. Pro poskytov\u00e1n\u00ed na\u0161ich slu\u017eeb v\u0161ak spolupracujeme s n\u00e1sleduj\u00edc\u00edmi subjekty: <\/p><ul><li><strong>MailerLite<\/strong> \u2013 poskytovatel slu\u017eby newsletteru, zpracov\u00e1vaj\u00edc\u00ed \u00fadaje na\u0161\u00edm jm\u00e9nem,<\/li><li><strong>MyDevil.net<\/strong> \u2013 poskytovatel hostingu webu,<\/li><li><strong>Google Analytics<\/strong> \u2013 analytick\u00fd n\u00e1stroj pro sledov\u00e1n\u00ed n\u00e1v\u0161t\u011bvnosti webu, zpracov\u00e1vaj\u00edc\u00ed anonymn\u00ed statistick\u00e9 \u00fadaje,<\/li><li><strong>Platformy soci\u00e1ln\u00edch m\u00e9di\u00ed<\/strong> (nap\u0159. Facebook, Instagram) \u2013 v souvislosti s interakcemi a komunikac\u00ed prost\u0159ednictv\u00edm t\u011bchto kan\u00e1l\u016f.<\/li><\/ul><p>V\u0161ichni tito p\u0159\u00edjemci jsou povinni dodr\u017eovat platn\u00e9 z\u00e1kony o ochran\u011b \u00fadaj\u016f (GDPR).<\/p><h2>5. Cookies a analytick\u00e9 n\u00e1stroje<\/h2><p>Web <strong>www.readforreal.com<\/strong> pou\u017e\u00edv\u00e1 cookies pro spr\u00e1vn\u00e9 fungov\u00e1n\u00ed slu\u017eby a pro analytick\u00e9 \u00fa\u010dely (Google Analytics).<\/p><p>Cookies shroma\u017e\u010fuj\u00ed anonymn\u00ed \u00fadaje o n\u00e1v\u0161t\u011bvnosti a chov\u00e1n\u00ed u\u017eivatel\u016f na webu, co\u017e umo\u017e\u0148uje optimalizaci slu\u017eby.<\/p><h2>6. Doba uchov\u00e1v\u00e1n\u00ed \u00fadaj\u016f<\/h2><p>Osobn\u00ed \u00fadaje shrom\u00e1\u017ed\u011bn\u00e9 prost\u0159ednictv\u00edm newsletteru jsou uchov\u00e1v\u00e1ny po dobu trv\u00e1n\u00ed projektu Read For Real nebo do odvol\u00e1n\u00ed souhlasu u\u017eivatelem (nap\u0159. odhl\u00e1\u0161en\u00ed z newsletteru).<\/p><p>Analytick\u00e9 \u00fadaje zpracov\u00e1van\u00e9 slu\u017ebou Google Analytics jsou uchov\u00e1v\u00e1ny po dobu stanovenou poskytovatelem slu\u017eby, v anonymn\u00ed podob\u011b.<\/p><h2>7. Pr\u00e1va subjektu \u00fadaj\u016f<\/h2><p>U\u017eivatel\u00e9 maj\u00ed pr\u00e1vo:<\/p><ul><li>na p\u0159\u00edstup ke sv\u00fdm osobn\u00edm \u00fadaj\u016fm,<\/li><li>na opravu nep\u0159esn\u00fdch \u00fadaj\u016f,<\/li><li>na v\u00fdmaz sv\u00fdch \u00fadaj\u016f (\u201epr\u00e1vo b\u00fdt zapomenut&#8220;),<\/li><li>na omezen\u00ed zpracov\u00e1n\u00ed \u00fadaj\u016f,<\/li><li>na p\u0159enositelnost \u00fadaj\u016f,<\/li><li>vzn\u00e9st n\u00e1mitku proti zpracov\u00e1n\u00ed \u00fadaj\u016f,<\/li><li>kdykoliv odvolat souhlas se zpracov\u00e1n\u00edm \u00fadaj\u016f (bez vlivu na z\u00e1konnost zpracov\u00e1n\u00ed zalo\u017een\u00e9ho na souhlasu p\u0159ed jeho odvol\u00e1n\u00edm).<\/li><\/ul><p>Pro uplatn\u011bn\u00ed t\u011bchto pr\u00e1v n\u00e1s pros\u00edm kontaktuj na: <a href=\"mailto:sekretariat@fpc.org.pl\">sekretariat@fpc.org.pl<\/a>.<\/p><p>U\u017eivatel\u00e9 maj\u00ed tak\u00e9 pr\u00e1vo podat st\u00ed\u017enost u p\u0159\u00edslu\u0161n\u00e9ho dozorov\u00e9ho \u00fa\u0159adu pro ochranu \u00fadaj\u016f (v Polsku P\u0159edseda \u00da\u0159adu pro ochranu osobn\u00edch \u00fadaj\u016f).<\/p><h2>8. Bezpe\u010dnost \u00fadaj\u016f<\/h2><p>Spr\u00e1vce zav\u00e1d\u00ed vhodn\u00e1 technick\u00e1 a organiza\u010dn\u00ed opat\u0159en\u00ed k ochran\u011b osobn\u00edch \u00fadaj\u016f p\u0159ed neopr\u00e1vn\u011bn\u00fdm p\u0159\u00edstupem, ztr\u00e1tou, zm\u011bnou nebo zve\u0159ejn\u011bn\u00edm.<\/p><h2>9. Pou\u017e\u00edv\u00e1n\u00ed soci\u00e1ln\u00edch m\u00e9di\u00ed<\/h2><p>Profily Fundacja Powszechnego Czytania a projektu Read For Real na soci\u00e1ln\u00edch m\u00e9di\u00edch funguj\u00ed podle samostatn\u00fdch podm\u00ednek a z\u00e1sad ochrany osobn\u00edch \u00fadaj\u016f t\u011bchto platforem. Osobn\u00ed \u00fadaje sd\u00edlen\u00e9 b\u011bhem interakc\u00ed na platform\u00e1ch soci\u00e1ln\u00edch m\u00e9di\u00ed jsou zpracov\u00e1v\u00e1ny podle p\u0159edpis\u016f t\u011bchto slu\u017eeb a jsou mimo p\u0159\u00edmou kontrolu spr\u00e1vce webu www.readforreal.com. <\/p><h2>10. Zm\u011bny z\u00e1sad ochrany osobn\u00edch \u00fadaj\u016f<\/h2><p>Spr\u00e1vce si vyhrazuje pr\u00e1vo zm\u011bnit tyto z\u00e1sady ochrany osobn\u00edch \u00fadaj\u016f. Aktu\u00e1ln\u00ed a platn\u00e1 verze bude v\u017edy k dispozici na <strong>www.readforreal.com<\/strong>. U\u017eivatel\u00e9 budou o v\u0161ech v\u00fdznamn\u00fdch zm\u011bn\u00e1ch t\u011bchto z\u00e1sad informov\u00e1ni.  <\/p><h2>11. Materi\u00e1ly<\/h2><p><span style=\"font-weight: 400;\">Na\u0161e materi\u00e1ly jsou k dispozici v\u0161em jednotlivc\u016fm zapojen\u00fdm do projektu Read.For Real a mohou b\u00fdt pou\u017e\u00edv\u00e1ny, kop\u00edrov\u00e1ny a distribuov\u00e1ny v souvislosti s Evropsk\u00fdm dnem autor\u016f. Pou\u017eit\u00ed t\u011bchto materi\u00e1l\u016f k jin\u00fdm ne\u017e zam\u00fd\u0161len\u00fdm \u00fa\u010del\u016fm je zak\u00e1z\u00e1no, v\u010detn\u011b, ale nikoliv v\u00fdhradn\u011b: prodeje, propagace jin\u00fdch produkt\u016f nebo vytv\u00e1\u0159en\u00ed a \u0161\u00ed\u0159en\u00ed politick\u00e9ho \u010di n\u00e1bo\u017eensk\u00e9ho obsahu. Read.For Real spole\u010dn\u011b se sv\u00fdm z\u00e1stupcem, nadac\u00ed Universal Reading Foundation, nenese odpov\u011bdnost za pou\u017eit\u00ed zna\u010dky, kter\u00e9 je v rozporu s t\u011bmito podm\u00ednkami.   <\/span><\/p>\t\t\t\t\t\t\t\t<\/div>\n\t\t\t\t<\/div>\n\t\t\t\t\t<\/div>\n\t\t\t\t<\/div>\n\t\t\t\t<\/div>\n\t\t","protected":false},"excerpt":{"rendered":"<p>1. Spr\u00e1vce \u00fadaj\u016f Spr\u00e1vcem tv\u00fdch osobn\u00edch \u00fadaj\u016f na webu www.readforreal.com je: Fundacja Powszechnego CzytaniaPrzyokopowa 3301-208 Var\u0161ava, Polskoe-mail: sekretariat@fpc.org.pl S jak\u00fdmikoliv dotazy ohledn\u011b zpracov\u00e1n\u00ed osobn\u00edch \u00fadaj\u016f se na n\u00e1s m\u016f\u017ee\u0161 obr\u00e1tit prost\u0159ednictv\u00edm v\u00fd\u0161e uveden\u00e9ho e-mailu nebo po\u0161tou na registrovan\u00e9 adrese nadace. 2. Rozsah a \u00fa\u010dely zpracov\u00e1n\u00ed \u00fadaj\u016f Web www.readforreal.com je \u010dist\u011b informativn\u00ed a neumo\u017e\u0148uje registraci u\u017eivatel\u016f, [&hellip;]<\/p>\n","protected":false},"author":1,"featured_media":0,"parent":0,"menu_order":0,"comment_status":"closed","ping_status":"open","template":"","meta":{"footnotes":""},"class_list":["post-4614","page","type-page","status-publish","hentry"],"yoast_head":"<!-- This site is optimized with the Yoast SEO plugin v26.1.1 - https:\/\/yoast.com\/wordpress\/plugins\/seo\/ -->\n<title>Z\u00e1sady ochrany osobn\u00edch \u00fadaj\u016f | Read. For Real<\/title>\n<meta name=\"robots\" content=\"index, follow, max-snippet:-1, max-image-preview:large, max-video-preview:-1\" \/>\n<link rel=\"canonical\" href=\"https:\/\/www.readforreal.com\/cs\/zasady-ochrany-osobnich-udaju\/\" \/>\n<meta property=\"og:locale\" content=\"cs_CZ\" \/>\n<meta property=\"og:type\" content=\"article\" \/>\n<meta property=\"og:title\" content=\"Z\u00e1sady ochrany osobn\u00edch \u00fadaj\u016f | Read. For Real\" \/>\n<meta property=\"og:description\" content=\"1. Spr\u00e1vce \u00fadaj\u016f Spr\u00e1vcem tv\u00fdch osobn\u00edch \u00fadaj\u016f na webu www.readforreal.com je: Fundacja Powszechnego CzytaniaPrzyokopowa 3301-208 Var\u0161ava, Polskoe-mail: sekretariat@fpc.org.pl S jak\u00fdmikoliv dotazy ohledn\u011b zpracov\u00e1n\u00ed osobn\u00edch \u00fadaj\u016f se na n\u00e1s m\u016f\u017ee\u0161 obr\u00e1tit prost\u0159ednictv\u00edm v\u00fd\u0161e uveden\u00e9ho e-mailu nebo po\u0161tou na registrovan\u00e9 adrese nadace. 2. Rozsah a \u00fa\u010dely zpracov\u00e1n\u00ed \u00fadaj\u016f Web www.readforreal.com je \u010dist\u011b informativn\u00ed a neumo\u017e\u0148uje registraci u\u017eivatel\u016f, [&hellip;]\" \/>\n<meta property=\"og:url\" content=\"https:\/\/www.readforreal.com\/cs\/zasady-ochrany-osobnich-udaju\/\" \/>\n<meta property=\"og:site_name\" content=\"Read. For Real\" \/>\n<meta property=\"article:publisher\" content=\"https:\/\/www.facebook.com\/read.forreal\" \/>\n<meta property=\"article:modified_time\" content=\"2025-09-17T00:11:35+00:00\" \/>\n<meta name=\"twitter:card\" content=\"summary_large_image\" \/>\n<meta name=\"twitter:label1\" content=\"Odhadovan\u00e1 doba \u010dten\u00ed\" \/>\n\t<meta name=\"twitter:data1\" content=\"5 minut\" \/>\n<script type=\"application\/ld+json\" class=\"yoast-schema-graph\">{\"@context\":\"https:\/\/schema.org\",\"@graph\":[{\"@type\":\"WebPage\",\"@id\":\"https:\/\/www.readforreal.com\/cs\/zasady-ochrany-osobnich-udaju\/\",\"url\":\"https:\/\/www.readforreal.com\/cs\/zasady-ochrany-osobnich-udaju\/\",\"name\":\"Z\u00e1sady ochrany osobn\u00edch \u00fadaj\u016f | Read. For Real\",\"isPartOf\":{\"@id\":\"https:\/\/www.readforreal.com\/#website\"},\"datePublished\":\"2025-06-28T22:10:54+00:00\",\"dateModified\":\"2025-09-17T00:11:35+00:00\",\"breadcrumb\":{\"@id\":\"https:\/\/www.readforreal.com\/cs\/zasady-ochrany-osobnich-udaju\/#breadcrumb\"},\"inLanguage\":\"cs\",\"potentialAction\":[{\"@type\":\"ReadAction\",\"target\":[\"https:\/\/www.readforreal.com\/cs\/zasady-ochrany-osobnich-udaju\/\"]}]},{\"@type\":\"BreadcrumbList\",\"@id\":\"https:\/\/www.readforreal.com\/cs\/zasady-ochrany-osobnich-udaju\/#breadcrumb\",\"itemListElement\":[{\"@type\":\"ListItem\",\"position\":1,\"name\":\"Home\",\"item\":\"https:\/\/www.readforreal.com\/cs\/cti-doopravdy\/\"},{\"@type\":\"ListItem\",\"position\":2,\"name\":\"Z\u00e1sady ochrany osobn\u00edch \u00fadaj\u016f\"}]},{\"@type\":\"WebSite\",\"@id\":\"https:\/\/www.readforreal.com\/#website\",\"url\":\"https:\/\/www.readforreal.com\/\",\"name\":\"Read. For Real\",\"description\":\"European Authors Day 11.11-12.12.2026\",\"publisher\":{\"@id\":\"https:\/\/www.readforreal.com\/#organization\"},\"alternateName\":\"European Authors Day 11.11-12.12.2025\",\"potentialAction\":[{\"@type\":\"SearchAction\",\"target\":{\"@type\":\"EntryPoint\",\"urlTemplate\":\"https:\/\/www.readforreal.com\/?s={search_term_string}\"},\"query-input\":{\"@type\":\"PropertyValueSpecification\",\"valueRequired\":true,\"valueName\":\"search_term_string\"}}],\"inLanguage\":\"cs\"},{\"@type\":\"Organization\",\"@id\":\"https:\/\/www.readforreal.com\/#organization\",\"name\":\"Fundacja Powszechnego Czytania\",\"url\":\"https:\/\/www.readforreal.com\/\",\"logo\":{\"@type\":\"ImageObject\",\"inLanguage\":\"cs\",\"@id\":\"https:\/\/www.readforreal.com\/#\/schema\/logo\/image\/\",\"url\":\"https:\/\/www.readforreal.com\/wp-content\/uploads\/2025\/06\/RfR-logo-OK_1.png\",\"contentUrl\":\"https:\/\/www.readforreal.com\/wp-content\/uploads\/2025\/06\/RfR-logo-OK_1.png\",\"width\":1890,\"height\":1299,\"caption\":\"Fundacja Powszechnego Czytania\"},\"image\":{\"@id\":\"https:\/\/www.readforreal.com\/#\/schema\/logo\/image\/\"},\"sameAs\":[\"https:\/\/www.facebook.com\/read.forreal\",\"https:\/\/www.instagram.com\/read.forreal\/\"]}]}<\/script>\n<!-- \/ Yoast SEO plugin. -->","yoast_head_json":{"title":"Z\u00e1sady ochrany osobn\u00edch \u00fadaj\u016f | Read. For Real","robots":{"index":"index","follow":"follow","max-snippet":"max-snippet:-1","max-image-preview":"max-image-preview:large","max-video-preview":"max-video-preview:-1"},"canonical":"https:\/\/www.readforreal.com\/cs\/zasady-ochrany-osobnich-udaju\/","og_locale":"cs_CZ","og_type":"article","og_title":"Z\u00e1sady ochrany osobn\u00edch \u00fadaj\u016f | Read. For Real","og_description":"1. Spr\u00e1vce \u00fadaj\u016f Spr\u00e1vcem tv\u00fdch osobn\u00edch \u00fadaj\u016f na webu www.readforreal.com je: Fundacja Powszechnego CzytaniaPrzyokopowa 3301-208 Var\u0161ava, Polskoe-mail: sekretariat@fpc.org.pl S jak\u00fdmikoliv dotazy ohledn\u011b zpracov\u00e1n\u00ed osobn\u00edch \u00fadaj\u016f se na n\u00e1s m\u016f\u017ee\u0161 obr\u00e1tit prost\u0159ednictv\u00edm v\u00fd\u0161e uveden\u00e9ho e-mailu nebo po\u0161tou na registrovan\u00e9 adrese nadace. 2. Rozsah a \u00fa\u010dely zpracov\u00e1n\u00ed \u00fadaj\u016f Web www.readforreal.com je \u010dist\u011b informativn\u00ed a neumo\u017e\u0148uje registraci u\u017eivatel\u016f, [&hellip;]","og_url":"https:\/\/www.readforreal.com\/cs\/zasady-ochrany-osobnich-udaju\/","og_site_name":"Read. For Real","article_publisher":"https:\/\/www.facebook.com\/read.forreal","article_modified_time":"2025-09-17T00:11:35+00:00","twitter_card":"summary_large_image","twitter_misc":{"Odhadovan\u00e1 doba \u010dten\u00ed":"5 minut"},"schema":{"@context":"https:\/\/schema.org","@graph":[{"@type":"WebPage","@id":"https:\/\/www.readforreal.com\/cs\/zasady-ochrany-osobnich-udaju\/","url":"https:\/\/www.readforreal.com\/cs\/zasady-ochrany-osobnich-udaju\/","name":"Z\u00e1sady ochrany osobn\u00edch \u00fadaj\u016f | Read. For Real","isPartOf":{"@id":"https:\/\/www.readforreal.com\/#website"},"datePublished":"2025-06-28T22:10:54+00:00","dateModified":"2025-09-17T00:11:35+00:00","breadcrumb":{"@id":"https:\/\/www.readforreal.com\/cs\/zasady-ochrany-osobnich-udaju\/#breadcrumb"},"inLanguage":"cs","potentialAction":[{"@type":"ReadAction","target":["https:\/\/www.readforreal.com\/cs\/zasady-ochrany-osobnich-udaju\/"]}]},{"@type":"BreadcrumbList","@id":"https:\/\/www.readforreal.com\/cs\/zasady-ochrany-osobnich-udaju\/#breadcrumb","itemListElement":[{"@type":"ListItem","position":1,"name":"Home","item":"https:\/\/www.readforreal.com\/cs\/cti-doopravdy\/"},{"@type":"ListItem","position":2,"name":"Z\u00e1sady ochrany osobn\u00edch \u00fadaj\u016f"}]},{"@type":"WebSite","@id":"https:\/\/www.readforreal.com\/#website","url":"https:\/\/www.readforreal.com\/","name":"Read. For Real","description":"European Authors Day 11.11-12.12.2026","publisher":{"@id":"https:\/\/www.readforreal.com\/#organization"},"alternateName":"European Authors Day 11.11-12.12.2025","potentialAction":[{"@type":"SearchAction","target":{"@type":"EntryPoint","urlTemplate":"https:\/\/www.readforreal.com\/?s={search_term_string}"},"query-input":{"@type":"PropertyValueSpecification","valueRequired":true,"valueName":"search_term_string"}}],"inLanguage":"cs"},{"@type":"Organization","@id":"https:\/\/www.readforreal.com\/#organization","name":"Fundacja Powszechnego Czytania","url":"https:\/\/www.readforreal.com\/","logo":{"@type":"ImageObject","inLanguage":"cs","@id":"https:\/\/www.readforreal.com\/#\/schema\/logo\/image\/","url":"https:\/\/www.readforreal.com\/wp-content\/uploads\/2025\/06\/RfR-logo-OK_1.png","contentUrl":"https:\/\/www.readforreal.com\/wp-content\/uploads\/2025\/06\/RfR-logo-OK_1.png","width":1890,"height":1299,"caption":"Fundacja Powszechnego Czytania"},"image":{"@id":"https:\/\/www.readforreal.com\/#\/schema\/logo\/image\/"},"sameAs":["https:\/\/www.facebook.com\/read.forreal","https:\/\/www.instagram.com\/read.forreal\/"]}]}},"_links":{"self":[{"href":"https:\/\/www.readforreal.com\/cs\/wp-json\/wp\/v2\/pages\/4614","targetHints":{"allow":["GET"]}}],"collection":[{"href":"https:\/\/www.readforreal.com\/cs\/wp-json\/wp\/v2\/pages"}],"about":[{"href":"https:\/\/www.readforreal.com\/cs\/wp-json\/wp\/v2\/types\/page"}],"author":[{"embeddable":true,"href":"https:\/\/www.readforreal.com\/cs\/wp-json\/wp\/v2\/users\/1"}],"replies":[{"embeddable":true,"href":"https:\/\/www.readforreal.com\/cs\/wp-json\/wp\/v2\/comments?post=4614"}],"version-history":[{"count":2,"href":"https:\/\/www.readforreal.com\/cs\/wp-json\/wp\/v2\/pages\/4614\/revisions"}],"predecessor-version":[{"id":9321,"href":"https:\/\/www.readforreal.com\/cs\/wp-json\/wp\/v2\/pages\/4614\/revisions\/9321"}],"wp:attachment":[{"href":"https:\/\/www.readforreal.com\/cs\/wp-json\/wp\/v2\/media?parent=4614"}],"curies":[{"name":"wp","href":"https:\/\/api.w.org\/{rel}","templated":true}]}}