{"id":18283,"date":"2025-06-29T00:49:48","date_gmt":"2025-06-28T22:49:48","guid":{"rendered":"https:\/\/www.readforreal.com\/san\/"},"modified":"2026-04-10T14:19:07","modified_gmt":"2026-04-10T12:19:07","slug":"san","status":"publish","type":"page","link":"https:\/\/www.readforreal.com\/cnr\/san\/","title":{"rendered":"O nama"},"content":{"rendered":"\t\t<div data-elementor-type=\"wp-page\" data-elementor-id=\"18283\" class=\"elementor elementor-18283 elementor-11\" data-elementor-post-type=\"page\">\n\t\t\t\t<div class=\"elementor-element elementor-element-578f9e4 e-flex e-con-boxed e-con e-parent\" data-id=\"578f9e4\" data-element_type=\"container\">\n\t\t\t\t\t<div class=\"e-con-inner\">\n\t\t\t\t\t<\/div>\n\t\t\t\t<\/div>\n\t\t<div class=\"elementor-element elementor-element-d090375 e-flex e-con-boxed e-con e-parent\" data-id=\"d090375\" data-element_type=\"container\">\n\t\t\t\t\t<div class=\"e-con-inner\">\n\t\t<div class=\"elementor-element elementor-element-ab4a09a e-con-full e-flex e-con e-child\" data-id=\"ab4a09a\" data-element_type=\"container\">\n\t\t\t\t<div class=\"elementor-element elementor-element-84177f9 elementor-widget elementor-widget-image\" data-id=\"84177f9\" data-element_type=\"widget\" data-widget_type=\"image.default\">\n\t\t\t\t<div class=\"elementor-widget-container\">\n\t\t\t\t\t\t\t\t\t\t\t\t\t\t\t<img fetchpriority=\"high\" decoding=\"async\" width=\"800\" height=\"1000\" src=\"https:\/\/www.readforreal.com\/wp-content\/uploads\/2026\/04\/1.about-vision-2025-819x1024.png\" class=\"attachment-large size-large wp-image-25806\" alt=\"\" srcset=\"https:\/\/www.readforreal.com\/wp-content\/uploads\/2026\/04\/1.about-vision-2025-819x1024.png 819w, https:\/\/www.readforreal.com\/wp-content\/uploads\/2026\/04\/1.about-vision-2025-240x300.png 240w, https:\/\/www.readforreal.com\/wp-content\/uploads\/2026\/04\/1.about-vision-2025-768x960.png 768w, https:\/\/www.readforreal.com\/wp-content\/uploads\/2026\/04\/1.about-vision-2025.png 1080w\" sizes=\"(max-width: 800px) 100vw, 800px\" \/>\t\t\t\t\t\t\t\t\t\t\t\t\t\t\t<\/div>\n\t\t\t\t<\/div>\n\t\t\t\t<\/div>\n\t\t<div class=\"elementor-element elementor-element-51b0db3 e-con-full e-flex e-con e-child\" data-id=\"51b0db3\" data-element_type=\"container\">\n\t\t\t\t<div class=\"elementor-element elementor-element-02062ea elementor-widget elementor-widget-heading\" data-id=\"02062ea\" data-element_type=\"widget\" data-widget_type=\"heading.default\">\n\t\t\t\t<div class=\"elementor-widget-container\">\n\t\t\t\t\t<h2 class=\"elementor-heading-title elementor-size-default\">Vizija<\/h2>\t\t\t\t<\/div>\n\t\t\t\t<\/div>\n\t\t\t\t<div class=\"elementor-element elementor-element-655bba0f elementor-widget elementor-widget-text-editor\" data-id=\"655bba0f\" data-element_type=\"widget\" data-widget_type=\"text-editor.default\">\n\t\t\t\t<div class=\"elementor-widget-container\">\n\t\t\t\t\t\t\t\t\t<p>Na\u0161 san je\u00a0<b>Evropa<\/b><b> koja <\/b><b>\u010dita<\/b>\u00a0\u2013 mjesto gdje su knjige prisutne u svakom domu, \u010ditanje se sna\u017eno promovi\u0161e u javnim prostorima, a susreti s autorima spajaju ljude u radosnom slavljenju knji\u017eevnosti.\u00a0<\/p><p><b>#ReadForReal Dan <\/b><b>evropskih<\/b><b> autora ima za <\/b><b>cilj<\/b> <b>ne<\/b><b> samo da <\/b><b>slavi<\/b><b>, <\/b><b>ve\u0107<\/b><b> i <\/b><b>zajedni\u010dko<\/b> <b>kreiranje<\/b> <b>doga\u0111aja<\/b><b>, <\/b><b>prostora<\/b><b> i <\/b><b>zajednica<\/b> <b>gdje<\/b> <b>pisci<\/b><b>, <\/b><b>ilustratori<\/b><b>, <\/b><b>prevodioci<\/b><b> i <\/b><b>grafi\u010dki<\/b> <b>umjetnici<\/b> <b>postaju<\/b> <b>voljeni<\/b><b>.<\/b><\/p>\t\t\t\t\t\t\t\t<\/div>\n\t\t\t\t<\/div>\n\t\t\t\t<\/div>\n\t\t\t\t\t<\/div>\n\t\t\t\t<\/div>\n\t\t<div class=\"elementor-element elementor-element-70c2e4c e-flex e-con-boxed e-con e-parent\" data-id=\"70c2e4c\" data-element_type=\"container\">\n\t\t\t\t\t<div class=\"e-con-inner\">\n\t\t\t\t<div class=\"elementor-element elementor-element-706a30b elementor-widget-divider--view-line elementor-widget elementor-widget-divider\" data-id=\"706a30b\" data-element_type=\"widget\" data-widget_type=\"divider.default\">\n\t\t\t\t<div class=\"elementor-widget-container\">\n\t\t\t\t\t\t\t<div class=\"elementor-divider\">\n\t\t\t<span class=\"elementor-divider-separator\">\n\t\t\t\t\t\t<\/span>\n\t\t<\/div>\n\t\t\t\t\t\t<\/div>\n\t\t\t\t<\/div>\n\t\t\t\t\t<\/div>\n\t\t\t\t<\/div>\n\t\t<div class=\"elementor-element elementor-element-52c478a e-flex e-con-boxed e-con e-parent\" data-id=\"52c478a\" data-element_type=\"container\">\n\t\t\t\t\t<div class=\"e-con-inner\">\n\t\t<div class=\"elementor-element elementor-element-67ffb0a e-con-full e-flex e-con e-child\" data-id=\"67ffb0a\" data-element_type=\"container\">\n\t\t\t\t<div class=\"elementor-element elementor-element-8eddbf6 elementor-widget elementor-widget-image\" data-id=\"8eddbf6\" data-element_type=\"widget\" data-widget_type=\"image.default\">\n\t\t\t\t<div class=\"elementor-widget-container\">\n\t\t\t\t\t\t\t\t\t\t\t\t\t\t\t<img decoding=\"async\" width=\"800\" height=\"800\" src=\"https:\/\/www.readforreal.com\/wp-content\/uploads\/2025\/08\/thedream_superheroes-1024x1024.png\" class=\"attachment-large size-large wp-image-18291\" alt=\"\" srcset=\"https:\/\/www.readforreal.com\/wp-content\/uploads\/2025\/08\/thedream_superheroes-1024x1024.png 1024w, https:\/\/www.readforreal.com\/wp-content\/uploads\/2025\/08\/thedream_superheroes-300x300.png 300w, https:\/\/www.readforreal.com\/wp-content\/uploads\/2025\/08\/thedream_superheroes-150x150.png 150w, https:\/\/www.readforreal.com\/wp-content\/uploads\/2025\/08\/thedream_superheroes-768x768.png 768w, https:\/\/www.readforreal.com\/wp-content\/uploads\/2025\/08\/thedream_superheroes-1536x1536.png 1536w, https:\/\/www.readforreal.com\/wp-content\/uploads\/2025\/08\/thedream_superheroes-2048x2048.png 2048w\" sizes=\"(max-width: 800px) 100vw, 800px\" \/>\t\t\t\t\t\t\t\t\t\t\t\t\t\t\t<\/div>\n\t\t\t\t<\/div>\n\t\t\t\t<\/div>\n\t\t<div class=\"elementor-element elementor-element-3bbcc74 e-con-full e-flex e-con e-child\" data-id=\"3bbcc74\" data-element_type=\"container\">\n\t\t\t\t<div class=\"elementor-element elementor-element-28bcb09 elementor-widget elementor-widget-heading\" data-id=\"28bcb09\" data-element_type=\"widget\" data-widget_type=\"heading.default\">\n\t\t\t\t<div class=\"elementor-widget-container\">\n\t\t\t\t\t<h2 class=\"elementor-heading-title elementor-size-default\">Autori su superheroji<\/h2>\t\t\t\t<\/div>\n\t\t\t\t<\/div>\n\t\t\t\t<div class=\"elementor-element elementor-element-b4693ae elementor-widget elementor-widget-text-editor\" data-id=\"b4693ae\" data-element_type=\"widget\" data-widget_type=\"text-editor.default\">\n\t\t\t\t<div class=\"elementor-widget-container\">\n\t\t\t\t\t\t\t\t\t<p>Kreativnost je defini\u0161u\u0107a ljudska osobina, sila koja nam omogu\u0107ava da stvaramo nove ideje, rje\u0161enja, proizvode i sisteme. Iz ove perspektive, autori knjiga \u2013 pisci, ilustratori, grafi\u010dki dizajneri i prevodioci, otjelotvoruju samu su\u0161tinu onoga \u0161to zna\u010di biti \u010dovjek\u2026 Kroz njihovu kreativnost pronalazimo inspiraciju da razmi\u0161ljamo, mijenjamo se i napredujemo. Susret sa njima je kao susret sa superherojima.\u00a0<\/p>\t\t\t\t\t\t\t\t<\/div>\n\t\t\t\t<\/div>\n\t\t\t\t<\/div>\n\t\t\t\t\t<\/div>\n\t\t\t\t<\/div>\n\t\t<div class=\"elementor-element elementor-element-40fcd64 e-flex e-con-boxed e-con e-parent\" data-id=\"40fcd64\" data-element_type=\"container\">\n\t\t\t\t\t<div class=\"e-con-inner\">\n\t\t\t\t<div class=\"elementor-element elementor-element-869bff5 elementor-widget-divider--view-line elementor-widget elementor-widget-divider\" data-id=\"869bff5\" data-element_type=\"widget\" data-widget_type=\"divider.default\">\n\t\t\t\t<div class=\"elementor-widget-container\">\n\t\t\t\t\t\t\t<div class=\"elementor-divider\">\n\t\t\t<span class=\"elementor-divider-separator\">\n\t\t\t\t\t\t<\/span>\n\t\t<\/div>\n\t\t\t\t\t\t<\/div>\n\t\t\t\t<\/div>\n\t\t\t\t\t<\/div>\n\t\t\t\t<\/div>\n\t\t<div class=\"elementor-element elementor-element-2f83b4c e-flex e-con-boxed e-con e-parent\" data-id=\"2f83b4c\" data-element_type=\"container\">\n\t\t\t\t\t<div class=\"e-con-inner\">\n\t\t<div class=\"elementor-element elementor-element-1aefe28 e-con-full e-flex e-con e-child\" data-id=\"1aefe28\" data-element_type=\"container\">\n\t\t<div class=\"elementor-element elementor-element-95e6a37 e-con-full e-flex e-con e-child\" data-id=\"95e6a37\" data-element_type=\"container\">\n\t\t\t\t<div class=\"elementor-element elementor-element-5bb611c elementor-widget elementor-widget-image\" data-id=\"5bb611c\" data-element_type=\"widget\" data-widget_type=\"image.default\">\n\t\t\t\t<div class=\"elementor-widget-container\">\n\t\t\t\t\t\t\t\t\t\t\t\t\t\t\t<img decoding=\"async\" width=\"800\" height=\"480\" src=\"https:\/\/www.readforreal.com\/wp-content\/uploads\/2025\/08\/thedream_reading-1024x614.png\" class=\"attachment-large size-large wp-image-18292\" alt=\"\" srcset=\"https:\/\/www.readforreal.com\/wp-content\/uploads\/2025\/08\/thedream_reading-1024x614.png 1024w, https:\/\/www.readforreal.com\/wp-content\/uploads\/2025\/08\/thedream_reading-300x180.png 300w, https:\/\/www.readforreal.com\/wp-content\/uploads\/2025\/08\/thedream_reading-768x460.png 768w, https:\/\/www.readforreal.com\/wp-content\/uploads\/2025\/08\/thedream_reading-1536x920.png 1536w, https:\/\/www.readforreal.com\/wp-content\/uploads\/2025\/08\/thedream_reading-2048x1227.png 2048w\" sizes=\"(max-width: 800px) 100vw, 800px\" \/>\t\t\t\t\t\t\t\t\t\t\t\t\t\t\t<\/div>\n\t\t\t\t<\/div>\n\t\t<div class=\"elementor-element elementor-element-6873fec e-con-full e-flex e-con e-child\" data-id=\"6873fec\" data-element_type=\"container\">\n\t\t\t\t<div class=\"elementor-element elementor-element-7b7826a elementor-widget elementor-widget-text-editor\" data-id=\"7b7826a\" data-element_type=\"widget\" data-widget_type=\"text-editor.default\">\n\t\t\t\t<div class=\"elementor-widget-container\">\n\t\t\t\t\t\t\t\t\t<p><strong>Saznaj vi\u0161e o<\/strong><br><strong>va\u017enosti \u010ditanja.<\/strong><\/p>\t\t\t\t\t\t\t\t<\/div>\n\t\t\t\t<\/div>\n\t\t\t\t<div class=\"elementor-element elementor-element-2b21dc1 elementor-widget elementor-widget-button\" data-id=\"2b21dc1\" data-element_type=\"widget\" data-widget_type=\"button.default\">\n\t\t\t\t<div class=\"elementor-widget-container\">\n\t\t\t\t\t\t\t\t\t<div class=\"elementor-button-wrapper\">\n\t\t\t\t\t<a class=\"elementor-button elementor-button-link elementor-size-sm\" href=\"https:\/\/www.readforreal.com\/cnr\/san\/dokazi\/\">\n\t\t\t\t\t\t<span class=\"elementor-button-content-wrapper\">\n\t\t\t\t\t\t\t\t\t<span class=\"elementor-button-text\">Dokazi<\/span>\n\t\t\t\t\t<\/span>\n\t\t\t\t\t<\/a>\n\t\t\t\t<\/div>\n\t\t\t\t\t\t\t\t<\/div>\n\t\t\t\t<\/div>\n\t\t\t\t<\/div>\n\t\t\t\t<\/div>\n\t\t<div class=\"elementor-element elementor-element-057e139 e-con-full e-flex e-con e-child\" data-id=\"057e139\" data-element_type=\"container\">\n\t\t\t\t<div class=\"elementor-element elementor-element-53523e1 elementor-widget elementor-widget-heading\" data-id=\"53523e1\" data-element_type=\"widget\" data-widget_type=\"heading.default\">\n\t\t\t\t<div class=\"elementor-widget-container\">\n\t\t\t\t\t<h2 class=\"elementor-heading-title elementor-size-default\">Za\u0161to je \u010ditanje va\u017eno?<\/h2>\t\t\t\t<\/div>\n\t\t\t\t<\/div>\n\t\t\t\t<div class=\"elementor-element elementor-element-9b27379 elementor-widget elementor-widget-text-editor\" data-id=\"9b27379\" data-element_type=\"widget\" data-widget_type=\"text-editor.default\">\n\t\t\t\t<div class=\"elementor-widget-container\">\n\t\t\t\t\t\t\t\t\t<p>Brojne studije u razli\u010ditim disciplinama, kao \u0161to su psihologija, psiholingvistika, pedijatrija, sociologija, neuronauka, psihijatrija, obrazovanje i ekonomija, kao i institucije (Oksford, Harvard, PISA OECD, Medicinski centar Boston, UCLA, Univerzitet Saseks, Univerzitet Ulm, i mnoge druge) nalaze da \u010ditanje knjiga i razgovor od malih nogu razvijaju na\u0161e jezi\u010dke vje\u0161tine, izgra\u0111uju na individualnom nivou na\u0161e psiho-fizi\u010dko zdravlje i blagostanje, kao i temelj za \u017eivotni uspjeh. To se, zauzvrat, na dru\u0161tvenom nivou prenosi u nau\u010dna i ekonomska dostignuc\u0301a, dru\u0161tveni kapital i otpornije demokratije.<\/p>\t\t\t\t\t\t\t\t<\/div>\n\t\t\t\t<\/div>\n\t\t\t\t<\/div>\n\t\t\t\t<\/div>\n\t\t\t\t\t<\/div>\n\t\t\t\t<\/div>\n\t\t<div class=\"elementor-element elementor-element-1027d02 e-flex e-con-boxed e-con e-parent\" data-id=\"1027d02\" data-element_type=\"container\">\n\t\t\t\t\t<div class=\"e-con-inner\">\n\t\t\t\t<div class=\"elementor-element elementor-element-282ee65 elementor-widget-divider--view-line elementor-widget elementor-widget-divider\" data-id=\"282ee65\" data-element_type=\"widget\" data-widget_type=\"divider.default\">\n\t\t\t\t<div class=\"elementor-widget-container\">\n\t\t\t\t\t\t\t<div class=\"elementor-divider\">\n\t\t\t<span class=\"elementor-divider-separator\">\n\t\t\t\t\t\t<\/span>\n\t\t<\/div>\n\t\t\t\t\t\t<\/div>\n\t\t\t\t<\/div>\n\t\t\t\t\t<\/div>\n\t\t\t\t<\/div>\n\t\t<div class=\"elementor-element elementor-element-2a75732 e-flex e-con-boxed e-con e-parent\" data-id=\"2a75732\" data-element_type=\"container\">\n\t\t\t\t\t<div class=\"e-con-inner\">\n\t\t<div class=\"elementor-element elementor-element-20165e6 e-con-full e-flex e-con e-child\" data-id=\"20165e6\" data-element_type=\"container\">\n\t\t\t\t<div class=\"elementor-element elementor-element-b29b5d7 elementor-widget elementor-widget-heading\" data-id=\"b29b5d7\" data-element_type=\"widget\" data-widget_type=\"heading.default\">\n\t\t\t\t<div class=\"elementor-widget-container\">\n\t\t\t\t\t<h2 class=\"elementor-heading-title elementor-size-default\">Po\u010deci<\/h2>\t\t\t\t<\/div>\n\t\t\t\t<\/div>\n\t\t\t\t<div class=\"elementor-element elementor-element-cfa110b elementor-widget elementor-widget-text-editor\" data-id=\"cfa110b\" data-element_type=\"widget\" data-widget_type=\"text-editor.default\">\n\t\t\t\t<div class=\"elementor-widget-container\">\n\t\t\t\t\t\t\t\t\t<p>Dan evropskih autora pokrenut je od strane Evropske Komisije 2023. i sa prva dva izdanja koordinisao je tim Kreativne Evrope. Po\u010dastvovani smo i zahvalni \u0161to je na\u0161 konzorcijum izabran da nastavi ovu \u010dudesnu misiju.\u00a0<\/p><p><a class=\"link-orange\" href=\"https:\/\/www.readforreal.com\/cnr\/san\/o-nama\/\">Saznaj vi\u0161e<\/a> o partnerskim organizacijama koje vode projekat.<\/p><p>Pozivamo te da se <a class=\"link-orange\" href=\"https:\/\/www.readforreal.com\/cnr\/ukljucite-se\/\">uklju\u010di\u0161<\/a> \u2013 projekat je otvoren za sve.<\/p>\t\t\t\t\t\t\t\t<\/div>\n\t\t\t\t<\/div>\n\t\t\t\t<\/div>\n\t\t<div class=\"elementor-element elementor-element-18bba7b e-con-full e-flex e-con e-child\" data-id=\"18bba7b\" data-element_type=\"container\">\n\t\t\t\t<div class=\"elementor-element elementor-element-644dfb8 elementor-widget elementor-widget-image\" data-id=\"644dfb8\" data-element_type=\"widget\" data-widget_type=\"image.default\">\n\t\t\t\t<div class=\"elementor-widget-container\">\n\t\t\t\t\t\t\t\t\t\t\t\t\t\t\t<img loading=\"lazy\" decoding=\"async\" width=\"800\" height=\"842\" src=\"https:\/\/www.readforreal.com\/wp-content\/uploads\/2025\/08\/thedream_cofunded-1.png\" class=\"attachment-large size-large wp-image-18294\" alt=\"\" srcset=\"https:\/\/www.readforreal.com\/wp-content\/uploads\/2025\/08\/thedream_cofunded-1.png 899w, https:\/\/www.readforreal.com\/wp-content\/uploads\/2025\/08\/thedream_cofunded-1-285x300.png 285w, https:\/\/www.readforreal.com\/wp-content\/uploads\/2025\/08\/thedream_cofunded-1-768x808.png 768w\" sizes=\"(max-width: 800px) 100vw, 800px\" \/>\t\t\t\t\t\t\t\t\t\t\t\t\t\t\t<\/div>\n\t\t\t\t<\/div>\n\t\t\t\t<\/div>\n\t\t\t\t\t<\/div>\n\t\t\t\t<\/div>\n\t\t<div class=\"elementor-element elementor-element-0b86485 e-flex e-con-boxed e-con e-parent\" data-id=\"0b86485\" data-element_type=\"container\">\n\t\t\t\t\t<div class=\"e-con-inner\">\n\t\t\t\t<div class=\"elementor-element elementor-element-fcc7465 elementor-widget-divider--view-line elementor-widget elementor-widget-divider\" data-id=\"fcc7465\" data-element_type=\"widget\" data-widget_type=\"divider.default\">\n\t\t\t\t<div class=\"elementor-widget-container\">\n\t\t\t\t\t\t\t<div class=\"elementor-divider\">\n\t\t\t<span class=\"elementor-divider-separator\">\n\t\t\t\t\t\t<\/span>\n\t\t<\/div>\n\t\t\t\t\t\t<\/div>\n\t\t\t\t<\/div>\n\t\t\t\t\t<\/div>\n\t\t\t\t<\/div>\n\t\t\t\t<\/div>\n\t\t","protected":false},"excerpt":{"rendered":"<p>Vizija Na\u0161 san je\u00a0Evropa koja \u010dita\u00a0\u2013 mjesto gdje su knjige prisutne u svakom domu, \u010ditanje se sna\u017eno promovi\u0161e u javnim prostorima, a susreti s autorima spajaju ljude u radosnom slavljenju knji\u017eevnosti.\u00a0 #ReadForReal Dan evropskih autora ima za cilj ne samo da slavi, ve\u0107 i zajedni\u010dko kreiranje doga\u0111aja, prostora i zajednica gdje pisci, ilustratori, prevodioci i [&hellip;]<\/p>\n","protected":false},"author":1,"featured_media":0,"parent":0,"menu_order":0,"comment_status":"closed","ping_status":"closed","template":"elementor_header_footer","meta":{"footnotes":""},"class_list":["post-18283","page","type-page","status-publish","hentry"],"yoast_head":"<!-- This site is optimized with the Yoast SEO plugin v26.1.1 - https:\/\/yoast.com\/wordpress\/plugins\/seo\/ -->\n<title>O nama | Read. For Real<\/title>\n<meta name=\"robots\" content=\"index, follow, max-snippet:-1, max-image-preview:large, max-video-preview:-1\" \/>\n<link rel=\"canonical\" href=\"https:\/\/www.readforreal.com\/pl\/o-nas\/\" \/>\n<meta property=\"og:locale\" content=\"en_US\" \/>\n<meta property=\"og:type\" content=\"article\" \/>\n<meta property=\"og:title\" content=\"O nama | Read. For Real\" \/>\n<meta property=\"og:description\" content=\"Vizija Na\u0161 san je\u00a0Evropa koja \u010dita\u00a0\u2013 mjesto gdje su knjige prisutne u svakom domu, \u010ditanje se sna\u017eno promovi\u0161e u javnim prostorima, a susreti s autorima spajaju ljude u radosnom slavljenju knji\u017eevnosti.\u00a0 #ReadForReal Dan evropskih autora ima za cilj ne samo da slavi, ve\u0107 i zajedni\u010dko kreiranje doga\u0111aja, prostora i zajednica gdje pisci, ilustratori, prevodioci i [&hellip;]\" \/>\n<meta property=\"og:url\" content=\"https:\/\/www.readforreal.com\/pl\/o-nas\/\" \/>\n<meta property=\"og:site_name\" content=\"Read. For Real\" \/>\n<meta property=\"article:publisher\" content=\"https:\/\/www.facebook.com\/read.forreal\" \/>\n<meta property=\"article:modified_time\" content=\"2026-04-10T12:19:07+00:00\" \/>\n<meta property=\"og:image\" content=\"https:\/\/www.readforreal.com\/wp-content\/uploads\/2026\/04\/1.about-vision-2025-819x1024.png\" \/>\n<meta name=\"twitter:card\" content=\"summary_large_image\" \/>\n<meta name=\"twitter:label1\" content=\"Est. reading time\" \/>\n\t<meta name=\"twitter:data1\" content=\"3 minutes\" \/>\n<script type=\"application\/ld+json\" class=\"yoast-schema-graph\">{\"@context\":\"https:\/\/schema.org\",\"@graph\":[{\"@type\":\"WebPage\",\"@id\":\"https:\/\/www.readforreal.com\/pl\/o-nas\/\",\"url\":\"https:\/\/www.readforreal.com\/pl\/o-nas\/\",\"name\":\"O nama | Read. For Real\",\"isPartOf\":{\"@id\":\"https:\/\/www.readforreal.com\/#website\"},\"primaryImageOfPage\":{\"@id\":\"https:\/\/www.readforreal.com\/pl\/o-nas\/#primaryimage\"},\"image\":{\"@id\":\"https:\/\/www.readforreal.com\/pl\/o-nas\/#primaryimage\"},\"thumbnailUrl\":\"https:\/\/www.readforreal.com\/wp-content\/uploads\/2026\/04\/1.about-vision-2025-819x1024.png\",\"datePublished\":\"2025-06-28T22:49:48+00:00\",\"dateModified\":\"2026-04-10T12:19:07+00:00\",\"breadcrumb\":{\"@id\":\"https:\/\/www.readforreal.com\/pl\/o-nas\/#breadcrumb\"},\"inLanguage\":\"cnr-ME\",\"potentialAction\":[{\"@type\":\"ReadAction\",\"target\":[\"https:\/\/www.readforreal.com\/pl\/o-nas\/\"]}]},{\"@type\":\"ImageObject\",\"inLanguage\":\"cnr-ME\",\"@id\":\"https:\/\/www.readforreal.com\/pl\/o-nas\/#primaryimage\",\"url\":\"https:\/\/www.readforreal.com\/wp-content\/uploads\/2026\/04\/1.about-vision-2025-819x1024.png\",\"contentUrl\":\"https:\/\/www.readforreal.com\/wp-content\/uploads\/2026\/04\/1.about-vision-2025-819x1024.png\"},{\"@type\":\"BreadcrumbList\",\"@id\":\"https:\/\/www.readforreal.com\/pl\/o-nas\/#breadcrumb\",\"itemListElement\":[{\"@type\":\"ListItem\",\"position\":1,\"name\":\"Home\",\"item\":\"https:\/\/www.readforreal.com\/pl\/\"},{\"@type\":\"ListItem\",\"position\":2,\"name\":\"O nama\"}]},{\"@type\":\"WebSite\",\"@id\":\"https:\/\/www.readforreal.com\/#website\",\"url\":\"https:\/\/www.readforreal.com\/\",\"name\":\"Read. For Real\",\"description\":\"European Authors Day 11.11-12.12.2026\",\"publisher\":{\"@id\":\"https:\/\/www.readforreal.com\/#organization\"},\"alternateName\":\"European Authors Day 11.11-12.12.2025\",\"potentialAction\":[{\"@type\":\"SearchAction\",\"target\":{\"@type\":\"EntryPoint\",\"urlTemplate\":\"https:\/\/www.readforreal.com\/?s={search_term_string}\"},\"query-input\":{\"@type\":\"PropertyValueSpecification\",\"valueRequired\":true,\"valueName\":\"search_term_string\"}}],\"inLanguage\":\"cnr-ME\"},{\"@type\":\"Organization\",\"@id\":\"https:\/\/www.readforreal.com\/#organization\",\"name\":\"Fundacja Powszechnego Czytania\",\"url\":\"https:\/\/www.readforreal.com\/\",\"logo\":{\"@type\":\"ImageObject\",\"inLanguage\":\"cnr-ME\",\"@id\":\"https:\/\/www.readforreal.com\/#\/schema\/logo\/image\/\",\"url\":\"https:\/\/www.readforreal.com\/wp-content\/uploads\/2025\/06\/RfR-logo-OK_1.png\",\"contentUrl\":\"https:\/\/www.readforreal.com\/wp-content\/uploads\/2025\/06\/RfR-logo-OK_1.png\",\"width\":1890,\"height\":1299,\"caption\":\"Fundacja Powszechnego Czytania\"},\"image\":{\"@id\":\"https:\/\/www.readforreal.com\/#\/schema\/logo\/image\/\"},\"sameAs\":[\"https:\/\/www.facebook.com\/read.forreal\",\"https:\/\/www.instagram.com\/read.forreal\/\"]}]}<\/script>\n<!-- \/ Yoast SEO plugin. -->","yoast_head_json":{"title":"O nama | Read. For Real","robots":{"index":"index","follow":"follow","max-snippet":"max-snippet:-1","max-image-preview":"max-image-preview:large","max-video-preview":"max-video-preview:-1"},"canonical":"https:\/\/www.readforreal.com\/pl\/o-nas\/","og_locale":"en_US","og_type":"article","og_title":"O nama | Read. For Real","og_description":"Vizija Na\u0161 san je\u00a0Evropa koja \u010dita\u00a0\u2013 mjesto gdje su knjige prisutne u svakom domu, \u010ditanje se sna\u017eno promovi\u0161e u javnim prostorima, a susreti s autorima spajaju ljude u radosnom slavljenju knji\u017eevnosti.\u00a0 #ReadForReal Dan evropskih autora ima za cilj ne samo da slavi, ve\u0107 i zajedni\u010dko kreiranje doga\u0111aja, prostora i zajednica gdje pisci, ilustratori, prevodioci i [&hellip;]","og_url":"https:\/\/www.readforreal.com\/pl\/o-nas\/","og_site_name":"Read. For Real","article_publisher":"https:\/\/www.facebook.com\/read.forreal","article_modified_time":"2026-04-10T12:19:07+00:00","og_image":[{"url":"https:\/\/www.readforreal.com\/wp-content\/uploads\/2026\/04\/1.about-vision-2025-819x1024.png","type":"","width":"","height":""}],"twitter_card":"summary_large_image","twitter_misc":{"Est. reading time":"3 minutes"},"schema":{"@context":"https:\/\/schema.org","@graph":[{"@type":"WebPage","@id":"https:\/\/www.readforreal.com\/pl\/o-nas\/","url":"https:\/\/www.readforreal.com\/pl\/o-nas\/","name":"O nama | Read. For Real","isPartOf":{"@id":"https:\/\/www.readforreal.com\/#website"},"primaryImageOfPage":{"@id":"https:\/\/www.readforreal.com\/pl\/o-nas\/#primaryimage"},"image":{"@id":"https:\/\/www.readforreal.com\/pl\/o-nas\/#primaryimage"},"thumbnailUrl":"https:\/\/www.readforreal.com\/wp-content\/uploads\/2026\/04\/1.about-vision-2025-819x1024.png","datePublished":"2025-06-28T22:49:48+00:00","dateModified":"2026-04-10T12:19:07+00:00","breadcrumb":{"@id":"https:\/\/www.readforreal.com\/pl\/o-nas\/#breadcrumb"},"inLanguage":"cnr-ME","potentialAction":[{"@type":"ReadAction","target":["https:\/\/www.readforreal.com\/pl\/o-nas\/"]}]},{"@type":"ImageObject","inLanguage":"cnr-ME","@id":"https:\/\/www.readforreal.com\/pl\/o-nas\/#primaryimage","url":"https:\/\/www.readforreal.com\/wp-content\/uploads\/2026\/04\/1.about-vision-2025-819x1024.png","contentUrl":"https:\/\/www.readforreal.com\/wp-content\/uploads\/2026\/04\/1.about-vision-2025-819x1024.png"},{"@type":"BreadcrumbList","@id":"https:\/\/www.readforreal.com\/pl\/o-nas\/#breadcrumb","itemListElement":[{"@type":"ListItem","position":1,"name":"Home","item":"https:\/\/www.readforreal.com\/pl\/"},{"@type":"ListItem","position":2,"name":"O nama"}]},{"@type":"WebSite","@id":"https:\/\/www.readforreal.com\/#website","url":"https:\/\/www.readforreal.com\/","name":"Read. For Real","description":"European Authors Day 11.11-12.12.2026","publisher":{"@id":"https:\/\/www.readforreal.com\/#organization"},"alternateName":"European Authors Day 11.11-12.12.2025","potentialAction":[{"@type":"SearchAction","target":{"@type":"EntryPoint","urlTemplate":"https:\/\/www.readforreal.com\/?s={search_term_string}"},"query-input":{"@type":"PropertyValueSpecification","valueRequired":true,"valueName":"search_term_string"}}],"inLanguage":"cnr-ME"},{"@type":"Organization","@id":"https:\/\/www.readforreal.com\/#organization","name":"Fundacja Powszechnego Czytania","url":"https:\/\/www.readforreal.com\/","logo":{"@type":"ImageObject","inLanguage":"cnr-ME","@id":"https:\/\/www.readforreal.com\/#\/schema\/logo\/image\/","url":"https:\/\/www.readforreal.com\/wp-content\/uploads\/2025\/06\/RfR-logo-OK_1.png","contentUrl":"https:\/\/www.readforreal.com\/wp-content\/uploads\/2025\/06\/RfR-logo-OK_1.png","width":1890,"height":1299,"caption":"Fundacja Powszechnego Czytania"},"image":{"@id":"https:\/\/www.readforreal.com\/#\/schema\/logo\/image\/"},"sameAs":["https:\/\/www.facebook.com\/read.forreal","https:\/\/www.instagram.com\/read.forreal\/"]}]}},"_links":{"self":[{"href":"https:\/\/www.readforreal.com\/cnr\/wp-json\/wp\/v2\/pages\/18283","targetHints":{"allow":["GET"]}}],"collection":[{"href":"https:\/\/www.readforreal.com\/cnr\/wp-json\/wp\/v2\/pages"}],"about":[{"href":"https:\/\/www.readforreal.com\/cnr\/wp-json\/wp\/v2\/types\/page"}],"author":[{"embeddable":true,"href":"https:\/\/www.readforreal.com\/cnr\/wp-json\/wp\/v2\/users\/1"}],"replies":[{"embeddable":true,"href":"https:\/\/www.readforreal.com\/cnr\/wp-json\/wp\/v2\/comments?post=18283"}],"version-history":[{"count":33,"href":"https:\/\/www.readforreal.com\/cnr\/wp-json\/wp\/v2\/pages\/18283\/revisions"}],"predecessor-version":[{"id":25954,"href":"https:\/\/www.readforreal.com\/cnr\/wp-json\/wp\/v2\/pages\/18283\/revisions\/25954"}],"wp:attachment":[{"href":"https:\/\/www.readforreal.com\/cnr\/wp-json\/wp\/v2\/media?parent=18283"}],"curies":[{"name":"wp","href":"https:\/\/api.w.org\/{rel}","templated":true}]}}