{"id":18275,"date":"2025-06-29T00:10:54","date_gmt":"2025-06-28T22:10:54","guid":{"rendered":"https:\/\/www.readforreal.com\/politika-privatnosti\/"},"modified":"2025-11-07T10:32:34","modified_gmt":"2025-11-07T09:32:34","slug":"politika-privatnosti","status":"publish","type":"page","link":"https:\/\/www.readforreal.com\/cnr\/politika-privatnosti\/","title":{"rendered":"Politika privatnosti"},"content":{"rendered":"\t\t<div data-elementor-type=\"wp-page\" data-elementor-id=\"18275\" class=\"elementor elementor-18275 elementor-3\" data-elementor-post-type=\"page\">\n\t\t\t\t<div class=\"elementor-element elementor-element-726f90a3 e-flex e-con-boxed e-con e-parent\" data-id=\"726f90a3\" data-element_type=\"container\">\n\t\t\t\t\t<div class=\"e-con-inner\">\n\t\t\t\t\t<\/div>\n\t\t\t\t<\/div>\n\t\t<div class=\"elementor-element elementor-element-57caaef1 e-flex e-con-boxed e-con e-parent\" data-id=\"57caaef1\" data-element_type=\"container\">\n\t\t\t\t\t<div class=\"e-con-inner\">\n\t\t\t\t<div class=\"elementor-element elementor-element-5352cfaa elementor-widget elementor-widget-text-editor\" data-id=\"5352cfaa\" data-element_type=\"widget\" data-widget_type=\"text-editor.default\">\n\t\t\t\t<div class=\"elementor-widget-container\">\n\t\t\t\t\t\t\t\t\t<h2>1. Rukovalac podacima<\/h2><p>Rukovalac va\u0161im li\u010dnim podacima na veb-sajtu <strong>www.readforreal.com<\/strong> je:<\/p><p><strong>Fundacja Powszechnego Czytania<\/strong><br>Przyokopowa 33<br>01-208 Var\u0161ava, Poljska<br>e-po\u0161ta: <a href=\"mailto:sekretariat@fpc.org.pl\">sekretariat@fpc.org.pl<\/a><\/p><p>Za sva pitanja u vezi sa obradom li\u010dnih podataka, mo\u017eete nas kontaktirati putem gore navedene e-po\u0161te ili po\u0161tom na registrovanu adresu Fondacije.<\/p><h2>2. Obim i svrha obrade podataka<\/h2><p>Veb-sajt <strong>www.readforreal.com<\/strong> je isklju\u010divo informativnog karaktera i ne dozvoljava registraciju korisnika, transakcije, komentarisanje ili u\u010de\u0161\u0107e u diskusijama. Li\u010dni podaci se obra\u0111uju samo na osnovu dobrovoljnog pristanka lica na koje se podaci odnose, posebno: Prilikom pretplate na bilten \u2013 prikupljeni podaci uklju\u010duju: <\/p><ul><li>adresu e-po\u0161te<\/li><li>ime.<\/li><\/ul><p>Ovi podaci se koriste isklju\u010divo za:<\/p><ul><li>slanje informacija i materijala koji se odnose na projekat Read For Real,<\/li><li>pru\u017eanje usluge biltena,<\/li><li>mogu\u0107i kontakt u vezi sa projektom ili povezanim uslugama.<\/li><\/ul><p>Pored toga, li\u010dni podaci se mogu obra\u0111ivati u vezi sa kori\u0161\u0107enjem kanala dru\u0161tvenih medija, uklju\u010duju\u0107i: korisni\u010dke profile i naloge na platformama kao \u0161to su Facebook, Instagram, YouTube, Twitter, LinkedIn, koji se koriste za komunikaciju i promociju projekta, u skladu sa pravilima i politikama privatnosti ovih platformi.<\/p><h2>3. Pravni osnov za obradu<\/h2><p>Obrada li\u010dnih podataka se vr\u0161i na osnovu:<\/p><ul><li>pristanka lica na koje se podaci odnose (\u010dlan 6(1)(a) GDPR),<\/li><li>legitimnih interesa rukovaoca podacima (\u010dlan 6(1)(f) GDPR), u obimu analize saobra\u0107aja na veb-sajtu (Google Analytics).<\/li><\/ul><h2>4. Primaoci podataka<\/h2><p>Li\u010dni podaci se ne dele sa tre\u0107im licima u komercijalne ili marketin\u0161ke svrhe. Me\u0111utim, da bismo pru\u017eili na\u0161e usluge, sara\u0111ujemo sa slede\u0107im entitetima: <\/p><ul><li><strong>MailerLite<\/strong> \u2013 pru\u017ealac usluga biltena, obra\u0111uje podatke u na\u0161e ime,<\/li><li><strong>MyDevil.net<\/strong> \u2013 pru\u017ealac usluga hostinga veb-sajta,<\/li><li><strong>Google Analytics<\/strong> \u2013 alatka za analizu saobra\u0107aja na veb-sajtu, obra\u0111uje anonimne statisti\u010dke podatke,<\/li><li><strong>Platforme dru\u0161tvenih medija<\/strong> (npr. Facebook, Instagram) \u2013 u vezi sa interakcijama i komunikacijom putem ovih kanala.<\/li><\/ul><p>Svi ovi primaoci su obavezni da se pridr\u017eavaju va\u017ee\u0107ih zakona o za\u0161titi podataka (GDPR).<\/p><h2>5. Kola\u010di\u0107i i analiti\u010dki alati<\/h2><p>Veb-sajt <strong>www.readforreal.com<\/strong> koristi kola\u010di\u0107e za pravilno funkcionisanje usluge i u analiti\u010dke svrhe (Google Analytics).<\/p><p>Kola\u010di\u0107i prikupljaju anonimne podatke o saobra\u0107aju korisnika i pona\u0161anju na veb-sajtu, omogu\u0107avaju\u0107i optimizaciju usluge.<\/p><h2>6. Period zadr\u017eavanja podataka<\/h2><p>Li\u010dni podaci prikupljeni putem biltena se \u010duvaju tokom trajanja projekta Read For Real ili dok korisnik ne povu\u010de svoj pristanak (npr. odjavi se sa biltena).<\/p><p>Analiti\u010dki podaci koje obra\u0111uje Google Analytics se \u010duvaju u periodu koji je odredio pru\u017ealac usluga, u anonimnom obliku.<\/p><h2>7. Prava lica na koje se podaci odnose<\/h2><p>Korisnici imaju pravo da:<\/p><ul><li>pristupe svojim li\u010dnim podacima,<\/li><li>isprave neta\u010dne podatke,<\/li><li>izbri\u0161u svoje podatke (\u201epravo na zaborav\u201c),<\/li><li>ograni\u010de obradu podataka,<\/li><li>prenesu podatke,<\/li><li>ulo\u017ee prigovor na obradu podataka,<\/li><li>povuku pristanak za obradu podataka u bilo kom trenutku (bez uticaja na zakonitost obrade zasnovane na pristanku pre njegovog povla\u010denja).<\/li><\/ul><p>Da biste ostvarili ova prava, kontaktirajte nas na: <a href=\"mailto:sekretariat@fpc.org.pl\">sekretariat@fpc.org.pl<\/a>.<\/p><p>Korisnici tako\u0111e imaju pravo da podnesu \u017ealbu relevantnom nadzornom organu za za\u0161titu podataka (u Poljskoj, predsednik Kancelarije za za\u0161titu li\u010dnih podataka).<\/p><h2>8. Bezbednost podataka<\/h2><p>Rukovalac primenjuje odgovaraju\u0107e tehni\u010dke i organizacione mere za za\u0161titu li\u010dnih podataka od neovla\u0161\u0107enog pristupa, gubitka, izmene ili otkrivanja.<\/p><h2>9. Kori\u0161\u0107enje dru\u0161tvenih medija<\/h2><p>Profili Fundacja Powszechnego Czytania i projekta Read For Real na dru\u0161tvenim medijima funkcioni\u0161u pod posebnim uslovima i politikama privatnosti ovih platformi. Li\u010dni podaci koji se dele tokom interakcija na platformama dru\u0161tvenih medija obra\u0111uju se u skladu sa propisima tih usluga i izvan su direktne kontrole administratora veb-sajta www.readforreal.com. <\/p><h2>10. Izmene Politike privatnosti<\/h2><p>Rukovalac zadr\u017eava pravo da izmeni ovu Politiku privatnosti. Trenutna i va\u017ee\u0107a verzija \u0107e uvek biti dostupna na <strong>www.readforreal.com<\/strong>. Korisnici \u0107e biti obave\u0161teni o svim zna\u010dajnim izmenama ove politike.  <\/p><h2>11. Materijali<\/h2><p><span style=\"font-weight: 400;\">Na\u0161i materijali su dostupni svim pojedincima uklju\u010denim u projekat Read.For Real i mogu se koristiti, kopirati i distribuirati u vezi sa Evropskim danom autora. Upotreba ovih materijala u svrhe koje nisu predvi\u0111ene je zabranjena, uklju\u010duju\u0107i, ali ne ograni\u010davaju\u0107i se na: prodaju, promociju drugih proizvoda ili kreiranje i \u0161irenje politi\u010dkog ili verskog sadr\u017eaja. Read. For Real, zajedno sa svojim predstavnikom, Univerzalnom fondacijom za \u010ditanje, ne snosi odgovornost za upotrebu brendiranja koje nije u skladu sa ovim uslovima.   <\/span><\/p>\t\t\t\t\t\t\t\t<\/div>\n\t\t\t\t<\/div>\n\t\t\t\t\t<\/div>\n\t\t\t\t<\/div>\n\t\t\t\t<\/div>\n\t\t","protected":false},"excerpt":{"rendered":"<p>1. Rukovalac podacima Rukovalac va\u0161im li\u010dnim podacima na veb-sajtu www.readforreal.com je: Fundacja Powszechnego CzytaniaPrzyokopowa 3301-208 Var\u0161ava, Poljskae-po\u0161ta: sekretariat@fpc.org.pl Za sva pitanja u vezi sa obradom li\u010dnih podataka, mo\u017eete nas kontaktirati putem gore navedene e-po\u0161te ili po\u0161tom na registrovanu adresu Fondacije. 2. Obim i svrha obrade podataka Veb-sajt www.readforreal.com je isklju\u010divo informativnog karaktera i ne dozvoljava [&hellip;]<\/p>\n","protected":false},"author":1,"featured_media":0,"parent":0,"menu_order":0,"comment_status":"closed","ping_status":"open","template":"","meta":{"footnotes":""},"class_list":["post-18275","page","type-page","status-publish","hentry"],"yoast_head":"<!-- This site is optimized with the Yoast SEO plugin v26.1.1 - https:\/\/yoast.com\/wordpress\/plugins\/seo\/ -->\n<title>Politika privatnosti | Read. For Real<\/title>\n<meta name=\"robots\" content=\"index, follow, max-snippet:-1, max-image-preview:large, max-video-preview:-1\" \/>\n<link rel=\"canonical\" href=\"https:\/\/www.readforreal.com\/cnr\/politika-privatnosti\/\" \/>\n<meta property=\"og:locale\" content=\"en_US\" \/>\n<meta property=\"og:type\" content=\"article\" \/>\n<meta property=\"og:title\" content=\"Politika privatnosti | Read. For Real\" \/>\n<meta property=\"og:description\" content=\"1. Rukovalac podacima Rukovalac va\u0161im li\u010dnim podacima na veb-sajtu www.readforreal.com je: Fundacja Powszechnego CzytaniaPrzyokopowa 3301-208 Var\u0161ava, Poljskae-po\u0161ta: sekretariat@fpc.org.pl Za sva pitanja u vezi sa obradom li\u010dnih podataka, mo\u017eete nas kontaktirati putem gore navedene e-po\u0161te ili po\u0161tom na registrovanu adresu Fondacije. 2. Obim i svrha obrade podataka Veb-sajt www.readforreal.com je isklju\u010divo informativnog karaktera i ne dozvoljava [&hellip;]\" \/>\n<meta property=\"og:url\" content=\"https:\/\/www.readforreal.com\/cnr\/politika-privatnosti\/\" \/>\n<meta property=\"og:site_name\" content=\"Read. For Real\" \/>\n<meta property=\"article:publisher\" content=\"https:\/\/www.facebook.com\/read.forreal\" \/>\n<meta property=\"article:modified_time\" content=\"2025-11-07T09:32:34+00:00\" \/>\n<meta name=\"twitter:card\" content=\"summary_large_image\" \/>\n<meta name=\"twitter:label1\" content=\"Est. reading time\" \/>\n\t<meta name=\"twitter:data1\" content=\"4 minutes\" \/>\n<script type=\"application\/ld+json\" class=\"yoast-schema-graph\">{\"@context\":\"https:\/\/schema.org\",\"@graph\":[{\"@type\":\"WebPage\",\"@id\":\"https:\/\/www.readforreal.com\/cnr\/politika-privatnosti\/\",\"url\":\"https:\/\/www.readforreal.com\/cnr\/politika-privatnosti\/\",\"name\":\"Politika privatnosti | Read. For Real\",\"isPartOf\":{\"@id\":\"https:\/\/www.readforreal.com\/#website\"},\"datePublished\":\"2025-06-28T22:10:54+00:00\",\"dateModified\":\"2025-11-07T09:32:34+00:00\",\"breadcrumb\":{\"@id\":\"https:\/\/www.readforreal.com\/cnr\/politika-privatnosti\/#breadcrumb\"},\"inLanguage\":\"cnr-ME\",\"potentialAction\":[{\"@type\":\"ReadAction\",\"target\":[\"https:\/\/www.readforreal.com\/cnr\/politika-privatnosti\/\"]}]},{\"@type\":\"BreadcrumbList\",\"@id\":\"https:\/\/www.readforreal.com\/cnr\/politika-privatnosti\/#breadcrumb\",\"itemListElement\":[{\"@type\":\"ListItem\",\"position\":1,\"name\":\"Home\",\"item\":\"https:\/\/www.readforreal.com\/pl\/\"},{\"@type\":\"ListItem\",\"position\":2,\"name\":\"Politika privatnosti\"}]},{\"@type\":\"WebSite\",\"@id\":\"https:\/\/www.readforreal.com\/#website\",\"url\":\"https:\/\/www.readforreal.com\/\",\"name\":\"Read. For Real\",\"description\":\"European Authors Day 11.11-12.12.2026\",\"publisher\":{\"@id\":\"https:\/\/www.readforreal.com\/#organization\"},\"alternateName\":\"European Authors Day 11.11-12.12.2025\",\"potentialAction\":[{\"@type\":\"SearchAction\",\"target\":{\"@type\":\"EntryPoint\",\"urlTemplate\":\"https:\/\/www.readforreal.com\/?s={search_term_string}\"},\"query-input\":{\"@type\":\"PropertyValueSpecification\",\"valueRequired\":true,\"valueName\":\"search_term_string\"}}],\"inLanguage\":\"cnr-ME\"},{\"@type\":\"Organization\",\"@id\":\"https:\/\/www.readforreal.com\/#organization\",\"name\":\"Fundacja Powszechnego Czytania\",\"url\":\"https:\/\/www.readforreal.com\/\",\"logo\":{\"@type\":\"ImageObject\",\"inLanguage\":\"cnr-ME\",\"@id\":\"https:\/\/www.readforreal.com\/#\/schema\/logo\/image\/\",\"url\":\"https:\/\/www.readforreal.com\/wp-content\/uploads\/2025\/06\/RfR-logo-OK_1.png\",\"contentUrl\":\"https:\/\/www.readforreal.com\/wp-content\/uploads\/2025\/06\/RfR-logo-OK_1.png\",\"width\":1890,\"height\":1299,\"caption\":\"Fundacja Powszechnego Czytania\"},\"image\":{\"@id\":\"https:\/\/www.readforreal.com\/#\/schema\/logo\/image\/\"},\"sameAs\":[\"https:\/\/www.facebook.com\/read.forreal\",\"https:\/\/www.instagram.com\/read.forreal\/\"]}]}<\/script>\n<!-- \/ Yoast SEO plugin. -->","yoast_head_json":{"title":"Politika privatnosti | Read. For Real","robots":{"index":"index","follow":"follow","max-snippet":"max-snippet:-1","max-image-preview":"max-image-preview:large","max-video-preview":"max-video-preview:-1"},"canonical":"https:\/\/www.readforreal.com\/cnr\/politika-privatnosti\/","og_locale":"en_US","og_type":"article","og_title":"Politika privatnosti | Read. For Real","og_description":"1. Rukovalac podacima Rukovalac va\u0161im li\u010dnim podacima na veb-sajtu www.readforreal.com je: Fundacja Powszechnego CzytaniaPrzyokopowa 3301-208 Var\u0161ava, Poljskae-po\u0161ta: sekretariat@fpc.org.pl Za sva pitanja u vezi sa obradom li\u010dnih podataka, mo\u017eete nas kontaktirati putem gore navedene e-po\u0161te ili po\u0161tom na registrovanu adresu Fondacije. 2. Obim i svrha obrade podataka Veb-sajt www.readforreal.com je isklju\u010divo informativnog karaktera i ne dozvoljava [&hellip;]","og_url":"https:\/\/www.readforreal.com\/cnr\/politika-privatnosti\/","og_site_name":"Read. For Real","article_publisher":"https:\/\/www.facebook.com\/read.forreal","article_modified_time":"2025-11-07T09:32:34+00:00","twitter_card":"summary_large_image","twitter_misc":{"Est. reading time":"4 minutes"},"schema":{"@context":"https:\/\/schema.org","@graph":[{"@type":"WebPage","@id":"https:\/\/www.readforreal.com\/cnr\/politika-privatnosti\/","url":"https:\/\/www.readforreal.com\/cnr\/politika-privatnosti\/","name":"Politika privatnosti | Read. For Real","isPartOf":{"@id":"https:\/\/www.readforreal.com\/#website"},"datePublished":"2025-06-28T22:10:54+00:00","dateModified":"2025-11-07T09:32:34+00:00","breadcrumb":{"@id":"https:\/\/www.readforreal.com\/cnr\/politika-privatnosti\/#breadcrumb"},"inLanguage":"cnr-ME","potentialAction":[{"@type":"ReadAction","target":["https:\/\/www.readforreal.com\/cnr\/politika-privatnosti\/"]}]},{"@type":"BreadcrumbList","@id":"https:\/\/www.readforreal.com\/cnr\/politika-privatnosti\/#breadcrumb","itemListElement":[{"@type":"ListItem","position":1,"name":"Home","item":"https:\/\/www.readforreal.com\/pl\/"},{"@type":"ListItem","position":2,"name":"Politika privatnosti"}]},{"@type":"WebSite","@id":"https:\/\/www.readforreal.com\/#website","url":"https:\/\/www.readforreal.com\/","name":"Read. For Real","description":"European Authors Day 11.11-12.12.2026","publisher":{"@id":"https:\/\/www.readforreal.com\/#organization"},"alternateName":"European Authors Day 11.11-12.12.2025","potentialAction":[{"@type":"SearchAction","target":{"@type":"EntryPoint","urlTemplate":"https:\/\/www.readforreal.com\/?s={search_term_string}"},"query-input":{"@type":"PropertyValueSpecification","valueRequired":true,"valueName":"search_term_string"}}],"inLanguage":"cnr-ME"},{"@type":"Organization","@id":"https:\/\/www.readforreal.com\/#organization","name":"Fundacja Powszechnego Czytania","url":"https:\/\/www.readforreal.com\/","logo":{"@type":"ImageObject","inLanguage":"cnr-ME","@id":"https:\/\/www.readforreal.com\/#\/schema\/logo\/image\/","url":"https:\/\/www.readforreal.com\/wp-content\/uploads\/2025\/06\/RfR-logo-OK_1.png","contentUrl":"https:\/\/www.readforreal.com\/wp-content\/uploads\/2025\/06\/RfR-logo-OK_1.png","width":1890,"height":1299,"caption":"Fundacja Powszechnego Czytania"},"image":{"@id":"https:\/\/www.readforreal.com\/#\/schema\/logo\/image\/"},"sameAs":["https:\/\/www.facebook.com\/read.forreal","https:\/\/www.instagram.com\/read.forreal\/"]}]}},"_links":{"self":[{"href":"https:\/\/www.readforreal.com\/cnr\/wp-json\/wp\/v2\/pages\/18275","targetHints":{"allow":["GET"]}}],"collection":[{"href":"https:\/\/www.readforreal.com\/cnr\/wp-json\/wp\/v2\/pages"}],"about":[{"href":"https:\/\/www.readforreal.com\/cnr\/wp-json\/wp\/v2\/types\/page"}],"author":[{"embeddable":true,"href":"https:\/\/www.readforreal.com\/cnr\/wp-json\/wp\/v2\/users\/1"}],"replies":[{"embeddable":true,"href":"https:\/\/www.readforreal.com\/cnr\/wp-json\/wp\/v2\/comments?post=18275"}],"version-history":[{"count":1,"href":"https:\/\/www.readforreal.com\/cnr\/wp-json\/wp\/v2\/pages\/18275\/revisions"}],"predecessor-version":[{"id":18276,"href":"https:\/\/www.readforreal.com\/cnr\/wp-json\/wp\/v2\/pages\/18275\/revisions\/18276"}],"wp:attachment":[{"href":"https:\/\/www.readforreal.com\/cnr\/wp-json\/wp\/v2\/media?parent=18275"}],"curies":[{"name":"wp","href":"https:\/\/api.w.org\/{rel}","templated":true}]}}