{"id":18196,"date":"2025-09-01T00:11:13","date_gmt":"2025-08-31T22:11:13","guid":{"rendered":"https:\/\/www.readforreal.com\/preuzmi\/scenario-na-tvom-jeziku\/"},"modified":"2026-04-13T10:56:38","modified_gmt":"2026-04-13T08:56:38","slug":"scenario-na-tvom-jeziku","status":"publish","type":"page","link":"https:\/\/www.readforreal.com\/cnr\/preuzmi\/scenario-na-tvom-jeziku\/","title":{"rendered":"Scenario na tvom jeziku"},"content":{"rendered":"\t\t<div data-elementor-type=\"wp-page\" data-elementor-id=\"18196\" class=\"elementor elementor-18196 elementor-8176\" data-elementor-post-type=\"page\">\n\t\t\t\t<div class=\"elementor-element elementor-element-172e52ad e-flex e-con-boxed e-con e-parent\" data-id=\"172e52ad\" data-element_type=\"container\">\n\t\t\t\t\t<div class=\"e-con-inner\">\n\t\t\t\t\t<\/div>\n\t\t\t\t<\/div>\n\t\t<div class=\"elementor-element elementor-element-2ff452f e-flex e-con-boxed e-con e-parent\" data-id=\"2ff452f\" data-element_type=\"container\">\n\t\t\t\t\t<div class=\"e-con-inner\">\n\t\t\t\t<div class=\"elementor-element elementor-element-0894ee5 elementor-widget-divider--view-line elementor-widget elementor-widget-divider\" data-id=\"0894ee5\" data-element_type=\"widget\" data-widget_type=\"divider.default\">\n\t\t\t\t<div class=\"elementor-widget-container\">\n\t\t\t\t\t\t\t<div class=\"elementor-divider\">\n\t\t\t<span class=\"elementor-divider-separator\">\n\t\t\t\t\t\t<\/span>\n\t\t<\/div>\n\t\t\t\t\t\t<\/div>\n\t\t\t\t<\/div>\n\t\t\t\t\t<\/div>\n\t\t\t\t<\/div>\n\t\t<div class=\"elementor-element elementor-element-5d84fed e-flex e-con-boxed e-con e-parent\" data-id=\"5d84fed\" data-element_type=\"container\">\n\t\t\t\t\t<div class=\"e-con-inner\">\n\t\t\t\t<div class=\"elementor-element elementor-element-2fa8d66 elementor-widget elementor-widget-text-editor\" data-id=\"2fa8d66\" data-element_type=\"widget\" data-widget_type=\"text-editor.default\">\n\t\t\t\t<div class=\"elementor-widget-container\">\n\t\t\t\t\t\t\t\t\t<p><a href=\"https:\/\/www.readforreal.com\/download-files\/scenarios\/ALBANIA%20ZIP.zip\">Albanski<\/a><\/p><p><a href=\"https:\/\/www.readforreal.com\/download-files\/scenarios\/BULGARIA%20ZIP.zip\">Bugarski<\/a><\/p><p><a href=\"https:\/\/www.readforreal.com\/download-files\/scenarios\/CROATIA%20ZIP.zip\">Hrvatski<\/a><\/p><p><a href=\"https:\/\/www.readforreal.com\/download-files\/scenarios\/DENMARK%20ZIP.zip\">Danski<\/a><\/p><p><a href=\"https:\/\/www.readforreal.com\/download-files\/scenarios\/ESTONIA%20ZIP.zip\">Estonski<\/a><\/p><p><a href=\"https:\/\/www.readforreal.com\/download-files\/scenarios\/FINLAND%20ZIP.zip\">Finski<\/a><\/p><p><a href=\"https:\/\/www.readforreal.com\/download-files\/scenarios\/FLANDERS%20ZIP.zip\">Flamanski<\/a><\/p><p><a href=\"https:\/\/www.readforreal.com\/download-files\/scenarios\/FRANCE%20ZIP.zip\">Francuski<\/a><\/p><p><a href=\"https:\/\/www.readforreal.com\/download-files\/scenarios\/GEORGIA.zip\">Gruzijski<\/a><\/p><p><a href=\"https:\/\/www.readforreal.com\/download-files\/scenarios\/GERMANY%20ZIP.zip\">Nema\u010dki<\/a><\/p><p><a href=\"https:\/\/www.readforreal.com\/download-files\/scenarios\/GREECE.zip\">Gr\u010dki<\/a><\/p><p><a href=\"https:\/\/www.readforreal.com\/download-files\/scenarios\/HUNGARY%20ZIP.zip\">Ma\u0111arski<\/a><\/p><p><a href=\"https:\/\/www.readforreal.com\/download-files\/scenarios\/ICELAND%20ZIP.zip\">Islandski<\/a><\/p><p><a href=\"https:\/\/www.readforreal.com\/download-files\/scenarios\/english.zip\">Irski<\/a><\/p><p><a href=\"https:\/\/www.readforreal.com\/download-files\/scenarios\/ITALY%20ZIP.zip\">Italijanski<\/a><\/p><p><a href=\"https:\/\/www.readforreal.com\/download-files\/scenarios\/LATVIA%20ZIP.zip\">Letonski<\/a><\/p><p><a href=\"https:\/\/www.readforreal.com\/download-files\/scenarios\/LITHUANIA%20ZIP.zip\">Litvanski<\/a><\/p><p><a href=\"https:\/\/www.readforreal.com\/download-files\/scenarios\/MALTA%20ZIP.zip\">Malte\u0161ki<\/a><\/p><p><a href=\"https:\/\/www.readforreal.com\/download-files\/scenarios\/MONTENEGRO%20ZIP.zip\">Crnogorski<\/a><\/p><p><a href=\"https:\/\/www.readforreal.com\/download-files\/scenarios\/NORTH%20MACEDONIA%20ZIP.zip\">Severnomakedonski<\/a><\/p><p><a href=\"https:\/\/www.readforreal.com\/download-files\/scenarios\/POLAND%20ZIP.zip\">Poljski<\/a><\/p><p><a href=\"https:\/\/www.readforreal.com\/download-files\/scenarios\/PORTUGAL%20ZIP.zip\">Portugalski<\/a><\/p><p><a href=\"https:\/\/www.readforreal.com\/download-files\/scenarios\/ROMANIA%20ZIP.zip\">Rumunski<\/a><\/p><p><a href=\"https:\/\/www.readforreal.com\/download-files\/scenarios\/SERBIA%20ZIP.zip\">Srpski<\/a><\/p><p><a href=\"https:\/\/www.readforreal.com\/download-files\/scenarios\/SLOVAKIA%20ZIP.zip\">Slova\u010dki<\/a><\/p><p><a href=\"https:\/\/www.readforreal.com\/download-files\/scenarios\/SLOVENIA%20ZIP.zip\">Slovena\u010dki<\/a><\/p><p><a href=\"https:\/\/www.readforreal.com\/download-files\/scenarios\/SPAIN%20ZIP.zip\">\u0160panski<\/a><\/p><p><a href=\"https:\/\/www.readforreal.com\/download-files\/scenarios\/SWEDEN%20ZIP.zip\">\u0160vedski<\/a><\/p><p><a href=\"https:\/\/www.readforreal.com\/download-files\/scenarios\/THE%20CZECH%20REPUBLIC%20ZIP.zip\">\u010ce\u0161ki<\/a><\/p><p><a href=\"https:\/\/www.readforreal.com\/download-files\/scenarios\/THE%20NETHERLANDS%20ZIP.zip\">Holandski<\/a><\/p><p><a href=\"https:\/\/www.readforreal.com\/download-files\/scenarios\/TURKEY%20ZIP.zip\">Turski<\/a><\/p><p><a href=\"https:\/\/www.readforreal.com\/download-files\/scenarios\/UKRAINE%20ZIP.zip\">Ukrajinski<\/a><\/p>\t\t\t\t\t\t\t\t<\/div>\n\t\t\t\t<\/div>\n\t\t\t\t<div class=\"elementor-element elementor-element-cd318ed elementor-widget elementor-widget-image\" data-id=\"cd318ed\" data-element_type=\"widget\" data-widget_type=\"image.default\">\n\t\t\t\t<div class=\"elementor-widget-container\">\n\t\t\t\t\t\t\t\t\t\t\t\t\t\t\t<img fetchpriority=\"high\" decoding=\"async\" width=\"800\" height=\"600\" src=\"https:\/\/www.readforreal.com\/wp-content\/uploads\/2025\/08\/home_organizers-1024x768.png\" class=\"attachment-large size-large wp-image-16502\" alt=\"\" srcset=\"https:\/\/www.readforreal.com\/wp-content\/uploads\/2025\/08\/home_organizers-1024x768.png 1024w, https:\/\/www.readforreal.com\/wp-content\/uploads\/2025\/08\/home_organizers-300x225.png 300w, https:\/\/www.readforreal.com\/wp-content\/uploads\/2025\/08\/home_organizers-768x576.png 768w, https:\/\/www.readforreal.com\/wp-content\/uploads\/2025\/08\/home_organizers.png 1200w\" sizes=\"(max-width: 800px) 100vw, 800px\" \/>\t\t\t\t\t\t\t\t\t\t\t\t\t\t\t<\/div>\n\t\t\t\t<\/div>\n\t\t\t\t\t<\/div>\n\t\t\t\t<\/div>\n\t\t<div class=\"elementor-element elementor-element-3f0c9cb e-flex e-con-boxed e-con e-parent\" data-id=\"3f0c9cb\" data-element_type=\"container\">\n\t\t\t\t\t<div class=\"e-con-inner\">\n\t\t\t\t<div class=\"elementor-element elementor-element-6dadb98 elementor-widget-divider--view-line elementor-widget elementor-widget-divider\" data-id=\"6dadb98\" data-element_type=\"widget\" data-widget_type=\"divider.default\">\n\t\t\t\t<div class=\"elementor-widget-container\">\n\t\t\t\t\t\t\t<div class=\"elementor-divider\">\n\t\t\t<span class=\"elementor-divider-separator\">\n\t\t\t\t\t\t<\/span>\n\t\t<\/div>\n\t\t\t\t\t\t<\/div>\n\t\t\t\t<\/div>\n\t\t\t\t\t<\/div>\n\t\t\t\t<\/div>\n\t\t\t\t<\/div>\n\t\t","protected":false},"excerpt":{"rendered":"<p>Albanski Bugarski Hrvatski Danski Estonski Finski Flamanski Francuski Gruzijski Nema\u010dki Gr\u010dki Ma\u0111arski Islandski Irski Italijanski Letonski Litvanski Malte\u0161ki Crnogorski Severnomakedonski Poljski Portugalski Rumunski Srpski Slova\u010dki Slovena\u010dki \u0160panski \u0160vedski \u010ce\u0161ki Holandski Turski Ukrajinski<\/p>\n","protected":false},"author":1,"featured_media":0,"parent":18139,"menu_order":0,"comment_status":"closed","ping_status":"closed","template":"","meta":{"footnotes":""},"class_list":["post-18196","page","type-page","status-publish","hentry"],"yoast_head":"<!-- This site is optimized with the Yoast SEO plugin v26.1.1 - https:\/\/yoast.com\/wordpress\/plugins\/seo\/ -->\n<title>Scenario na tvom jeziku | Read. For Real<\/title>\n<meta name=\"robots\" content=\"index, follow, max-snippet:-1, max-image-preview:large, max-video-preview:-1\" \/>\n<link rel=\"canonical\" href=\"https:\/\/www.readforreal.com\/cnr\/preuzmi\/scenario-na-tvom-jeziku\/\" \/>\n<meta property=\"og:locale\" content=\"en_US\" \/>\n<meta property=\"og:type\" content=\"article\" \/>\n<meta property=\"og:title\" content=\"Scenario na tvom jeziku | Read. For Real\" \/>\n<meta property=\"og:description\" content=\"Albanski Bugarski Hrvatski Danski Estonski Finski Flamanski Francuski Gruzijski Nema\u010dki Gr\u010dki Ma\u0111arski Islandski Irski Italijanski Letonski Litvanski Malte\u0161ki Crnogorski Severnomakedonski Poljski Portugalski Rumunski Srpski Slova\u010dki Slovena\u010dki \u0160panski \u0160vedski \u010ce\u0161ki Holandski Turski Ukrajinski\" \/>\n<meta property=\"og:url\" content=\"https:\/\/www.readforreal.com\/cnr\/preuzmi\/scenario-na-tvom-jeziku\/\" \/>\n<meta property=\"og:site_name\" content=\"Read. For Real\" \/>\n<meta property=\"article:publisher\" content=\"https:\/\/www.facebook.com\/read.forreal\" \/>\n<meta property=\"article:modified_time\" content=\"2026-04-13T08:56:38+00:00\" \/>\n<meta property=\"og:image\" content=\"https:\/\/www.readforreal.com\/wp-content\/uploads\/2025\/08\/home_organizers.png\" \/>\n\t<meta property=\"og:image:width\" content=\"1200\" \/>\n\t<meta property=\"og:image:height\" content=\"900\" \/>\n\t<meta property=\"og:image:type\" content=\"image\/png\" \/>\n<meta name=\"twitter:card\" content=\"summary_large_image\" \/>\n<script type=\"application\/ld+json\" class=\"yoast-schema-graph\">{\"@context\":\"https:\/\/schema.org\",\"@graph\":[{\"@type\":\"WebPage\",\"@id\":\"https:\/\/www.readforreal.com\/cnr\/preuzmi\/scenario-na-tvom-jeziku\/\",\"url\":\"https:\/\/www.readforreal.com\/cnr\/preuzmi\/scenario-na-tvom-jeziku\/\",\"name\":\"Scenario na tvom jeziku | Read. For Real\",\"isPartOf\":{\"@id\":\"https:\/\/www.readforreal.com\/#website\"},\"primaryImageOfPage\":{\"@id\":\"https:\/\/www.readforreal.com\/cnr\/preuzmi\/scenario-na-tvom-jeziku\/#primaryimage\"},\"image\":{\"@id\":\"https:\/\/www.readforreal.com\/cnr\/preuzmi\/scenario-na-tvom-jeziku\/#primaryimage\"},\"thumbnailUrl\":\"https:\/\/www.readforreal.com\/wp-content\/uploads\/2025\/08\/home_organizers-1024x768.png\",\"datePublished\":\"2025-08-31T22:11:13+00:00\",\"dateModified\":\"2026-04-13T08:56:38+00:00\",\"breadcrumb\":{\"@id\":\"https:\/\/www.readforreal.com\/cnr\/preuzmi\/scenario-na-tvom-jeziku\/#breadcrumb\"},\"inLanguage\":\"cnr-ME\",\"potentialAction\":[{\"@type\":\"ReadAction\",\"target\":[\"https:\/\/www.readforreal.com\/cnr\/preuzmi\/scenario-na-tvom-jeziku\/\"]}]},{\"@type\":\"ImageObject\",\"inLanguage\":\"cnr-ME\",\"@id\":\"https:\/\/www.readforreal.com\/cnr\/preuzmi\/scenario-na-tvom-jeziku\/#primaryimage\",\"url\":\"https:\/\/www.readforreal.com\/wp-content\/uploads\/2025\/08\/home_organizers-1024x768.png\",\"contentUrl\":\"https:\/\/www.readforreal.com\/wp-content\/uploads\/2025\/08\/home_organizers-1024x768.png\"},{\"@type\":\"BreadcrumbList\",\"@id\":\"https:\/\/www.readforreal.com\/cnr\/preuzmi\/scenario-na-tvom-jeziku\/#breadcrumb\",\"itemListElement\":[{\"@type\":\"ListItem\",\"position\":1,\"name\":\"Home\",\"item\":\"https:\/\/www.readforreal.com\/pl\/\"},{\"@type\":\"ListItem\",\"position\":2,\"name\":\"Download\",\"item\":\"https:\/\/www.readforreal.com\/cnr\/preuzmi\/\"},{\"@type\":\"ListItem\",\"position\":3,\"name\":\"Scenario na tvom jeziku\"}]},{\"@type\":\"WebSite\",\"@id\":\"https:\/\/www.readforreal.com\/#website\",\"url\":\"https:\/\/www.readforreal.com\/\",\"name\":\"Read. For Real\",\"description\":\"European Authors Day 11.11-12.12.2026\",\"publisher\":{\"@id\":\"https:\/\/www.readforreal.com\/#organization\"},\"alternateName\":\"European Authors Day 11.11-12.12.2025\",\"potentialAction\":[{\"@type\":\"SearchAction\",\"target\":{\"@type\":\"EntryPoint\",\"urlTemplate\":\"https:\/\/www.readforreal.com\/?s={search_term_string}\"},\"query-input\":{\"@type\":\"PropertyValueSpecification\",\"valueRequired\":true,\"valueName\":\"search_term_string\"}}],\"inLanguage\":\"cnr-ME\"},{\"@type\":\"Organization\",\"@id\":\"https:\/\/www.readforreal.com\/#organization\",\"name\":\"Fundacja Powszechnego Czytania\",\"url\":\"https:\/\/www.readforreal.com\/\",\"logo\":{\"@type\":\"ImageObject\",\"inLanguage\":\"cnr-ME\",\"@id\":\"https:\/\/www.readforreal.com\/#\/schema\/logo\/image\/\",\"url\":\"https:\/\/www.readforreal.com\/wp-content\/uploads\/2025\/06\/RfR-logo-OK_1.png\",\"contentUrl\":\"https:\/\/www.readforreal.com\/wp-content\/uploads\/2025\/06\/RfR-logo-OK_1.png\",\"width\":1890,\"height\":1299,\"caption\":\"Fundacja Powszechnego Czytania\"},\"image\":{\"@id\":\"https:\/\/www.readforreal.com\/#\/schema\/logo\/image\/\"},\"sameAs\":[\"https:\/\/www.facebook.com\/read.forreal\",\"https:\/\/www.instagram.com\/read.forreal\/\"]}]}<\/script>\n<!-- \/ Yoast SEO plugin. -->","yoast_head_json":{"title":"Scenario na tvom jeziku | Read. For Real","robots":{"index":"index","follow":"follow","max-snippet":"max-snippet:-1","max-image-preview":"max-image-preview:large","max-video-preview":"max-video-preview:-1"},"canonical":"https:\/\/www.readforreal.com\/cnr\/preuzmi\/scenario-na-tvom-jeziku\/","og_locale":"en_US","og_type":"article","og_title":"Scenario na tvom jeziku | Read. For Real","og_description":"Albanski Bugarski Hrvatski Danski Estonski Finski Flamanski Francuski Gruzijski Nema\u010dki Gr\u010dki Ma\u0111arski Islandski Irski Italijanski Letonski Litvanski Malte\u0161ki Crnogorski Severnomakedonski Poljski Portugalski Rumunski Srpski Slova\u010dki Slovena\u010dki \u0160panski \u0160vedski \u010ce\u0161ki Holandski Turski Ukrajinski","og_url":"https:\/\/www.readforreal.com\/cnr\/preuzmi\/scenario-na-tvom-jeziku\/","og_site_name":"Read. For Real","article_publisher":"https:\/\/www.facebook.com\/read.forreal","article_modified_time":"2026-04-13T08:56:38+00:00","og_image":[{"width":1200,"height":900,"url":"https:\/\/www.readforreal.com\/wp-content\/uploads\/2025\/08\/home_organizers.png","type":"image\/png"}],"twitter_card":"summary_large_image","schema":{"@context":"https:\/\/schema.org","@graph":[{"@type":"WebPage","@id":"https:\/\/www.readforreal.com\/cnr\/preuzmi\/scenario-na-tvom-jeziku\/","url":"https:\/\/www.readforreal.com\/cnr\/preuzmi\/scenario-na-tvom-jeziku\/","name":"Scenario na tvom jeziku | Read. For Real","isPartOf":{"@id":"https:\/\/www.readforreal.com\/#website"},"primaryImageOfPage":{"@id":"https:\/\/www.readforreal.com\/cnr\/preuzmi\/scenario-na-tvom-jeziku\/#primaryimage"},"image":{"@id":"https:\/\/www.readforreal.com\/cnr\/preuzmi\/scenario-na-tvom-jeziku\/#primaryimage"},"thumbnailUrl":"https:\/\/www.readforreal.com\/wp-content\/uploads\/2025\/08\/home_organizers-1024x768.png","datePublished":"2025-08-31T22:11:13+00:00","dateModified":"2026-04-13T08:56:38+00:00","breadcrumb":{"@id":"https:\/\/www.readforreal.com\/cnr\/preuzmi\/scenario-na-tvom-jeziku\/#breadcrumb"},"inLanguage":"cnr-ME","potentialAction":[{"@type":"ReadAction","target":["https:\/\/www.readforreal.com\/cnr\/preuzmi\/scenario-na-tvom-jeziku\/"]}]},{"@type":"ImageObject","inLanguage":"cnr-ME","@id":"https:\/\/www.readforreal.com\/cnr\/preuzmi\/scenario-na-tvom-jeziku\/#primaryimage","url":"https:\/\/www.readforreal.com\/wp-content\/uploads\/2025\/08\/home_organizers-1024x768.png","contentUrl":"https:\/\/www.readforreal.com\/wp-content\/uploads\/2025\/08\/home_organizers-1024x768.png"},{"@type":"BreadcrumbList","@id":"https:\/\/www.readforreal.com\/cnr\/preuzmi\/scenario-na-tvom-jeziku\/#breadcrumb","itemListElement":[{"@type":"ListItem","position":1,"name":"Home","item":"https:\/\/www.readforreal.com\/pl\/"},{"@type":"ListItem","position":2,"name":"Download","item":"https:\/\/www.readforreal.com\/cnr\/preuzmi\/"},{"@type":"ListItem","position":3,"name":"Scenario na tvom jeziku"}]},{"@type":"WebSite","@id":"https:\/\/www.readforreal.com\/#website","url":"https:\/\/www.readforreal.com\/","name":"Read. For Real","description":"European Authors Day 11.11-12.12.2026","publisher":{"@id":"https:\/\/www.readforreal.com\/#organization"},"alternateName":"European Authors Day 11.11-12.12.2025","potentialAction":[{"@type":"SearchAction","target":{"@type":"EntryPoint","urlTemplate":"https:\/\/www.readforreal.com\/?s={search_term_string}"},"query-input":{"@type":"PropertyValueSpecification","valueRequired":true,"valueName":"search_term_string"}}],"inLanguage":"cnr-ME"},{"@type":"Organization","@id":"https:\/\/www.readforreal.com\/#organization","name":"Fundacja Powszechnego Czytania","url":"https:\/\/www.readforreal.com\/","logo":{"@type":"ImageObject","inLanguage":"cnr-ME","@id":"https:\/\/www.readforreal.com\/#\/schema\/logo\/image\/","url":"https:\/\/www.readforreal.com\/wp-content\/uploads\/2025\/06\/RfR-logo-OK_1.png","contentUrl":"https:\/\/www.readforreal.com\/wp-content\/uploads\/2025\/06\/RfR-logo-OK_1.png","width":1890,"height":1299,"caption":"Fundacja Powszechnego Czytania"},"image":{"@id":"https:\/\/www.readforreal.com\/#\/schema\/logo\/image\/"},"sameAs":["https:\/\/www.facebook.com\/read.forreal","https:\/\/www.instagram.com\/read.forreal\/"]}]}},"_links":{"self":[{"href":"https:\/\/www.readforreal.com\/cnr\/wp-json\/wp\/v2\/pages\/18196","targetHints":{"allow":["GET"]}}],"collection":[{"href":"https:\/\/www.readforreal.com\/cnr\/wp-json\/wp\/v2\/pages"}],"about":[{"href":"https:\/\/www.readforreal.com\/cnr\/wp-json\/wp\/v2\/types\/page"}],"author":[{"embeddable":true,"href":"https:\/\/www.readforreal.com\/cnr\/wp-json\/wp\/v2\/users\/1"}],"replies":[{"embeddable":true,"href":"https:\/\/www.readforreal.com\/cnr\/wp-json\/wp\/v2\/comments?post=18196"}],"version-history":[{"count":2,"href":"https:\/\/www.readforreal.com\/cnr\/wp-json\/wp\/v2\/pages\/18196\/revisions"}],"predecessor-version":[{"id":26952,"href":"https:\/\/www.readforreal.com\/cnr\/wp-json\/wp\/v2\/pages\/18196\/revisions\/26952"}],"up":[{"embeddable":true,"href":"https:\/\/www.readforreal.com\/cnr\/wp-json\/wp\/v2\/pages\/18139"}],"wp:attachment":[{"href":"https:\/\/www.readforreal.com\/cnr\/wp-json\/wp\/v2\/media?parent=18196"}],"curies":[{"name":"wp","href":"https:\/\/api.w.org\/{rel}","templated":true}]}}