{"id":17792,"date":"2025-06-29T00:10:54","date_gmt":"2025-06-28T22:10:54","guid":{"rendered":"https:\/\/www.readforreal.com\/politika-privatnosti\/"},"modified":"2025-11-07T00:01:12","modified_gmt":"2025-11-06T23:01:12","slug":"politika-privatnosti","status":"publish","type":"page","link":"https:\/\/www.readforreal.com\/bs\/politika-privatnosti\/","title":{"rendered":"Politika privatnosti"},"content":{"rendered":"\t\t<div data-elementor-type=\"wp-page\" data-elementor-id=\"17792\" class=\"elementor elementor-17792 elementor-3\" data-elementor-post-type=\"page\">\n\t\t\t\t<div class=\"elementor-element elementor-element-726f90a3 e-flex e-con-boxed e-con e-parent\" data-id=\"726f90a3\" data-element_type=\"container\">\n\t\t\t\t\t<div class=\"e-con-inner\">\n\t\t\t\t\t<\/div>\n\t\t\t\t<\/div>\n\t\t<div class=\"elementor-element elementor-element-57caaef1 e-flex e-con-boxed e-con e-parent\" data-id=\"57caaef1\" data-element_type=\"container\">\n\t\t\t\t\t<div class=\"e-con-inner\">\n\t\t\t\t<div class=\"elementor-element elementor-element-5352cfaa elementor-widget elementor-widget-text-editor\" data-id=\"5352cfaa\" data-element_type=\"widget\" data-widget_type=\"text-editor.default\">\n\t\t\t\t<div class=\"elementor-widget-container\">\n\t\t\t\t\t\t\t\t\t<h2>1. Kontrolor podataka<\/h2><p>Kontrolor va\u0161ih li\u010dnih podataka na web stranici <strong>www.readforreal.com<\/strong> je:<\/p><p><strong>Fundacja Powszechnego Czytania<\/strong><br>Przyokopowa 33<br>01-208 Var\u0161ava, Poljska<br>e-mail: <a href=\"mailto:sekretariat@fpc.org.pl\">sekretariat@fpc.org.pl<\/a><\/p><p>Za sva pitanja vezana za obradu li\u010dnih podataka mo\u017eete nas kontaktirati putem gore navedenog e-maila ili po\u0161tom na registrovanu adresu Fondacije.<\/p><h2>2. Obim i svrhe obrade podataka<\/h2><p>Web stranica <strong>www.readforreal.com<\/strong> je isklju\u010divo informativnog karaktera i ne omogu\u0107ava registraciju korisnika, transakcije, komentarisanje ili u\u010de\u0161\u0107e u diskusijama. Li\u010dni podaci se obra\u0111uju samo na osnovu dobrovoljnog pristanka subjekta podataka, posebno: Pri pretplati na bilten \u2013 prikupljeni podaci uklju\u010duju: <\/p><ul><li>e-mail adresu<\/li><li>ime.<\/li><\/ul><p>Ovi podaci se koriste isklju\u010divo za:<\/p><ul><li>slanje informacija i materijala vezanih za projekat Read For Real,<\/li><li>pru\u017eanje usluge biltena,<\/li><li>mogu\u0107i kontakt u vezi s projektom ili povezanim uslugama.<\/li><\/ul><p>Dodatno, li\u010dni podaci mogu biti obra\u0111eni u vezi s kori\u0161tenjem kanala dru\u0161tvenih medija, uklju\u010duju\u0107i: korisni\u010dke profile i ra\u010dune na platformama kao \u0161to su Facebook, Instagram, YouTube, Twitter, LinkedIn, koji se koriste za komunikaciju i promociju projekta, u skladu s pravilima i politikama privatnosti ovih platformi.<\/p><h2>3. Pravni osnov za obradu<\/h2><p>Obrada li\u010dnih podataka se vr\u0161i na osnovu:<\/p><ul><li>pristanka subjekta podataka (\u010clan 6(1)(a) GDPR-a),<\/li><li>legitimnih interesa kontrolora podataka (\u010clan 6(1)(f) GDPR-a), u obimu analize prometa web stranice (Google Analytics).<\/li><\/ul><h2>4. Primaoci podataka<\/h2><p>Li\u010dni podaci se ne dijele s tre\u0107im stranama u komercijalne ili marketin\u0161ke svrhe. Me\u0111utim, da bismo pru\u017eili na\u0161e usluge, sara\u0111ujemo sa sljede\u0107im subjektima: <\/p><ul><li><strong>MailerLite<\/strong> \u2013 pru\u017ealac usluge biltena, koji obra\u0111uje podatke u na\u0161e ime,<\/li><li><strong>MyDevil.net<\/strong> \u2013 pru\u017ealac usluge hostinga web stranice,<\/li><li><strong>Google Analytics<\/strong> \u2013 alat za analitiku prometa web stranice, koji obra\u0111uje anonimne statisti\u010dke podatke,<\/li><li><strong>Platforme dru\u0161tvenih medija<\/strong> (npr. Facebook, Instagram) \u2013 u vezi s interakcijama i komunikacijom putem ovih kanala.<\/li><\/ul><p>Svi ovi primaoci su obavezni pridr\u017eavati se va\u017ee\u0107ih zakona o za\u0161titi podataka (GDPR).<\/p><h2>5. Kola\u010di\u0107i i analiti\u010dki alati<\/h2><p>Web stranica <strong>www.readforreal.com<\/strong> koristi kola\u010di\u0107e za pravilno funkcionisanje usluge i u analiti\u010dke svrhe (Google Analytics).<\/p><p>Kola\u010di\u0107i prikupljaju anonimne podatke o prometu i pona\u0161anju korisnika na web stranici, omogu\u0107avaju\u0107i optimizaciju usluge.<\/p><h2>6. Period \u010duvanja podataka<\/h2><p>Li\u010dni podaci prikupljeni putem biltena se \u010duvaju za vrijeme trajanja projekta Read For Real ili dok korisnik ne povu\u010de svoj pristanak (npr. odjavi se s biltena).<\/p><p>Analiti\u010dki podaci koje obra\u0111uje Google Analytics se \u010duvaju za period koji odredi pru\u017ealac usluge, u anonimnom obliku.<\/p><h2>7. Prava subjekta podataka<\/h2><p>Korisnici imaju pravo na:<\/p><ul><li>pristup svojim li\u010dnim podacima,<\/li><li>ispravku neta\u010dnih podataka,<\/li><li>izbrisati njihove podatke (&#8220;pravo na zaborav&#8221;),<\/li><li>ograni\u010denje obrade podataka,<\/li><li>prenosivost podataka,<\/li><li>prigovor na obradu podataka,<\/li><li>povla\u010denje pristanka na obradu podataka u bilo kojem trenutku (bez uticaja na zakonitost obrade na osnovu pristanka prije njegovog povla\u010denja).<\/li><\/ul><p>Za ostvarivanje ovih prava, molimo kontaktirajte nas na: <a href=\"mailto:sekretariat@fpc.org.pl\">sekretariat@fpc.org.pl<\/a>.<\/p><p>Korisnici tako\u0111er imaju pravo podnijeti \u017ealbu nadle\u017enom nadzornom tijelu za za\u0161titu podataka (u Poljskoj, Predsjedniku Ureda za za\u0161titu li\u010dnih podataka).<\/p><h2>8. Sigurnost podataka<\/h2><p>Kontrolor implementira odgovaraju\u0107e tehni\u010dke i organizacione mjere za za\u0161titu li\u010dnih podataka od neovla\u0161tenog pristupa, gubitka, izmjene ili otkrivanja.<\/p><h2>9. Kori\u0161tenje dru\u0161tvenih medija<\/h2><p>Profili Fundacja Powszechnego Czytania i projekta Read For Real na dru\u0161tvenim medijima djeluju prema zasebnim uslovima i politikama privatnosti ovih platformi. Li\u010dni podaci podijeljeni tokom interakcija na platformama dru\u0161tvenih medija se obra\u0111uju prema propisima tih usluga i izvan su direktne kontrole administratora web stranice www.readforreal.com. <\/p><h2>10. Izmjene Politike privatnosti<\/h2><p>Kontrolor zadr\u017eava pravo izmjene ove Politike privatnosti. Trenutna i va\u017ee\u0107a verzija \u0107e uvijek biti dostupna na <strong>www.readforreal.com<\/strong>. Korisnici \u0107e biti obavije\u0161teni o svim zna\u010dajnim promjenama ove politike.  <\/p><h2>11. Materijali<\/h2><p><span style=\"font-weight: 400;\">Na\u0161i materijali su dostupni svim osobama uklju\u010denim u projekat Read.For Real i mogu se koristiti, kopirati i distribuirati u vezi s Evropskim danom autora. Zabranjena je upotreba ovih materijala u svrhe koje nisu predvi\u0111ene, uklju\u010duju\u0107i ali ne ograni\u010davaju\u0107i se na: prodaju, promociju drugih proizvoda ili kreiranje i \u0161irenje politi\u010dkog ili vjerskog sadr\u017eaja. Read. For Real, zajedno sa svojim predstavnikom, Fondacijom za univerzalno \u010ditanje, ne snosi odgovornost za upotrebu brendinga koja nije u skladu s ovim uslovima i odredbama.   <\/span><\/p>\t\t\t\t\t\t\t\t<\/div>\n\t\t\t\t<\/div>\n\t\t\t\t\t<\/div>\n\t\t\t\t<\/div>\n\t\t\t\t<\/div>\n\t\t","protected":false},"excerpt":{"rendered":"<p>1. Kontrolor podataka Kontrolor va\u0161ih li\u010dnih podataka na web stranici www.readforreal.com je: Fundacja Powszechnego CzytaniaPrzyokopowa 3301-208 Var\u0161ava, Poljskae-mail: sekretariat@fpc.org.pl Za sva pitanja vezana za obradu li\u010dnih podataka mo\u017eete nas kontaktirati putem gore navedenog e-maila ili po\u0161tom na registrovanu adresu Fondacije. 2. Obim i svrhe obrade podataka Web stranica www.readforreal.com je isklju\u010divo informativnog karaktera i ne [&hellip;]<\/p>\n","protected":false},"author":1,"featured_media":0,"parent":0,"menu_order":0,"comment_status":"closed","ping_status":"open","template":"","meta":{"footnotes":""},"class_list":["post-17792","page","type-page","status-publish","hentry"],"yoast_head":"<!-- This site is optimized with the Yoast SEO plugin v26.1.1 - https:\/\/yoast.com\/wordpress\/plugins\/seo\/ -->\n<title>Politika privatnosti | Read. For Real<\/title>\n<meta name=\"robots\" content=\"index, follow, max-snippet:-1, max-image-preview:large, max-video-preview:-1\" \/>\n<link rel=\"canonical\" href=\"https:\/\/www.readforreal.com\/bs\/politika-privatnosti\/\" \/>\n<meta property=\"og:locale\" content=\"bs_BA\" \/>\n<meta property=\"og:type\" content=\"article\" \/>\n<meta property=\"og:title\" content=\"Politika privatnosti | Read. For Real\" \/>\n<meta property=\"og:description\" content=\"1. Kontrolor podataka Kontrolor va\u0161ih li\u010dnih podataka na web stranici www.readforreal.com je: Fundacja Powszechnego CzytaniaPrzyokopowa 3301-208 Var\u0161ava, Poljskae-mail: sekretariat@fpc.org.pl Za sva pitanja vezana za obradu li\u010dnih podataka mo\u017eete nas kontaktirati putem gore navedenog e-maila ili po\u0161tom na registrovanu adresu Fondacije. 2. Obim i svrhe obrade podataka Web stranica www.readforreal.com je isklju\u010divo informativnog karaktera i ne [&hellip;]\" \/>\n<meta property=\"og:url\" content=\"https:\/\/www.readforreal.com\/bs\/politika-privatnosti\/\" \/>\n<meta property=\"og:site_name\" content=\"Read. For Real\" \/>\n<meta property=\"article:publisher\" content=\"https:\/\/www.facebook.com\/read.forreal\" \/>\n<meta property=\"article:modified_time\" content=\"2025-11-06T23:01:12+00:00\" \/>\n<meta name=\"twitter:card\" content=\"summary_large_image\" \/>\n<meta name=\"twitter:label1\" content=\"Est. reading time\" \/>\n\t<meta name=\"twitter:data1\" content=\"4 minute\" \/>\n<script type=\"application\/ld+json\" class=\"yoast-schema-graph\">{\"@context\":\"https:\/\/schema.org\",\"@graph\":[{\"@type\":\"WebPage\",\"@id\":\"https:\/\/www.readforreal.com\/bs\/politika-privatnosti\/\",\"url\":\"https:\/\/www.readforreal.com\/bs\/politika-privatnosti\/\",\"name\":\"Politika privatnosti | Read. For Real\",\"isPartOf\":{\"@id\":\"https:\/\/www.readforreal.com\/#website\"},\"datePublished\":\"2025-06-28T22:10:54+00:00\",\"dateModified\":\"2025-11-06T23:01:12+00:00\",\"breadcrumb\":{\"@id\":\"https:\/\/www.readforreal.com\/bs\/politika-privatnosti\/#breadcrumb\"},\"inLanguage\":\"bs-BA\",\"potentialAction\":[{\"@type\":\"ReadAction\",\"target\":[\"https:\/\/www.readforreal.com\/bs\/politika-privatnosti\/\"]}]},{\"@type\":\"BreadcrumbList\",\"@id\":\"https:\/\/www.readforreal.com\/bs\/politika-privatnosti\/#breadcrumb\",\"itemListElement\":[{\"@type\":\"ListItem\",\"position\":1,\"name\":\"Home\",\"item\":\"https:\/\/www.readforreal.com\/bs\/citaj-zaista\/\"},{\"@type\":\"ListItem\",\"position\":2,\"name\":\"Politika privatnosti\"}]},{\"@type\":\"WebSite\",\"@id\":\"https:\/\/www.readforreal.com\/#website\",\"url\":\"https:\/\/www.readforreal.com\/\",\"name\":\"Read. For Real\",\"description\":\"European Authors Day 11.11-12.12.2026\",\"publisher\":{\"@id\":\"https:\/\/www.readforreal.com\/#organization\"},\"alternateName\":\"European Authors Day 11.11-12.12.2025\",\"potentialAction\":[{\"@type\":\"SearchAction\",\"target\":{\"@type\":\"EntryPoint\",\"urlTemplate\":\"https:\/\/www.readforreal.com\/?s={search_term_string}\"},\"query-input\":{\"@type\":\"PropertyValueSpecification\",\"valueRequired\":true,\"valueName\":\"search_term_string\"}}],\"inLanguage\":\"bs-BA\"},{\"@type\":\"Organization\",\"@id\":\"https:\/\/www.readforreal.com\/#organization\",\"name\":\"Fundacja Powszechnego Czytania\",\"url\":\"https:\/\/www.readforreal.com\/\",\"logo\":{\"@type\":\"ImageObject\",\"inLanguage\":\"bs-BA\",\"@id\":\"https:\/\/www.readforreal.com\/#\/schema\/logo\/image\/\",\"url\":\"https:\/\/www.readforreal.com\/wp-content\/uploads\/2025\/06\/RfR-logo-OK_1.png\",\"contentUrl\":\"https:\/\/www.readforreal.com\/wp-content\/uploads\/2025\/06\/RfR-logo-OK_1.png\",\"width\":1890,\"height\":1299,\"caption\":\"Fundacja Powszechnego Czytania\"},\"image\":{\"@id\":\"https:\/\/www.readforreal.com\/#\/schema\/logo\/image\/\"},\"sameAs\":[\"https:\/\/www.facebook.com\/read.forreal\",\"https:\/\/www.instagram.com\/read.forreal\/\"]}]}<\/script>\n<!-- \/ Yoast SEO plugin. -->","yoast_head_json":{"title":"Politika privatnosti | Read. For Real","robots":{"index":"index","follow":"follow","max-snippet":"max-snippet:-1","max-image-preview":"max-image-preview:large","max-video-preview":"max-video-preview:-1"},"canonical":"https:\/\/www.readforreal.com\/bs\/politika-privatnosti\/","og_locale":"bs_BA","og_type":"article","og_title":"Politika privatnosti | Read. For Real","og_description":"1. Kontrolor podataka Kontrolor va\u0161ih li\u010dnih podataka na web stranici www.readforreal.com je: Fundacja Powszechnego CzytaniaPrzyokopowa 3301-208 Var\u0161ava, Poljskae-mail: sekretariat@fpc.org.pl Za sva pitanja vezana za obradu li\u010dnih podataka mo\u017eete nas kontaktirati putem gore navedenog e-maila ili po\u0161tom na registrovanu adresu Fondacije. 2. Obim i svrhe obrade podataka Web stranica www.readforreal.com je isklju\u010divo informativnog karaktera i ne [&hellip;]","og_url":"https:\/\/www.readforreal.com\/bs\/politika-privatnosti\/","og_site_name":"Read. For Real","article_publisher":"https:\/\/www.facebook.com\/read.forreal","article_modified_time":"2025-11-06T23:01:12+00:00","twitter_card":"summary_large_image","twitter_misc":{"Est. reading time":"4 minute"},"schema":{"@context":"https:\/\/schema.org","@graph":[{"@type":"WebPage","@id":"https:\/\/www.readforreal.com\/bs\/politika-privatnosti\/","url":"https:\/\/www.readforreal.com\/bs\/politika-privatnosti\/","name":"Politika privatnosti | Read. For Real","isPartOf":{"@id":"https:\/\/www.readforreal.com\/#website"},"datePublished":"2025-06-28T22:10:54+00:00","dateModified":"2025-11-06T23:01:12+00:00","breadcrumb":{"@id":"https:\/\/www.readforreal.com\/bs\/politika-privatnosti\/#breadcrumb"},"inLanguage":"bs-BA","potentialAction":[{"@type":"ReadAction","target":["https:\/\/www.readforreal.com\/bs\/politika-privatnosti\/"]}]},{"@type":"BreadcrumbList","@id":"https:\/\/www.readforreal.com\/bs\/politika-privatnosti\/#breadcrumb","itemListElement":[{"@type":"ListItem","position":1,"name":"Home","item":"https:\/\/www.readforreal.com\/bs\/citaj-zaista\/"},{"@type":"ListItem","position":2,"name":"Politika privatnosti"}]},{"@type":"WebSite","@id":"https:\/\/www.readforreal.com\/#website","url":"https:\/\/www.readforreal.com\/","name":"Read. For Real","description":"European Authors Day 11.11-12.12.2026","publisher":{"@id":"https:\/\/www.readforreal.com\/#organization"},"alternateName":"European Authors Day 11.11-12.12.2025","potentialAction":[{"@type":"SearchAction","target":{"@type":"EntryPoint","urlTemplate":"https:\/\/www.readforreal.com\/?s={search_term_string}"},"query-input":{"@type":"PropertyValueSpecification","valueRequired":true,"valueName":"search_term_string"}}],"inLanguage":"bs-BA"},{"@type":"Organization","@id":"https:\/\/www.readforreal.com\/#organization","name":"Fundacja Powszechnego Czytania","url":"https:\/\/www.readforreal.com\/","logo":{"@type":"ImageObject","inLanguage":"bs-BA","@id":"https:\/\/www.readforreal.com\/#\/schema\/logo\/image\/","url":"https:\/\/www.readforreal.com\/wp-content\/uploads\/2025\/06\/RfR-logo-OK_1.png","contentUrl":"https:\/\/www.readforreal.com\/wp-content\/uploads\/2025\/06\/RfR-logo-OK_1.png","width":1890,"height":1299,"caption":"Fundacja Powszechnego Czytania"},"image":{"@id":"https:\/\/www.readforreal.com\/#\/schema\/logo\/image\/"},"sameAs":["https:\/\/www.facebook.com\/read.forreal","https:\/\/www.instagram.com\/read.forreal\/"]}]}},"_links":{"self":[{"href":"https:\/\/www.readforreal.com\/bs\/wp-json\/wp\/v2\/pages\/17792","targetHints":{"allow":["GET"]}}],"collection":[{"href":"https:\/\/www.readforreal.com\/bs\/wp-json\/wp\/v2\/pages"}],"about":[{"href":"https:\/\/www.readforreal.com\/bs\/wp-json\/wp\/v2\/types\/page"}],"author":[{"embeddable":true,"href":"https:\/\/www.readforreal.com\/bs\/wp-json\/wp\/v2\/users\/1"}],"replies":[{"embeddable":true,"href":"https:\/\/www.readforreal.com\/bs\/wp-json\/wp\/v2\/comments?post=17792"}],"version-history":[{"count":1,"href":"https:\/\/www.readforreal.com\/bs\/wp-json\/wp\/v2\/pages\/17792\/revisions"}],"predecessor-version":[{"id":17793,"href":"https:\/\/www.readforreal.com\/bs\/wp-json\/wp\/v2\/pages\/17792\/revisions\/17793"}],"wp:attachment":[{"href":"https:\/\/www.readforreal.com\/bs\/wp-json\/wp\/v2\/media?parent=17792"}],"curies":[{"name":"wp","href":"https:\/\/api.w.org\/{rel}","templated":true}]}}